{"id":6507,"date":"2025-10-29T16:22:23","date_gmt":"2025-10-29T09:22:23","guid":{"rendered":"https:\/\/vietnamcoffeeunited.com\/?post_type=product&#038;p=6507"},"modified":"2025-10-29T16:22:24","modified_gmt":"2025-10-29T09:22:24","slug":"roasted-robusta-decaf","status":"publish","type":"product","link":"https:\/\/vietnamcoffeeunited.com\/vi\/san-pham\/roasted-robusta-decaf\/","title":{"rendered":"C\u00e0 ph\u00ea h\u1ea1t rang Robusta Decaf"},"content":{"rendered":"<h2 style=\"text-align: center;\" data-start=\"181\" data-end=\"209\">C\u00e0 ph\u00ea h\u1ea1t rang Robusta Decaf<\/h2>\n<h3 data-start=\"211\" data-end=\"246\">Gi\u1edbi thi\u1ec7u c\u00e0 ph\u00ea h\u1ea1t rang Robusta Decaf<\/h3>\n<p data-start=\"248\" data-end=\"468\">C\u00e0 ph\u00ea decaf l\u00e0 t\u00ean vi\u1ebft t\u1eaft c\u1ee7a t\u1eeb Ti\u1ebfng Anh <em data-start=\"274\" data-end=\"298\">\u201cDecaffeinated Coffee\u201d<\/em> - c\u00f3 ngh\u0129a l\u00e0 c\u00e0 ph\u00ea \u0111\u00e3 lo\u1ea1i b\u1ecf caffeine. \u0110\u00e2y l\u00e0 d\u00f2ng c\u00e0 ph\u00ea \u0111\u00e3 lo\u1ea1i b\u1ecf \u00edt nh\u1ea5t 97% l\u01b0\u1ee3ng caffein, hay c\u00f2n g\u1ecdi l\u00e0 c\u00e0 ph\u00ea kh\u00f4ng caffein.<\/p>\n<p data-start=\"470\" data-end=\"727\">Th\u00f4ng th\u01b0\u1eddng, m\u1ed9t ly c\u00e0 ph\u00ea decaf 180ml s\u1ebd ch\u1ee9a t\u1eeb 0 \u2013 8mg caffein. Con s\u1ed1 n\u00e0y r\u1ea5t nh\u1ecf so v\u1edbi l\u01b0\u1ee3ng caffein c\u00f3 trong c\u00e0 ph\u00ea th\u01b0\u1eddng (70 \u2013 140mg). Qu\u00e1 tr\u00ecnh kh\u1eed caffein ch\u1ec9 lo\u1ea1i b\u1ecf kho\u1ea3ng 97%, tuy nhi\u00ean, m\u1ed9t s\u1ed1 ph\u01b0\u01a1ng ph\u00e1p c\u00f3 th\u1ec3 lo\u1ea1i b\u1ecf \u0111\u1ebfn 99%.<\/p>\n<p data-start=\"729\" data-end=\"836\">\u0110\u1ed1i v\u1edbi Robusta Decaf, s\u1ebd l\u00e0 d\u00f2ng c\u00e0 ph\u00ea Robusta \u0111\u00e3 \u0111\u01b0\u1ee3c lo\u1ea1i b\u1ecf caffeine.<\/p>\n<p data-start=\"838\" data-end=\"976\">C\u00e0 ph\u00ea Decafe th\u01b0\u1eddng ph\u00f9 h\u1ee3p v\u1edbi c\u00e1c ph\u01b0\u01a1ng ph\u00e1p pha ch\u1ebf nh\u01b0 Pour Over\/ Coldbrew, pha m\u00e1y, pha phin.<\/p>\n<p data-start=\"978\" data-end=\"1198\">C\u00e0 ph\u00ea Decaf y\u00eau c\u1ea7u s\u1ef1 c\u1ea9n tr\u1ecdng v\u1ec1 m\u1eb7t \u0111i\u1ec1u ch\u1ec9nh nhi\u1ec7t \u0111\u1ed9 v\u00e0 th\u1eddi gian rang \u0111\u1ec3 tr\u00e1nh l\u00e0m ch\u00e1y h\u1ea1t v\u00e0 m\u1ea5t \u0111i h\u01b0\u01a1ng v\u1ecb \u0111\u1eb7c tr\u01b0ng. \u0110i\u1ec1u n\u00e0y xu\u1ea5t ph\u00e1t t\u1eeb vi\u1ec7c h\u1ea1t decaf th\u01b0\u1eddng kh\u00f4 h\u01a1n v\u00e0 nh\u1ea1y c\u1ea3m h\u01a1n khi rang.<\/p>\n<p data-start=\"1200\" data-end=\"1360\">Nh\u00ecn chung, \u0111\u1ec3 rang c\u00e0 ph\u00ea Robusta decaf, th\u1ee3 rang c\u1ea7n hi\u1ec3u bi\u1ebft s\u00e2u s\u1eafc v\u1ec1 \u0111\u1eb7c t\u00ednh c\u1ee7a h\u1ea1t c\u00e0 ph\u00ea \u0111\u1ec3 \u0111i\u1ec1u ch\u1ec9nh k\u1ef9 thu\u1eadt rang ph\u00f9 h\u1ee3p.<\/p>\n<figure id=\"attachment_6508\" aria-describedby=\"caption-attachment-6508\" style=\"width: 800px\" class=\"wp-caption aligncenter\"><img decoding=\"async\" class=\"size-large wp-image-6508\" src=\"https:\/\/vietnamcoffeeunited.com\/wp-content\/uploads\/2025\/10\/roasted-robusta-decaf-4-1024x1024.jpg\" alt=\"Roasted Robusta Decaf\" width=\"800\" height=\"800\" srcset=\"https:\/\/vietnamcoffeeunited.com\/wp-content\/uploads\/2025\/10\/roasted-robusta-decaf-4-1024x1024.jpg 1024w, https:\/\/vietnamcoffeeunited.com\/wp-content\/uploads\/2025\/10\/roasted-robusta-decaf-4-300x300.jpg 300w, https:\/\/vietnamcoffeeunited.com\/wp-content\/uploads\/2025\/10\/roasted-robusta-decaf-4-150x150.jpg 150w, https:\/\/vietnamcoffeeunited.com\/wp-content\/uploads\/2025\/10\/roasted-robusta-decaf-4-768x768.jpg 768w, https:\/\/vietnamcoffeeunited.com\/wp-content\/uploads\/2025\/10\/roasted-robusta-decaf-4-12x12.jpg 12w, https:\/\/vietnamcoffeeunited.com\/wp-content\/uploads\/2025\/10\/roasted-robusta-decaf-4-600x600.jpg 600w, https:\/\/vietnamcoffeeunited.com\/wp-content\/uploads\/2025\/10\/roasted-robusta-decaf-4-100x100.jpg 100w, https:\/\/vietnamcoffeeunited.com\/wp-content\/uploads\/2025\/10\/roasted-robusta-decaf-4.jpg 1080w\" sizes=\"(max-width: 800px) 100vw, 800px\" \/><figcaption id=\"caption-attachment-6508\" class=\"wp-caption-text\">C\u00e0 ph\u00ea h\u1ea1t rang Robusta Decaf<\/figcaption><\/figure>\n<p data-start=\"1200\" data-end=\"1360\">\u0110\u1ecdc th\u00eam: <a href=\"https:\/\/vietnamcoffeeunited.com\/vi\/san-pham\/roasted_clean_robusta\/\">C\u00e0 ph\u00ea h\u1ea1t rang Robusta Clean<\/a><\/p>\n<h3 data-start=\"1367\" data-end=\"1434\">H\u01b0\u01a1ng v\u1ecb, m\u00e0u s\u1eafc v\u00e0 s\u1ef1 kh\u00e1c bi\u1ec7t c\u1ee7a Robusta decaf<\/h3>\n<p data-start=\"1436\" data-end=\"1663\">Gi\u00e1 tr\u1ecb dinh d\u01b0\u1ee1ng c\u1ee7a c\u00e0 ph\u00ea decaf g\u1ea7n nh\u01b0 y h\u1ec7t v\u1edbi c\u00e0 ph\u00ea th\u00f4ng th\u01b0\u1eddng, ch\u1ec9 kh\u00e1c khi n\u00f3 m\u1ea5t \u0111i l\u01b0\u1ee3ng caffein v\u1ed1n c\u00f3. Tuy nhi\u00ean, khi u\u1ed1ng v\u00e0o, c\u00e0 ph\u00ea s\u1ebd nh\u1ea1t h\u01a1n v\u00e0 t\u00f9y v\u00e0o ph\u01b0\u01a1ng ph\u00e1p cha ch\u1ebf, m\u00e0u s\u1eafc c\u0169ng thay \u0111\u1ed5i.<\/p>\n<p data-start=\"1665\" data-end=\"1748\">D\u00f2ng c\u00e0 ph\u00ea decaf kh\u00e1 ph\u00f9 h\u1ee3p v\u1edbi nh\u1eefng ng\u01b0\u1eddi th\u00edch c\u00e0 ph\u00ea nh\u01b0ng l\u1ea1i \u201cd\u1ecb \u1ee9ng\u201d v\u1edbi caffein.<\/p>\n<p data-start=\"1750\" data-end=\"1810\">Do qu\u00e1 tr\u00ecnh kh\u1eed caffeine, c\u00e0 ph\u00ea decaf c\u00f3 h\u01b0\u01a1ng v\u1ecb m\u00eam m\u1ea1i v\u00e0 c\u00e2n b\u1eb1ng h\u01a1n v\u1edbi c\u00e0 ph\u00ea th\u01b0\u1eddng. M\u1ed9t s\u1ed1 \u0111\u1eb7c \u0111i\u1ec3m n\u1ed5i b\u1eadt:<\/p>\n<ul data-start=\"1812\" data-end=\"2003\">\n<li data-start=\"1812\" data-end=\"1876\">\n<p data-start=\"1814\" data-end=\"1876\">V\u1ecb \u0111\u1eafng nh\u1eb9 h\u01a1n 30-40% do gi\u1ea3m caffeine;<\/p>\n<\/li>\n<li data-start=\"1877\" data-end=\"1931\">\n<p data-start=\"1879\" data-end=\"1931\">\u0110\u1ed9 chua gi\u1ea3m, t\u1ea1o c\u1ea3m gi\u00e1c \u00eam d\u1ecbu;<\/p>\n<\/li>\n<li data-start=\"1932\" data-end=\"1966\">\n<p data-start=\"1934\" data-end=\"1966\">V\u1ecb ng\u1ecdt t\u1ef1 nhi\u00ean \u0111\u01b0\u1ee3c l\u00e0m n\u1ed5i b\u1eadt;<\/p>\n<\/li>\n<li data-start=\"1967\" data-end=\"2003\">\n<p data-start=\"1969\" data-end=\"2003\">H\u1eadu v\u1ecb k\u00e9o d\u00e0i nh\u01b0ng kh\u00f4ng g\u1eaft.<\/p>\n<\/li>\n<\/ul>\n<p data-start=\"2005\" data-end=\"2214\">M\u00f9i th\u01a1m \u0111\u1eb7c tr\u01b0ng nh\u01b0 nh\u1eefng note h\u01b0\u01a1ng chocolate, caramel. Qu\u00e1 tr\u00ecnh kh\u1eed caffeine c\u0169ng l\u00e0m thay \u0111\u1ed5i c\u1ea5u tr\u00fac c\u00e1c h\u1ee3p ch\u1ea5t t\u1ea1o h\u01b0\u01a1ng nh\u01b0 chlorogenic acid v\u00e0 trigonelline.<\/p>\n<figure id=\"attachment_6509\" aria-describedby=\"caption-attachment-6509\" style=\"width: 800px\" class=\"wp-caption aligncenter\"><img decoding=\"async\" class=\"size-large wp-image-6509\" src=\"https:\/\/vietnamcoffeeunited.com\/wp-content\/uploads\/2025\/10\/roasted-robusta-decaf-5-1024x1024.jpg\" alt=\"Decaf coffee\" width=\"800\" height=\"800\" srcset=\"https:\/\/vietnamcoffeeunited.com\/wp-content\/uploads\/2025\/10\/roasted-robusta-decaf-5-1024x1024.jpg 1024w, https:\/\/vietnamcoffeeunited.com\/wp-content\/uploads\/2025\/10\/roasted-robusta-decaf-5-300x300.jpg 300w, https:\/\/vietnamcoffeeunited.com\/wp-content\/uploads\/2025\/10\/roasted-robusta-decaf-5-150x150.jpg 150w, https:\/\/vietnamcoffeeunited.com\/wp-content\/uploads\/2025\/10\/roasted-robusta-decaf-5-768x768.jpg 768w, https:\/\/vietnamcoffeeunited.com\/wp-content\/uploads\/2025\/10\/roasted-robusta-decaf-5-12x12.jpg 12w, https:\/\/vietnamcoffeeunited.com\/wp-content\/uploads\/2025\/10\/roasted-robusta-decaf-5-600x600.jpg 600w, https:\/\/vietnamcoffeeunited.com\/wp-content\/uploads\/2025\/10\/roasted-robusta-decaf-5-100x100.jpg 100w, https:\/\/vietnamcoffeeunited.com\/wp-content\/uploads\/2025\/10\/roasted-robusta-decaf-5.jpg 1080w\" sizes=\"(max-width: 800px) 100vw, 800px\" \/><figcaption id=\"caption-attachment-6509\" class=\"wp-caption-text\">C\u00e0 ph\u00ea decaf<\/figcaption><\/figure>\n<p data-start=\"2216\" data-end=\"2406\">V\u1ec1 m\u00e0u s\u1eafc, c\u00e0 ph\u00ea Robusta decaf c\u00f3 n\u01b0\u1edbc c\u00e0 ph\u00ea nh\u1ea1t h\u01a1n 15 \u2013 20% so v\u1edbi b\u00ecnh th\u01b0\u1eddng, m\u00e0u n\u00e2u \u0111\u1ed3ng nh\u1ea1t, trong h\u01a1n. Crema sau khi pha c\u0169ng m\u1ecfng v\u00e0 \u00edt b\u1ec1n.<\/p>\n<p data-start=\"2408\" data-end=\"2639\">S\u1ef1 kh\u00e1c bi\u1ec7t c\u1ee7a Robusta Decaf \u0111\u1ebfn t\u1ef1 tr\u1ea3i nghi\u1ec7m. Kh\u00f4ng mang l\u1ea1i s\u1ef1 h\u01b0ng ph\u1ea5n, thay v\u00e0o \u0111\u00f3 l\u00e0 s\u1ef1 th\u01b0 gi\u00e3n. Ng\u01b0\u1eddi u\u1ed1ng kh\u00f4ng c\u00f3 c\u1ea3m gi\u00e1c t\u1ec9nh t\u00e1o t\u1ee9c th\u00ec, c\u00f3 th\u1ec3 u\u1ed1ng v\u00e0o bu\u1ed5i m\u00e0 kh\u00f4ng m\u1ea5t ng\u1ee7.<\/p>\n<h3><strong>Th\u00f4ng tin s\u1ea3n ph\u1ea9m<\/strong><\/h3>\n<ul>\n<li><strong>M\u1ee9c rang<\/strong>: Light\/ Medium\/ Dark<\/li>\n<li><strong>Sizes<\/strong>: S13\/S16\/S18<\/li>\n<li><strong>Th\u1eddi gian s\u1eed d\u1ee5ng t\u1ed1t nh\u1ea5t<\/strong>: 12 th\u00e1ng<\/li>\n<li><strong>V\u00f9ng tr\u1ed3ng<\/strong>: Vi\u1ec7t Nam<\/li>\n<li><strong>H\u00e0m l\u01b0\u1ee3ng caffine<\/strong>: 0 &#8211; 8mg\/180ml<\/li>\n<\/ul>\n<h3 data-start=\"2646\" data-end=\"2700\">T\u1ea1i sao ch\u1ecdn c\u00e0 ph\u00ea h\u1ea1t rang Robusta Decaf c\u1ee7a VCU JSC?<\/h3>\n<p data-start=\"2702\" data-end=\"2857\">VCU (Vietnam Coffee United) l\u00e0 c\u01a1 s\u1edf t\u1ef1 s\u1ea3n xu\u1ea5t h\u1ea1t c\u00e0 ph\u00ea xanh, \u0111\u1ea3m b\u1ea3o ch\u1ea5t l\u01b0\u1ee3ng cho c\u00e0 ph\u00ea h\u1ea1t rang.<\/p>\n<p data-start=\"2859\" data-end=\"3069\">V\u1edbi c\u00f4ng ngh\u1ec7 rang Hot-air hi\u1ec7n \u0111\u1ea1i v\u00e0 m\u00e1y rang c\u00f4ng nghi\u1ec7p c\u00f3 c\u00f4ng su\u1ea5t 60kg\/m\u1ebb, VCU t\u1ef1 tin \u0111\u00e1p \u1ee9ng nhu c\u1ea7u v\u1ec1 s\u1ed1 l\u01b0\u1ee3ng l\u1edbn v\u00e0 c\u00e1c \u0111\u01a1n h\u00e0ng g\u1ea5p, v\u1edbi ch\u1ea5t l\u01b0\u1ee3ng \u0111\u1ed3ng \u0111\u1ec1u v\u00e0 nh\u1ea5t qu\u00e1n qua t\u1eebng m\u1ebb rang.<\/p>\n<p data-start=\"3071\" data-end=\"3352\">Kh\u00f4ng ch\u1ec9 v\u1eady, t\u1eeb th\u00e1ng 10\/2025, VCU \u0111\u01b0a v\u00e0o h\u1ec7 th\u1ed1ng s\u1ea3n xu\u1ea5t m\u00e1y \u0111\u00f3ng g\u00f3i c\u00e0 ph\u00ea h\u1ea1t rang v\u1edbi c\u00f4ng su\u1ea5t 420kg\/gi\u1edd. \u0110i\u1ec1u n\u00e0y l\u00e0m t\u0103ng n\u0103ng l\u1ef1c s\u1ea3n xu\u1ea5t, \u0111\u00e1p \u1ee9ng \u0111\u01a1n h\u00e0ng nhanh, k\u1ecbp th\u1eddi, \u0111\u1ed9 ch\u00ednh x\u00e1c cao v\u00e0 gi\u1eef v\u1eefng ch\u1ea5t l\u01b0\u1ee3ng.<\/p>\n<p><iframe title=\"Welcome 2 packaging machines to VCU | VCU JSC #vietnamcoffeeunited #roastedcoffee #viral #shortvideo\" width=\"563\" height=\"1000\" src=\"https:\/\/www.youtube.com\/embed\/v4QDBzRwYn4?feature=oembed\" frameborder=\"0\" allow=\"accelerometer; autoplay; clipboard-write; encrypted-media; gyroscope; picture-in-picture; web-share\" referrerpolicy=\"strict-origin-when-cross-origin\" allowfullscreen><\/iframe><\/p>\n<p data-start=\"3359\" data-end=\"3475\">\u00a0Qu\u00fd anh\/ch\u1ecb c\u1ea7n t\u01b0 v\u1ea5n c\u00e0 ph\u00ea Robusta Decaf ho\u1eb7c d\u1ecbch v\u1ee5 OEM, li\u00ean h\u1ec7 ngay v\u1edbi VCU nh\u00e9!<\/p>\n<h3><strong>Th\u00f4ng tin li\u00ean h\u1ec7<\/strong><\/h3>\n<p><strong>C\u00f4ng ty C\u1ed5 ph\u1ea7n VCU (VCU JSC)<\/strong><\/p>\n<p><strong>\u0110\u1ecba ch\u1ec9:<\/strong><\/p>\n<p>\u2013\u00a0<strong>C\u01a1 s\u1edf rang:<\/strong> Th\u00f4n 4, x\u00e3 Ch\u01b0 Pr\u00f4ng, T\u1ec9nh Gia Lai<\/p>\n<p>\u2013\u00a0<strong>C\u01a1 s\u1edf c\u00e0 ph\u00ea nh\u00e2n xanh:<\/strong> L\u00e0ng Ia Tong, X\u00e3 Ia Hrung, t\u1ec9nh Gia Lai<\/p>\n<p>\u2013\u00a0<strong>Fanpage:\u00a0<a href=\"https:\/\/www.facebook.com\/vcuvietnamcoffeeunited\" target=\"_blank\" rel=\"noopener noreferrer nofollow\">VCU \u2013 Vietnam Coffee United<\/a><\/strong><\/p>\n<p><span class=\"elementor-icon-list-text\">\u2013\u00a0<strong>Email:<\/strong>\u00a0info@vietnamcoffeeunited.com<\/span><\/p>","protected":false},"excerpt":{"rendered":"<ul>\n<li><strong>M\u1ee9c rang<\/strong>: Light\/ Medium\/ Dark<\/li>\n<li><strong>Sizes<\/strong>: S13\/S16\/S18<\/li>\n<li><strong>Th\u1eddi gian s\u1eed d\u1ee5ng t\u1ed1t nh\u1ea5t<\/strong>: 12 th\u00e1ng<\/li>\n<li><strong>V\u00f9ng tr\u1ed3ng<\/strong>: Vi\u1ec7t Nam<\/li>\n<li><strong>\u0110\u00f3ng g\u00f3i:<\/strong>: 30kg\/bag (jute bag or PP bag), \u00a0500g\/bag * 32 bags\/carton, 1kg\/bag * 18 bags\/carton, 5kg\/bag * 3 bags\/carton<\/li>\n<li><strong>\u0110\u1eb7t h\u00e0ng t\u1ed1i thi\u1ec3u<\/strong>: 1 t\u1ea5n ho\u1eb7c th\u01b0\u01a1ng l\u01b0\u1ee3ng<\/li>\n<li><strong>N\u0103ng l\u1ef1c s\u1ea3n xu\u1ea5t<\/strong>: 100 t\u1ea5n\/th\u00e1ng<\/li>\n<li><strong>Th\u1eddi gian giao h\u00e0ng<\/strong>: Trong v\u00f2ng t\u1eeb 2 - 4 ng\u00e0y sau khi nh\u1eadn \u0111\u01b0\u1ee3c L\/C ho\u1eb7c ti\u1ec1n \u0111\u1eb7t c\u1ecdc c\u1ee7a kh\u00e1ch h\u00e0ng<\/li>\n<li><strong>Ch\u00ednh s\u00e1ch thanh to\u00e1n:<\/strong>: T\/T, L\/C at sight<\/li>\n<li><strong>Ch\u1ee9ng t\u1eeb v\u1eadn chuy\u1ec3n<\/strong>: Inv, PL, BoL, CO, Phyto, Fumi.<\/li>\n<li><strong>C\u1ea3ng h\u00e0ng<\/strong>: C\u1ea3ng C\u00e1t L\u00e1i, TP. HCM<\/li>\n<\/ul>","protected":false},"featured_media":6510,"comment_status":"closed","ping_status":"closed","template":"","meta":[],"product_cat":[148],"product_tag":[210,215,221,211],"_links":{"self":[{"href":"https:\/\/vietnamcoffeeunited.com\/vi\/wp-json\/wp\/v2\/product\/6507"}],"collection":[{"href":"https:\/\/vietnamcoffeeunited.com\/vi\/wp-json\/wp\/v2\/product"}],"about":[{"href":"https:\/\/vietnamcoffeeunited.com\/vi\/wp-json\/wp\/v2\/types\/product"}],"replies":[{"embeddable":true,"href":"https:\/\/vietnamcoffeeunited.com\/vi\/wp-json\/wp\/v2\/comments?post=6507"}],"wp:featuredmedia":[{"embeddable":true,"href":"https:\/\/vietnamcoffeeunited.com\/vi\/wp-json\/wp\/v2\/media\/6510"}],"wp:attachment":[{"href":"https:\/\/vietnamcoffeeunited.com\/vi\/wp-json\/wp\/v2\/media?parent=6507"}],"wp:term":[{"taxonomy":"product_cat","embeddable":true,"href":"https:\/\/vietnamcoffeeunited.com\/vi\/wp-json\/wp\/v2\/product_cat?post=6507"},{"taxonomy":"product_tag","embeddable":true,"href":"https:\/\/vietnamcoffeeunited.com\/vi\/wp-json\/wp\/v2\/product_tag?post=6507"}],"curies":[{"name":"wp","href":"https:\/\/api.w.org\/{rel}","templated":true}]}}