{"id":6469,"date":"2025-08-22T16:45:18","date_gmt":"2025-08-22T09:45:18","guid":{"rendered":"https:\/\/vietnamcoffeeunited.com\/?post_type=product&#038;p=6469"},"modified":"2025-08-22T16:45:19","modified_gmt":"2025-08-22T09:45:19","slug":"super-crema","status":"publish","type":"product","link":"https:\/\/vietnamcoffeeunited.com\/vi\/san-pham\/super-crema\/","title":{"rendered":"Super Crema"},"content":{"rendered":"<h2 style=\"text-align: center;\" data-start=\"88\" data-end=\"146\">Super Crema \u2013 Rang m\u1ed9c 100% t\u1eeb Robusta &amp; Arabica<\/h2>\n<h3 data-start=\"148\" data-end=\"182\">Gi\u1edbi thi\u1ec7u v\u1ec1 Super Crema<\/h3>\n<p data-start=\"183\" data-end=\"436\">Super Crema l\u00e0 d\u00f2ng s\u1ea3n ph\u1ea9m \u0111\u01b0\u1ee3c VCU s\u1ea3n xu\u1ea5t, rang m\u1ed9c 100% t\u1eeb d\u00f2ng c\u00e0 ph\u00ea Robusta Clean ho\u1eb7c Arabica Clean \u2013 hai d\u00f2ng c\u00e0 ph\u00ea thu\u1ed9c ph\u00e2n kh\u00fac t\u1ea7m trung, nh\u01b0ng v\u1eabn gi\u1eef \u0111\u01b0\u1ee3c h\u01b0\u01a1ng v\u1ecb \u1ed5n \u0111\u1ecbnh, s\u1ea1ch v\u00e0 nguy\u00ean ch\u1ea5t. \u0110\u00e1p \u1ee9ng cho c\u1ea3 ti\u00eau chu\u1ea9n s\u1eed d\u1ee5ng trong n\u01b0\u1edbc v\u00e0 xu\u1ea5t kh\u1ea9u.<\/p>\n<p data-start=\"438\" data-end=\"672\">Super Crema ph\u00f9 h\u1ee3p cho nhi\u1ec1u ph\u01b0\u01a1ng ph\u00e1p pha ch\u1ebf nh\u01b0 pha phin, espresso, moka pot ho\u1eb7c m\u00e1y pha t\u1ef1 \u0111\u1ed9ng. V\u00ec v\u1eady, k\u00eanh qu\u00e1n, th\u01b0\u01a1ng hi\u1ec7u c\u00e0 ph\u00ea hay nh\u00e0 ph\u00e2n ph\u1ed1i \u0111\u1ec1u c\u00f3 th\u1ec3 l\u1ef1a ch\u1ecdn linh ho\u1ea1t cho ph\u00f9 h\u1ee3p v\u1edbi m\u00f4 h\u00ecnh kinh doanh c\u1ee7a m\u00ecnh.<\/p>\n<h3 data-start=\"674\" data-end=\"707\">H\u01b0\u01a1ng v\u1ecb c\u00e0 ph\u00ea Super Crema<\/h3>\n<p data-start=\"708\" data-end=\"787\">Super Crema c\u00f3 2 l\u1ef1a ch\u1ecdn ch\u00ednh, m\u1ed9t l\u00e0 Robusta Clean, hai l\u00e0 Arabica Clean.<\/p>\n<ul data-start=\"789\" data-end=\"1290\">\n<li data-start=\"789\" data-end=\"1053\">\n<p data-start=\"791\" data-end=\"1053\">Robusta Clean: c\u00f3 t\u1ef7 l\u1ec7 ch\u00edn t\u1eeb 75 \u2013 80%, s\u01a1 ch\u1ebf theo ph\u01b0\u01a1ng ph\u00e1p unwashed, cho v\u1ecb \u0111\u1eadm m\u1ea1nh, body cao, h\u1eadu v\u1ecb r\u00f5 r\u1ec7t, ph\u00f9 h\u1ee3p cho u\u1ed1ng t\u1ea1i nh\u00e0 ho\u1eb7c t\u1ea1i qu\u00e1n, cho gu truy\u1ec1n th\u1ed1ng ho\u1eb7c n\u1ec1n espresso \u0111\u1ea7y \u0111\u1eb7n.<\/p>\n<\/li>\n<\/ul>\n<figure id=\"attachment_6470\" aria-describedby=\"caption-attachment-6470\" style=\"width: 800px\" class=\"wp-caption aligncenter\"><img decoding=\"async\" class=\"size-large wp-image-6470\" src=\"https:\/\/vietnamcoffeeunited.com\/wp-content\/uploads\/2025\/08\/super-crema-5-1024x1024.jpg\" alt=\"Robusta Clean\" width=\"800\" height=\"800\" srcset=\"https:\/\/vietnamcoffeeunited.com\/wp-content\/uploads\/2025\/08\/super-crema-5-1024x1024.jpg 1024w, https:\/\/vietnamcoffeeunited.com\/wp-content\/uploads\/2025\/08\/super-crema-5-300x300.jpg 300w, https:\/\/vietnamcoffeeunited.com\/wp-content\/uploads\/2025\/08\/super-crema-5-150x150.jpg 150w, https:\/\/vietnamcoffeeunited.com\/wp-content\/uploads\/2025\/08\/super-crema-5-768x768.jpg 768w, https:\/\/vietnamcoffeeunited.com\/wp-content\/uploads\/2025\/08\/super-crema-5-12x12.jpg 12w, https:\/\/vietnamcoffeeunited.com\/wp-content\/uploads\/2025\/08\/super-crema-5-600x600.jpg 600w, https:\/\/vietnamcoffeeunited.com\/wp-content\/uploads\/2025\/08\/super-crema-5-100x100.jpg 100w, https:\/\/vietnamcoffeeunited.com\/wp-content\/uploads\/2025\/08\/super-crema-5.jpg 1080w\" sizes=\"(max-width: 800px) 100vw, 800px\" \/><figcaption id=\"caption-attachment-6470\" class=\"wp-caption-text\">Robusta Clean<\/figcaption><\/figure>\n<ul data-start=\"789\" data-end=\"1290\">\n<li data-start=\"1055\" data-end=\"1290\">\n<p data-start=\"1057\" data-end=\"1290\">Arabica Clean: c\u00f3 t\u1ef7 l\u1ec7 ch\u00edn kho\u1ea3ng 90%, s\u01a1 ch\u1ebf theo ph\u01b0\u01a1ng ph\u00e1p full-washed, h\u01b0\u01a1ng th\u01a1m s\u00e1ng, v\u1ecb chua nh\u1eb9, h\u1eadu v\u1ecb \u00eam. Th\u00edch h\u1ee3p cho ng\u01b0\u1eddi th\u00edch gu nh\u1eb9 nh\u00e0ng nh\u01b0 latte ho\u1eb7c cappuccino.<\/p>\n<\/li>\n<\/ul>\n<figure id=\"attachment_6471\" aria-describedby=\"caption-attachment-6471\" style=\"width: 800px\" class=\"wp-caption aligncenter\"><img decoding=\"async\" class=\"size-large wp-image-6471\" src=\"https:\/\/vietnamcoffeeunited.com\/wp-content\/uploads\/2025\/08\/super-crema-4-1024x1024.jpg\" alt=\"Arabica Clean\" width=\"800\" height=\"800\" srcset=\"https:\/\/vietnamcoffeeunited.com\/wp-content\/uploads\/2025\/08\/super-crema-4-1024x1024.jpg 1024w, https:\/\/vietnamcoffeeunited.com\/wp-content\/uploads\/2025\/08\/super-crema-4-300x300.jpg 300w, https:\/\/vietnamcoffeeunited.com\/wp-content\/uploads\/2025\/08\/super-crema-4-150x150.jpg 150w, https:\/\/vietnamcoffeeunited.com\/wp-content\/uploads\/2025\/08\/super-crema-4-768x768.jpg 768w, https:\/\/vietnamcoffeeunited.com\/wp-content\/uploads\/2025\/08\/super-crema-4-12x12.jpg 12w, https:\/\/vietnamcoffeeunited.com\/wp-content\/uploads\/2025\/08\/super-crema-4-600x600.jpg 600w, https:\/\/vietnamcoffeeunited.com\/wp-content\/uploads\/2025\/08\/super-crema-4-100x100.jpg 100w, https:\/\/vietnamcoffeeunited.com\/wp-content\/uploads\/2025\/08\/super-crema-4.jpg 1080w\" sizes=\"(max-width: 800px) 100vw, 800px\" \/><figcaption id=\"caption-attachment-6471\" class=\"wp-caption-text\">Arabica Clean<\/figcaption><\/figure>\n<p data-start=\"1292\" data-end=\"1481\">D\u00f9 l\u1ef1a ch\u1ecdn Robusta hay Arabica th\u00ec \u0111\u1ec1u c\u00f3 \u0111\u1eb7c \u0111i\u1ec3m chung l\u00e0 h\u01b0\u01a1ng v\u1ecb s\u1ea1ch, rang m\u1ed9c 100%, kh\u00f4ng ch\u1ea5t ph\u1ee5 gia, kh\u00f4ng ch\u1ea5t b\u1ea3o qu\u1ea3n. Gi\u00fap b\u1ea1n c\u00e2n b\u1eb1ng gi\u1eefa ch\u1ea5t l\u01b0\u1ee3ng v\u00e0 chi ph\u00ed.<\/p>\n<p data-start=\"1292\" data-end=\"1481\">\u0110\u1ecdc th\u00eam: <a href=\"https:\/\/vietnamcoffeeunited.com\/vi\/danh-muc-san-pham\/arabica-coffee\/roasted-arabica-coffee\/\">Roasted Arabica Coffee<\/a><\/p>\n<h3 data-start=\"1483\" data-end=\"1509\">Th\u00f4ng tin s\u1ea3n ph\u1ea9m<\/h3>\n<ul data-start=\"1510\" data-end=\"1976\">\n<li data-start=\"1510\" data-end=\"1561\">\n<p data-start=\"1512\" data-end=\"1561\">T\u00ean s\u1ea3n ph\u1ea9m: Super Crema \u2013 Rang m\u1ed9c 100%<\/p>\n<\/li>\n<li data-start=\"1562\" data-end=\"1612\">\n<p data-start=\"1564\" data-end=\"1612\">Nguy\u00ean li\u1ec7u: Robusta Clean \/ Arabica Clean<\/p>\n<\/li>\n<li data-start=\"1613\" data-end=\"1642\">\n<p data-start=\"1615\" data-end=\"1642\">Nh\u00e0 s\u1ea3n xu\u1ea5t: VCU JSC<\/p>\n<\/li>\n<li data-start=\"1643\" data-end=\"1698\">\n<p data-start=\"1645\" data-end=\"1698\">\u0110\u1ed9 ch\u00edn: Robustat (75-80%), Arabica (90%)<\/p>\n<\/li>\n<li data-start=\"1699\" data-end=\"1720\">\n<p data-start=\"1701\" data-end=\"1720\">\u0110\u1ed9 \u1ea9m: \u22645%<\/p>\n<\/li>\n<li data-start=\"1721\" data-end=\"1785\">\n<p data-start=\"1723\" data-end=\"1785\">Caffeine: Robusta (2,0 \u2013 2,3%), Arabica (1,2 \u2013 1,5%)<\/p>\n<\/li>\n<li data-start=\"1786\" data-end=\"1844\">\n<p data-start=\"1788\" data-end=\"1844\">Rang: Rang m\u1ed9c 100%, kh\u00f4ng ph\u1ee5 gia, kh\u00f4ng t\u1ea9m \u01b0\u1edbp<\/p>\n<\/li>\n<li data-start=\"1845\" data-end=\"1871\">\n<p data-start=\"1847\" data-end=\"1871\">\u0110\u00f3ng g\u00f3i: T\u00fai 1kg<\/p>\n<\/li>\n<li data-start=\"1872\" data-end=\"1906\">\n<p data-start=\"1874\" data-end=\"1906\">Lo\u1ea1i: H\u1ea1t\/b\u1ed9t<\/p>\n<\/li>\n<li data-start=\"1907\" data-end=\"1976\">\n<p data-start=\"1909\" data-end=\"1976\">B\u1ea3o qu\u1ea3n: N\u01a1i kh\u00f4 r\u00e1o, tho\u00e1ng m\u00e1t, tr\u00e1nh \u00e1nh n\u1eafng tr\u1ef1c ti\u1ebfp<\/p>\n<\/li>\n<\/ul>\n<figure id=\"attachment_6473\" aria-describedby=\"caption-attachment-6473\" style=\"width: 800px\" class=\"wp-caption aligncenter\"><img decoding=\"async\" class=\"size-large wp-image-6473\" src=\"https:\/\/vietnamcoffeeunited.com\/wp-content\/uploads\/2025\/08\/super-crema-2-1024x1024.jpg\" alt=\"Super Cream Export\" width=\"800\" height=\"800\" srcset=\"https:\/\/vietnamcoffeeunited.com\/wp-content\/uploads\/2025\/08\/super-crema-2-1024x1024.jpg 1024w, https:\/\/vietnamcoffeeunited.com\/wp-content\/uploads\/2025\/08\/super-crema-2-300x300.jpg 300w, https:\/\/vietnamcoffeeunited.com\/wp-content\/uploads\/2025\/08\/super-crema-2-150x150.jpg 150w, https:\/\/vietnamcoffeeunited.com\/wp-content\/uploads\/2025\/08\/super-crema-2-768x768.jpg 768w, https:\/\/vietnamcoffeeunited.com\/wp-content\/uploads\/2025\/08\/super-crema-2-12x12.jpg 12w, https:\/\/vietnamcoffeeunited.com\/wp-content\/uploads\/2025\/08\/super-crema-2-600x600.jpg 600w, https:\/\/vietnamcoffeeunited.com\/wp-content\/uploads\/2025\/08\/super-crema-2-100x100.jpg 100w, https:\/\/vietnamcoffeeunited.com\/wp-content\/uploads\/2025\/08\/super-crema-2.jpg 1080w\" sizes=\"(max-width: 800px) 100vw, 800px\" \/><figcaption id=\"caption-attachment-6473\" class=\"wp-caption-text\">Super Cream Export<\/figcaption><\/figure>\n<h3 data-start=\"1978\" data-end=\"2044\">VCU \u2013 Cung c\u1ea5p c\u00e0 ph\u00ea h\u1ea1t rang \u0111\u1ea1t ch\u1ee9ng nh\u1eadn ISO, FDA<\/h3>\n<p data-start=\"2045\" data-end=\"2227\">To\u1ea1 l\u1ea1c t\u1ea1i t\u1ec9nh Gia Lai, VCU \u0111\u1ea1t ch\u1ee9ng nh\u1eadn ISO 22000:2018 v\u00e0 FDA (Hoa K\u1ef3), \u0111\u1ea3m b\u1ea3o quy tr\u00ecnh s\u1ea3n xu\u1ea5t kh\u00e9p k\u00edn, an to\u00e0n, ch\u1ea5t l\u01b0\u1ee3ng qu\u1ed1c t\u1ebf.<\/p>\n<ul data-start=\"2229\" data-end=\"2584\">\n<li data-start=\"2229\" data-end=\"2358\">\n<p data-start=\"2231\" data-end=\"2358\">N\u0103ng l\u1ef1c s\u1ea3n xu\u1ea5t \u0111\u1ebfn 80 t\u1ea5n h\u1ea1t rang\/th\u00e1ng, \u0111\u00e1p \u1ee9ng cho c\u1ea3 k\u00eanh qu\u00e1n, th\u01b0\u01a1ng hi\u1ec7u trong v\u00e0 ngo\u00e0i n\u01b0\u1edbc.<\/p>\n<\/li>\n<li data-start=\"2359\" data-end=\"2470\">\n<p data-start=\"2361\" data-end=\"2470\">S\u1edf h\u1eefu m\u00e1y \u0111\u00f3ng g\u00f3i chuy\u00ean nghi\u1ec7p, gi\u00fap th\u1eddi gian s\u1ea3n xu\u1ea5t nhanh, \u0111\u1ed3ng nh\u1ea5t, \u1ed5n \u0111\u1ecbnh khi giao \u0111\u1ebfn tay kh\u00e1ch h\u00e0ng.<\/p>\n<\/li>\n<li data-start=\"2471\" data-end=\"2584\">\n<p data-start=\"2473\" data-end=\"2584\">\u0110\u01b0\u1ee3c t\u01b0 v\u1ea5n profile rang b\u1edfi \u0111\u1ed9i ng\u0169 R&amp;D chuy\u00ean nghi\u1ec7p, \u0111\u1ed3ng h\u00e0nh trong su\u1ed1t qu\u00e1 tr\u00ecnh h\u1ee3p t\u00e1c.<\/p>\n<\/li>\n<\/ul>\n<p data-start=\"2586\" data-end=\"2829\">B\u00ean c\u1ea1nh d\u00f2ng s\u1ea3n ph\u1ea9m Super Crema, VCU c\u00f2n cung c\u1ea5p th\u00eam s\u1ea3n ph\u1ea9m Tata Blend (Blend Robusta v\u00e0 Arabica), City Cof (c\u00e0 ph\u00ea Robusta Honey). Ho\u1eb7c qu\u00fd kh\u00e1ch h\u00e0ng c\u00f3 th\u1ec3 l\u1ef1a ch\u1ecdn h\u00ecnh th\u1ee9c <a href=\"https:\/\/vietnamcoffeeunited.com\/vi\/san-pham\/oem-coffee-and-private-label\/\">OEM\/private label<\/a> gi\u00fap ti\u1ebft ki\u1ec7m th\u1eddi gian v\u00e0 chi ph\u00ed, nh\u01b0ng v\u1eabn \u0111\u1ea3m b\u1ea3o ch\u1ea5t l\u01b0\u1ee3ng c\u00e0 ph\u00ea.<\/p>\n<figure id=\"attachment_6472\" aria-describedby=\"caption-attachment-6472\" style=\"width: 800px\" class=\"wp-caption aligncenter\"><img decoding=\"async\" class=\"size-large wp-image-6472\" src=\"https:\/\/vietnamcoffeeunited.com\/wp-content\/uploads\/2025\/08\/super-crema-3-1024x1024.jpg\" alt=\"VCU Products\" width=\"800\" height=\"800\" srcset=\"https:\/\/vietnamcoffeeunited.com\/wp-content\/uploads\/2025\/08\/super-crema-3-1024x1024.jpg 1024w, https:\/\/vietnamcoffeeunited.com\/wp-content\/uploads\/2025\/08\/super-crema-3-300x300.jpg 300w, https:\/\/vietnamcoffeeunited.com\/wp-content\/uploads\/2025\/08\/super-crema-3-150x150.jpg 150w, https:\/\/vietnamcoffeeunited.com\/wp-content\/uploads\/2025\/08\/super-crema-3-768x768.jpg 768w, https:\/\/vietnamcoffeeunited.com\/wp-content\/uploads\/2025\/08\/super-crema-3-12x12.jpg 12w, https:\/\/vietnamcoffeeunited.com\/wp-content\/uploads\/2025\/08\/super-crema-3-600x600.jpg 600w, https:\/\/vietnamcoffeeunited.com\/wp-content\/uploads\/2025\/08\/super-crema-3-100x100.jpg 100w, https:\/\/vietnamcoffeeunited.com\/wp-content\/uploads\/2025\/08\/super-crema-3.jpg 1080w\" sizes=\"(max-width: 800px) 100vw, 800px\" \/><figcaption id=\"caption-attachment-6472\" class=\"wp-caption-text\">VCU Products<\/figcaption><\/figure>\n<p data-start=\"2831\" data-end=\"2980\">VCU \u0111\u00e3 v\u00e0 \u0111ang h\u1ee3p t\u00e1c v\u1edbi h\u00e0ng tr\u0103m k\u00eanh qu\u00e1n \u0111a d\u1ea1ng quy m\u00f4 t\u1eeb trong n\u01b0\u1edbc \u0111\u1ebfn qu\u1ed1c t\u1ebf. Ch\u00fang t\u00f4i t\u1ef1 tin l\u00e0 \u0111\u1ed1i t\u00e1c s\u1ed1 1 c\u1ee7a b\u1ea1n.<\/p>\n<p data-start=\"2982\" data-end=\"3074\">Li\u00ean h\u1ec7 VCU ngay h\u00f4m nay \u0111\u1ec3 tr\u1ea3i nghi\u1ec7m v\u00e0 \u0111\u01b0a v\u00e0o menu ho\u1eb7c th\u01b0\u01a1ng hi\u1ec7u c\u1ee7a b\u1ea1n!<\/p>\n<h3><strong>Th\u00f4ng tin li\u00ean h\u1ec7<\/strong><\/h3>\n<p>C\u00f4ng ty C\u1ed5 ph\u1ea7n VCU - \"Your QC Department\"<\/p>\n<p><strong>\u0110\u1ecba ch\u1ec9:<\/strong><\/p>\n<p>- X\u01b0\u1edfng rang: T\u1ed5 d\u00e2n ph\u1ed1 6, X\u00e3 Ch\u01b0 Pr\u00f4ng, T\u1ec9nh Gia Lai<\/p>\n<p>- Nh\u00e0 m\u00e1y nh\u00e2n xanh: X\u00e3 Ia Grai, T\u1ec9nh Gia Lai<\/p>\n<p>\u2013\u00a0<strong>Fanpage:\u00a0<a href=\"https:\/\/www.facebook.com\/vcuvietnamcoffeeunited\" target=\"_blank\" rel=\"noopener noreferrer nofollow\">VCU \u2013 Vietnam Coffee United<\/a><\/strong><\/p>\n<p><span class=\"elementor-icon-list-text\">\u2013\u00a0<strong>Email:<\/strong>\u00a0info@vietnamcoffeeunited.com<\/span><\/p>","protected":false},"excerpt":{"rendered":"<ul>\n<li data-start=\"1324\" data-end=\"1346\">\n<p data-start=\"1326\" data-end=\"1346\"><strong data-start=\"1326\" data-end=\"1335\">Th\u01b0\u01a1ng hi\u1ec7u<\/strong>: VCU JSC<\/p>\n<\/li>\n<li data-start=\"1347\" data-end=\"1379\">\n<p data-start=\"1349\" data-end=\"1379\"><strong data-start=\"1349\" data-end=\"1368\">S\u1ea3n xu\u1ea5t t\u1ea1i<\/strong>: Vi\u1ec7t Nam<\/p>\n<\/li>\n<li data-start=\"1380\" data-end=\"1419\">\n<p data-start=\"1382\" data-end=\"1419\"><strong data-start=\"1382\" data-end=\"1397\">Th\u00e0nh ph\u1ea7n<\/strong>: 100% Robusta Clean \/ Arabica Clean<\/p>\n<\/li>\n<li data-start=\"1420\" data-end=\"1503\">\n<p data-start=\"1422\" data-end=\"1503\"><strong data-start=\"1422\" data-end=\"1441\">Ph\u01b0\u01a1ng ph\u00e1p rang<\/strong>: 100% rang m\u1ed9c, kh\u00f4ng t\u1ea9m \u01b0\u1edbp, kh\u00f4ng ch\u1ea5t b\u1ea3o qu\u1ea3n<\/p>\n<\/li>\n<li data-start=\"1504\" data-end=\"1530\">\n<p data-start=\"1506\" data-end=\"1530\"><strong data-start=\"1506\" data-end=\"1519\">\u0110\u00f3ng g\u00f3i:<\/strong>: 1kg\/bag<\/p>\n<\/li>\n<li data-start=\"1531\" data-end=\"1552\">\n<p data-start=\"1533\" data-end=\"1552\"><strong data-start=\"1533\" data-end=\"1545\">\u0110\u1ed9 \u1ea9m:<\/strong>: \u22645%<\/p>\n<\/li>\n<li data-start=\"1531\" data-end=\"1552\"><strong data-start=\"1645\" data-end=\"1664\">T\u1ef7 l\u1ec7 ch\u00edn:<\/strong> Robusta (75\u201380%), Arabica (90%)<\/li>\n<li data-start=\"1553\" data-end=\"1581\">\n<p data-start=\"1555\" data-end=\"1581\"><strong data-start=\"1555\" data-end=\"1567\">Caffeine<\/strong>: Robusta (2.0\u20132.3%), Arabica (1.2\u20131.5%)<\/p>\n<\/li>\n<li data-start=\"1582\" data-end=\"1615\">\n<p data-start=\"1584\" data-end=\"1615\"><strong data-start=\"1584\" data-end=\"1592\">Ph\u00e2n lo\u1ea1i<\/strong>: H\u1ea1t\/ b\u1ed9t<\/p>\n<\/li>\n<li data-start=\"1616\" data-end=\"1645\">\n<p data-start=\"1618\" data-end=\"1645\"><strong data-start=\"1618\" data-end=\"1632\">Th\u1eddi gian s\u1eed d\u1ee5ng t\u1ed1t nh\u1ea5t<\/strong>: 12 th\u00e1ng<\/p>\n<\/li>\n<li data-start=\"1646\" data-end=\"1686\">\n<p data-start=\"1648\" data-end=\"1686\"><strong data-start=\"1648\" data-end=\"1665\">Ch\u00ednh s\u00e1ch thanh to\u00e1n:<\/strong>: T\/T, L\/C at sight<\/p>\n<\/li>\n<li data-start=\"1687\" data-end=\"1826\">\n<p data-start=\"1689\" data-end=\"1826\"><strong data-start=\"1689\" data-end=\"1711\">Ch\u1ee9ng t\u1eeb v\u1eadn chuy\u1ec3n<\/strong>: Invoice, Packing List, Bill of Lading, Certificate of Origin, Phytosanitary Certificate, Fumigation Certificate<\/p>\n<\/li>\n<li data-start=\"1827\" data-end=\"1878\">\n<p data-start=\"1829\" data-end=\"1878\"><strong data-start=\"1829\" data-end=\"1844\">C\u1ea3ng h\u00e0ng<\/strong>: C\u1ea3ng C\u00e1t L\u00e1i, TP. HCM<\/p>\n<\/li>\n<li data-start=\"1879\" data-end=\"1914\">\n<p data-start=\"1881\" data-end=\"1914\"><strong data-start=\"1881\" data-end=\"1897\">Ngo\u00e0i ra<\/strong>: <a href=\"https:\/\/vietnamcoffeeunited.com\/vi\/san-pham\/roasted_clean_robusta\/\">C\u00e0 ph\u00ea h\u1ea1t rang Robusta Clean<\/a><\/p>\n<\/li>\n<\/ul>","protected":false},"featured_media":6474,"comment_status":"closed","ping_status":"closed","template":"","meta":[],"product_cat":[216],"product_tag":[],"_links":{"self":[{"href":"https:\/\/vietnamcoffeeunited.com\/vi\/wp-json\/wp\/v2\/product\/6469"}],"collection":[{"href":"https:\/\/vietnamcoffeeunited.com\/vi\/wp-json\/wp\/v2\/product"}],"about":[{"href":"https:\/\/vietnamcoffeeunited.com\/vi\/wp-json\/wp\/v2\/types\/product"}],"replies":[{"embeddable":true,"href":"https:\/\/vietnamcoffeeunited.com\/vi\/wp-json\/wp\/v2\/comments?post=6469"}],"wp:featuredmedia":[{"embeddable":true,"href":"https:\/\/vietnamcoffeeunited.com\/vi\/wp-json\/wp\/v2\/media\/6474"}],"wp:attachment":[{"href":"https:\/\/vietnamcoffeeunited.com\/vi\/wp-json\/wp\/v2\/media?parent=6469"}],"wp:term":[{"taxonomy":"product_cat","embeddable":true,"href":"https:\/\/vietnamcoffeeunited.com\/vi\/wp-json\/wp\/v2\/product_cat?post=6469"},{"taxonomy":"product_tag","embeddable":true,"href":"https:\/\/vietnamcoffeeunited.com\/vi\/wp-json\/wp\/v2\/product_tag?post=6469"}],"curies":[{"name":"wp","href":"https:\/\/api.w.org\/{rel}","templated":true}]}}