{"id":6464,"date":"2025-08-22T15:20:25","date_gmt":"2025-08-22T08:20:25","guid":{"rendered":"https:\/\/vietnamcoffeeunited.com\/?post_type=product&#038;p=6464"},"modified":"2025-08-22T15:22:16","modified_gmt":"2025-08-22T08:22:16","slug":"city-cof","status":"publish","type":"product","link":"https:\/\/vietnamcoffeeunited.com\/vi\/san-pham\/city-cof\/","title":{"rendered":"City Cof"},"content":{"rendered":"<h2 style=\"text-align: center;\" data-start=\"108\" data-end=\"143\"><strong>City Cof \u2013 High Quality Robusta<\/strong><\/h2>\n<h3 data-start=\"145\" data-end=\"174\"><strong>Gi\u1edbi thi\u1ec7u v\u1ec1 City Cof<\/strong><\/h3>\n<p data-start=\"175\" data-end=\"492\">City Cof l\u00e0 d\u00f2ng s\u1ea3n ph\u1ea9m c\u00e0 ph\u00ea rang m\u1ed9c 100% t\u1eeb h\u1ea1t Robusta ch\u1ea5t l\u01b0\u1ee3ng cao, th\u01b0\u1eddng \u0111\u01b0\u1ee3c s\u1eed d\u1ee5ng l\u00e0 Robusta Honey \u2013 lo\u1ea1i c\u00e0 ph\u00ea n\u1ed5i ti\u1ebfng v\u1edbi s\u1ef1 c\u00e2n b\u1eb1ng t\u1eeb \u0111\u1ed9 \u0111\u1eadm \u0111\u00e0 v\u00e0 h\u1eadu v\u1ecb ng\u1ecdt tinh t\u1ebf.<\/p>\n<p data-start=\"175\" data-end=\"492\">S\u1ea3n ph\u1ea9m n\u00e0y, \u0111\u01b0\u1ee3c VCU ph\u00e1t tri\u1ec3n d\u00e0nh ri\u00eang cho nh\u1eefng ng\u01b0\u1eddi y\u00eau th\u00edch c\u00e0 ph\u00ea nguy\u00ean ch\u1ea5t, \u0111\u1eb7c bi\u1ec7t v\u1edbi d\u00f2ng c\u00e0 ph\u00ea ch\u1ea5t l\u01b0\u1ee3ng cao.<\/p>\n<figure id=\"attachment_6467\" aria-describedby=\"caption-attachment-6467\" style=\"width: 800px\" class=\"wp-caption aligncenter\"><img decoding=\"async\" class=\"size-large wp-image-6467\" src=\"https:\/\/vietnamcoffeeunited.com\/wp-content\/uploads\/2025\/08\/city-cof-3-1024x1024.jpg\" alt=\"High Quality Robusta\" width=\"800\" height=\"800\" srcset=\"https:\/\/vietnamcoffeeunited.com\/wp-content\/uploads\/2025\/08\/city-cof-3-1024x1024.jpg 1024w, https:\/\/vietnamcoffeeunited.com\/wp-content\/uploads\/2025\/08\/city-cof-3-300x300.jpg 300w, https:\/\/vietnamcoffeeunited.com\/wp-content\/uploads\/2025\/08\/city-cof-3-150x150.jpg 150w, https:\/\/vietnamcoffeeunited.com\/wp-content\/uploads\/2025\/08\/city-cof-3-768x768.jpg 768w, https:\/\/vietnamcoffeeunited.com\/wp-content\/uploads\/2025\/08\/city-cof-3-12x12.jpg 12w, https:\/\/vietnamcoffeeunited.com\/wp-content\/uploads\/2025\/08\/city-cof-3-600x600.jpg 600w, https:\/\/vietnamcoffeeunited.com\/wp-content\/uploads\/2025\/08\/city-cof-3-100x100.jpg 100w, https:\/\/vietnamcoffeeunited.com\/wp-content\/uploads\/2025\/08\/city-cof-3.jpg 1080w\" sizes=\"(max-width: 800px) 100vw, 800px\" \/><figcaption id=\"caption-attachment-6467\" class=\"wp-caption-text\">High Quality Robusta<\/figcaption><\/figure>\n<p data-start=\"494\" data-end=\"681\">\u0110\u1ed1i v\u1edbi d\u00f2ng City Cof, kh\u00e1ch h\u00e0ng c\u00f3 th\u1ec3 l\u1ef1a ch\u1ecdn \u0111\u1ec3 pha m\u00e1y ho\u1eb7c pha phin truy\u1ec1n th\u1ed1ng, mang \u0111\u1ebfn s\u1ef1 ti\u1ec7n l\u1ee3i cho c\u00e1c qu\u00e1n c\u00e0 ph\u00ea, th\u01b0\u01a1ng hi\u1ec7u ho\u1eb7c ng\u01b0\u1eddi y\u00eau th\u00edch c\u00e0 ph\u00ea t\u1ea1i nh\u00e0.<\/p>\n<p data-start=\"494\" data-end=\"681\">\u0110\u1ecdc th\u00eam: <a href=\"https:\/\/vietnamcoffeeunited.com\/vi\/san-pham\/roasted-robusta-honey\/\">C\u00e0 ph\u00ea h\u1ea1t rang Robusta Honey<\/a><\/p>\n<h3 data-start=\"683\" data-end=\"726\"><strong>H\u01b0\u01a1ng v\u1ecb c\u00e0 ph\u00ea Robusta Honey<\/strong><\/h3>\n<p data-start=\"727\" data-end=\"883\">City Cof \u0111\u01b0\u1ee3c VCU rang\/xay t\u1eeb c\u00e0 ph\u00ea Robusta Honey, mang h\u01b0\u01a1ng v\u1ecb \u0111\u1eb7c tr\u01b0ng c\u1ee7a gi\u1ed1ng Robusta v\u00e0 ph\u01b0\u01a1ng ph\u00e1p s\u01a1 ch\u1ebf Honey.<\/p>\n<ul data-start=\"885\" data-end=\"1288\">\n<li data-start=\"885\" data-end=\"1004\">\n<p data-start=\"887\" data-end=\"1004\">\u0110\u1eadm \u0111\u00e0 \u2013 m\u1ea1nh m\u1ebd: gi\u1eef tr\u1ecdn \u0111\u1eb7c tr\u01b0ng c\u1ee7a Robusta Vi\u1ec7t Nam, ph\u00f9 h\u1ee3p v\u1edbi ng\u01b0\u1eddi c\u00f3 gu \u0111\u1eadm.<\/p>\n<\/li>\n<li data-start=\"1005\" data-end=\"1135\">\n<p data-start=\"1007\" data-end=\"1135\">H\u1eadu ng\u1ecdt t\u1ef1 nhi\u00ean: t\u1eeb quy tr\u00ecnh s\u01a1 ch\u1ebf honey, gi\u1eef l\u1ea1i ph\u1ea7n ch\u1ea5t nh\u1ea7y tr\u00ean h\u1ea1t, t\u1ea1o n\u00ean v\u1ecb ng\u1ecdt d\u1ecbu nh\u1eb9 n\u01a1i h\u1eadu v\u1ecb.<\/p>\n<\/li>\n<li data-start=\"1136\" data-end=\"1288\">\n<p data-start=\"1138\" data-end=\"1288\">H\u01b0\u01a1ng th\u01a1m n\u1ed3ng n\u00e0n th\u00edch h\u1ee3p cho c\u1ea3 gu u\u1ed1ng truy\u1ec1n th\u1ed1ng v\u00e0 hi\u1ec7n \u0111\u1ea1i, d\u00f9 pha phin hay pha m\u00e1y, City Cof \u0111\u1ec1u gi\u1eef \u0111\u01b0\u1ee3c s\u1ef1 c\u00e2n b\u1eb1ng tr\u1ecdn v\u1eb9n.<\/p>\n<\/li>\n<\/ul>\n<figure id=\"attachment_6466\" aria-describedby=\"caption-attachment-6466\" style=\"width: 800px\" class=\"wp-caption aligncenter\"><img decoding=\"async\" class=\"size-large wp-image-6466\" src=\"https:\/\/vietnamcoffeeunited.com\/wp-content\/uploads\/2025\/08\/city-cof-2-1024x1024.jpg\" alt=\"Robusta Honey\" width=\"800\" height=\"800\" srcset=\"https:\/\/vietnamcoffeeunited.com\/wp-content\/uploads\/2025\/08\/city-cof-2-1024x1024.jpg 1024w, https:\/\/vietnamcoffeeunited.com\/wp-content\/uploads\/2025\/08\/city-cof-2-300x300.jpg 300w, https:\/\/vietnamcoffeeunited.com\/wp-content\/uploads\/2025\/08\/city-cof-2-150x150.jpg 150w, https:\/\/vietnamcoffeeunited.com\/wp-content\/uploads\/2025\/08\/city-cof-2-768x768.jpg 768w, https:\/\/vietnamcoffeeunited.com\/wp-content\/uploads\/2025\/08\/city-cof-2-12x12.jpg 12w, https:\/\/vietnamcoffeeunited.com\/wp-content\/uploads\/2025\/08\/city-cof-2-600x600.jpg 600w, https:\/\/vietnamcoffeeunited.com\/wp-content\/uploads\/2025\/08\/city-cof-2-100x100.jpg 100w, https:\/\/vietnamcoffeeunited.com\/wp-content\/uploads\/2025\/08\/city-cof-2.jpg 1080w\" sizes=\"(max-width: 800px) 100vw, 800px\" \/><figcaption id=\"caption-attachment-6466\" class=\"wp-caption-text\">Robusta Honey<\/figcaption><\/figure>\n<h3 data-start=\"1290\" data-end=\"1323\"><strong>Th\u00f4ng tin s\u1ea3n ph\u1ea9m<\/strong><\/h3>\n<ul data-start=\"1324\" data-end=\"1914\">\n<li data-start=\"1324\" data-end=\"1346\">\n<p data-start=\"1326\" data-end=\"1346\">Th\u01b0\u01a1ng hi\u1ec7u: VCU JSC<\/p>\n<\/li>\n<li data-start=\"1347\" data-end=\"1379\">\n<p data-start=\"1349\" data-end=\"1379\">S\u1ea3n xu\u1ea5t t\u1ea1i: Vi\u1ec7t Nam<\/p>\n<\/li>\n<li data-start=\"1380\" data-end=\"1419\">\n<p data-start=\"1382\" data-end=\"1419\">Ingredients: 100% Robusta Honey<\/p>\n<\/li>\n<li data-start=\"1420\" data-end=\"1503\">\n<p data-start=\"1422\" data-end=\"1503\">Roasting method: 100% roasted whole bean, no added flavors or preservatives<\/p>\n<\/li>\n<li data-start=\"1504\" data-end=\"1530\">\n<p data-start=\"1506\" data-end=\"1530\">\u0110\u00f3ng g\u00f3i: 1kg\/t\u00fai<\/p>\n<\/li>\n<li data-start=\"1531\" data-end=\"1552\">\n<p data-start=\"1533\" data-end=\"1552\">\u0110\u1ed9 \u1ea9m: \u22645%<\/p>\n<\/li>\n<li data-start=\"1553\" data-end=\"1581\">\n<p data-start=\"1555\" data-end=\"1581\">Caffeine: 2.2 \u2013 2.5%<\/p>\n<\/li>\n<li data-start=\"1582\" data-end=\"1615\">\n<p data-start=\"1584\" data-end=\"1615\">Type: Whole Bean \/ Ground<\/p>\n<\/li>\n<li data-start=\"1616\" data-end=\"1645\">\n<p data-start=\"1618\" data-end=\"1645\">Shelf Life: 12 months<\/p>\n<\/li>\n<\/ul>\n<h3 data-start=\"1916\" data-end=\"1968\"><strong>VCU cung c\u1ea5p City Cof cho k\u00eanh qu\u00e1n &amp; th\u01b0\u01a1ng hi\u1ec7u<\/strong><\/h3>\n<p data-start=\"1969\" data-end=\"2052\">City Cof \u0111\u01b0\u1ee3c thi\u1ebft k\u1ebf ph\u00f9 h\u1ee3p v\u1edbi k\u00eanh qu\u00e1n c\u00e0 ph\u00ea, chu\u1ed7i th\u01b0\u01a1ng hi\u1ec7u, v\u00e0 nh\u00e0 ph\u00e2n ph\u1ed1i:<\/p>\n<ul data-start=\"2054\" data-end=\"2447\">\n<li data-start=\"2054\" data-end=\"2144\">\n<p data-start=\"2056\" data-end=\"2144\">\u0110\u00f3ng g\u00f3i ti\u00eau chu\u1ea9n, t\u00fai zipper, van 1 chi\u1ec1u, gi\u00fap b\u1ea3o qu\u1ea3n trong th\u1eddi gian d\u00e0i.<\/p>\n<\/li>\n<li data-start=\"2145\" data-end=\"2223\">\n<p data-start=\"2147\" data-end=\"2223\">Rang m\u1ed9c 100%, gi\u1eef tr\u1ecdn h\u01b0\u01a1ng v\u1ecb nguy\u00ean b\u1ea3n c\u1ee7a d\u00f2ng Robusta Honey.<\/p>\n<\/li>\n<li data-start=\"2224\" data-end=\"2272\">\n<p data-start=\"2226\" data-end=\"2272\">H\u01b0\u01a1ng v\u1ecb v\u00e0 ch\u1ea5t l\u01b0\u1ee3ng \u1ed5n \u0111\u1ecbnh, \u0111\u1ed3ng nh\u1ea5t trong t\u1eebng g\u00f3i c\u00e0 ph\u00ea.<\/p>\n<\/li>\n<li data-start=\"2273\" data-end=\"2381\">\n<p data-start=\"2275\" data-end=\"2381\">Ph\u00f9 h\u1ee3p cho c\u00e1c k\u00eanh qu\u00e1n, th\u01b0\u01a1ng hi\u1ec7u ho\u1eb7c kinh doanh d\u1ecbch v\u1ee5 F&amp;B mu\u1ed1n d\u00e2y d\u1ef1ng menu \u0111a d\u1ea1ng, ti\u1ebft ki\u1ec7m chi ph\u00ed.<\/p>\n<\/li>\n<li data-start=\"2382\" data-end=\"2447\">\n<p data-start=\"2384\" data-end=\"2447\">Gi\u00e1 th\u00e0nh c\u1ea1nh tranh, kh\u00f4ng qua trung gian, \u0111\u00e1p \u1ee9ng nhu c\u1ea7u s\u1eed d\u1ee5ng s\u1ed1 l\u01b0\u1ee3ng l\u1edbn.<\/p>\n<\/li>\n<\/ul>\n<figure id=\"attachment_6468\" aria-describedby=\"caption-attachment-6468\" style=\"width: 800px\" class=\"wp-caption aligncenter\"><img decoding=\"async\" class=\"size-large wp-image-6468\" src=\"https:\/\/vietnamcoffeeunited.com\/wp-content\/uploads\/2025\/08\/city-cof-4-1024x1024.jpg\" alt=\"Zipper bag packaging\" width=\"800\" height=\"800\" srcset=\"https:\/\/vietnamcoffeeunited.com\/wp-content\/uploads\/2025\/08\/city-cof-4-1024x1024.jpg 1024w, https:\/\/vietnamcoffeeunited.com\/wp-content\/uploads\/2025\/08\/city-cof-4-300x300.jpg 300w, https:\/\/vietnamcoffeeunited.com\/wp-content\/uploads\/2025\/08\/city-cof-4-150x150.jpg 150w, https:\/\/vietnamcoffeeunited.com\/wp-content\/uploads\/2025\/08\/city-cof-4-768x768.jpg 768w, https:\/\/vietnamcoffeeunited.com\/wp-content\/uploads\/2025\/08\/city-cof-4-12x12.jpg 12w, https:\/\/vietnamcoffeeunited.com\/wp-content\/uploads\/2025\/08\/city-cof-4-600x600.jpg 600w, https:\/\/vietnamcoffeeunited.com\/wp-content\/uploads\/2025\/08\/city-cof-4-100x100.jpg 100w, https:\/\/vietnamcoffeeunited.com\/wp-content\/uploads\/2025\/08\/city-cof-4.jpg 1080w\" sizes=\"(max-width: 800px) 100vw, 800px\" \/><figcaption id=\"caption-attachment-6468\" class=\"wp-caption-text\">Zipper bag packaging<\/figcaption><\/figure>\n<p data-start=\"2449\" data-end=\"2655\">B\u00ean c\u1ea1nh cung c\u1ea5p c\u00e0 ph\u00ea h\u1ea1t rang theo th\u01b0\u01a1ng hi\u1ec7u VCU, ch\u00fang t\u00f4i cung c\u1ea5p c\u1ea3 d\u1ecbch v\u1ee5 OEM \u2013 gia c\u00f4ng theo th\u01b0\u01a1ng hi\u1ec7u kh\u00e1ch h\u00e0ng, gi\u00fap \u0111\u1ed1i t\u00e1c t\u1ea1o d\u1ef1ng th\u01b0\u01a1ng hi\u1ec7u c\u00e0 ph\u00ea ri\u00eang.<\/p>\n<p data-start=\"2657\" data-end=\"2843\">V\u1edbi City Cof, VCU mong mu\u1ed1n mang \u0111\u1ebfn cho kh\u00e1ch h\u00e0ng v\u00e0 \u0111\u1ed1i t\u00e1c gi\u1ea3i ph\u00e1p c\u00e0 ph\u00ea h\u1ea1t rang chu\u1ea9n gu Vi\u1ec7t, v\u1eeba gi\u1eef tr\u1ecdn h\u1ed3n c\u00e0 ph\u00ea truy\u1ec1n th\u1ed1ng, v\u1eeba s\u1eb5n s\u00e0ng ph\u1ee5c v\u1ee5 nhu c\u1ea7u hi\u1ec7n \u0111\u1ea1i.<\/p>\n<p data-start=\"2657\" data-end=\"2843\">\u0110\u1ecdc th\u00eam: <a href=\"https:\/\/vietnamcoffeeunited.com\/vi\/san-pham\/oem-coffee-and-private-label\/\">OEM coffee and Private label<\/a><\/p>\n<p data-start=\"2845\" data-end=\"2917\">N\u1ebfu anh\/ch\u1ecb quan t\u00e2m, li\u00ean h\u1ec7 ngay v\u1edbi VCU \u0111\u1ec3 \u0111\u01b0\u1ee3c t\u01b0 v\u1ea5n nh\u00e9!<\/p>\n<h3><strong>Th\u00f4ng tin li\u00ean h\u1ec7<\/strong><\/h3>\n<p>C\u00f4ng ty C\u1ed5 ph\u1ea7n VCU - \"Your QC Department\"<\/p>\n<p><strong>\u0110\u1ecba ch\u1ec9:<\/strong><\/p>\n<p>- X\u01b0\u1edfng rang: T\u1ed5 d\u00e2n ph\u1ed1 6, X\u00e3 Ch\u01b0 Pr\u00f4ng, T\u1ec9nh Gia Lai<\/p>\n<p>- Nh\u00e0 m\u00e1y nh\u00e2n xanh: X\u00e3 Ia Grai, T\u1ec9nh Gia Lai<\/p>\n<p>\u2013\u00a0<strong>Fanpage:\u00a0<a href=\"https:\/\/www.facebook.com\/vcuvietnamcoffeeunited\" target=\"_blank\" rel=\"noopener noreferrer nofollow\">VCU \u2013 Vietnam Coffee United<\/a><\/strong><\/p>\n<p><span class=\"elementor-icon-list-text\">\u2013\u00a0<strong>Email:<\/strong>\u00a0info@vietnamcoffeeunited.com<\/span><\/p>","protected":false},"excerpt":{"rendered":"<ul>\n<li data-start=\"1324\" data-end=\"1346\">\n<p data-start=\"1326\" data-end=\"1346\"><strong data-start=\"1326\" data-end=\"1335\">Th\u01b0\u01a1ng hi\u1ec7u<\/strong>: VCU JSC<\/p>\n<\/li>\n<li data-start=\"1347\" data-end=\"1379\">\n<p data-start=\"1349\" data-end=\"1379\"><strong data-start=\"1349\" data-end=\"1368\">S\u1ea3n xu\u1ea5t t\u1ea1i<\/strong>: Vi\u1ec7t Nam<\/p>\n<\/li>\n<li data-start=\"1380\" data-end=\"1419\">\n<p data-start=\"1382\" data-end=\"1419\"><strong data-start=\"1382\" data-end=\"1397\">Th\u00e0nh ph\u1ea7n<\/strong>: 100% Robusta Honey<\/p>\n<\/li>\n<li data-start=\"1420\" data-end=\"1503\">\n<p data-start=\"1422\" data-end=\"1503\"><strong data-start=\"1422\" data-end=\"1441\">Ph\u01b0\u01a1ng ph\u00e1p rang<\/strong>: 100% rang m\u1ed9c, kh\u00f4ng t\u1ea9m \u01b0\u1edbp, kh\u00f4ng ch\u1ea5t b\u1ea3o qu\u1ea3n<\/p>\n<\/li>\n<li data-start=\"1504\" data-end=\"1530\">\n<p data-start=\"1506\" data-end=\"1530\"><strong data-start=\"1506\" data-end=\"1519\">\u0110\u00f3ng g\u00f3i:<\/strong>: 1kg\/bag<\/p>\n<\/li>\n<li data-start=\"1531\" data-end=\"1552\">\n<p data-start=\"1533\" data-end=\"1552\"><strong data-start=\"1533\" data-end=\"1545\">\u0110\u1ed9 \u1ea9m:<\/strong>: \u22645%<\/p>\n<\/li>\n<li data-start=\"1553\" data-end=\"1581\">\n<p data-start=\"1555\" data-end=\"1581\"><strong data-start=\"1555\" data-end=\"1567\">Caffeine<\/strong>: 2.2 \u2013 2.5%<\/p>\n<\/li>\n<li data-start=\"1582\" data-end=\"1615\">\n<p data-start=\"1584\" data-end=\"1615\"><strong data-start=\"1584\" data-end=\"1592\">Ph\u00e2n lo\u1ea1i<\/strong>: H\u1ea1t\/ b\u1ed9t<\/p>\n<\/li>\n<li data-start=\"1616\" data-end=\"1645\">\n<p data-start=\"1618\" data-end=\"1645\"><strong data-start=\"1618\" data-end=\"1632\">Th\u1eddi gian s\u1eed d\u1ee5ng t\u1ed1t nh\u1ea5t<\/strong>: 12 th\u00e1ng<\/p>\n<\/li>\n<li data-start=\"1646\" data-end=\"1686\">\n<p data-start=\"1648\" data-end=\"1686\"><strong data-start=\"1648\" data-end=\"1665\">Ch\u00ednh s\u00e1ch thanh to\u00e1n:<\/strong>: T\/T, L\/C at sight<\/p>\n<\/li>\n<li data-start=\"1687\" data-end=\"1826\">\n<p data-start=\"1689\" data-end=\"1826\"><strong data-start=\"1689\" data-end=\"1711\">Ch\u1ee9ng t\u1eeb v\u1eadn chuy\u1ec3n<\/strong>: Invoice, Packing List, Bill of Lading, Certificate of Origin, Phytosanitary Certificate, Fumigation Certificate<\/p>\n<\/li>\n<li data-start=\"1827\" data-end=\"1878\">\n<p data-start=\"1829\" data-end=\"1878\"><strong data-start=\"1829\" data-end=\"1844\">C\u1ea3ng h\u00e0ng<\/strong>: C\u1ea3ng C\u00e1t L\u00e1i, TP. HCM<\/p>\n<\/li>\n<li data-start=\"1879\" data-end=\"1914\">\n<p data-start=\"1881\" data-end=\"1914\"><strong data-start=\"1881\" data-end=\"1897\">Ngo\u00e0i ra<\/strong>: <a href=\"https:\/\/vietnamcoffeeunited.com\/vi\/san-pham\/robusta-honey\/\">Robusta Honey<\/a><\/p>\n<\/li>\n<\/ul>","protected":false},"featured_media":6465,"comment_status":"closed","ping_status":"closed","template":"","meta":[],"product_cat":[216],"product_tag":[],"_links":{"self":[{"href":"https:\/\/vietnamcoffeeunited.com\/vi\/wp-json\/wp\/v2\/product\/6464"}],"collection":[{"href":"https:\/\/vietnamcoffeeunited.com\/vi\/wp-json\/wp\/v2\/product"}],"about":[{"href":"https:\/\/vietnamcoffeeunited.com\/vi\/wp-json\/wp\/v2\/types\/product"}],"replies":[{"embeddable":true,"href":"https:\/\/vietnamcoffeeunited.com\/vi\/wp-json\/wp\/v2\/comments?post=6464"}],"wp:featuredmedia":[{"embeddable":true,"href":"https:\/\/vietnamcoffeeunited.com\/vi\/wp-json\/wp\/v2\/media\/6465"}],"wp:attachment":[{"href":"https:\/\/vietnamcoffeeunited.com\/vi\/wp-json\/wp\/v2\/media?parent=6464"}],"wp:term":[{"taxonomy":"product_cat","embeddable":true,"href":"https:\/\/vietnamcoffeeunited.com\/vi\/wp-json\/wp\/v2\/product_cat?post=6464"},{"taxonomy":"product_tag","embeddable":true,"href":"https:\/\/vietnamcoffeeunited.com\/vi\/wp-json\/wp\/v2\/product_tag?post=6464"}],"curies":[{"name":"wp","href":"https:\/\/api.w.org\/{rel}","templated":true}]}}