{"id":6458,"date":"2025-08-21T15:24:28","date_gmt":"2025-08-21T08:24:28","guid":{"rendered":"https:\/\/vietnamcoffeeunited.com\/?post_type=product&#038;p=6458"},"modified":"2025-08-21T15:24:29","modified_gmt":"2025-08-21T08:24:29","slug":"tata-blend-coffee","status":"publish","type":"product","link":"https:\/\/vietnamcoffeeunited.com\/vi\/san-pham\/tata-blend-coffee\/","title":{"rendered":"Tata Blend Coffee"},"content":{"rendered":"<h2 style=\"text-align: center;\" data-start=\"112\" data-end=\"151\">Tata Blend Coffee<\/h2>\n<h3 data-start=\"112\" data-end=\"151\">Gi\u1edbi thi\u1ec7u v\u1ec1 Tata blend coffee<\/h3>\n<p data-start=\"153\" data-end=\"403\">Tata blend l\u00e0 d\u00f2ng c\u00e0 ph\u00ea h\u1ea1t rang\/xay thu\u1ed9c th\u01b0\u01a1ng hi\u1ec7u VCU. C\u00e0 ph\u00ea \u0111\u01b0\u1ee3c rang m\u1ed9c 100%, kh\u00f4ng t\u1ea9m tr\u1ed9n, nh\u1eb1m gi\u1eef tr\u1ecdn \u0111\u01b0\u1ee3c h\u01b0\u01a1ng v\u1ecb nguy\u00ean b\u1ea3n, \u0111\u1eb7c tr\u01b0ng c\u1ee7a v\u00f9ng tr\u1ed3ng, gi\u1ed1ng lo\u00e0i.<\/p>\n<p data-start=\"405\" data-end=\"651\">\u0110\u1ed1i v\u1edbi s\u1ea3n ph\u1ea9m Tata blend, hay c\u00f2n g\u1ecdi l\u00e0 c\u00e0 ph\u00ea ph\u1ed1i tr\u1ed9n. Kh\u00f4ng ph\u1ea3i \u0111\u1ec3 ch\u1ec9 d\u00f2ng c\u00e0 ph\u00ea tr\u1ed9n, t\u1ea9m b\u01a1; m\u00e0 \u0111\u01b0\u1ee3c d\u00f9ng \u0111\u1ec3 n\u00f3i v\u1ec1 c\u00e0 ph\u00ea nguy\u00ean ch\u1ea5t \u0111\u01b0\u1ee3c mix gi\u1eefa Robusta v\u00e0 Arabica theo t\u1ef7 l\u1ec7 nh\u1ea5t \u0111\u1ecbnh \u0111\u1ec3 t\u1ea1o n\u00ean h\u01b0\u01a1ng v\u1ecb mong mu\u1ed1n.<\/p>\n<p data-start=\"653\" data-end=\"865\">Vi\u1ec7c blend nh\u1eb1m m\u1ee5c \u0111\u00edch c\u00e2n b\u1eb1ng h\u01b0\u01a1ng v\u1ecb gi\u1eefa Robusta v\u00e0 Arabica, t\u1ea1o ra h\u01b0\u01a1ng v\u1ecb ph\u00f9 h\u1ee3p v\u1edbi t\u1ec7p kh\u00e1ch h\u00e0ng, ho\u1eb7c t\u1ed1i \u01b0u h\u00f3a chi ph\u00ed v\u00ec Arabica c\u00f3 gi\u00e1 th\u00e0nh h\u01a1i cao so v\u1edbi m\u1eb7t b\u1eb1ng chung;\u2026<\/p>\n<figure id=\"attachment_6463\" aria-describedby=\"caption-attachment-6463\" style=\"width: 800px\" class=\"wp-caption aligncenter\"><img decoding=\"async\" class=\"size-large wp-image-6463\" src=\"https:\/\/vietnamcoffeeunited.com\/wp-content\/uploads\/2025\/08\/tata-blend-coffee-3-1024x1024.jpg\" alt=\"Tata blend coffee\" width=\"800\" height=\"800\" srcset=\"https:\/\/vietnamcoffeeunited.com\/wp-content\/uploads\/2025\/08\/tata-blend-coffee-3-1024x1024.jpg 1024w, https:\/\/vietnamcoffeeunited.com\/wp-content\/uploads\/2025\/08\/tata-blend-coffee-3-300x300.jpg 300w, https:\/\/vietnamcoffeeunited.com\/wp-content\/uploads\/2025\/08\/tata-blend-coffee-3-150x150.jpg 150w, https:\/\/vietnamcoffeeunited.com\/wp-content\/uploads\/2025\/08\/tata-blend-coffee-3-768x768.jpg 768w, https:\/\/vietnamcoffeeunited.com\/wp-content\/uploads\/2025\/08\/tata-blend-coffee-3-12x12.jpg 12w, https:\/\/vietnamcoffeeunited.com\/wp-content\/uploads\/2025\/08\/tata-blend-coffee-3-600x600.jpg 600w, https:\/\/vietnamcoffeeunited.com\/wp-content\/uploads\/2025\/08\/tata-blend-coffee-3-100x100.jpg 100w, https:\/\/vietnamcoffeeunited.com\/wp-content\/uploads\/2025\/08\/tata-blend-coffee-3.jpg 1080w\" sizes=\"(max-width: 800px) 100vw, 800px\" \/><figcaption id=\"caption-attachment-6463\" class=\"wp-caption-text\">Tata blend coffee<\/figcaption><\/figure>\n<p data-start=\"653\" data-end=\"865\">\u0110\u1ecdc th\u00eam: <a href=\"https:\/\/vietnamcoffeeunited.com\/vi\/what-is-arabica-coffee-classification-of-arabica-coffee\/\">C\u00e0 ph\u00ea Arabica l\u00e0 g\u00ec? Ph\u00e2n lo\u1ea1i c\u00e0 ph\u00ea Arabica<\/a><\/p>\n<h3 data-start=\"872\" data-end=\"918\">M\u1ed9t s\u1ed1 c\u00f4ng th\u1ee9c blend c\u00e0 ph\u00ea Robusta \u2013 Arabica<\/h3>\n<ul data-start=\"920\" data-end=\"1453\">\n<li data-start=\"920\" data-end=\"991\">\n<p data-start=\"922\" data-end=\"991\"><strong data-start=\"922\" data-end=\"951\">Robusta 80% \u2013 Arabica 20%<\/strong>: ly c\u00e0 ph\u00ea mang h\u01b0\u01a1ng v\u1ecb \u0111\u1eadm \u0111\u00e0, truy\u1ec1n th\u1ed1ng.<\/p>\n<\/li>\n<li data-start=\"992\" data-end=\"1125\">\n<p data-start=\"994\" data-end=\"1125\"><strong data-start=\"994\" data-end=\"1023\">Robusta 60% \u2013 Arabica 40%<\/strong>: ly c\u00e0 ph\u00ea mang v\u1ecb nh\u1eb9, th\u01a1m n\u1ed3ng. Tuy nhi\u00ean c\u1ea7n ch\u00fa \u00fd l\u01b0\u1ee3ng Arabica, n\u1ebfu qu\u00e1 nhi\u1ec1u c\u00f3 th\u1ec3 l\u00e0m ly c\u00e0 ph\u00ea c\u00f3 v\u1ecb chua.<\/p>\n<\/li>\n<li data-start=\"1126\" data-end=\"1223\">\n<p data-start=\"1128\" data-end=\"1223\"><strong data-start=\"1128\" data-end=\"1157\">Arabica 70% \u2013 Robusta 30%<\/strong>: mang \u0111\u1ebfn m\u1ed9t ly c\u00e0 ph\u00ea c\u00f3 v\u1ecb c\u00e2n b\u1eb1ng, kh\u00f4ng qu\u00e1 \u0111\u1eafng, c\u00f3 m\u1ed9t ch\u00fat v\u1ecb chua thanh.<\/p>\n<\/li>\n<li data-start=\"1224\" data-end=\"1328\">\n<p data-start=\"1226\" data-end=\"1328\"><strong data-start=\"1226\" data-end=\"1255\">Robusta 70% \u2013 Arabica 30%<\/strong>: c\u00e0 ph\u00ea c\u00f3 v\u1ecb \u0111\u1eadm, \u0111\u1eafng, truy\u1ec1n th\u1ed1ng nh\u01b0ng v\u1eabn c\u1ea3m nh\u1ea5t m\u1ed9t ch\u00fat d\u01b0 v\u1ecb chua thanh.<\/p>\n<\/li>\n<li data-start=\"1329\" data-end=\"1453\">\n<p data-start=\"1331\" data-end=\"1453\"><strong data-start=\"1331\" data-end=\"1360\">Arabica 80% \u2013 Robusta 20%<\/strong>: v\u1ecb chua h\u00f2a l\u1eabn v\u1ecb ng\u1ecdt \u0111\u1eb7c tr\u01b0ng c\u1ee7a Arabica, xen l\u1eabn m\u1ed9t ch\u00fat v\u1ecb \u0111\u1eafng c\u1ee7a Robusta.<\/p>\n<\/li>\n<\/ul>\n<p data-start=\"1455\" data-end=\"1767\">Th\u00f4ng th\u01b0\u1eddng, n\u1ebfu k\u00eanh qu\u00e1n mu\u1ed1n s\u1eed d\u1ee5ng c\u00e0 ph\u00ea blend cho t\u1ec7p kh\u00e1ch h\u00e0ng l\u00e0 nam gi\u1edbi, c\u00f3 th\u1ec3 mix 60% Robusta - 30% Arabica \u2013 10% Culi \u0111\u1ec3 t\u1ea1o n\u00ean ly c\u00e0 ph\u00ea \u0111\u1eafng nhi\u1ec1u, \u0111\u1eadm \u0111\u00e0 v\u00e0 k\u00edch th\u00edch v\u1ecb gi\u00e1c. Ng\u01b0\u1ee3c l\u1ea1i, \u0111\u1ed1i v\u1edbi ph\u00e1i n\u1eef n\u00ean gi\u1ea3m h\u00e0m l\u01b0\u1ee3ng Robusta, t\u0103ng Arabica \u0111\u1ec3 t\u1ea1o ra s\u1ef1 nh\u1eb9 nh\u00e0ng, \u0111\u1eafng nh\u1eb9 v\u00e0 chua thanh.<\/p>\n<figure id=\"attachment_6460\" aria-describedby=\"caption-attachment-6460\" style=\"width: 800px\" class=\"wp-caption aligncenter\"><img decoding=\"async\" class=\"size-large wp-image-6460\" src=\"https:\/\/vietnamcoffeeunited.com\/wp-content\/uploads\/2025\/08\/tata-blend-coffee-2-1024x1024.jpg\" alt=\"Blend Robusta and Arabica\" width=\"800\" height=\"800\" srcset=\"https:\/\/vietnamcoffeeunited.com\/wp-content\/uploads\/2025\/08\/tata-blend-coffee-2-1024x1024.jpg 1024w, https:\/\/vietnamcoffeeunited.com\/wp-content\/uploads\/2025\/08\/tata-blend-coffee-2-300x300.jpg 300w, https:\/\/vietnamcoffeeunited.com\/wp-content\/uploads\/2025\/08\/tata-blend-coffee-2-150x150.jpg 150w, https:\/\/vietnamcoffeeunited.com\/wp-content\/uploads\/2025\/08\/tata-blend-coffee-2-768x768.jpg 768w, https:\/\/vietnamcoffeeunited.com\/wp-content\/uploads\/2025\/08\/tata-blend-coffee-2-12x12.jpg 12w, https:\/\/vietnamcoffeeunited.com\/wp-content\/uploads\/2025\/08\/tata-blend-coffee-2-600x600.jpg 600w, https:\/\/vietnamcoffeeunited.com\/wp-content\/uploads\/2025\/08\/tata-blend-coffee-2-100x100.jpg 100w, https:\/\/vietnamcoffeeunited.com\/wp-content\/uploads\/2025\/08\/tata-blend-coffee-2.jpg 1080w\" sizes=\"(max-width: 800px) 100vw, 800px\" \/><figcaption id=\"caption-attachment-6460\" class=\"wp-caption-text\">Blend Robusta and Arabica<\/figcaption><\/figure>\n<h3 data-start=\"1774\" data-end=\"1817\">Th\u00f4ng tin s\u1ea3n ph\u1ea9m Tata blend coffee<\/h3>\n<ul data-start=\"1819\" data-end=\"2112\">\n<li data-start=\"1819\" data-end=\"1841\">\n<p data-start=\"1821\" data-end=\"1841\"><strong data-start=\"1821\" data-end=\"1830\">Th\u01b0\u01a1ng hi\u1ec7u<\/strong>: VCU JSC<\/p>\n<\/li>\n<li data-start=\"1842\" data-end=\"1865\">\n<p data-start=\"1844\" data-end=\"1865\"><strong data-start=\"1844\" data-end=\"1854\">V\u00f9ng tr\u1ed3ng<\/strong>: Vi\u1ec7t Nam<\/p>\n<\/li>\n<li data-start=\"1866\" data-end=\"1934\">\n<p data-start=\"1868\" data-end=\"1934\"><strong data-start=\"1868\" data-end=\"1883\">Th\u00e0nh ph\u1ea7n<\/strong>: Blend of Robusta and Arabica in specific ratios<\/p>\n<\/li>\n<li data-start=\"1935\" data-end=\"2010\">\n<p data-start=\"1937\" data-end=\"2010\"><strong data-start=\"1937\" data-end=\"1956\">Ph\u01b0\u01a1ng ph\u00e1p rang<\/strong>: 100% natural roast, no additives, no preservatives<\/p>\n<\/li>\n<li data-start=\"2011\" data-end=\"2037\">\n<p data-start=\"2013\" data-end=\"2037\"><strong data-start=\"2013\" data-end=\"2026\">\u0110\u00f3ng g\u00f3i:<\/strong>: 1kg\/bag<\/p>\n<\/li>\n<li data-start=\"2038\" data-end=\"2059\">\n<p data-start=\"2040\" data-end=\"2059\"><strong data-start=\"2040\" data-end=\"2052\">\u0110\u1ed9 \u1ea9m:<\/strong>: \u22645%<\/p>\n<\/li>\n<li data-start=\"2060\" data-end=\"2081\">\n<p data-start=\"2062\" data-end=\"2081\"><strong data-start=\"2062\" data-end=\"2074\">Caffeine<\/strong>: \u22651%<\/p>\n<\/li>\n<li data-start=\"2082\" data-end=\"2112\">\n<p data-start=\"2084\" data-end=\"2112\"><strong data-start=\"2084\" data-end=\"2099\">Best before<\/strong>: 12 th\u00e1ng<\/p>\n<\/li>\n<\/ul>\n<h3 data-start=\"2119\" data-end=\"2155\">VCU cung c\u1ea5p s\u1ea3n ph\u1ea9m c\u00e0 ph\u00ea h\u1ea1t rang<\/h3>\n<p data-start=\"2157\" data-end=\"2334\">Hi\u1ec7n nay, VCU cung c\u1ea5p cho qu\u00fd kh\u00e1ch h\u00e0ng \u0111ang kinh doanh chu\u1ed7i qu\u00e1n, th\u01b0\u01a1ng hi\u1ec7u n\u00f3i ri\u00eang v\u00e0 F&amp;B n\u00f3i chung gi\u1ea3i ph\u00e1p ti\u1ebft ki\u1ec7m nh\u01b0ng v\u1eabn \u0111i k\u00e8m y\u1ebfu t\u1ed1 ch\u1ea5t l\u01b0\u1ee3ng v\u00e0 chuy\u00ean nghi\u1ec7p.<\/p>\n<ul data-start=\"2336\" data-end=\"3197\">\n<li data-start=\"2336\" data-end=\"2469\">\n<p data-start=\"2338\" data-end=\"2469\">VCU s\u1edf h\u1eefu v\u00e0 ki\u1ec3m so\u00e1t tr\u1ef1c ti\u1ebfp \u0111\u01b0\u1ee3c ngu\u1ed3n nguy\u00ean li\u1ec7u, kh\u00f4ng qua trung gian, \u0111i\u1ec1u n\u00e0y gi\u1ea3m thi\u1ec3u chi ph\u00ed ph\u00e1t sinh nh\u01b0ng v\u1eabn \u0111\u1ea3m b\u1ea3o ch\u1ea5t l\u01b0\u1ee3ng nguy\u00ean li\u1ec7u \u0111\u1ea7u v\u00e0o.<\/p>\n<\/li>\n<li data-start=\"2470\" data-end=\"2574\">\n<p data-start=\"2472\" data-end=\"2574\">VCU lu\u00f4n c\u00f3 gi\u00e1 th\u00e0nh t\u1ed1t nh\u1edd v\u00e0o kh\u1ea3 n\u0103ng t\u1ed1i \u01b0u h\u00f3a quy tr\u00ecnh v\u00e0 ti\u1ebft ki\u1ec7m chi ph\u00ed s\u1ea3n xu\u1ea5t.<\/p>\n<\/li>\n<li data-start=\"2575\" data-end=\"2724\">\n<p data-start=\"2577\" data-end=\"2724\">VCU \u0111\u1ec1 cao t\u00ednh h\u1ee3p t\u00e1c b\u1ec1n v\u1eefng, l\u00e2u d\u00e0i v\u00e0 minh b\u1ea1ch. V\u00ec v\u1eady, ch\u00fang t\u00f4i lu\u00f4n \u01b0u ti\u00ean tr\u1ea3i nghi\u1ec7m c\u1ee7a kh\u00e1ch h\u00e0ng \u0111\u1ed1i v\u1edbi c\u00e1c d\u00f2ng s\u1ea3n ph\u1ea9m ch\u1ea5t l\u01b0\u1ee3ng cao m\u00e0 VCU cung c\u1ea5p.<\/p>\n<\/li>\n<li data-start=\"2725\" data-end=\"2804\">\n<p data-start=\"2727\" data-end=\"2804\">M\u1ea1ng l\u01b0\u1edbi \u0111\u1ed1i t\u00e1c c\u1ee7a VCU tr\u00ean c\u1ea3 n\u01b0\u1edbc, \u0111\u1ea3m b\u1ea3o ngu\u1ed3n cung lu\u00f4n \u1ed5n \u0111\u1ecbnh c\u00f9ng ch\u1ea5t l\u01b0\u1ee3ng cao.<\/p>\n<\/li>\n<li data-start=\"2805\" data-end=\"2927\">\n<p data-start=\"2807\" data-end=\"2927\">\u0110\u1ed9i ng\u0169 R&amp;D h\u01a1n 6 n\u0103m kinh nghi\u1ec7m, h\u1ed7 tr\u1ee3 anh\/ch\u1ecb t\u1ea1o c\u00f4ng th\u1ee9c c\u00e0 ph\u00ea ri\u00eang chu\u1ea9n gu, ph\u00f9 h\u1ee3p v\u1edbi t\u1ec7p kh\u00e1ch h\u00e0ng.<\/p>\n<\/li>\n<li data-start=\"2928\" data-end=\"3012\">\n<p data-start=\"2930\" data-end=\"3012\">X\u01b0\u1edfng rang \u0111\u1ea1t chu\u1ea9n ISO, FDA n\u00ean cam k\u1ebft v\u1ec1 ch\u1ea5t l\u01b0\u1ee3ng v\u00e0 an to\u00e0n c\u1ee7a c\u00e0 ph\u00ea.<\/p>\n<\/li>\n<li data-start=\"3013\" data-end=\"3103\">\n<p data-start=\"3015\" data-end=\"3103\">Quy tr\u00ecnh l\u01b0u kho kh\u00e9p k\u00edn, gi\u00fap c\u00e0 ph\u00ea lu\u00f4n trong tr\u1ea1ng th\u00e1i t\u1ed1t nh\u1ea5t khi \u0111\u1ebfn tay kh\u00e1ch h\u00e0ng.<\/p>\n<\/li>\n<li data-start=\"3104\" data-end=\"3197\">\n<p data-start=\"3106\" data-end=\"3197\">C\u00e0 ph\u00ea rang m\u1ed9c 100%, kh\u00f4ng pha t\u1ea9m, gi\u1eef nguy\u00ean h\u01b0\u01a1ng v\u1ecb t\u1ef1 nhi\u00ean.<\/p>\n<\/li>\n<\/ul>\n<p data-start=\"3199\" data-end=\"3314\">\u00a0Qu\u00fd anh\/ch\u1ecb c\u00f3 th\u1ec3 s\u1edf h\u1eefu ngu\u1ed3n c\u00e0 ph\u00ea h\u1ea1t rang\/xay ch\u1ea5t l\u01b0\u1ee3ng ngang, th\u1eadm ch\u00ed cao h\u01a1n c\u1ea3 m\u1ed9t s\u1ed1 th\u01b0\u01a1ng hi\u1ec7u n\u01b0\u1edbc ngo\u00e0i.<\/p>\n<figure id=\"attachment_6462\" aria-describedby=\"caption-attachment-6462\" style=\"width: 800px\" class=\"wp-caption aligncenter\"><img decoding=\"async\" class=\"size-large wp-image-6462\" src=\"https:\/\/vietnamcoffeeunited.com\/wp-content\/uploads\/2025\/08\/tata-blend-coffee-4-1024x1024.jpg\" alt=\"OEM coffee and private label\" width=\"800\" height=\"800\" srcset=\"https:\/\/vietnamcoffeeunited.com\/wp-content\/uploads\/2025\/08\/tata-blend-coffee-4-1024x1024.jpg 1024w, https:\/\/vietnamcoffeeunited.com\/wp-content\/uploads\/2025\/08\/tata-blend-coffee-4-300x300.jpg 300w, https:\/\/vietnamcoffeeunited.com\/wp-content\/uploads\/2025\/08\/tata-blend-coffee-4-150x150.jpg 150w, https:\/\/vietnamcoffeeunited.com\/wp-content\/uploads\/2025\/08\/tata-blend-coffee-4-768x768.jpg 768w, https:\/\/vietnamcoffeeunited.com\/wp-content\/uploads\/2025\/08\/tata-blend-coffee-4-12x12.jpg 12w, https:\/\/vietnamcoffeeunited.com\/wp-content\/uploads\/2025\/08\/tata-blend-coffee-4-600x600.jpg 600w, https:\/\/vietnamcoffeeunited.com\/wp-content\/uploads\/2025\/08\/tata-blend-coffee-4-100x100.jpg 100w, https:\/\/vietnamcoffeeunited.com\/wp-content\/uploads\/2025\/08\/tata-blend-coffee-4.jpg 1080w\" sizes=\"(max-width: 800px) 100vw, 800px\" \/><figcaption id=\"caption-attachment-6462\" class=\"wp-caption-text\">OEM coffee and private label<\/figcaption><\/figure>\n<p data-start=\"3348\" data-end=\"3506\">B\u00ean c\u1ea1nh Tata blend coffee, VCU cung c\u1ea5p d\u1ecbch v\u1ee5 OEM Coffee, gi\u00fap qu\u00fd kh\u00e1ch h\u00e0ng t\u0103ng nh\u1eadn di\u1ec7n th\u01b0\u01a1ng hi\u1ec7u, t\u1ed1i \u01b0u h\u00f3a l\u1ee3i nhu\u1eadn v\u00e0 ti\u1ebft ki\u1ec7m chi ph\u00ed. \nQu\u00fd anh\/ch\u1ecb c\u1ea7n \u0111\u01b0\u1ee3c t\u01b0 v\u1ea5n, li\u00ean h\u1ec7 v\u1edbi VCU ngay nh\u00e9!<\/p>\n<p data-start=\"3348\" data-end=\"3506\">\u0110\u1ecdc th\u00eam:\u00a0<a href=\"https:\/\/vietnamcoffeeunited.com\/vi\/san-pham\/oem-coffee-and-private-label\/\"><strong>OEM coffee and private label<\/strong><\/a><\/p>\n<h3><strong>Th\u00f4ng tin li\u00ean h\u1ec7<\/strong><\/h3>\n<p>C\u00f4ng ty C\u1ed5 ph\u1ea7n VCU - \"Your QC Department\"<\/p>\n<p><strong>\u0110\u1ecba ch\u1ec9:<\/strong><\/p>\n<p>- X\u01b0\u1edfng rang: T\u1ed5 d\u00e2n ph\u1ed1 6, X\u00e3 Ch\u01b0 Pr\u00f4ng, T\u1ec9nh Gia Lai<\/p>\n<p>- Nh\u00e0 m\u00e1y nh\u00e2n xanh: X\u00e3 Ia Grai, T\u1ec9nh Gia Lai<\/p>\n<p>\u2013\u00a0<strong>Fanpage:\u00a0<a href=\"https:\/\/www.facebook.com\/vcuvietnamcoffeeunited\" target=\"_blank\" rel=\"noopener noreferrer nofollow\">VCU \u2013 Vietnam Coffee United<\/a><\/strong><\/p>\n<p><span class=\"elementor-icon-list-text\">\u2013\u00a0<strong>Email:<\/strong>\u00a0info@vietnamcoffeeunited.com<\/span><\/p>","protected":false},"excerpt":{"rendered":"<ul>\n<li>Th\u01b0\u01a1ng hi\u1ec7u: VCU JSC<\/li>\n<li>S\u1ea3n xu\u1ea5t t\u1ea1i: Vi\u1ec7t Nam<\/li>\n<li>Th\u00e0nh ph\u1ea7n: Blend c\u00e0 ph\u00ea Robusta v\u00e0 Arabica theo t\u1ef7 l\u1ec7<\/li>\n<li>Ph\u01b0\u01a1ng th\u1ee9c rang: rang m\u1ed9c 100%, kh\u00f4ng t\u1ea9m \u01b0\u1edbp, kh\u00f4ng ch\u1ea5t b\u1ea3o qu\u1ea3n<\/li>\n<li>\u0110\u00f3ng g\u00f3i: 1kg\/t\u00fai<\/li>\n<li>\u0110\u1ed9 \u1ea9m: \u22645%<\/li>\n<li>Caffein: \u22651%<\/li>\n<li>Lo\u1ea1i: h\u1ea1t\/b\u1ed9t<\/li>\n<li>Shelf Lift: 12 months<\/li>\n<li>Payment terms: T\/T, L\/C at sight<\/li>\n<li>Shipping documents: Inv, PL, BoL, CO, Phyto, Fumi.<\/li>\n<li>C\u1ea3ng xu\u1ea5t h\u00e0ng: C\u1ea3ng C\u00e1t L\u00e1i, TP. HCM<\/li>\n<li>Additionally: <a href=\"https:\/\/vietnamcoffeeunited.com\/vi\/san-pham\/oem-coffee-and-private-label\/\">OEM c\u00e0 ph\u00ea theo th\u01b0\u01a1ng hi\u1ec7u<\/a><\/li>\n<\/ul>","protected":false},"featured_media":6459,"comment_status":"closed","ping_status":"closed","template":"","meta":[],"product_cat":[216],"product_tag":[],"_links":{"self":[{"href":"https:\/\/vietnamcoffeeunited.com\/vi\/wp-json\/wp\/v2\/product\/6458"}],"collection":[{"href":"https:\/\/vietnamcoffeeunited.com\/vi\/wp-json\/wp\/v2\/product"}],"about":[{"href":"https:\/\/vietnamcoffeeunited.com\/vi\/wp-json\/wp\/v2\/types\/product"}],"replies":[{"embeddable":true,"href":"https:\/\/vietnamcoffeeunited.com\/vi\/wp-json\/wp\/v2\/comments?post=6458"}],"wp:featuredmedia":[{"embeddable":true,"href":"https:\/\/vietnamcoffeeunited.com\/vi\/wp-json\/wp\/v2\/media\/6459"}],"wp:attachment":[{"href":"https:\/\/vietnamcoffeeunited.com\/vi\/wp-json\/wp\/v2\/media?parent=6458"}],"wp:term":[{"taxonomy":"product_cat","embeddable":true,"href":"https:\/\/vietnamcoffeeunited.com\/vi\/wp-json\/wp\/v2\/product_cat?post=6458"},{"taxonomy":"product_tag","embeddable":true,"href":"https:\/\/vietnamcoffeeunited.com\/vi\/wp-json\/wp\/v2\/product_tag?post=6458"}],"curies":[{"name":"wp","href":"https:\/\/api.w.org\/{rel}","templated":true}]}}