{"id":5504,"date":"2024-08-23T08:46:06","date_gmt":"2024-08-23T01:46:06","guid":{"rendered":"https:\/\/vietnamcoffeeunited.com\/?post_type=product&#038;p=5504"},"modified":"2025-08-20T15:47:20","modified_gmt":"2025-08-20T08:47:20","slug":"roasted-arabica-son-la","status":"publish","type":"product","link":"https:\/\/vietnamcoffeeunited.com\/vi\/san-pham\/roasted-arabica-son-la\/","title":{"rendered":"C\u00e0 ph\u00ea h\u1ea1t rang Arabica S\u01a1n La"},"content":{"rendered":"<div class=\"group\/conversation-turn relative flex w-full min-w-0 flex-col agent-turn\">\n<div class=\"flex-col gap-1 md:gap-3\">\n<div class=\"flex max-w-full flex-col flex-grow\">\n<div class=\"min-h-[20px] text-message flex w-full flex-col items-end gap-2 break-words [.text-message+&amp;]:mt-5 overflow-x-auto whitespace-pre-wrap\" dir=\"auto\" data-message-author-role=\"assistant\" data-message-id=\"19e85913-f458-49e7-9e04-3b85f4adf50a\">\n<div class=\"flex w-full flex-col gap-1 empty:hidden first:pt-[3px]\">\n<div class=\"markdown prose w-full break-words dark:prose-invert light\">\n<h2 style=\"text-align: center;\">C\u00e0 ph\u00ea h\u1ea1t rang Arabica S\u01a1n La<\/h2>\n<p>Mang h\u01b0\u01a1ng v\u1ecb c\u1ee7a n\u00fai r\u1eebng T\u00e2y B\u1eafc, m\u1ed9t ch\u00fat th\u1ea3o m\u1ed9c, chua thanh, \u0111\u1eafng nh\u1eb9, h\u1eadu v\u1ecb ng\u1ecdt, th\u00eam ch\u00fat cacao \u0111\u1eafng,<strong> c\u00e0 ph\u00ea h\u1ea1t rang Arabica S\u01a1n La<\/strong> t\u1ea1o n\u00ean s\u1ee9c h\u00fat kh\u00f3 c\u01b0\u1ee1ng.<\/p>\n<h3><strong>Gi\u1edbi thi\u1ec7u c\u00e0 ph\u00ea Arabica S\u01a1n La<\/strong><\/h3>\n<p>Arabica l\u00e0 d\u00f2ng c\u00e0 ph\u00ea kh\u00e1 k\u00e9n ch\u1ecdn \u0111i\u1ec1u ki\u1ec7n t\u1ef1 nhi\u00ean, th\u1ed5 nh\u01b0\u1ee1ng \u0111\u1ec3 sinh tr\u01b0\u1edfng v\u00e0 ph\u00e1t tri\u1ec3n. C\u0169ng v\u00ec v\u1eady, t\u1ea1i m\u1ed9t s\u1ed1 v\u00f9ng c\u1ee7a Vi\u1ec7t Nam t\u1ea1o \u0111i\u1ec1u ki\u1ec7n thu\u1eadn l\u1ee3i cho c\u00e0 ph\u00ea Arabica, th\u01b0\u1eddng cho s\u1ea3n l\u01b0\u1ee3ng \u00edt nh\u01b0ng ch\u1ea5t l\u01b0\u1ee3ng l\u1ea1i c\u1ef1c k\u1ef3 cao, trong \u0111\u00f3 c\u00f3 Arabica S\u01a1n La.<\/p>\n<p>N\u1eb1m \u1edf khu v\u1ef1c T\u00e2y B\u1eafc, t\u1ec9nh S\u01a1n La c\u00f3 v\u1ecb tr\u00ed v\u00e0 \u0111i\u1ec1u ki\u1ec7n th\u1eddi ti\u1ebft ph\u00f9 h\u1ee3p cho s\u1ef1 sinh tr\u01b0\u1edfng c\u1ee7a Arabica. \u0110\u1ec3 t\u1ea1o ra ch\u1ea5t l\u01b0\u1ee3ng t\u1ed1t nh\u1ea5t, b\u00e0 con S\u01a1n La thu h\u00e1i c\u00e0 ph\u00ea c\u00f3 t\u1ec9 l\u1ec7 ch\u00edn kh\u00e1 cao, k\u1ebft h\u1ee3p ch\u0103m s\u00f3c, b\u1ed5 sung c\u00e1c vi d\u01b0\u1ee1ng c\u1ea7n thi\u1ebft, nh\u1edd v\u1eady, c\u00e0ng l\u00e0m t\u0103ng gi\u00e1 tr\u1ecb h\u01b0\u01a1ng v\u1ecb cho gi\u1ed1ng c\u00e0 ph\u00ea n\u00e0y.<\/p>\n<p>C\u00e0 ph\u00ea Arabica S\u01a1n La sau khi rang mang ch\u00fat h\u01b0\u01a1ng v\u1ecb c\u1ee7a n\u00fai r\u1eebng T\u00e2y B\u1eafc, h\u01b0\u01a1ng hoa tho\u1ea3ng nh\u1eb9, m\u1ed9t ch\u00fat th\u1ea3o m\u1ed9c, chua thanh k\u00e8m h\u1eadu v\u1ecb ng\u1ecdt \u0111\u1eafng.<\/p>\n<p>Nhi\u1ec1u ng\u01b0\u1eddi y\u00eau th\u00edch h\u01b0\u01a1ng v\u1ecb nh\u1eb9 nh\u00e0ng v\u00e0 tinh t\u1ebf c\u1ee7a Arabica, tuy nhi\u00ean c\u0169ng c\u00f3 ng\u01b0\u1eddi kh\u00f4ng \u01b0ng, h\u1ecd th\u00edch v\u1ecb \u0111\u1eadm \u0111\u00e0, pha m\u1ea1nh m\u1ebd c\u1ee7a Robusta.<\/p>\n<figure id=\"attachment_5751\" aria-describedby=\"caption-attachment-5751\" style=\"width: 1080px\" class=\"wp-caption alignnone\"><img decoding=\"async\" class=\"size-full wp-image-5751\" src=\"https:\/\/vietnamcoffeeunited.com\/wp-content\/uploads\/2024\/09\/Roasted-Arabica-Son-la-1.jpg\" alt=\"Roasted Arabica Clean Son La\" width=\"1080\" height=\"1080\" srcset=\"https:\/\/vietnamcoffeeunited.com\/wp-content\/uploads\/2024\/09\/Roasted-Arabica-Son-la-1.jpg 1080w, https:\/\/vietnamcoffeeunited.com\/wp-content\/uploads\/2024\/09\/Roasted-Arabica-Son-la-1-300x300.jpg 300w, https:\/\/vietnamcoffeeunited.com\/wp-content\/uploads\/2024\/09\/Roasted-Arabica-Son-la-1-1024x1024.jpg 1024w, https:\/\/vietnamcoffeeunited.com\/wp-content\/uploads\/2024\/09\/Roasted-Arabica-Son-la-1-150x150.jpg 150w, https:\/\/vietnamcoffeeunited.com\/wp-content\/uploads\/2024\/09\/Roasted-Arabica-Son-la-1-768x768.jpg 768w, https:\/\/vietnamcoffeeunited.com\/wp-content\/uploads\/2024\/09\/Roasted-Arabica-Son-la-1-12x12.jpg 12w, https:\/\/vietnamcoffeeunited.com\/wp-content\/uploads\/2024\/09\/Roasted-Arabica-Son-la-1-600x600.jpg 600w, https:\/\/vietnamcoffeeunited.com\/wp-content\/uploads\/2024\/09\/Roasted-Arabica-Son-la-1-100x100.jpg 100w\" sizes=\"(max-width: 1080px) 100vw, 1080px\" \/><figcaption id=\"caption-attachment-5751\" class=\"wp-caption-text\">Roasted Arabica Clean Son La<\/figcaption><\/figure>\n<p><strong>\u0110\u1ecdc th\u00eam:<\/strong><\/p>\n<ol>\n<li><strong><a href=\"https:\/\/vietnamcoffeeunited.com\/vi\/san-pham\/roasted-arabica-cau-dat\/\">C\u00e0 ph\u00ea h\u1ea1t rang Arabica C\u1ea7u \u0110\u1ea5t<\/a><\/strong><\/li>\n<li><strong><a href=\"https:\/\/vietnamcoffeeunited.com\/vi\/san-pham\/arabica-full-washed-son-la\/\">Arabica S\u01a1n La Full Washed<\/a><\/strong><\/li>\n<\/ol>\n<h3><strong>Th\u00f4ng tin s\u1ea3n ph\u1ea9m<\/strong><\/h3>\n<ul>\n<li><strong>Ph\u00e2n lo\u1ea1i<\/strong>: C\u00e0 ph\u00ea h\u1ea1t rang<\/li>\n<li><strong>Ph\u01b0\u01a1ng ph\u00e1p s\u01a1 ch\u1ebf<\/strong>: Full Washed<\/li>\n<li><strong>M\u1ee9c rang<\/strong>: Light, Medium, Dark<\/li>\n<li><strong>Sizes<\/strong>: S14\/S16\/S18<\/li>\n<li><strong>V\u00f9ng tr\u1ed3ng<\/strong>: T\u1ec9nh S\u01a1n La, Vi\u1ec7t Nam<\/li>\n<li><strong>Tr\u1ecdng l\u01b0\u1ee3ng<\/strong>: 500 grams \u2013 1 kg \u2013 5 kg \u2013 35 kg<\/li>\n<li><strong>\u0110\u00f3ng g\u00f3i:<\/strong>: PE, PP, jute bag<\/li>\n<li><strong>C\u1ea3ng h\u00e0ng<\/strong>: C\u1ea3ng C\u00e1t L\u00e1i, TP. HCM<\/li>\n<\/ul>\n<h3><strong>H\u1ea1n s\u1eed d\u1ee5ng c\u00e0 ph\u00ea h\u1ea1t rang Arabica S\u01a1n<\/strong><\/h3>\n<p>C\u00e0 ph\u00ea sau khi rang c\u1ea7n m\u1ed9t kho\u1ea3ng th\u1eddi gian nh\u1ea5t \u0111\u1ecbnh \u0111\u1ec3 gi\u1ea3i ph\u00f3ng kh\u00ed CO2, qu\u00e1 tr\u00ecnh n\u00e0y \u0111\u01b0\u1ee3c g\u1ecdi l\u00e0 Degas. C\u00e0 ph\u00ea sau khi rang m\u00e0 pha ngay th\u00ec h\u01b0\u01a1ng v\u1ecb c\u00f3 th\u1ec3 b\u1ecb ch\u00e1t ho\u1eb7c kh\u00f4ng r\u00f5 r\u00e0ng. Nguy\u00ean nh\u00e2n l\u00e0 v\u00ec kh\u00ed CO2 c\u00f2n qu\u00e1 nhi\u1ec1u.<\/p>\n<p>Th\u1eddi gian t\u1ed1i thi\u1ec3u \u0111\u1ec3 qu\u00e1 tr\u00ecnh Degas di\u1ec5n ra l\u00e0 36 \u2013 48 ti\u1ebfng (kho\u1ea3ng th\u1eddi gian kh\u00ed CO2 \u0111\u01b0\u1ee3c tho\u00e1t ra m\u1ea1nh m\u1ebd nh\u1ea5t). T\u00f9y thu\u1ed9c v\u00e0o m\u1ee9c rang s\u1ebd \u0111\u01b0a ra quy\u1ebft \u0111\u1ecbnh th\u1eddi gian Degas trong bao nhi\u00eau ng\u00e0y. Th\u00f4ng th\u01b0\u1eddng, trong m\u00f4i tr\u01b0\u1eddng \u1ed5n \u0111\u1ecbnh, qu\u00e1 tr\u00ecnh n\u00e0y di\u1ec5n ra t\u1eeb 4 \u2013 18 ng\u00e0y sau rang.<\/p>\n<p>Th\u1eddi gian t\u1ed1t nh\u1ea5t \u0111\u1ec3 s\u1eed d\u1ee5ng c\u00e0 ph\u00ea sau rang l\u00e0 trong v\u00f2ng 60 ng\u00e0y. Sau \u0111\u00f3, c\u00e0 ph\u00ea s\u1ebd gi\u1ea3m d\u1ea7n ch\u1ea5t l\u01b0\u1ee3ng v\u00e0 d\u00f9 v\u1eabn u\u1ed1ng \u0111\u01b0\u1ee3c nh\u01b0ng kh\u00f3 m\u00e0 c\u1ea3m nh\u1eadn \u0111\u01b0\u1ee3c tr\u1ecdn v\u1eb9n h\u01b0\u01a1ng v\u1ecb.<\/p>\n<p>Nh\u1eefng y\u1ebfu t\u1ed1 nh\u01b0 \u0111\u1ed9 \u1ea9m, \u00e1nh s\u00e1ng, nhi\u1ec7t \u0111\u1ed9, c\u00e1ch pha ch\u1ebf c\u1ee7a qu\u00e1n c\u0169ng \u1ea3nh h\u01b0\u1edfng \u0111\u1ebfn ch\u1ea5t l\u01b0\u1ee3ng c\u00e0 ph\u00ea. H\u00e3y ch\u1eafc ch\u1eafn b\u1ea3o qu\u1ea3n c\u00e0 ph\u00ea lu\u00f4n kh\u00f4 r\u00e1o, tho\u00e1ng m\u00e1t v\u00e0 xay \u0111\u1ee7 \u0111\u1ec3 s\u1eed d\u1ee5ng trong 1 ng\u00e0y, tr\u00e1nh \u0111\u1ec3 qua \u0111\u00eam trong m\u00e1y pha c\u00e0 ph\u00ea.<\/p>\n<figure id=\"attachment_5752\" aria-describedby=\"caption-attachment-5752\" style=\"width: 1080px\" class=\"wp-caption alignnone\"><img decoding=\"async\" class=\"size-full wp-image-5752\" src=\"https:\/\/vietnamcoffeeunited.com\/wp-content\/uploads\/2024\/09\/Roasted-Arabica-Son-la-3.jpg\" alt=\"Arabica Son La\" width=\"1080\" height=\"1080\" srcset=\"https:\/\/vietnamcoffeeunited.com\/wp-content\/uploads\/2024\/09\/Roasted-Arabica-Son-la-3.jpg 1080w, https:\/\/vietnamcoffeeunited.com\/wp-content\/uploads\/2024\/09\/Roasted-Arabica-Son-la-3-300x300.jpg 300w, https:\/\/vietnamcoffeeunited.com\/wp-content\/uploads\/2024\/09\/Roasted-Arabica-Son-la-3-1024x1024.jpg 1024w, https:\/\/vietnamcoffeeunited.com\/wp-content\/uploads\/2024\/09\/Roasted-Arabica-Son-la-3-150x150.jpg 150w, https:\/\/vietnamcoffeeunited.com\/wp-content\/uploads\/2024\/09\/Roasted-Arabica-Son-la-3-768x768.jpg 768w, https:\/\/vietnamcoffeeunited.com\/wp-content\/uploads\/2024\/09\/Roasted-Arabica-Son-la-3-12x12.jpg 12w, https:\/\/vietnamcoffeeunited.com\/wp-content\/uploads\/2024\/09\/Roasted-Arabica-Son-la-3-600x600.jpg 600w, https:\/\/vietnamcoffeeunited.com\/wp-content\/uploads\/2024\/09\/Roasted-Arabica-Son-la-3-100x100.jpg 100w\" sizes=\"(max-width: 1080px) 100vw, 1080px\" \/><figcaption id=\"caption-attachment-5752\" class=\"wp-caption-text\">Arabica Son La<\/figcaption><\/figure>\n<h3><strong>T\u1ea1i sao n\u00ean ch\u1ecdn c\u00e0 ph\u00ea h\u1ea1t rang Arabica S\u01a1n La c\u1ee7a VCU?<\/strong><\/h3>\n<ul>\n<li><strong>T\u1ef1 s\u1ea3n xu\u1ea5t nh\u00e2n xanh<\/strong>: n\u00ean ki\u1ec3m so\u00e1t ch\u1eb7t ch\u1ebd ch\u1ea5t l\u01b0\u1ee3ng \u0111\u1ea7u v\u00e0o, to\u00e0n b\u1ed9 h\u00e0ng \u0111\u01b0\u1ee3c t\u00e1ch \u0111\u00e1, b\u1eafn m\u00e0u \u0111\u1eb9p, s\u1ea1ch<\/li>\n<li><strong>100% c\u00e0 ph\u00ea rang m\u1ed9c<\/strong>: 2 m\u00e1y rang c\u00f4ng nghi\u1ec7p, \u0111\u00e1p \u1ee9ng s\u1ed1 l\u01b0\u1ee3ng 70 - 80 t\u1ea5n\/th\u00e1ng, h\u1ec7 th\u1ed1ng t\u1ef1 \u0111\u1ed9ng l\u01b0u profile, \u0111\u1ed3ng nh\u1ea5t c\u00e1c l\u1ea7n rang sau.<\/li>\n<li><strong>Nh\u00e0 x\u01b0\u1edfng \u0111\u1ea1t ti\u00eau chu\u1ea9n<\/strong>: ISO, FDA (xu\u1ea5t kh\u1ea9u M\u1ef9), h\u1ec7 th\u1ed1ng l\u01b0u kho kh\u00e9p k\u00edn, n\u00ean \u0111\u1ed1i t\u00e1c ho\u00e0n to\u00e0n c\u00f3 th\u1ec3 y\u00ean t\u00e2m v\u1ec1 ch\u1ea5t l\u01b0\u1ee3ng c\u00e0 ph\u00ea.<\/li>\n<li><strong>Cung c\u1ea5p \u0111a d\u1ea1ng m\u00e3 h\u00e0ng<\/strong>: Robusta, Arabica, Excelsa t\u1eeb nh\u1eefng v\u00f9ng nguy\u00ean li\u1ec7u n\u1ed5i ti\u1ebfng nh\u1ea5t.<\/li>\n<li><strong>\u0110\u1ed9i ng\u0169 R&amp;D gi\u00e0u kinh nghi\u1ec7m<\/strong>: s\u1eb5n s\u00e0ng h\u1ed7 tr\u1ee3 t\u01b0 v\u1ea5n cho b\u1ea1n profile rang ph\u00f9 h\u1ee3p v\u1edbi gu v\u00e0 t\u1ec7p kh\u00e1ch h\u00e0ng.<\/li>\n<li><strong>Xu\u1ea5t kh\u1ea9u c\u00e0 ph\u00ea ch\u00ednh ng\u1ea1ch sang 13 qu\u1ed1c gia<\/strong>: M\u1ef9, Singapore, Nh\u1eadt B\u1ea3n, Phippines, \u00dac, Bangladesh...<\/li>\n<\/ul>\n<p>N\u1ebfu b\u1ea1n \u0111ang c\u1ea7n <strong>c\u00e0 ph\u00ea h\u1ea1t rang Arabica S\u01a1n La<\/strong> v\u1edbi ch\u1ea5t l\u01b0\u1ee3ng t\u1ed1t, ngu\u1ed3n h\u00e0ng \u1ed5n \u0111\u1ecbnh v\u00e0 gi\u00e1 c\u1ea1nh tranh, li\u00ean h\u1ec7 ngay v\u1edbi VCU nh\u00e9!<\/p>\n<p><iframe title=\"INTRODUCING VCU&#039;S ROASTED COFFEE BEAN PRODUCTION FACILITY | VCU JSC #vcu #vcucoffee #coffeebeans\" width=\"800\" height=\"600\" src=\"https:\/\/www.youtube.com\/embed\/ndmtVviP0gM?feature=oembed\" frameborder=\"0\" allow=\"accelerometer; autoplay; clipboard-write; encrypted-media; gyroscope; picture-in-picture; web-share\" referrerpolicy=\"strict-origin-when-cross-origin\" allowfullscreen><\/iframe><\/p>\n<h3><strong>Th\u00f4ng tin li\u00ean h\u1ec7<\/strong><\/h3>\n<p><strong>C\u00f4ng ty C\u1ed5 ph\u1ea7n VCU (VCU JSC)<\/strong><br \/>\n<strong>\u0110\u1ecba ch\u1ec9:<\/strong><br \/>\n\u2013\u00a0<strong>C\u01a1 s\u1edf rang:<\/strong> T\u1ed5 d\u00e2n Ph\u1ed1 6,  th\u1ecb tr\u1ea5n Ch\u01b0 Pr\u00f4ng, huy\u1ec7n Ch\u01b0 Pr\u00f4ng, t\u1ec9nh Gia Lai<br \/>\n\u2013\u00a0<strong>C\u01a1 s\u1edf c\u00e0 ph\u00ea nh\u00e2n xanh:<\/strong> X\u00e3 Ia Der, Huy\u1ec7n Ia Grai, T\u1ec9nh Gia Lai<\/p>\n<p><span class=\"elementor-icon-list-text\">\u2013\u00a0<strong>Hotline: <\/strong><\/span>+84 941 203 879<\/p>\n<p>\u2013\u00a0<strong>Fanpage:\u00a0<a href=\"https:\/\/www.facebook.com\/vcuvietnamcoffeeunited\" target=\"_blank\" rel=\"noopener noreferrer nofollow\">VCU \u2013 Vietnam Coffee United<\/a><\/strong><\/p>\n<p><span class=\"elementor-icon-list-text\">\u2013\u00a0<strong>Email:<\/strong>\u00a0info@vietnamcoffeeunited.com<\/span><\/p>\n<\/div>\n<\/div>\n<\/div>\n<\/div>\n<\/div>\n<\/div>","protected":false},"excerpt":{"rendered":"<ul>\n<li><strong>M\u1ee9c rang<\/strong>: Light\/ Medium\/ Dark<\/li>\n<li><strong>Sizes<\/strong>: S14\/S16\/S18<\/li>\n<li><strong>Th\u1eddi gian s\u1eed d\u1ee5ng t\u1ed1t nh\u1ea5t<\/strong>: 12 th\u00e1ng<\/li>\n<li><strong>V\u00f9ng tr\u1ed3ng<\/strong>: T\u1ec9nh S\u01a1n La, Vi\u1ec7t Nam<\/li>\n<li><strong>\u0110\u00f3ng g\u00f3i:<\/strong>: 30kg\/bag (jute bag or PP bag), \u00a0500g\/bag * 32 bags\/carton, 1kg\/bag * 18 bags\/carton, 5kg\/bag * 3 bags\/carton<\/li>\n<li><strong>\u0110\u1eb7t h\u00e0ng t\u1ed1i thi\u1ec3u<\/strong>: 1 t\u1ea5n ho\u1eb7c th\u01b0\u01a1ng l\u01b0\u1ee3ng<\/li>\n<li><strong>N\u0103ng l\u1ef1c s\u1ea3n xu\u1ea5t<\/strong>: 100 t\u1ea5n\/th\u00e1ng<\/li>\n<li><strong>Th\u1eddi gian giao h\u00e0ng<\/strong>: Trong v\u00f2ng 2-4 ng\u00e0y sau khi nh\u1eadn \u0111\u01b0\u1ee3c L\/C ho\u1eb7c ti\u1ec1n \u0111\u1eb7t c\u1ecdc c\u1ee7a kh\u00e1ch h\u00e0ng<\/li>\n<li><strong> Ch\u00ednh s\u00e1ch thanh to\u00e1n:<\/strong>: T\/T, L\/C at sight<\/li>\n<li><strong>Ch\u1ee9ng t\u1eeb v\u1eadn chuy\u1ec3n<\/strong>: Inv, PL, BoL, CO, Phyto, Fumi.<\/li>\n<li><strong>C\u1ea3ng h\u00e0ng<\/strong>: C\u1ea3ng C\u00e1t L\u00e1i, TP. HCM<\/li>\n<li><strong>Ngo\u00e0i ra<\/strong>: <a href=\"https:\/\/vietnamcoffeeunited.com\/vi\/san-pham\/arabica-son-la-coffee-s14-s16-s18\/\">C\u00e0 ph\u00ea Arabica S\u01a1n La - S14, S16, S18<\/a><\/li>\n<\/ul>","protected":false},"featured_media":6453,"comment_status":"open","ping_status":"closed","template":"","meta":[],"product_cat":[145],"product_tag":[241,343,344,242,214,304,208,206,221,211],"_links":{"self":[{"href":"https:\/\/vietnamcoffeeunited.com\/vi\/wp-json\/wp\/v2\/product\/5504"}],"collection":[{"href":"https:\/\/vietnamcoffeeunited.com\/vi\/wp-json\/wp\/v2\/product"}],"about":[{"href":"https:\/\/vietnamcoffeeunited.com\/vi\/wp-json\/wp\/v2\/types\/product"}],"replies":[{"embeddable":true,"href":"https:\/\/vietnamcoffeeunited.com\/vi\/wp-json\/wp\/v2\/comments?post=5504"}],"wp:featuredmedia":[{"embeddable":true,"href":"https:\/\/vietnamcoffeeunited.com\/vi\/wp-json\/wp\/v2\/media\/6453"}],"wp:attachment":[{"href":"https:\/\/vietnamcoffeeunited.com\/vi\/wp-json\/wp\/v2\/media?parent=5504"}],"wp:term":[{"taxonomy":"product_cat","embeddable":true,"href":"https:\/\/vietnamcoffeeunited.com\/vi\/wp-json\/wp\/v2\/product_cat?post=5504"},{"taxonomy":"product_tag","embeddable":true,"href":"https:\/\/vietnamcoffeeunited.com\/vi\/wp-json\/wp\/v2\/product_tag?post=5504"}],"curies":[{"name":"wp","href":"https:\/\/api.w.org\/{rel}","templated":true}]}}