{"id":5489,"date":"2024-08-20T14:25:03","date_gmt":"2024-08-20T07:25:03","guid":{"rendered":"https:\/\/vietnamcoffeeunited.com\/?post_type=product&#038;p=5489"},"modified":"2025-03-26T15:10:16","modified_gmt":"2025-03-26T08:10:16","slug":"arabica-son-la-coffee-s14-s16-s18","status":"publish","type":"product","link":"https:\/\/vietnamcoffeeunited.com\/vi\/san-pham\/arabica-son-la-coffee-s14-s16-s18\/","title":{"rendered":"C\u00e0 ph\u00ea Arabica S\u01a1n La - S14, S16, S18"},"content":{"rendered":"<h2 style=\"text-align: center;\">C\u00e0 ph\u00ea Arabica S\u01a1n La - S14, S16, S18<\/h2>\n<p>Arabica l\u00e0 gi\u1ed1ng c\u00e0 ph\u00ea r\u1ea5t k\u00e9n ch\u1ecdn \u0111i\u1ec1u ki\u1ec7n t\u1ef1 nhi\u00ean, kh\u00ed h\u1eadu v\u00e0 th\u1ed5 nh\u01b0\u1ee1ng. C\u0169ng v\u00ec v\u1eady m\u00e0 c\u00e0 ph\u00ea Arabica t\u1ea1i Vi\u1ec7t Nam c\u00f3 s\u1ea3n l\u01b0\u1ee3ng th\u1ea5p nh\u01b0ng ch\u1ea5t l\u01b0\u1ee3ng l\u1ea1i v\u00f4 c\u00f9ng cao, \u0111\u1eb7c bi\u1ec7t l\u00e0 v\u1ec1 h\u01b0\u01a1ng v\u1ecb. Trong ph\u1ea7n n\u00e0y, VCU gi\u1edbi thi\u1ec7u v\u1edbi b\u1ea1n s\u1ea3n ph\u1ea9m c\u00e0 ph\u00ea nh\u00e2n xanh <strong>Arabica Son La<\/strong>.<\/p>\n<h3><strong>\u0110\u1eb7c \u0111i\u1ec3m c\u00e0 ph\u00ea Arabica S\u01a1n La<\/strong><\/h3>\n<p>T\u1ec9nh S\u01a1n La c\u1ee7a Vi\u1ec7t Nam n\u1ed5i ti\u1ebfng v\u1edbi n\u00fai non tr\u00f9ng \u0111i\u1ec7p, bao quanh b\u1edfi c\u00e1c b\u1ed3n \u0111\u1ecba, cao nguy\u00ean, t\u1ea1o \u0111i\u1ec1u ki\u1ec7n cho gi\u1ed1ng c\u00e2y chuy\u00ean s\u1ed1ng \u1edf \u0111\u1ed9 cao tr\u00ean 1000m nh\u01b0 Arabica.<\/p>\n<p>Do \u1ea3nh h\u01b0\u1edfng c\u1ee7a kh\u00ed h\u1eadu, m\u01b0a l\u1edbn v\u00e0o m\u00f9a h\u00e8, l\u1ea1nh v\u00e0o m\u00f9a \u0111\u00f4ng t\u01b0\u01a1ng t\u1ef1 v\u00f9ng Sao Paulo c\u1ee7a Brazil n\u00ean \u0111\u00e3 t\u1ea1o \u0111i\u1ec1u ki\u1ec7n thu\u1eadn l\u1ee3i cho c\u00e2y c\u00e0 ph\u00ea Arabica sinh tr\u01b0\u1edfng v\u00e0 ph\u00e1t tri\u1ec3n t\u1ed1t, ch\u1ea5t l\u01b0\u1ee3ng cao, mang \u0111\u1ebfn m\u00f9i v\u1ecb th\u01a1m kh\u00f3 t\u1ea3.<\/p>\n<figure id=\"attachment_5757\" aria-describedby=\"caption-attachment-5757\" style=\"width: 1080px\" class=\"wp-caption alignnone\"><img decoding=\"async\" class=\"size-full wp-image-5757\" src=\"https:\/\/vietnamcoffeeunited.com\/wp-content\/uploads\/2024\/08\/arabica-son-la-2-1.jpg\" alt=\"Arabica Son La S18\" width=\"1080\" height=\"1080\" srcset=\"https:\/\/vietnamcoffeeunited.com\/wp-content\/uploads\/2024\/08\/arabica-son-la-2-1.jpg 1080w, https:\/\/vietnamcoffeeunited.com\/wp-content\/uploads\/2024\/08\/arabica-son-la-2-1-300x300.jpg 300w, https:\/\/vietnamcoffeeunited.com\/wp-content\/uploads\/2024\/08\/arabica-son-la-2-1-1024x1024.jpg 1024w, https:\/\/vietnamcoffeeunited.com\/wp-content\/uploads\/2024\/08\/arabica-son-la-2-1-150x150.jpg 150w, https:\/\/vietnamcoffeeunited.com\/wp-content\/uploads\/2024\/08\/arabica-son-la-2-1-768x768.jpg 768w, https:\/\/vietnamcoffeeunited.com\/wp-content\/uploads\/2024\/08\/arabica-son-la-2-1-12x12.jpg 12w, https:\/\/vietnamcoffeeunited.com\/wp-content\/uploads\/2024\/08\/arabica-son-la-2-1-600x600.jpg 600w, https:\/\/vietnamcoffeeunited.com\/wp-content\/uploads\/2024\/08\/arabica-son-la-2-1-100x100.jpg 100w\" sizes=\"(max-width: 1080px) 100vw, 1080px\" \/><figcaption id=\"caption-attachment-5757\" class=\"wp-caption-text\">Arabica Son La S18<\/figcaption><\/figure>\n<h3><strong>H\u01b0\u01a1ng v\u1ecb Arabica S\u01a1n La<\/strong><\/h3>\n<p>L\u01b0\u1ee3ng cafein trong h\u1ea1t c\u00e0 ph\u00ea<strong> Arabica Son La<\/strong> kh\u00e1 th\u1ea5p, kho\u1ea3ng t\u1eeb 1.2 \u2013 1.5%. Nh\u1edd v\u1eady m\u00e0 v\u1ecb \u0111\u1eafng s\u1ebd \u0111\u01b0\u1ee3c gi\u1ea3m b\u1edbt. Th\u00eam v\u00e0o \u0111\u00f3 l\u00e0 v\u1ecb chua thanh, ng\u1ecdt d\u1ecbu \u1edf h\u1eadu v\u1ecb k\u1ebft h\u1ee3p c\u00f9ng h\u01b0\u01a1ng th\u01a1m d\u1ecbu d\u00e0ng, t\u1ea1o n\u00ean th\u1ee9c u\u1ed1ng l\u00e0m say \u0111\u1eafm l\u00f2ng ng\u01b0\u1eddi.<\/p>\n<p>Read More: <a href=\"https:\/\/vietnamcoffeeunited.com\/vi\/san-pham\/roasted-arabica-son-la\/\">C\u00e0 ph\u00ea h\u1ea1t rang Arabica S\u01a1n La<\/a><\/p>\n<h3><strong>Th\u00f4ng tin s\u1ea3n ph\u1ea9m<\/strong><\/h3>\n<ul>\n<li><strong>Ph\u00e2n lo\u1ea1i<\/strong>: Th\u01b0\u01a1ng m\u1ea1i<\/li>\n<li><strong>Size<\/strong>: S14\/S16\/S18<\/li>\n<li><strong>Ph\u01b0\u01a1ng ph\u00e1p s\u01a1 ch\u1ebf<\/strong>: Full Washed<\/li>\n<li><strong>T\u1ef7 l\u1ec7 ch\u00edn<\/strong>: 95% \u2013 97%<\/li>\n<li><strong>T\u1ef7 l\u1ec7 \u0111en - v\u1ee1 - t\u1ea1p<\/strong>: 0.1% \u2013 1% \u2013 0.1%<\/li>\n<li><strong>V\u00f9ng tr\u1ed3ng<\/strong>: S\u01a1n La (Vi\u1ec7t Nam)<\/li>\n<li><strong>\u0110\u00f3ng g\u00f3i:<\/strong>: Bao \u0111ay<\/li>\n<li><strong>Tr\u1ecdng l\u01b0\u1ee3ng<\/strong>: 30kg and 60kg<\/li>\n<li><strong>C\u1ea3ng h\u00e0ng<\/strong>: C\u1ea3ng C\u00e1t L\u00e1i, TP. HCM<\/li>\n<\/ul>\n<figure id=\"attachment_5758\" aria-describedby=\"caption-attachment-5758\" style=\"width: 1080px\" class=\"wp-caption alignnone\"><img decoding=\"async\" class=\"size-full wp-image-5758\" src=\"https:\/\/vietnamcoffeeunited.com\/wp-content\/uploads\/2024\/08\/arabica-son-la-3-1.jpg\" alt=\"Arabica Son La S16\" width=\"1080\" height=\"1080\" srcset=\"https:\/\/vietnamcoffeeunited.com\/wp-content\/uploads\/2024\/08\/arabica-son-la-3-1.jpg 1080w, https:\/\/vietnamcoffeeunited.com\/wp-content\/uploads\/2024\/08\/arabica-son-la-3-1-300x300.jpg 300w, https:\/\/vietnamcoffeeunited.com\/wp-content\/uploads\/2024\/08\/arabica-son-la-3-1-1024x1024.jpg 1024w, https:\/\/vietnamcoffeeunited.com\/wp-content\/uploads\/2024\/08\/arabica-son-la-3-1-150x150.jpg 150w, https:\/\/vietnamcoffeeunited.com\/wp-content\/uploads\/2024\/08\/arabica-son-la-3-1-768x768.jpg 768w, https:\/\/vietnamcoffeeunited.com\/wp-content\/uploads\/2024\/08\/arabica-son-la-3-1-12x12.jpg 12w, https:\/\/vietnamcoffeeunited.com\/wp-content\/uploads\/2024\/08\/arabica-son-la-3-1-600x600.jpg 600w, https:\/\/vietnamcoffeeunited.com\/wp-content\/uploads\/2024\/08\/arabica-son-la-3-1-100x100.jpg 100w\" sizes=\"(max-width: 1080px) 100vw, 1080px\" \/><figcaption id=\"caption-attachment-5758\" class=\"wp-caption-text\">Arabica Son La S16<\/figcaption><\/figure>\n<h3><strong>Mua nh\u00e2n xanh Arabica S\u01a1n La ch\u1ea5t l\u01b0\u1ee3ng \u1edf \u0111\u00e2u?<\/strong><\/h3>\n<p>Hi\u1ec7n nay, VCU \u0111ang l\u00e0 \u0111\u01a1n v\u1ecb chuy\u00ean cung c\u1ea5p c\u00e0 ph\u00ea nh\u00e2n xanh, bao g\u1ed3m Robusta, Arabica, Excelsa v\u00e0 bao g\u1ed3m c\u1ea3<strong> Arabica Son La<\/strong>VCU s\u1edf h\u1eefu c\u00e1c \u01b0u \u0111i\u1ec3m v\u01b0\u1ee3t tr\u1ed9i:<\/p>\n<ul>\n<li>C\u00f3 m\u1ea1ng l\u01b0\u1edbi k\u1ebft n\u1ed1i r\u1ed9ng l\u1edbn v\u1edbi c\u00e1c h\u1ed9 n\u00f4ng d\u00e2n v\u00e0 \u0111\u1ea1i l\u00fd, nh\u1edd v\u1eady ngu\u1ed3n nguy\u00ean li\u1ec7u lu\u00f4n d\u1ed3i d\u00e0o v\u00e0 \u1ed5n \u0111\u1ecbnh quanh n\u0103m.<\/li>\n<li>T\u1ef1 s\u1ea3n xu\u1ea5t nh\u00e2n xanh n\u00ean ki\u1ec3m so\u00e1t ch\u1eb7t ch\u1ebd ch\u1ea5t l\u01b0\u1ee3ng \u0111\u1ea7u v\u00e0o, to\u00e0n b\u1ed9 h\u00e0ng \u0111\u01b0\u1ee3c t\u00e1ch \u0111\u00e1, b\u1eafn m\u00e0u \u0111\u1eb9p, s\u1ea1ch.<\/li>\n<li>Nh\u00e0 m\u00e1y s\u01a1 ch\u1ebf nh\u00e2n xanh \u0111\u01b0\u1ee3c \u0111\u1ea7u t\u01b0 v\u1ec1 trang thi\u1ebft b\u1ecb, c\u01a1 s\u1edf v\u1eadt ch\u1ea5t, \u0111\u00e1p \u1ee9ng quy tr\u00ecnh s\u1ea3n xu\u1ea5t cung c\u1ea5p ngu\u1ed3n c\u00e0 ph\u00ea ch\u1ea5t l\u01b0\u1ee3ng.<\/li>\n<li>Cung c\u1ea5p 100% c\u00e0 ph\u00ea rang m\u1ed9c, t\u00e1ch \u0111\u00e1 s\u1ea1ch, b\u1eafn m\u00e0u \u0111\u1eb9p, 2 m\u00e1y rang c\u00f4ng nghi\u1ec7p, \u0111\u00e1p \u1ee9ng s\u1ed1 l\u01b0\u1ee3ng 70 - 80 t\u1ea5n\/th\u00e1ng, h\u1ec7 th\u1ed1ng t\u1ef1 \u0111\u1ed9ng l\u01b0u profile, \u0111\u1ed3ng nh\u1ea5t c\u00e1c l\u1ea7n rang sau.<\/li>\n<li>Nh\u00e0 x\u01b0\u1edfng \u0111\u1ea1t ti\u00eau chu\u1ea9n ISO, FDA (XK M\u1ef8), h\u1ec7 th\u1ed1ng l\u01b0u kho kh\u00e9p k\u00edn, n\u00ean anh\/ch\u1ecb ho\u00e0n to\u00e0n y\u00ean t\u00e2m v\u1ec1 ch\u1ea5t l\u01b0\u1ee3ng c\u00e0 ph\u00ea.<\/li>\n<\/ul>\n<p>N\u1ebfu b\u1ea1n \u0111ang t\u00ecm ki\u1ebfm \u0111\u1ecba ch\u1ec9 cung c\u1ea5p c\u00e0 ph\u00ea n\u00f3i chung v\u00e0 c\u00e0 ph\u00ea <strong>Arabica Son La<\/strong> n\u00f3i ri\u00eang, h\u00e3y li\u00ean h\u1ec7 v\u1edbi VCU \u0111\u1ec3 \u0111\u01b0\u1ee3c t\u01b0 v\u1ea5n v\u00e0 b\u00e1o gi\u00e1 nh\u00e9!<\/p>\n<p><strong>\u0110\u1ecdc th\u00eam:<\/strong><\/p>\n<ol>\n<li><a href=\"https:\/\/vietnamcoffeeunited.com\/vi\/san-pham\/arabica-full-washed-cau-dat\/\">Arabica C\u1ea7u \u0110\u1ea5t Full Washed<\/a><\/li>\n<li><a href=\"https:\/\/vietnamcoffeeunited.com\/vi\/san-pham\/arabica-full-washed-son-la\/\">Arabica S\u01a1n La Full Washed<\/a><\/li>\n<\/ol>\n<h3><strong>Th\u00f4ng tin li\u00ean h\u1ec7<\/strong><\/h3>\n<p><strong>C\u00f4ng ty C\u1ed5 ph\u1ea7n VCU (VCU JSC)<\/strong><br \/>\n<strong>\u0110\u1ecba ch\u1ec9:<\/strong><br \/>\n\u2013\u00a0<strong>C\u01a1 s\u1edf rang:<\/strong>\u00a0T\u1ed5 d\u00e2n Ph\u1ed1 6,  th\u1ecb tr\u1ea5n Ch\u01b0 Pr\u00f4ng, huy\u1ec7n Ch\u01b0 Pr\u00f4ng, t\u1ec9nh Gia Lai<br \/>\n\u2013\u00a0<strong>C\u01a1 s\u1edf c\u00e0 ph\u00ea nh\u00e2n xanh:<\/strong>\u00a0X\u00e3 Ia Der, Huy\u1ec7n Ia Grai, T\u1ec9nh Gia Lai<\/p>\n<p><span class=\"elementor-icon-list-text\">\u2013\u00a0<strong>Hotline:\u00a0<\/strong><\/span>+84 941 203 879<\/p>\n<p>\u2013\u00a0<strong>Fanpage:\u00a0<a href=\"https:\/\/www.facebook.com\/vcuvietnamcoffeeunited\" target=\"_blank\" rel=\"noopener noreferrer nofollow\">VCU \u2013 Vietnam Coffee United<\/a><\/strong><\/p>\n<p><span class=\"elementor-icon-list-text\">\u2013\u00a0<strong>Email:<\/strong>\u00a0info@vietnamcoffeeunited.com<\/span><\/p>","protected":false},"excerpt":{"rendered":"<ul>\n<li><strong>Ph\u00e2n lo\u1ea1i<\/strong>: Th\u01b0\u01a1ng m\u1ea1i<\/li>\n<li><strong>Size<\/strong>: S14\/S16\/S18<\/li>\n<li><strong>Ph\u01b0\u01a1ng ph\u00e1p s\u01a1 ch\u1ebf<\/strong>: Full Washed<\/li>\n<li><strong>T\u1ef7 l\u1ec7 ch\u00edn<\/strong>: 95% \u2013 97%<\/li>\n<li><strong>Th\u1eddi gian s\u1eed d\u1ee5ng t\u1ed1t nh\u1ea5t<\/strong>: 24 th\u00e1ng<\/li>\n<li><strong>V\u00f9ng tr\u1ed3ng<\/strong>: S\u01a1n La (Vi\u1ec7t Nam)<\/li>\n<li><strong>\u0110\u00f3ng g\u00f3i:<\/strong>: 30kg\/bag, 60kg\/bag, jute bag or PP bag, or as customers requirement<\/li>\n<li><strong>\u0110\u1eb7t h\u00e0ng t\u1ed1i thi\u1ec3u<\/strong>: 5 t\u1ea5n ho\u1eb7c th\u01b0\u01a1ng l\u01b0\u1ee3ng<\/li>\n<li><strong>N\u0103ng l\u1ef1c s\u1ea3n xu\u1ea5t<\/strong>: 100 t\u1ea5n\/th\u00e1ng<\/li>\n<li><strong>Th\u1eddi gian giao h\u00e0ng<\/strong>: Trong v\u00f2ng 2-3 ng\u00e0y sau khi nh\u1eadn \u0111\u01b0\u1ee3c L\/C ho\u1eb7c ti\u1ec1n \u0111\u1eb7t c\u1ecdc t\u1eeb ng\u01b0\u1eddi mua<\/li>\n<li><strong>Ch\u00ednh s\u00e1ch thanh to\u00e1n:<\/strong>: T\/T, L\/C at sight<\/li>\n<li><strong>Ch\u1ee9ng t\u1eeb v\u1eadn chuy\u1ec3n<\/strong>: Inv, PL, BoL, CO, Phyto, Fumi.<\/li>\n<li><strong>C\u1ea3ng h\u00e0ng<\/strong>: C\u1ea3ng C\u00e1t L\u00e1i, TP. HCM<\/li>\n<\/ul>","protected":false},"featured_media":6197,"comment_status":"open","ping_status":"closed","template":"","meta":[],"product_cat":[146],"product_tag":[241,342,242,339,338,340,221,341,335],"_links":{"self":[{"href":"https:\/\/vietnamcoffeeunited.com\/vi\/wp-json\/wp\/v2\/product\/5489"}],"collection":[{"href":"https:\/\/vietnamcoffeeunited.com\/vi\/wp-json\/wp\/v2\/product"}],"about":[{"href":"https:\/\/vietnamcoffeeunited.com\/vi\/wp-json\/wp\/v2\/types\/product"}],"replies":[{"embeddable":true,"href":"https:\/\/vietnamcoffeeunited.com\/vi\/wp-json\/wp\/v2\/comments?post=5489"}],"wp:featuredmedia":[{"embeddable":true,"href":"https:\/\/vietnamcoffeeunited.com\/vi\/wp-json\/wp\/v2\/media\/6197"}],"wp:attachment":[{"href":"https:\/\/vietnamcoffeeunited.com\/vi\/wp-json\/wp\/v2\/media?parent=5489"}],"wp:term":[{"taxonomy":"product_cat","embeddable":true,"href":"https:\/\/vietnamcoffeeunited.com\/vi\/wp-json\/wp\/v2\/product_cat?post=5489"},{"taxonomy":"product_tag","embeddable":true,"href":"https:\/\/vietnamcoffeeunited.com\/vi\/wp-json\/wp\/v2\/product_tag?post=5489"}],"curies":[{"name":"wp","href":"https:\/\/api.w.org\/{rel}","templated":true}]}}