{"id":5485,"date":"2024-08-19T14:36:48","date_gmt":"2024-08-19T07:36:48","guid":{"rendered":"https:\/\/vietnamcoffeeunited.com\/?post_type=product&#038;p=5485"},"modified":"2025-08-20T15:54:55","modified_gmt":"2025-08-20T08:54:55","slug":"roasted-natural-robusta","status":"publish","type":"product","link":"https:\/\/vietnamcoffeeunited.com\/vi\/san-pham\/roasted-natural-robusta\/","title":{"rendered":"H\u1ea1t rang Robusta Natural"},"content":{"rendered":"<h2 style=\"text-align: center;\"><strong>H\u1ea1t rang Robusta Natural<\/strong><\/h2>\n<h3><strong>\u0110\u1eb7c \u0111i\u1ec3m c\u1ee7a c\u00e0 ph\u00ea Robusta<\/strong><\/h3>\n<p>C\u00e0 ph\u00ea Robusta chi\u1ebfm kho\u1ea3ng 90% di\u1ec7n t\u00edch c\u00e2y tr\u1ed3ng \u1edf Vi\u1ec7t Nam. V\u1edbi kh\u1ea3 n\u0103ng th\u00edch \u1ee9ng \u0111i\u1ec1u ki\u1ec7n kh\u00ed h\u1eadu th\u1eddi ti\u1ebft, th\u1ed5 nh\u01b0\u1ee1ng, Robusta ph\u00e1t tri\u1ec3n v\u00e0 cho s\u1ea3n l\u01b0\u1ee3ng cao, \u0111\u1eb7c bi\u1ec7t \u1edf v\u00f9ng T\u00e2y Nguy\u00ean.  \nRobusta c\u00f3 k\u00edch th\u01b0\u1edbc nh\u1ecf h\u01a1n Arabica, nh\u01b0ng l\u1ea1i c\u00f3 h\u00e0m l\u01b0\u1ee3ng caffein cao h\u01a1n, kho\u1ea3ng t\u1eeb 2 \u2013 4%. V\u00ec th\u1ebf, Robusta c\u00f3 h\u01b0\u01a1ng v\u1ecb \u0111\u1eadm \u0111\u00e0, m\u1ea1nh m\u1ebd v\u00e0 h\u1ee3p gu v\u1edbi ng\u01b0\u1eddi Vi\u1ec7t Nam. Tuy v\u1eady, nh\u1eefng n\u0103m g\u1ea7n \u0111\u00e2y, c\u00e0 ph\u00ea Robusta ng\u00e0y c\u00e0ng \u0111\u01b0\u1ee3c \u01b0a chu\u1ed9ng tr\u00ean th\u1ebf gi\u1edbi, \u0111\u1eb7c bi\u1ec7t l\u00e0 c\u00e1c d\u00f2ng c\u00e0 ph\u00ea \u0111\u1eb7c s\u1ea3n, c\u00e0 ph\u00ea ch\u1ea5t l\u01b0\u1ee3ng cao, trong \u0111\u00f3 c\u00f3 <strong>H\u1ea1t rang Robusta Natural<\/strong>.<\/p>\n<figure id=\"attachment_5690\" aria-describedby=\"caption-attachment-5690\" style=\"width: 1080px\" class=\"wp-caption alignnone\"><img decoding=\"async\" class=\"size-full wp-image-5690\" src=\"https:\/\/vietnamcoffeeunited.com\/wp-content\/uploads\/2024\/09\/Roasted-Natural-Robusta-3.jpg\" alt=\"Roasted Robusta Natural\" width=\"1080\" height=\"1080\" srcset=\"https:\/\/vietnamcoffeeunited.com\/wp-content\/uploads\/2024\/09\/Roasted-Natural-Robusta-3.jpg 1080w, https:\/\/vietnamcoffeeunited.com\/wp-content\/uploads\/2024\/09\/Roasted-Natural-Robusta-3-300x300.jpg 300w, https:\/\/vietnamcoffeeunited.com\/wp-content\/uploads\/2024\/09\/Roasted-Natural-Robusta-3-1024x1024.jpg 1024w, https:\/\/vietnamcoffeeunited.com\/wp-content\/uploads\/2024\/09\/Roasted-Natural-Robusta-3-150x150.jpg 150w, https:\/\/vietnamcoffeeunited.com\/wp-content\/uploads\/2024\/09\/Roasted-Natural-Robusta-3-768x768.jpg 768w, https:\/\/vietnamcoffeeunited.com\/wp-content\/uploads\/2024\/09\/Roasted-Natural-Robusta-3-12x12.jpg 12w, https:\/\/vietnamcoffeeunited.com\/wp-content\/uploads\/2024\/09\/Roasted-Natural-Robusta-3-600x600.jpg 600w, https:\/\/vietnamcoffeeunited.com\/wp-content\/uploads\/2024\/09\/Roasted-Natural-Robusta-3-100x100.jpg 100w\" sizes=\"(max-width: 1080px) 100vw, 1080px\" \/><figcaption id=\"caption-attachment-5690\" class=\"wp-caption-text\">Roasted Robusta Natural<\/figcaption><\/figure>\n<h3><strong>\u0110\u1eb7c \u0111i\u1ec3m c\u00e0 ph\u00ea Robusta Natural<\/strong><\/h3>\n<p>Robusta Natural \u0111\u01b0\u1ee3c hi\u1ec3u l\u00e0 d\u00f2ng c\u00e0 ph\u00ea Robusta \u0111\u01b0\u1ee3c ch\u1ebf bi\u1ebfn theo ph\u01b0\u01a1ng ph\u00e1p Natural\/ Unwashed, v\u00e0 c\u00f3 t\u1ef7 l\u1ec7 ch\u00edn cao (\u226597%). N\u00f3 \u0111\u01b0\u1ee3c x\u1ebfp h\u1ea1ng v\u00e0o d\u00f2ng c\u00e0 ph\u00ea ch\u1ea5t l\u01b0\u1ee3ng cao (Premium).\nC\u00e0 ph\u00ea \u0111\u01b0\u1ee3c thu h\u00e1i ch\u00edn, r\u1eeda s\u1ea1ch v\u00e0 ph\u01a1i kh\u00f4 c\u1ea9n th\u1eadn. H\u1ea1t c\u00e0 ph\u00ea \u0111\u01b0\u1ee3c ph\u01a1i tr\u1ef1c ti\u1ebfp d\u01b0\u1edbi \u00e1nh n\u1eafng m\u1eb7t tr\u1eddi t\u1eeb 1 \u2013 3 tu\u1ea7n. Khi v\u1ecf co l\u1ea1i, g\u1ea7n nh\u01b0 chuy\u1ec3n sang m\u00e0u \u0111en, \u0111\u1ed9 \u1ea9m c\u00e0 ph\u00ea gi\u1ea3m xu\u1ed1ng c\u00f2n 10 \u2013 12% th\u00ec s\u1ebd chuy\u1ec3n sang b\u01b0\u1edbc b\u00f3c v\u1ecf.<\/p>\n<p>Do c\u00e0 ph\u00ea \u0111\u01b0\u1ee3c ph\u01a1i n\u1eafng t\u1ef1 nhi\u00ean v\u00e0 b\u00f3c v\u1ecf sau khi kh\u00f4 n\u00ean qu\u00e1 tr\u00ecnh t\u00edch l\u0169y dinh d\u01b0\u1ee1ng trong h\u1ea1t di\u1ec5n ra t\u1eeb t\u1eeb, gi\u00fap h\u1ea1t c\u00f3 h\u01b0\u01a1ng v\u1ecb th\u01a1m ngon, \u00edt chua.\nSau khi tr\u1ea3i qua qu\u00e1 tr\u00ecnh ph\u01a1i kh\u00f4, b\u00f3c v\u1ecf, c\u00e0 ph\u00ea s\u1ebd ti\u1ebfp t\u1ee5c \u0111\u01b0\u1ee3c ph\u00e2n s\u00e0ng, ch\u1ea1y tr\u1ecdng l\u01b0\u1ee3ng v\u00e0 b\u1eafn m\u00e0u. \u1ede b\u01b0\u1edbc b\u1eafn m\u00e0u, s\u1ebd lo\u1ea1i b\u1ecf h\u1ea1t \u0111en, l\u1ed7i, v\u1ee1 v\u00e0 c\u00e1c h\u1ea1t xanh, kh\u00f4ng \u0111\u1ea1t ti\u00eau chu\u1ea9n. Cho ra d\u00f2ng c\u00e0 ph\u00ea Robusta Natural t\u1ef7 l\u1ec7 ch\u00edn cao.<\/p>\n<blockquote><p><strong>\u0110\u1ecdc th\u00eam: <a href=\"https:\/\/vietnamcoffeeunited.com\/vi\/san-pham\/robusta-natural\/\">Green Natural Robusta Coffee Beans<\/a><\/strong><\/p><\/blockquote>\n<h3><strong>C\u00e0 ph\u00ea h\u1ea1t rang Robusta Natural<\/strong><\/h3>\n<p>\u0110\u01b0\u1ee3c tuy\u1ec3n ch\u1ecdn t\u1eeb nh\u1eefng h\u1ea1t c\u00e0 ph\u00ea ch\u00edn, tr\u1ea3i qua qu\u00e1 tr\u00ecnh s\u01a1 ch\u1ebf nghi\u00eam ng\u1eb7t n\u00ean cho ra m\u00e3 h\u00e0ng Robusta Natural ch\u1ea5t l\u01b0\u1ee3ng cao, t\u1ef7 l\u1ec7 h\u1ea1t l\u1ed7i c\u1ef1c th\u1ea5p, gi\u1eef \u0111\u01b0\u1ee3c h\u01b0\u01a1ng v\u1ecb c\u00e0 ph\u00ea m\u1ea1nh m\u1ebd, \u0111\u1eb7c tr\u01b0ng v\u00e0 h\u00e0m l\u01b0\u1ee3ng caffein c\u00f3 trong h\u1ea1t c\u00e0 ph\u00ea sau rang.\nT\u1ea1i VCU, c\u00e0 ph\u00ea Robusta Natural \u0111\u01b0\u1ee3c s\u01a1 ch\u1ebf \u0111\u01a1n gi\u1ea3n, rang m\u1ed9c 100% gi\u1eef nguy\u00ean \u0111\u01b0\u1ee3c h\u01b0\u01a1ng v\u1ecb c\u00e0 ph\u00ea, s\u1ef1 \u0111\u1eadm \u0111\u00e0, h\u01b0\u01a1ng s\u00e2u c\u00f9ng, h\u1eadu v\u1ecb ng\u1ecdt c\u00f9ng l\u1edbp crema d\u00e0y, b\u00e9o.<\/p>\n<h3><strong>Th\u00f4ng tin s\u1ea3n ph\u1ea9m<\/strong><\/h3>\n<ul>\n<li><strong>T\u1ef7 l\u1ec7 h\u1ea1t ch\u00edn<\/strong>: \u2265 97%<\/li>\n<li><strong>Lo\u1ea1i<\/strong>: Premium<\/li>\n<li><strong>Size<\/strong>: S13\/S16\/S18<\/li>\n<li><strong>M\u1ee9c rang<\/strong>: Light\/ Medium\/ Dark<\/li>\n<li><strong>Th\u1eddi gian s\u1eed d\u1ee5ng t\u1ed1t nh\u1ea5t<\/strong>: 12 th\u00e1ng<\/li>\n<li><strong>\u0110\u00f3ng g\u00f3i:<\/strong>: 30kg\/bag (jute bag or PP bag), \u00a0500g\/bag * 32 bags\/carton, 1kg\/bag * 18 bags\/carton, 5kg\/bag * 3 bags\/carton<\/li>\n<li><strong>\u0110\u1eb7t h\u00e0ng t\u1ed1i thi\u1ec3u<\/strong>: 1 t\u1ea5n ho\u1eb7c th\u01b0\u01a1ng l\u01b0\u1ee3ng<\/li>\n<li><strong>C\u1ea3ng h\u00e0ng<\/strong>: C\u1ea3ng C\u00e1t L\u00e1i, TP. HCM<\/li>\n<\/ul>\n<h3><strong>Mua c\u00e0 ph\u00ea h\u1ea1t rang Robusta Natural \u1edf \u0111\u00e2u?<\/strong><\/h3>\n<p>VCU Coffee t\u1ef1 h\u00e0o l\u00e0 \u0111\u01a1n v\u1ecb uy t\u00edn v\u1edbi nhi\u1ec1u n\u0103m kinh nghi\u1ec7m trong s\u1ea3n xu\u1ea5t, ch\u1ebf bi\u1ebfn v\u00e0 ki\u1ec3m so\u00e1t ch\u1ea5t l\u01b0\u1ee3ng. Ch\u00fang t\u00f4i c\u00f3 kh\u1ea3 n\u0103ng cung c\u1ea5p c\u00e0 ph\u00ea nh\u00e2n xanh v\u00e0 c\u00e0 ph\u00ea h\u1ea1t rang ch\u1ea5t l\u01b0\u1ee3ng c\u00f9ng m\u1ee9c gi\u00e1 c\u1ea1nh tranh.<\/p>\n<figure id=\"attachment_5691\" aria-describedby=\"caption-attachment-5691\" style=\"width: 1080px\" class=\"wp-caption alignnone\"><img decoding=\"async\" class=\"size-full wp-image-5691\" src=\"https:\/\/vietnamcoffeeunited.com\/wp-content\/uploads\/2024\/09\/Roasted-Natural-Robusta-2.jpg\" alt=\"High-Ripeness Roasted Natural Robusta Coffee Beans\" width=\"1080\" height=\"1080\" srcset=\"https:\/\/vietnamcoffeeunited.com\/wp-content\/uploads\/2024\/09\/Roasted-Natural-Robusta-2.jpg 1080w, https:\/\/vietnamcoffeeunited.com\/wp-content\/uploads\/2024\/09\/Roasted-Natural-Robusta-2-300x300.jpg 300w, https:\/\/vietnamcoffeeunited.com\/wp-content\/uploads\/2024\/09\/Roasted-Natural-Robusta-2-1024x1024.jpg 1024w, https:\/\/vietnamcoffeeunited.com\/wp-content\/uploads\/2024\/09\/Roasted-Natural-Robusta-2-150x150.jpg 150w, https:\/\/vietnamcoffeeunited.com\/wp-content\/uploads\/2024\/09\/Roasted-Natural-Robusta-2-768x768.jpg 768w, https:\/\/vietnamcoffeeunited.com\/wp-content\/uploads\/2024\/09\/Roasted-Natural-Robusta-2-12x12.jpg 12w, https:\/\/vietnamcoffeeunited.com\/wp-content\/uploads\/2024\/09\/Roasted-Natural-Robusta-2-600x600.jpg 600w, https:\/\/vietnamcoffeeunited.com\/wp-content\/uploads\/2024\/09\/Roasted-Natural-Robusta-2-100x100.jpg 100w\" sizes=\"(max-width: 1080px) 100vw, 1080px\" \/><figcaption id=\"caption-attachment-5691\" class=\"wp-caption-text\">High-Ripeness Roasted Natural Robusta Coffee Beans<\/figcaption><\/figure>\n<p>V\u1edbi l\u1ee3i th\u1ebf n\u1eb1m t\u1ea1i v\u00f9ng nguy\u00ean li\u1ec7u c\u00f3 s\u1eb5n, t\u1ef1 s\u1ea3n xu\u1ea5t nh\u00e2n xanh, kh\u00f4ng qua trung gian, VCU t\u1ed1i \u01b0u h\u00f3a \u0111\u01b0\u1ee3c chi ph\u00ed, nh\u1edd v\u1eady, c\u00e0 ph\u00ea h\u1ea1t rang c\u00f3 th\u1ec3 ki\u1ec3m so\u00e1t \u0111\u01b0\u1ee3c ch\u1ea5t l\u01b0\u1ee3ng c\u0169ng nh\u01b0 gi\u00e1 th\u00e0nh.\nM\u00f4 h\u00ecnh kh\u00e9p k\u00edn t\u1eeb thu mua c\u00e0 ph\u00ea t\u01b0\u01a1i, l\u1ef1a ch\u1ecdn, s\u01a1 ch\u1ebf cho \u0111\u1ebfn s\u1ea3n xu\u1ea5t h\u1ea1t rang \u0111\u1ec1u ki\u1ec3m so\u00e1t \u0111\u01b0\u1ee3c ch\u1ea5t l\u01b0\u1ee3ng v\u00e0 \u0111\u1ed9 \u1ed5n \u0111\u1ecbnh c\u1ee7a Robusta Natural, cho ph\u00e9p VCU cung c\u1ea5p s\u1ea3n ph\u1ea9m cho kh\u00e1ch h\u00e0ng \u0111\u1ea1t ti\u00eau chu\u1ea9n xu\u1ea5t kh\u1ea9u.<\/p>\n<p>H\u01a1n th\u1ebf, x\u01b0\u1edfng rang VCU \u0111\u1ea1t ch\u1ee9ng nh\u1eadn ISO 22000:2018 v\u00e0 FDA, v\u00ec v\u1eady b\u1ea1n ho\u00e0n to\u00e0n c\u00f3 th\u1ec3 y\u00ean t\u00e2m v\u1ec1 ch\u1ea5t l\u01b0\u1ee3ng, qu\u00e1 tr\u00ecnh l\u01b0u kho kh\u00e9p k\u00edn. VCU s\u1edf h\u1eefu 2 m\u00e1y rang c\u00f4ng nghi\u1ec7p, cho ph\u00e9p ch\u00fang t\u00f4i s\u1ea3n xu\u1ea5t c\u00e0 ph\u00ea h\u1ea1t rang l\u00ean \u0111\u1ebfn 80 t\u1ea5n\/th\u00e1ng.<\/p>\n<p>N\u1ebfu b\u1ea1n c\u1ea7n c\u00e0 ph\u00ea <strong>H\u1ea1t rang Robusta Natural<\/strong> h\u00e3y nh\u1eafn tin ngay cho ch\u00fang t\u00f4i \u0111\u1ec3 \u0111\u01b0\u1ee3c t\u01b0 v\u1ea5n v\u00e0 b\u00e1o gi\u00e1.<\/p>\n<h3><strong>Th\u00f4ng tin li\u00ean h\u1ec7<\/strong><\/h3>\n<p><strong>C\u00f4ng ty C\u1ed5 ph\u1ea7n VCU (VCU JSC)<\/strong><br \/>\n<strong>\u0110\u1ecba ch\u1ec9:<\/strong><br \/>\n\u2013\u00a0<strong>C\u01a1 s\u1edf rang:<\/strong>\u00a0T\u1ed5 d\u00e2n Ph\u1ed1 6,  th\u1ecb tr\u1ea5n Ch\u01b0 Pr\u00f4ng, huy\u1ec7n Ch\u01b0 Pr\u00f4ng, t\u1ec9nh Gia Lai<br \/>\n\u2013\u00a0<strong>C\u01a1 s\u1edf c\u00e0 ph\u00ea nh\u00e2n xanh:<\/strong>\u00a0X\u00e3 Ia Der, Huy\u1ec7n Ia Grai, T\u1ec9nh Gia Lai<\/p>\n<p><span class=\"elementor-icon-list-text\">\u2013\u00a0<strong>Hotline:\u00a0<\/strong><\/span>+84 941 203 879<\/p>\n<p>\u2013\u00a0<strong>Fanpage:\u00a0<a href=\"https:\/\/www.facebook.com\/vcuvietnamcoffeeunited\" target=\"_blank\" rel=\"noopener noreferrer nofollow\">VCU \u2013 Vietnam Coffee United<\/a><\/strong><\/p>\n<p><span class=\"elementor-icon-list-text\">\u2013\u00a0<strong>Email:<\/strong>\u00a0info@vietnamcoffeeunited.com<\/span><\/p>","protected":false},"excerpt":{"rendered":"<ul>\n<li><strong>T\u1ef7 l\u1ec7 h\u1ea1t ch\u00edn<\/strong>: \u2265 97%<\/li>\n<li><strong>Lo\u1ea1i<\/strong>: Premium<\/li>\n<li><strong>Size<\/strong>: S13\/S16\/S18<\/li>\n<li><strong>M\u1ee9c rang<\/strong>: Light\/ Medium\/ Dark<\/li>\n<li><strong>Th\u1eddi gian s\u1eed d\u1ee5ng t\u1ed1t nh\u1ea5t<\/strong>: 12 th\u00e1ng<\/li>\n<li><strong>\u0110\u00f3ng g\u00f3i:<\/strong>: 30kg\/bag (jute bag or PP bag), \u00a0500g\/bag * 32 bags\/carton, 1kg\/bag * 18 bags\/carton, 5kg\/bag * 3 bags\/carton<\/li>\n<li><strong>\u0110\u1eb7t h\u00e0ng t\u1ed1i thi\u1ec3u<\/strong>: 1 t\u1ea5n ho\u1eb7c th\u01b0\u01a1ng l\u01b0\u1ee3ng<\/li>\n<li><strong>N\u0103ng l\u1ef1c s\u1ea3n xu\u1ea5t<\/strong>: 100 t\u1ea5n\/th\u00e1ng<\/li>\n<li><strong>Th\u1eddi gian giao h\u00e0ng<\/strong>: Trong v\u00f2ng 2-4 ng\u00e0y sau khi nh\u1eadn \u0111\u01b0\u1ee3c L\/C ho\u1eb7c ti\u1ec1n \u0111\u1eb7t c\u1ecdc c\u1ee7a kh\u00e1ch h\u00e0ng<\/li>\n<li><strong>Ch\u00ednh s\u00e1ch thanh to\u00e1n:<\/strong>: T\/T, L\/C at sight<\/li>\n<li><strong>Ch\u1ee9ng t\u1eeb v\u1eadn chuy\u1ec3n<\/strong>: Inv, PL, BoL, CO, Phyto, Fumi.<\/li>\n<li><strong>C\u1ea3ng h\u00e0ng<\/strong>: C\u1ea3ng C\u00e1t L\u00e1i, TP. HCM<\/li>\n<\/ul>","protected":false},"featured_media":6457,"comment_status":"open","ping_status":"closed","template":"","meta":[],"product_cat":[148],"product_tag":[208,333,332,312,334,221,297],"_links":{"self":[{"href":"https:\/\/vietnamcoffeeunited.com\/vi\/wp-json\/wp\/v2\/product\/5485"}],"collection":[{"href":"https:\/\/vietnamcoffeeunited.com\/vi\/wp-json\/wp\/v2\/product"}],"about":[{"href":"https:\/\/vietnamcoffeeunited.com\/vi\/wp-json\/wp\/v2\/types\/product"}],"replies":[{"embeddable":true,"href":"https:\/\/vietnamcoffeeunited.com\/vi\/wp-json\/wp\/v2\/comments?post=5485"}],"wp:featuredmedia":[{"embeddable":true,"href":"https:\/\/vietnamcoffeeunited.com\/vi\/wp-json\/wp\/v2\/media\/6457"}],"wp:attachment":[{"href":"https:\/\/vietnamcoffeeunited.com\/vi\/wp-json\/wp\/v2\/media?parent=5485"}],"wp:term":[{"taxonomy":"product_cat","embeddable":true,"href":"https:\/\/vietnamcoffeeunited.com\/vi\/wp-json\/wp\/v2\/product_cat?post=5485"},{"taxonomy":"product_tag","embeddable":true,"href":"https:\/\/vietnamcoffeeunited.com\/vi\/wp-json\/wp\/v2\/product_tag?post=5485"}],"curies":[{"name":"wp","href":"https:\/\/api.w.org\/{rel}","templated":true}]}}