{"id":5478,"date":"2024-08-16T16:51:59","date_gmt":"2024-08-16T09:51:59","guid":{"rendered":"https:\/\/vietnamcoffeeunited.com\/?post_type=product&#038;p=5478"},"modified":"2025-03-26T14:58:47","modified_gmt":"2025-03-26T07:58:47","slug":"premium-arabica-coffee","status":"publish","type":"product","link":"https:\/\/vietnamcoffeeunited.com\/vi\/san-pham\/premium-arabica-coffee\/","title":{"rendered":"Premium Arabica Coffee"},"content":{"rendered":"<h2 style=\"text-align: center;\"><strong>Premium Arabica Coffee<\/strong><\/h2>\n<h3><strong>C\u00e0 ph\u00ea Arabica<\/strong><\/h3>\n<p>C\u00e0 ph\u00ea Arabica c\u00f3 h\u00e0m l\u01b0\u1ee3ng caffein t\u1eeb 1-2%. \u1ede Vi\u1ec7t Nam, <strong>Premium Arabica<\/strong> c\u00f3 th\u1ec3 t\u00ecm th\u1ea5y \u1edf nh\u1eefng v\u00f9ng cao, c\u00f3 khi h\u1eadu m\u00e1t m\u1ebb nh\u01b0 L\u00e2m \u0110\u1ed3ng, S\u01a1n La, \u0110i\u1ec7n Bi\u00ean, Khe Sanh (Qu\u1ea3ng Tr\u1ecb).<\/p>\n<figure id=\"attachment_5760\" aria-describedby=\"caption-attachment-5760\" style=\"width: 1080px\" class=\"wp-caption alignnone\"><img decoding=\"async\" class=\"size-full wp-image-5760\" src=\"https:\/\/vietnamcoffeeunited.com\/wp-content\/uploads\/2024\/09\/premium-arabica-3.jpg\" alt=\"High Quality Arabica Coffee\" width=\"1080\" height=\"1080\" srcset=\"https:\/\/vietnamcoffeeunited.com\/wp-content\/uploads\/2024\/09\/premium-arabica-3.jpg 1080w, https:\/\/vietnamcoffeeunited.com\/wp-content\/uploads\/2024\/09\/premium-arabica-3-300x300.jpg 300w, https:\/\/vietnamcoffeeunited.com\/wp-content\/uploads\/2024\/09\/premium-arabica-3-1024x1024.jpg 1024w, https:\/\/vietnamcoffeeunited.com\/wp-content\/uploads\/2024\/09\/premium-arabica-3-150x150.jpg 150w, https:\/\/vietnamcoffeeunited.com\/wp-content\/uploads\/2024\/09\/premium-arabica-3-768x768.jpg 768w, https:\/\/vietnamcoffeeunited.com\/wp-content\/uploads\/2024\/09\/premium-arabica-3-12x12.jpg 12w, https:\/\/vietnamcoffeeunited.com\/wp-content\/uploads\/2024\/09\/premium-arabica-3-600x600.jpg 600w, https:\/\/vietnamcoffeeunited.com\/wp-content\/uploads\/2024\/09\/premium-arabica-3-100x100.jpg 100w\" sizes=\"(max-width: 1080px) 100vw, 1080px\" \/><figcaption id=\"caption-attachment-5760\" class=\"wp-caption-text\">High Quality Arabica Coffee<\/figcaption><\/figure>\n<h4><strong>C\u00e0 ph\u00ea Arabica C\u1ea7u \u0110\u1ea5t (L\u00e2m \u0110\u1ed3ng)<\/strong><\/h4>\n<p>\u0110i\u1ec1u ki\u1ec7n thu\u1eadn l\u1ee3i t\u1eeb th\u1ed5 nh\u01b0\u1ee1ng \u0111\u1ebfn kh\u00ed h\u1eadu \u0111\u00e3 t\u1ea1o s\u1ef1 thu\u1eadn l\u1ee3i cho Arabica C\u1ea7u \u0110\u1ea5t ph\u00e1t tri\u1ec3n, ch\u1ea5t l\u01b0\u1ee3ng cao v\u00e0 \u0111\u01b0\u1ee3c m\u1ec7nh danh l\u00e0 \u201cn\u1eef ho\u00e0ng c\u00e0 ph\u00ea Vi\u1ec7t\u201d v\u00e0 n\u1eb1m trong top c\u00e0 ph\u00ea th\u01a1m ngon b\u1eadc nh\u1ea5t th\u1ebf gi\u1edbi. \nH\u01b0\u01a1ng v\u1ecb c\u00e0 ph\u00ea Arabica L\u00e2m \u0110\u1ed3ng \u0111\u01b0\u1ee3c mi\u00eau t\u1ea3 nh\u01b0 sau: v\u1ecb chua thanh, \u0111\u1eafng nh\u1eb9 t\u1ea1o n\u00ean s\u1ef1 thanh tao, qu\u00fd ph\u00e1i v\u00e0 sang tr\u1ecdng.\nV\u00f9ng \u0111\u1ea5t c\u00e0ng cao, nhi\u1ec7t \u0111\u1ed9 c\u00e0ng th\u1ea5p th\u00ec ch\u1ea5t l\u01b0\u1ee3ng c\u00e0 ph\u00ea Arabica c\u00e0ng ngon. V\u1edbi \u0111\u1ed9 cao tr\u00ean 1600m so v\u1edbi m\u1ef1c n\u01b0\u1edbc bi\u1ec3n, kh\u00ed h\u1eadu l\u1ea1nh, s\u01b0\u01a1ng m\u00f9 k\u1ebft h\u1ee3p c\u00f9ng quy tr\u00ecnh thu h\u00e1i c\u00e0 ph\u00ea c\u00f4ng phu, ch\u1ec9 tr\u00e1i ch\u00edn \u0111\u00e3 t\u1ea1o n\u00ean thi\u00ean \u0111\u01b0\u1eddng Arabica t\u1ea1i t\u1ec9nh L\u00e2m \u0110\u1ed3ng (Vi\u1ec7t Nam).<\/p>\n<blockquote><p>\u0110\u1ecdc th\u00eam: <a href=\"https:\/\/vietnamcoffeeunited.com\/vi\/san-pham\/arabica-full-washed-cau-dat\/\">Arabica C\u1ea7u \u0110\u1ea5t Full Washed<\/a><\/p><\/blockquote>\n<h4><strong>C\u00e0 ph\u00ea Arabica \u1edf T\u00e2y B\u1eafc<\/strong><\/h4>\n<p>Ch\u00fang t\u00f4i g\u1ecdi chung v\u00ec \u1edf \u0111\u00e2y g\u1ed3m c\u00e0 ph\u00ea Arabica t\u1ea1i t\u1ec9nh S\u01a1n La v\u00e0 t\u1ec9nh \u0110i\u1ec7n Bi\u00ean. Th\u1ed5 nh\u01b0\u1ee1ng v\u00e0 kh\u00ed h\u1eadu l\u1ea1nh \u1edf \u0111\u00e2y c\u0169ng t\u1ea1o \u0111i\u1ec1u ki\u1ec7n thu\u1eadn l\u1ee3i cho c\u00e0 ph\u00ea Arabica ph\u00e1t tri\u1ec3n, g\u00f3p ph\u1ea7n v\u00e0o s\u1ea3n l\u01b0\u1ee3ng c\u00e0 ph\u00ea chung c\u1ee7a Vi\u1ec7t Nam.\nC\u00e0 ph\u00ea Arabica S\u01a1n La \u0111\u01b0\u1ee3c tr\u1ed3ng tr\u00ean c\u00e1c s\u01b0\u1eddn d\u1ed1c d\u01b0\u1edbi d\u00e3y n\u00fai th\u1ea5p haowjc tr\u00ean \u0111\u1ed3i n\u00f4ng v\u1edbi \u0111\u1ed9 cao t\u1eeb 900 \u2013 1200m. C\u00f9ng v\u1edbi kh\u00ed h\u1eadu m\u01b0a nhi\u1ec1u, l\u1ea1nh \u0111\u00e3 gi\u00fap S\u01a1n La l\u00e0 t\u1ec9nh tr\u1ed3ng c\u00e0 ph\u00ea Arabica l\u1edbn th\u1ee9 2 c\u1ee7a Vi\u1ec7t Nam.<\/p>\n<blockquote><p>\u0110\u1ecdc th\u00eam: <a href=\"https:\/\/vietnamcoffeeunited.com\/vi\/san-pham\/arabica-full-washed-son-la\/\">Arabica S\u01a1n La Full Washed<\/a><\/p><\/blockquote>\n<p><iframe title=\"ARABICA S\u01a0N LA | VCU JSC #coffee #coffeebeansroasting #arabicacoffee #arabicasonla\" width=\"800\" height=\"600\" src=\"https:\/\/www.youtube.com\/embed\/MzLX93p1H3k?feature=oembed\" frameborder=\"0\" allow=\"accelerometer; autoplay; clipboard-write; encrypted-media; gyroscope; picture-in-picture; web-share\" referrerpolicy=\"strict-origin-when-cross-origin\" allowfullscreen><\/iframe><\/p>\n<h4><strong>Khe Sanh Arabica Coffee (Quang Tri Province)<\/strong><\/h4>\n<p>\u0110\u1ed9 cao v\u00f9ng \u0111\u1ea5t n\u00e0y ch\u1ec9 n\u1eb1m t\u1eeb 350 \u2013 500m so v\u1edbi m\u1ef1c n\u01b0\u1edbc bi\u1ec3n. Tuy nhi\u00ean, Khe Sanh \u0111ang \u0111\u01b0\u1ee3c Hi\u1ec7p h\u1ed9i C\u00e0 ph\u00ea \u2013 Ca Cao Vi\u1ec7t Nam ch\u1ecdn l\u00e0m n\u01a1i th\u1eed nghi\u1ec7m m\u00f4 h\u00ecnh s\u1ea3n xu\u1ea5t c\u00e0 ph\u00ea ch\u1ea5t l\u01b0\u1ee3ng cao v\u00e0 \u0111\u00e3 cho ra k\u1ebft qu\u1ea3 v\u01b0\u1ee3t mong \u0111\u1ee3i.<\/p>\n<h3><strong>C\u00e0 ph\u00ea ch\u1ea5t l\u01b0\u1ee3ng cao Arabica<\/strong><\/h3>\n<p>\u0110\u1ed1i v\u1edbi d\u00f2ng c\u00e0 ph\u00ea ch\u1ea5t l\u01b0\u1ee3ng cao Arabica, \u0111\u01b0\u1ee3c thu h\u00e1i b\u1eb1ng tay ho\u00e0n to\u00e0n, t\u1ef7 l\u1ec7 ch\u00edn th\u1ea5p nh\u1ea5t l\u00e0 97% \u0111\u1ec3 t\u1ea1o n\u00ean s\u1ef1 \u0111\u1ed3ng \u0111\u1ec1u v\u1ec1 m\u00e0u s\u1eafc, ch\u1ea5t l\u01b0\u1ee3ng v\u00e0 h\u01b0\u01a1ng v\u1ecb sau rang. \nC\u00e0 ph\u00ea Arabica \u0111\u01b0\u1ee3c tuy\u1ec3n ch\u1ecdn, s\u01a1 ch\u1ebf k\u1ef9 l\u01b0\u1ee1ng, ch\u1ea1y tr\u1ecdng l\u01b0\u1ee3ng, ph\u00e2n s\u00e0ng, b\u1eafn m\u00e0u, t\u00e1ch \u0111\u00e1 nh\u1eb1m gi\u1ea3m t\u1ed1i thi\u1ec3u t\u1ef7 l\u1ec7 \u0111en, t\u1ea1p, v\u1ee1, c\u00e1c h\u1ea1t s\u00e2u v\u00e0 l\u1ed7i c\u00f3 trong l\u00f4 h\u00e0ng, \u0111\u1ea3m b\u1ea3o \u0111\u1ea1t chu\u1ea9n.<br \/>\nD\u1ef1a tr\u00ean thang \u0111i\u1ec3m c\u1ee7a SCA, s\u1ea3n ph\u1ea9m premium th\u01b0\u1eddng \u0111\u1ea1t t\u1eeb 75 \u0111\u1ebfn d\u01b0\u1edbi 80 \u0111i\u1ec3m. Trong 300gram c\u00e0 ph\u00ea, th\u01b0\u1eddng s\u1ebd cho ph\u00e9p kh\u00f4ng qu\u00e1 8 full defects. M\u1eabu ph\u1ea3i c\u00f3 \u00edt nh\u1ea5t m\u1ed9t thu\u1ed9c t\u00ednh \u0111\u1eb7c bi\u1ec7t: taste, acidity, body, aroma.<\/p>\n<p><strong>\u0110\u1ecdc th\u00eam: <a href=\"https:\/\/vietnamcoffeeunited.com\/vi\/san-pham\/arabica-specialty-coffee-vietnam\/\">Specialty Arabica Coffee<\/a><\/strong><\/p>\n<h3><strong>Th\u00f4ng tin s\u1ea3n ph\u1ea9m<\/strong><\/h3>\n<ul>\n<li>Ph\u00e2n lo\u1ea1i: c\u00e0 ph\u00ea Premium Arabica<\/li>\n<li>T\u1ef7 l\u1ec7 ch\u00edn: t\u1eeb 97%<\/li>\n<li>\u0110\u1ed9 \u1ea9m: 12.5% max<\/li>\n<li>\u0110en \u2013 V\u1ee1 - T\u1ea1p: 0% - 0.5% - 0%<\/li>\n<li>Ph\u01b0\u01a1ng ph\u00e1p s\u01a1 ch\u1ebf: Honey, Full Washed, Natural<\/li>\n<li>Size: S14\/S16\/S18<\/li>\n<li>Shelf Lift: 24 months<\/li>\n<li>C\u1ea3ng xu\u1ea5t h\u00e0ng: C\u1ea3ng C\u00e1t L\u00e1i, TP. HCM<\/li>\n<li>Xu\u1ea5t x\u1ee9: Vi\u1ec7t Nam<\/li>\n<li>Shelf Lift: 24 months<\/li>\n<\/ul>\n<figure id=\"attachment_5761\" aria-describedby=\"caption-attachment-5761\" style=\"width: 1080px\" class=\"wp-caption alignnone\"><img decoding=\"async\" class=\"size-full wp-image-5761\" src=\"https:\/\/vietnamcoffeeunited.com\/wp-content\/uploads\/2024\/09\/premium-arabica-2.jpg\" alt=\"Premium Arabica coffee\" width=\"1080\" height=\"1080\" srcset=\"https:\/\/vietnamcoffeeunited.com\/wp-content\/uploads\/2024\/09\/premium-arabica-2.jpg 1080w, https:\/\/vietnamcoffeeunited.com\/wp-content\/uploads\/2024\/09\/premium-arabica-2-300x300.jpg 300w, https:\/\/vietnamcoffeeunited.com\/wp-content\/uploads\/2024\/09\/premium-arabica-2-1024x1024.jpg 1024w, https:\/\/vietnamcoffeeunited.com\/wp-content\/uploads\/2024\/09\/premium-arabica-2-150x150.jpg 150w, https:\/\/vietnamcoffeeunited.com\/wp-content\/uploads\/2024\/09\/premium-arabica-2-768x768.jpg 768w, https:\/\/vietnamcoffeeunited.com\/wp-content\/uploads\/2024\/09\/premium-arabica-2-12x12.jpg 12w, https:\/\/vietnamcoffeeunited.com\/wp-content\/uploads\/2024\/09\/premium-arabica-2-600x600.jpg 600w, https:\/\/vietnamcoffeeunited.com\/wp-content\/uploads\/2024\/09\/premium-arabica-2-100x100.jpg 100w\" sizes=\"(max-width: 1080px) 100vw, 1080px\" \/><figcaption id=\"caption-attachment-5761\" class=\"wp-caption-text\">Premium Arabica coffee<\/figcaption><\/figure>\n<h3><strong>T\u1ea1i sao n\u00ean ch\u1ecdn VCU JSC?<\/strong><\/h3>\n<p>T\u1ecda l\u1ea1c t\u1ea1i v\u00f9ng nguy\u00ean li\u1ec7u Gia Lai, m\u1ed9t trong nh\u1eefng v\u00f9ng tr\u1ed3ng c\u00e0 ph\u00ea l\u1edbn nh\u1ea5t Vi\u1ec7t Nam. Mang trong m\u00ecnh \u0111am m\u00ea c\u00f9ng khao kh\u00e1t mang c\u00e0 ph\u00ea Vi\u1ec7t ra th\u1ebf gi\u1edbi, VCU lu\u00f4n x\u00e2y d\u1ef1ng quy tr\u00ecnh s\u1ea3n xu\u1ea5t v\u00e0 cung c\u1ea5p s\u1ea3n ph\u1ea9m:<\/p>\n<ul>\n<li>\u0110\u00fang quy tr\u00ecnh t\u1eeb tr\u1ed3ng tr\u1ecdt \u0111\u1ebfn thu ho\u1ea1ch, s\u01a1 ch\u1ebf.<\/li>\n<li>\u0110\u00fang trong k\u1ef9 thu\u1eadt rang xay<\/li>\n<li>\u0110\u00fang trong k\u1ebft n\u1ed1i v\u1edbi h\u1ed9 n\u00f4ng d\u00e2n, \u0111\u1ea3m b\u1ea3o nh\u1eefng v\u1ea5t v\u1ea3, gi\u1ecdt m\u1ed3 h\u00f4i, c\u00f4ng s\u1ee9c c\u1ee7a h\u1ecd l\u00e0 x\u1ee9ng \u0111\u00e1ng<\/li>\n<li>\u0110\u00fang trong giao d\u1ecbch v\u1edbi kh\u00e1ch h\u00e0ng, \u0111\u1ea3m b\u1ea3o s\u1ed1 ti\u1ec1n h\u1ecd b\u1ecf ra mua c\u00e0 ph\u00ea l\u00e0 x\u1ee9ng \u0111\u00e1ng.<br \/>\nCh\u00fang t\u00f4i kh\u00f4ng ch\u1ec9 s\u1ea3n xu\u1ea5t c\u00e0 ph\u00ea nh\u00e2n xanh \u0111\u1ec3 cung c\u1ea5p cho th\u1ecb tr\u01b0\u1eddng n\u1ed9i \u0111\u1ecba m\u00e0 c\u00f2n xu\u1ea5t kh\u1ea9u sang c\u00e1c qu\u1ed1c gia v\u00e0 v\u00f9ng l\u00e3nh th\u1ed5 nh\u01b0 M\u1ef9, Nh\u1eadt B\u1ea3n, Philippines, \u00dac, Singapore\u2026<\/li>\n<\/ul>\n<p>Li\u00ean h\u1ec7 ngay v\u1edbi ch\u00fang t\u00f4i \u0111\u1ec3 \u0111\u01b0\u1ee3c t\u01b0 v\u1ea5n v\u00e0 b\u00e1o gi\u00e1 khi b\u1ea1n c\u00f3 nhu c\u1ea7u mua <strong>Premium Arabica<\/strong> Coffee!<\/p>\n<div class=\"elementor-element elementor-element-8f4596a elementor-widget elementor-widget-woocommerce-product-content\" data-id=\"8f4596a\" data-element_type=\"widget\" data-widget_type=\"woocommerce-product-content.default\">\n<div class=\"elementor-widget-container\">\n<h3><strong>Th\u00f4ng tin li\u00ean h\u1ec7<\/strong><\/h3>\n<p><strong>C\u00f4ng ty C\u1ed5 ph\u1ea7n VCU (VCU JSC)<\/strong><br \/>\n<strong>\u0110\u1ecba ch\u1ec9:<\/strong><br \/>\n\u2013\u00a0<strong>C\u01a1 s\u1edf rang:<\/strong>\u00a0T\u1ed5 d\u00e2n Ph\u1ed1 6,  th\u1ecb tr\u1ea5n Ch\u01b0 Pr\u00f4ng, huy\u1ec7n Ch\u01b0 Pr\u00f4ng, t\u1ec9nh Gia Lai<br \/>\n\u2013\u00a0<strong>C\u01a1 s\u1edf c\u00e0 ph\u00ea nh\u00e2n xanh:<\/strong>\u00a0X\u00e3 Ia Der, Huy\u1ec7n Ia Grai, T\u1ec9nh Gia Lai<\/p>\n<p><span class=\"elementor-icon-list-text\">\u2013\u00a0<strong>Hotline:\u00a0<\/strong><\/span>+84 941 203 879<\/p>\n<p>\u2013\u00a0<strong>Fanpage:\u00a0<a href=\"https:\/\/www.facebook.com\/vcuvietnamcoffeeunited\" target=\"_blank\" rel=\"noopener noreferrer nofollow\">VCU \u2013 Vietnam Coffee United<\/a><\/strong><\/p>\n<p><span class=\"elementor-icon-list-text\">\u2013\u00a0<strong>Email:<\/strong>\u00a0info@vietnamcoffeeunited.com<\/span><\/p>\n<\/div>\n<\/div>","protected":false},"excerpt":{"rendered":"<ul>\n<li><strong>T\u1ef7 l\u1ec7 ch\u00edn<\/strong>: 97% min<\/li>\n<li><strong>\u0110\u1ed9 \u1ea9m:<\/strong>: 12.5% max<\/li>\n<li><strong>Ph\u01b0\u01a1ng ph\u00e1p s\u01a1 ch\u1ebf<\/strong>: Honey, Full Washed, Natural<\/li>\n<li><strong>Ph\u00e2n lo\u1ea1i<\/strong>: Premium<\/li>\n<li><strong>Size<\/strong>: S14\/S16\/S18<\/li>\n<li><strong>Th\u1eddi gian s\u1eed d\u1ee5ng t\u1ed1t nh\u1ea5t<\/strong>: 24 th\u00e1ng<\/li>\n<li><strong>V\u00f9ng tr\u1ed3ng<\/strong>: Vi\u1ec7t Nam<\/li>\n<li><strong>\u0110\u00f3ng g\u00f3i:<\/strong>: 30kg\/bag, 60kg\/bag, jute bag or PP bag, or as customers requirement<\/li>\n<li><strong>\u0110\u1eb7t h\u00e0ng t\u1ed1i thi\u1ec3u<\/strong>: 5 t\u1ea5n ho\u1eb7c th\u01b0\u01a1ng l\u01b0\u1ee3ng<\/li>\n<li><strong>N\u0103ng l\u1ef1c s\u1ea3n xu\u1ea5t<\/strong>: 100 t\u1ea5n\/th\u00e1ng<\/li>\n<li><strong>Th\u1eddi gian giao h\u00e0ng<\/strong>: Trong v\u00f2ng 2-3 ng\u00e0y sau khi nh\u1eadn \u0111\u01b0\u1ee3c L\/C ho\u1eb7c ti\u1ec1n \u0111\u1eb7t c\u1ecdc t\u1eeb ng\u01b0\u1eddi mua<\/li>\n<li><strong>Ch\u00ednh s\u00e1ch thanh to\u00e1n:<\/strong>: T\/T, L\/C at sight<\/li>\n<li><strong>Ch\u1ee9ng t\u1eeb v\u1eadn chuy\u1ec3n<\/strong>: Inv, PL, BoL, CO, Phyto, Fumi.<\/li>\n<li><strong>C\u1ea3ng h\u00e0ng<\/strong>: C\u1ea3ng C\u00e1t L\u00e1i, TP. HCM<\/li>\n<li><strong>Ngo\u00e0i ra<\/strong>: <a href=\"https:\/\/vietnamcoffeeunited.com\/vi\/san-pham\/arabica-specialty-coffee-vietnam\/\">C\u00e0 ph\u00ea Arabica Specialty Vi\u1ec7t Nam<\/a><\/li>\n<\/ul>","protected":false},"featured_media":6195,"comment_status":"open","ping_status":"closed","template":"","meta":[],"product_cat":[146],"product_tag":[329,241,330,327,331,328,212,221],"_links":{"self":[{"href":"https:\/\/vietnamcoffeeunited.com\/vi\/wp-json\/wp\/v2\/product\/5478"}],"collection":[{"href":"https:\/\/vietnamcoffeeunited.com\/vi\/wp-json\/wp\/v2\/product"}],"about":[{"href":"https:\/\/vietnamcoffeeunited.com\/vi\/wp-json\/wp\/v2\/types\/product"}],"replies":[{"embeddable":true,"href":"https:\/\/vietnamcoffeeunited.com\/vi\/wp-json\/wp\/v2\/comments?post=5478"}],"wp:featuredmedia":[{"embeddable":true,"href":"https:\/\/vietnamcoffeeunited.com\/vi\/wp-json\/wp\/v2\/media\/6195"}],"wp:attachment":[{"href":"https:\/\/vietnamcoffeeunited.com\/vi\/wp-json\/wp\/v2\/media?parent=5478"}],"wp:term":[{"taxonomy":"product_cat","embeddable":true,"href":"https:\/\/vietnamcoffeeunited.com\/vi\/wp-json\/wp\/v2\/product_cat?post=5478"},{"taxonomy":"product_tag","embeddable":true,"href":"https:\/\/vietnamcoffeeunited.com\/vi\/wp-json\/wp\/v2\/product_tag?post=5478"}],"curies":[{"name":"wp","href":"https:\/\/api.w.org\/{rel}","templated":true}]}}