{"id":5460,"date":"2024-08-14T14:55:36","date_gmt":"2024-08-14T07:55:36","guid":{"rendered":"https:\/\/vietnamcoffeeunited.com\/?post_type=product&#038;p=5460"},"modified":"2025-08-20T14:45:32","modified_gmt":"2025-08-20T07:45:32","slug":"drip-bag-coffee","status":"publish","type":"product","link":"https:\/\/vietnamcoffeeunited.com\/vi\/san-pham\/drip-bag-coffee\/","title":{"rendered":"C\u00e0 ph\u00ea phin gi\u1ea5y"},"content":{"rendered":"<h2 style=\"text-align: center;\"><strong>C\u00e0 ph\u00ea phin gi\u1ea5y<\/strong><\/h2>\n<h3><strong>Gi\u1edbi thi\u1ec7u c\u00e0 ph\u00ea phin gi\u1ea5y<\/strong><\/h3>\n<p><strong>Drip bag coffee<\/strong> ng\u00e0y c\u00e0ng \u0111\u01b0\u1ee3c \u01b0a chu\u1ed9ng b\u1edfi s\u1ef1 ti\u1ec7n l\u1ee3i v\u00e0 \u0111\u01a1n gi\u1ea3n. Ch\u1ec9 v\u1edbi 1 g\u00f3i drip bag, kh\u00e1ch h\u00e0ng v\u1eabn c\u00f3 th\u1ec3 th\u01b0\u1edfng th\u1ee9c tr\u1ecdn v\u1eb9n h\u01b0\u01a1ng v\u1ecb c\u00e0 ph\u00ea nguy\u00ean ch\u1ea5t m\u00e0 kh\u00f4ng c\u1ea7n t\u1ed1n qu\u00e1 nhi\u1ec1u th\u1eddi gian v\u00e0 chi ph\u00ed.<\/p>\n<p>\u0110\u1ed1i v\u1edbi c\u00e1c k\u00eanh qu\u00e1n kinh doanh c\u00e0 ph\u00ea phin, ho\u00e0n to\u00e0n c\u00f3 th\u1ec3 thay th\u1ebf phin truy\u1ec1n th\u1ed1ng b\u1eb1ng phin gi\u1ea5y, v\u1eeba ti\u1ec7n l\u1ee3i, th\u01a1m ngon \u0111\u1ed3ng th\u1eddi c\u0169ng b\u1ea3o v\u1ec7 m\u00f4i tr\u01b0\u1eddng. S\u1ea3n ph\u1ea9m \u0111\u01b0\u1ee3c s\u1eed d\u1ee5ng phin gi\u1ea5y do Nh\u1eadt B\u1ea3n s\u1ea3n xu\u1ea5y, bao b\u00ec th\u00e2n thi\u1ec7n v\u1edbi m\u00f4i tr\u01b0\u1eddng, \u0111\u1ea3m b\u1ea3o an to\u00e0n cho ng\u01b0\u1eddi s\u1eed d\u1ee5ng.<\/p>\n<figure id=\"attachment_5746\" aria-describedby=\"caption-attachment-5746\" style=\"width: 1000px\" class=\"wp-caption alignnone\"><img decoding=\"async\" class=\"wp-image-5746 size-full\" src=\"https:\/\/vietnamcoffeeunited.com\/wp-content\/uploads\/2024\/08\/Drip-bag-coffee-2-1.jpg\" alt=\"Drip bag coffee\" width=\"1000\" height=\"1000\" srcset=\"https:\/\/vietnamcoffeeunited.com\/wp-content\/uploads\/2024\/08\/Drip-bag-coffee-2-1.jpg 1000w, https:\/\/vietnamcoffeeunited.com\/wp-content\/uploads\/2024\/08\/Drip-bag-coffee-2-1-300x300.jpg 300w, https:\/\/vietnamcoffeeunited.com\/wp-content\/uploads\/2024\/08\/Drip-bag-coffee-2-1-150x150.jpg 150w, https:\/\/vietnamcoffeeunited.com\/wp-content\/uploads\/2024\/08\/Drip-bag-coffee-2-1-768x768.jpg 768w, https:\/\/vietnamcoffeeunited.com\/wp-content\/uploads\/2024\/08\/Drip-bag-coffee-2-1-12x12.jpg 12w, https:\/\/vietnamcoffeeunited.com\/wp-content\/uploads\/2024\/08\/Drip-bag-coffee-2-1-600x600.jpg 600w, https:\/\/vietnamcoffeeunited.com\/wp-content\/uploads\/2024\/08\/Drip-bag-coffee-2-1-100x100.jpg 100w\" sizes=\"(max-width: 1000px) 100vw, 1000px\" \/><figcaption id=\"caption-attachment-5746\" class=\"wp-caption-text\">Drip bag coffee<\/figcaption><\/figure>\n<h3><strong>Th\u00f4ng tin s\u1ea3n ph\u1ea9m<\/strong><\/h3>\n<ul>\n<li>Th\u01b0\u01a1ng hi\u1ec7u: VCU JSC<\/li>\n<li>S\u1ea3n xu\u1ea5t t\u1ea1i: Vi\u1ec7t Nam<\/li>\n<li>Th\u00e0nh ph\u1ea7n: c\u00e0 ph\u00ea Robusta\/Arabica nguy\u00ean ch\u1ea5t 100%, ho\u1eb7c blend<\/li>\n<li>Ph\u01b0\u01a1ng th\u1ee9c rang: rang m\u1ed9c, kh\u00f4ng t\u1ea9m \u01b0\u1edbp, kh\u00f4ng ch\u1ea5t b\u1ea3o qu\u1ea3n<\/li>\n<li>\u0110\u00f3ng g\u00f3i: 6 phin gi\u1ea5y\/h\u1ed9p<\/li>\n<li>\u0110\u1ed9 \u1ea9m: \u22645%<\/li>\n<li>Caffein: \u22651%<\/li>\n<\/ul>\n<figure id=\"attachment_5747\" aria-describedby=\"caption-attachment-5747\" style=\"width: 1000px\" class=\"wp-caption alignnone\"><img decoding=\"async\" class=\"wp-image-5747 size-full\" src=\"https:\/\/vietnamcoffeeunited.com\/wp-content\/uploads\/2024\/08\/Drip-bag-coffee-3-1.jpg\" alt=\"Drip bag\" width=\"1000\" height=\"1000\" srcset=\"https:\/\/vietnamcoffeeunited.com\/wp-content\/uploads\/2024\/08\/Drip-bag-coffee-3-1.jpg 1000w, https:\/\/vietnamcoffeeunited.com\/wp-content\/uploads\/2024\/08\/Drip-bag-coffee-3-1-300x300.jpg 300w, https:\/\/vietnamcoffeeunited.com\/wp-content\/uploads\/2024\/08\/Drip-bag-coffee-3-1-150x150.jpg 150w, https:\/\/vietnamcoffeeunited.com\/wp-content\/uploads\/2024\/08\/Drip-bag-coffee-3-1-768x768.jpg 768w, https:\/\/vietnamcoffeeunited.com\/wp-content\/uploads\/2024\/08\/Drip-bag-coffee-3-1-12x12.jpg 12w, https:\/\/vietnamcoffeeunited.com\/wp-content\/uploads\/2024\/08\/Drip-bag-coffee-3-1-600x600.jpg 600w, https:\/\/vietnamcoffeeunited.com\/wp-content\/uploads\/2024\/08\/Drip-bag-coffee-3-1-100x100.jpg 100w\" sizes=\"(max-width: 1000px) 100vw, 1000px\" \/><figcaption id=\"caption-attachment-5747\" class=\"wp-caption-text\">Drip bag<\/figcaption><\/figure>\n<h3><strong>H\u01b0\u1edbng d\u1eabn s\u1eed d\u1ee5ng<\/strong><\/h3>\n<p>\u0110\u1ec3 c\u00f3 t\u00e1ch c\u00e0 ph\u00ea phin gi\u1ea5y ngon v\u00e0 \u0111\u00fang v\u1ecb, VCU h\u01b0\u1edbng d\u1eabn b\u1ea1n c\u00e1c b\u01b0\u1edbc pha nh\u01b0 sau:<\/p>\n<p><strong>B\u01b0\u1edbc 1:<\/strong> X\u00e9 mi\u1ec7ng phin theo \u0111\u01b0\u1eddng c\u00f3 ch\u1eef \u201cOpen here\u201d.<br \/>\n<strong>B\u01b0\u1edbc 2:<\/strong> D\u00f9ng n\u01b0\u1edbc s\u00f4i tr\u00e1ng c\u1ed1c, sau \u0111\u00f3 m\u00f3c tai c\u00f3 s\u1eb5n l\u00ean th\u00e0nh c\u1ed1c.<br \/>\n<strong>B\u01b0\u1edbc 3:<\/strong> Ch\u00e2m n\u01b0\u1edbc s\u00f4i kho\u1ea3ng 95 \u0111\u1ed9, m\u1ed9t l\u01b0\u1ee3ng nh\u1ecf \u0111\u1ee7 ng\u1ea5m c\u00e0 ph\u00ea, ch\u1edd kho\u1ea3ng 30 gi\u00e2y -  60 gi\u00e2y \u0111\u1ec3 c\u00e0 ph\u00ea n\u1edf. Sau \u0111\u00f3, ch\u00e2m n\u01b0\u1edbc s\u00f4i l\u1ea7n 2 \u0111\u1ea7y phin. T\u00f9y theo gu u\u1ed1ng \u0111\u1eadm nh\u1ea1t m\u00e0 b\u1ea1n ch\u1ebf n\u01b0\u1edbc \u00edt ho\u1eb7c nhi\u1ec1u.<br \/>\n<strong>B\u01b0\u1edbc 4:<\/strong> Ch\u1edd kho\u1ea3ng 2 ph\u00fat cho c\u00e0 ph\u00ea \u0111\u1ee7 \u0111\u1eadm, l\u1ea5y phin ra.<br \/>\n<strong>B\u01b0\u1edbc 5:<\/strong> Th\u00eam \u0111\u01b0\u1eddng ho\u1eb7c s\u1eefa v\u00e0 \u0111\u00e1 t\u00f9y theo kh\u1ea9u v\u1ecb \u0111\u1ec3 th\u01b0\u1edfng th\u1ee9c.<\/p>\n<figure id=\"attachment_5748\" aria-describedby=\"caption-attachment-5748\" style=\"width: 1000px\" class=\"wp-caption alignnone\"><img decoding=\"async\" class=\"wp-image-5748 size-full\" src=\"https:\/\/vietnamcoffeeunited.com\/wp-content\/uploads\/2024\/08\/Drip-bag-coffee-5.jpg\" alt=\"Drip bag coffee brand VCU\" width=\"1000\" height=\"1000\" srcset=\"https:\/\/vietnamcoffeeunited.com\/wp-content\/uploads\/2024\/08\/Drip-bag-coffee-5.jpg 1000w, https:\/\/vietnamcoffeeunited.com\/wp-content\/uploads\/2024\/08\/Drip-bag-coffee-5-300x300.jpg 300w, https:\/\/vietnamcoffeeunited.com\/wp-content\/uploads\/2024\/08\/Drip-bag-coffee-5-150x150.jpg 150w, https:\/\/vietnamcoffeeunited.com\/wp-content\/uploads\/2024\/08\/Drip-bag-coffee-5-768x768.jpg 768w, https:\/\/vietnamcoffeeunited.com\/wp-content\/uploads\/2024\/08\/Drip-bag-coffee-5-12x12.jpg 12w, https:\/\/vietnamcoffeeunited.com\/wp-content\/uploads\/2024\/08\/Drip-bag-coffee-5-600x600.jpg 600w, https:\/\/vietnamcoffeeunited.com\/wp-content\/uploads\/2024\/08\/Drip-bag-coffee-5-100x100.jpg 100w\" sizes=\"(max-width: 1000px) 100vw, 1000px\" \/><figcaption id=\"caption-attachment-5748\" class=\"wp-caption-text\">Drip bag coffee brand VCU<\/figcaption><\/figure>\n<h3><strong>\u01afu \u0111i\u1ec3m c\u1ee7a Drip bag coffee<\/strong><\/h3>\n<p><strong>Mang \u0111\u1ebfn s\u1ef1 ti\u1ec7n l\u1ee3i<\/strong><br \/>\nKh\u00f4ng c\u1ea7n ph\u1ea3i chu\u1ea9n b\u1ecb c\u00e1c v\u1eadt d\u1ee5ng pha ch\u1ebf ph\u1ee9c t\u1ea1p, c\u0169ng kh\u00f4ng c\u1ea7n t\u1ed1n th\u1eddi gian v\u1ec7 sinh phin sau khi s\u1eed d\u1ee5ng. Nh\u1eefng g\u00ec b\u1ea1n c\u1ea7n l\u00e0 m\u1ed9t g\u00f3i phin gi\u1ea5y, n\u01b0\u1edbc s\u00f4i, m\u1ed9t chi\u1ebfc ly. V\u1edbi v\u00e0i thao t\u00e1c \u0111\u01a1n gi\u1ea3n, b\u1ea1n c\u00f3 th\u1ec3 th\u01b0\u1edfng th\u1ee9c c\u00e0 ph\u00ea m\u1ecdi l\u00fac, m\u1ecdi n\u01a1i.<\/p>\n<p><strong>Gi\u1eef \u0111\u01b0\u1ee3c h\u01b0\u01a1ng v\u1ecb t\u1ef1 nhi\u00ean<\/strong><br \/>\nPhin gi\u1ea5y \u0111\u01b0\u1ee3c thi\u1ebft k\u1ebf \u0111\u1ea3m b\u1ea3o c\u00e0 ph\u00ea khi pha s\u1ebd cho v\u1ecb \u0111\u1eadm \u0111\u00e0 v\u00e0 chu\u1ea9n. \u0110i\u1ec1u n\u00e0y, gi\u00fap b\u1ea1n c\u1ea3m nh\u1eadn r\u00f5 r\u00e0ng c\u00e1c n\u1ed1t h\u01b0\u01a1ng c\u1ee7a c\u00e0 ph\u00ea. V\u00ed d\u1ee5 nh\u01b0 v\u00ec \u0111\u1eadm \u0111\u00e0, m\u1ea1nh m\u1ebd c\u1ee7a Robusta, hay v\u1ecb chua thanh, nh\u1eb9 nh\u00e0ng c\u1ee7a Arabica.<\/p>\n<p><strong>Th\u00e2n thi\u1ec7n v\u1edbi m\u00f4i tr\u01b0\u1eddng<\/strong><br \/>\nPhin gi\u1ea5y \u0111\u01b0\u1ee3c l\u00e0m t\u1eeb ch\u1ea5t li\u1ec7u ph\u00e2n h\u1ee7y sinh h\u1ecdc, gi\u1ea3m thi\u1ec3u t\u00e1c \u0111\u1ed9ng x\u1ea5u \u0111\u1ebfn m\u00f4i tr\u01b0\u1eddng.<\/p>\n<p><strong>Ph\u00f9 h\u1ee3p v\u1edbi cu\u1ed9c s\u1ed1ng hi\u1ec7n \u0111\u1ea1i<\/strong><br \/>\nTrong nh\u1ecbp s\u1ed1ng hi\u1ec7n \u0111\u1ea1i, pha c\u00e0 ph\u00ea phin truy\u1ec1n th\u1ed1ng c\u00f3 th\u1ec3 s\u1ebd t\u1ed1n nhi\u1ec1u th\u1eddi gian cho vi\u1ec7c chu\u1ea9n b\u1ecb v\u00e0 d\u1ecdn d\u1eb9p. Thay v\u00ec v\u1eady, s\u1eed d\u1ee5ng c\u00e0 ph\u00ea phin gi\u1ea5y l\u00e0 gi\u1ea3i ph\u00e1p ho\u00e0n h\u1ea3o \u0111\u1ec3 nh\u1eefng ng\u01b0\u1eddi y\u00eau th\u00edch c\u00e0 ph\u00ea th\u01b0\u1edfng th\u1ee9c. S\u1ef1 g\u1ecdn nh\u1eb9 v\u00e0 ti\u1ec7n d\u1ee5ng c\u1ee7a drip bag coffee gi\u00fap b\u1ea1n ti\u1ebft ki\u1ec7m th\u1eddi gian v\u00e0 mang \u0111\u1ebfn nh\u1eefng tr\u1ea3i nghi\u1ec7m phong ph\u00fa, \u0111\u1eb3ng c\u1ea5p.<\/p>\n<p><strong>Chi ph\u00ed h\u1ee3p l\u00fd<\/strong><br \/>\nS\u1edf h\u1eefu nhi\u1ec1u \u01b0u \u0111i\u1ec3m v\u00e0 l\u1ee3i \u00edch, c\u00e0 ph\u00ea phin gi\u1ea5y c\u00f3 m\u1ee9c gi\u00e1 ph\u1ea3i ch\u0103ng. \u0110i\u1ec1u n\u00e0y gi\u00fap b\u1ea1n d\u1ec5 d\u00e0ng tr\u1ea3i nghi\u1ec7m m\u00e0 kh\u00f4ng ph\u1ea3i \u0111\u1ea7u t\u01b0 qu\u00e1 nhi\u1ec1u.<\/p>\n<p>D\u00f9 v\u1eady, gi\u00e1 <strong>drip bag coffee<\/strong> c\u0169ng ph\u1ee5 thu\u1ed9c v\u00e0o bi\u1ebfn \u0111\u1ed9ng th\u1ecb tr\u01b0\u1eddng t\u00e1c \u0111\u1ed9ng v\u00e0o ngu\u1ed3n nguy\u00ean li\u1ec7u nh\u00e2n xanh, h\u1ea1t rang.<\/p>\n<figure id=\"attachment_5749\" aria-describedby=\"caption-attachment-5749\" style=\"width: 1000px\" class=\"wp-caption alignnone\"><img decoding=\"async\" class=\"size-full wp-image-5749\" src=\"https:\/\/vietnamcoffeeunited.com\/wp-content\/uploads\/2024\/08\/Drip-bag-coffee-4.jpg\" alt=\"Arabica Drip bag coffee\" width=\"1000\" height=\"1000\" srcset=\"https:\/\/vietnamcoffeeunited.com\/wp-content\/uploads\/2024\/08\/Drip-bag-coffee-4.jpg 1000w, https:\/\/vietnamcoffeeunited.com\/wp-content\/uploads\/2024\/08\/Drip-bag-coffee-4-300x300.jpg 300w, https:\/\/vietnamcoffeeunited.com\/wp-content\/uploads\/2024\/08\/Drip-bag-coffee-4-150x150.jpg 150w, https:\/\/vietnamcoffeeunited.com\/wp-content\/uploads\/2024\/08\/Drip-bag-coffee-4-768x768.jpg 768w, https:\/\/vietnamcoffeeunited.com\/wp-content\/uploads\/2024\/08\/Drip-bag-coffee-4-12x12.jpg 12w, https:\/\/vietnamcoffeeunited.com\/wp-content\/uploads\/2024\/08\/Drip-bag-coffee-4-600x600.jpg 600w, https:\/\/vietnamcoffeeunited.com\/wp-content\/uploads\/2024\/08\/Drip-bag-coffee-4-100x100.jpg 100w\" sizes=\"(max-width: 1000px) 100vw, 1000px\" \/><figcaption id=\"caption-attachment-5749\" class=\"wp-caption-text\">Arabica Drip bag coffee<\/figcaption><\/figure>\n<h3><strong>T\u1ea1i sao n\u00ean ch\u1ecdn Drip bag coffee VCU?<\/strong><\/h3>\n<p>V\u1edbi h\u01a1n 7 n\u0103m kinh nghi\u1ec7m trong l\u0129nh v\u1ef1c c\u00e0 ph\u00ea v\u00e0 h\u01a1n 3 n\u0103m s\u1ea3n xu\u1ea5t, ch\u1ebf bi\u1ebfn c\u00e0 ph\u00ea, VCU hi\u1ec3u r\u00f5 vi\u1ec7c ngu\u1ed3n nguy\u00ean li\u1ec7u \u0111\u1ea1t chu\u1ea9n s\u1ebd mang t\u1edbi m\u1ed9t ly c\u00e0 ph\u00ea s\u1ea1ch, \u0111\u1ea3m b\u1ea3o h\u01b0\u01a1ng v\u1ecb.<\/p>\n<p>T\u1ea1i VCU, m\u1ed7i h\u1ea1t c\u00e0 ph\u00ea \u0111\u1ec1u \u0111\u01b0\u1ee3c h\u00e1i v\u1edbi t\u1ef7 l\u1ec7 ch\u00edn cao, s\u01a1 ch\u1ebf s\u1ea1ch, truy xu\u1ea5t ngu\u1ed3n g\u1ed1c r\u00f5 r\u00e0ng.<\/p>\n<p>C\u00f4ng ngh\u1ec7 rang xay c\u00e0 ph\u00ea ti\u00ean ti\u1ebfn k\u1ebft h\u1ee3p \u0111\u1ed9i ng\u0169 R&amp;D gi\u00e0u kinh nghi\u1ec7m, mang t\u1edbi ch\u1ea5t l\u01b0\u1ee3ng c\u00e0 ph\u00ea ho\u00e0n h\u1ea3o, c\u00f9ng nh\u1eefng tr\u1ea3i nghi\u1ec7m th\u00fa v\u1ecb v\u00e0 \u1ea5n t\u01b0\u1ee3ng khi kh\u00e1ch h\u00e0ng s\u1eed d\u1ee5ng c\u00e0 ph\u00ea phin gi\u1ea5y c\u1ee7a VCU.<\/p>\n<p>VCU coffee \u0111\u1ea7u t\u01b0 m\u1ea1nh v\u00e0o s\u1ea3n xu\u1ea5t, t\u1eeb di\u1ec7n t\u00edch, nh\u00e0 m\u00e1y, nh\u00e0 x\u01b0\u1edfng, trang thi\u1ebft b\u1ecb, c\u01a1 s\u1edf h\u1ea1 t\u1ea7ng c\u0169ng nh\u01b0 \u0111\u1ed9i ng\u0169 nh\u00e2n vi\u00ean. M\u00e1y rang c\u00f4ng nghi\u1ec7p, c\u00f4ng ngh\u1ec7 rang hot-air, l\u01b0u tr\u1eef c\u00e0 ph\u00ea \u0111\u1ea1t ti\u00eau chu\u1ea9n.<\/p>\n<p>Ngo\u00e0i ra, t\u1ecda l\u1ea1c t\u1ea1i v\u00f9ng nguy\u00ean li\u1ec7u, VCU c\u00f3 m\u1ed1i quan h\u1ec7 th\u00e2n thi\u1ebft v\u00e0 l\u00e2u d\u00e0i v\u1edbi ng\u01b0\u1eddi n\u00f4ng d\u00e2n \u0111\u1ecba ph\u01b0\u01a1ng, nh\u1edd v\u1eady kh\u00f4ng ch\u1ec9 c\u00f3 ngu\u1ed3n nguy\u00ean li\u1ec7u l\u1edbn m\u00e0 ch\u1ea5t l\u01b0\u1ee3ng c\u00e0 ph\u00ea lu\u00f4n \u1ed5n \u0111\u1ecbnh.<\/p>\n<p>B\u00ean c\u1ea1nh cung c\u1ea5p c\u00e0 ph\u00ea phin gi\u1ea5y th\u01b0\u01a1ng hi\u1ec7u VCU, ch\u00fang t\u00f4i c\u0169ng cung c\u1ea5p d\u1ecbch v\u1ee5 OEM drip bag coffee theo th\u01b0\u01a1ng hi\u1ec7u c\u1ee7a b\u1ea1n. T\u00ecm hi\u1ec3u chi ti\u1ebft d\u1ecbch v\u1ee5 OEM coffee T\u1ea0I \u0110\u00c2Y: <a href=\"https:\/\/vietnamcoffeeunited.com\/vi\/san-pham\/oem-coffee-and-private-label\/\">OEM c\u00e0 ph\u00ea theo th\u01b0\u01a1ng hi\u1ec7u<\/a>!<\/p>\n<p>Li\u00ean h\u1ec7 v\u1edbi ch\u00fang t\u00f4i khi b\u1ea1n c\u00f3 nhu c\u1ea7u t\u01b0 v\u1ea5n v\u00e0 b\u00e1o gi\u00e1 <strong>drip bag coffee<\/strong> <strong>brand VCU<\/strong>!<\/p>\n<p><iframe title=\"Drip bag coffee | C\u00e0 ph\u00ea phin gi\u1ea5y | VCU JSC #dripbagcoffee #vcujsc #coffee\" width=\"800\" height=\"450\" src=\"https:\/\/www.youtube.com\/embed\/BGQCyhnC-N4?feature=oembed\" frameborder=\"0\" allow=\"accelerometer; autoplay; clipboard-write; encrypted-media; gyroscope; picture-in-picture; web-share\" referrerpolicy=\"strict-origin-when-cross-origin\" allowfullscreen><\/iframe><\/p>\n<h3><strong>Th\u00f4ng tin li\u00ean h\u1ec7<\/strong><\/h3>\n<p><strong>C\u00f4ng ty C\u1ed5 ph\u1ea7n VCU (VCU JSC)<\/strong><br \/>\n<strong>\u0110\u1ecba ch\u1ec9:<\/strong><br \/>\n\u2013\u00a0<strong>C\u01a1 s\u1edf rang:<\/strong>\u00a0T\u1ed5 d\u00e2n Ph\u1ed1 6,  th\u1ecb tr\u1ea5n Ch\u01b0 Pr\u00f4ng, huy\u1ec7n Ch\u01b0 Pr\u00f4ng, t\u1ec9nh Gia Lai<br \/>\n\u2013\u00a0<strong>C\u01a1 s\u1edf c\u00e0 ph\u00ea nh\u00e2n xanh:<\/strong>\u00a0X\u00e3 Ia Der, Huy\u1ec7n Ia Grai, T\u1ec9nh Gia Lai<\/p>\n<p><span class=\"elementor-icon-list-text\">\u2013\u00a0<strong>Hotline:\u00a0<\/strong><\/span>+84 941 203 879<\/p>\n<p>\u2013\u00a0<strong>Fanpage:\u00a0<a href=\"https:\/\/www.facebook.com\/vcuvietnamcoffeeunited\" target=\"_blank\" rel=\"noopener noreferrer nofollow\">VCU \u2013 Vietnam Coffee United<\/a><\/strong><\/p>\n<p><span class=\"elementor-icon-list-text\">\u2013\u00a0<strong>Email:<\/strong>\u00a0info@vietnamcoffeeunited.com<\/span><\/p>","protected":false},"excerpt":{"rendered":"<ul>\n<li><strong>Th\u01b0\u01a1ng hi\u1ec7u<\/strong>: VCU JSC<\/li>\n<li><strong>S\u1ea3n xu\u1ea5t t\u1ea1i<\/strong>: Vi\u1ec7t Nam<\/li>\n<li><strong>Th\u00e0nh ph\u1ea7n<\/strong>: C\u00e0 ph\u00ea Robusta\/Arabica nguy\u00ean ch\u1ea5t 100% ho\u1eb7c blend<\/li>\n<li><strong>Ph\u01b0\u01a1ng ph\u00e1p rang<\/strong>: rang m\u1ed9c 100%, kh\u00f4ng t\u1ea9m \u01b0\u1edbp, kh\u00f4ng ch\u1ea5t b\u1ea3o qu\u1ea3n<\/li>\n<li><strong>\u0110\u00f3ng g\u00f3i:<\/strong>: 6 drip bags\/box<\/li>\n<li><strong>\u0110\u1ed9 \u1ea9m:<\/strong>: \u22645%<\/li>\n<li><strong>Caffeine<\/strong>: \u22651%<\/li>\n<li><strong>Th\u1eddi gian s\u1eed d\u1ee5ng t\u1ed1t nh\u1ea5t<\/strong>: 12 th\u00e1ng<\/li>\n<li><strong>Ch\u00ednh s\u00e1ch thanh to\u00e1n:<\/strong>: T\/T, L\/C at sight<\/li>\n<li><strong>Ch\u1ee9ng t\u1eeb v\u1eadn chuy\u1ec3n<\/strong>: Inv, PL, BoL, CO, Phyto, Fumi.<\/li>\n<li><strong>C\u1ea3ng h\u00e0ng<\/strong>: C\u1ea3ng C\u00e1t L\u00e1i, TP. HCM<\/li>\n<li><strong>Ngo\u00e0i ra<\/strong>: <a href=\"https:\/\/vietnamcoffeeunited.com\/vi\/danh-muc-san-pham\/instant-coffee\/\">C\u00e0 ph\u00ea h\u00f2a tan<\/a><\/li>\n<\/ul>","protected":false},"featured_media":6447,"comment_status":"open","ping_status":"closed","template":"","meta":[],"product_cat":[216],"product_tag":[320,326,325,321,323,212,221],"_links":{"self":[{"href":"https:\/\/vietnamcoffeeunited.com\/vi\/wp-json\/wp\/v2\/product\/5460"}],"collection":[{"href":"https:\/\/vietnamcoffeeunited.com\/vi\/wp-json\/wp\/v2\/product"}],"about":[{"href":"https:\/\/vietnamcoffeeunited.com\/vi\/wp-json\/wp\/v2\/types\/product"}],"replies":[{"embeddable":true,"href":"https:\/\/vietnamcoffeeunited.com\/vi\/wp-json\/wp\/v2\/comments?post=5460"}],"wp:featuredmedia":[{"embeddable":true,"href":"https:\/\/vietnamcoffeeunited.com\/vi\/wp-json\/wp\/v2\/media\/6447"}],"wp:attachment":[{"href":"https:\/\/vietnamcoffeeunited.com\/vi\/wp-json\/wp\/v2\/media?parent=5460"}],"wp:term":[{"taxonomy":"product_cat","embeddable":true,"href":"https:\/\/vietnamcoffeeunited.com\/vi\/wp-json\/wp\/v2\/product_cat?post=5460"},{"taxonomy":"product_tag","embeddable":true,"href":"https:\/\/vietnamcoffeeunited.com\/vi\/wp-json\/wp\/v2\/product_tag?post=5460"}],"curies":[{"name":"wp","href":"https:\/\/api.w.org\/{rel}","templated":true}]}}