{"id":5455,"date":"2024-08-14T11:24:27","date_gmt":"2024-08-14T04:24:27","guid":{"rendered":"https:\/\/vietnamcoffeeunited.com\/?post_type=product&#038;p=5455"},"modified":"2025-03-26T14:57:22","modified_gmt":"2025-03-26T07:57:22","slug":"arabica-specialty-coffee-vietnam","status":"publish","type":"product","link":"https:\/\/vietnamcoffeeunited.com\/vi\/san-pham\/arabica-specialty-coffee-vietnam\/","title":{"rendered":"C\u00e0 ph\u00ea Arabica Specialty Vi\u1ec7t Nam"},"content":{"rendered":"<h2 style=\"text-align: center;\"><strong>C\u00e0 ph\u00ea Arabica Specialty Vi\u1ec7t Nam<\/strong><\/h2>\n<h3><strong>Gi\u1edbi thi\u1ec7u c\u00e0 ph\u00ea Arabica Specialty<\/strong><\/h3>\n<p>C\u00e0 ph\u00ea Specialty l\u00e0 d\u00f2ng c\u00e0 ph\u00ea \u0111\u1eb7c s\u1ea3n, m\u1ed9t ti\u00eau chu\u1ea9n \u0111\u00e1nh gi\u00e1 d\u00e0nh cho c\u00e0 ph\u00ea Arabica. Hi\u1ec3u \u0111\u01a1n gi\u1ea3n, th\u00ec \u0111\u00e2y l\u00e0 d\u00f2ng c\u00e0 ph\u00ea Arabica th\u01b0\u1ee3ng h\u1ea1ng, c\u00f3 ch\u1ea5t l\u01b0\u1ee3ng cao. T\u01b0\u01a1ng t\u1ef1 nh\u01b0 t\u00ean g\u1ecdi c\u1ee7a d\u00f2ng c\u00e0 ph\u00ea Fine Robusta (C\u00e0 ph\u00ea \u0111\u1eb7c s\u1ea3n Robusta).<\/p>\n<p>Hi\u1ec7n nay c\u00f3 nhi\u1ec1u \u0111\u1ecbnh ngh\u0129a v\u1ec1 <strong>Arabica Specialty Coffee<\/strong>, \u0111\u00e1ng tin c\u1eady nh\u1ea5t l\u00e0 \u0111\u1ecbnh ngh\u0129a c\u1ee7a Specialty Coffee Association (SCA). Theo SCA, th\u00ec Specialty ph\u1ea3i l\u00e0 Arabica v\u00e0 \u0111\u1ea1t \u0111i\u1ec3m t\u1eeb 80 \u2013 100 theo thang \u0111\u00e1nh gi\u00e1 c\u1ee7a SCA. N\u1ebfu d\u01b0\u1edbi 80 \u0111i\u1ec3m, th\u00ec \u0111\u00f3 l\u00e0 d\u00f2ng c\u00e0 ph\u00ea th\u01b0\u01a1ng m\u1ea1i.<\/p>\n<figure id=\"attachment_5763\" aria-describedby=\"caption-attachment-5763\" style=\"width: 1080px\" class=\"wp-caption alignnone\"><img decoding=\"async\" class=\"size-full wp-image-5763\" src=\"https:\/\/vietnamcoffeeunited.com\/wp-content\/uploads\/2024\/09\/Arabica-specialty-coffee-3.jpg\" alt=\"Coffee Arabica Specialty\" width=\"1080\" height=\"1080\" srcset=\"https:\/\/vietnamcoffeeunited.com\/wp-content\/uploads\/2024\/09\/Arabica-specialty-coffee-3.jpg 1080w, https:\/\/vietnamcoffeeunited.com\/wp-content\/uploads\/2024\/09\/Arabica-specialty-coffee-3-300x300.jpg 300w, https:\/\/vietnamcoffeeunited.com\/wp-content\/uploads\/2024\/09\/Arabica-specialty-coffee-3-1024x1024.jpg 1024w, https:\/\/vietnamcoffeeunited.com\/wp-content\/uploads\/2024\/09\/Arabica-specialty-coffee-3-150x150.jpg 150w, https:\/\/vietnamcoffeeunited.com\/wp-content\/uploads\/2024\/09\/Arabica-specialty-coffee-3-768x768.jpg 768w, https:\/\/vietnamcoffeeunited.com\/wp-content\/uploads\/2024\/09\/Arabica-specialty-coffee-3-12x12.jpg 12w, https:\/\/vietnamcoffeeunited.com\/wp-content\/uploads\/2024\/09\/Arabica-specialty-coffee-3-600x600.jpg 600w, https:\/\/vietnamcoffeeunited.com\/wp-content\/uploads\/2024\/09\/Arabica-specialty-coffee-3-100x100.jpg 100w\" sizes=\"(max-width: 1080px) 100vw, 1080px\" \/><figcaption id=\"caption-attachment-5763\" class=\"wp-caption-text\">Coffee Arabica Specialty<\/figcaption><\/figure>\n<h3><strong>Th\u00f4ng tin s\u1ea3n ph\u1ea9m<\/strong><\/h3>\n<ul>\n<li><strong>Ph\u00e2n lo\u1ea1i:<\/strong> C\u00e0 ph\u00ea \u0111\u1eb7c s\u1ea3n<\/li>\n<li><strong>\u0110\u1ea1t \u0111i\u1ec3m CQI\/SCA:<\/strong> T\u1eeb 80 \u0111i\u1ec3m tr\u1edf l\u00ean<\/li>\n<li><strong>T\u1ec9 l\u1ec7 ch\u00edn:<\/strong> 99%<\/li>\n<li><strong>Ph\u01b0\u01a1ng ph\u00e1p s\u01a1 ch\u1ebf:<\/strong> Honey, Full Washed, Natural, Natural l\u00ean men.<\/li>\n<li><strong>Xu\u1ea5t x\u1ee9:<\/strong> Vi\u1ec7t Nam<\/li>\n<li><strong>\u0110\u1ed9 \u1ea9m:<\/strong> 12.5% max<\/li>\n<li><strong>\u0110en, t\u1ea1p, v\u1ee1:<\/strong> 0.5%<\/li>\n<li><strong>Size:<\/strong> S14\/S16\/S18<\/li>\n<li><strong>Gi\u00e1:<\/strong> Bi\u1ebfn \u0111\u1ed9ng theo th\u1ecb tr\u01b0\u1eddng, vui l\u00f2ng li\u00ean h\u1ec7 \u0111\u1ec3 nh\u1eadn b\u00e1o gi\u00e1 theo th\u1eddi \u0111i\u1ec3m<\/li>\n<\/ul>\n<h3><strong>C\u00e0 ph\u00ea Arabica Specialty theo SCA<\/strong><\/h3>\n<p>\u0110\u1ec3 ch\u1ea5m \u0111i\u1ec3m, c\u00e0 ph\u00ea tr\u1ea3i qua qu\u00e1 tr\u00ecnh th\u1eed n\u1ebfm (cupping) b\u1edfi c\u00e1c b\u1eadc th\u1ea7y v\u1ec1 th\u1eed n\u1ebfm. Nh\u1eefng b\u1eadc th\u1ea7y n\u00e0y \u0111\u00e3 tr\u1ea3i qua c\u00e1c b\u00e0i thi \u0111\u1ec3 c\u00f3 ch\u1ee9ng ch\u1ec9 Q Arabica Grader c\u1ee7a CQI (Coffee Quality Institute) v\u1ec1 th\u1eed n\u1ebfm. \u0110\u1ec3 c\u00f4ng b\u1eb1ng v\u00e0 tr\u00e1nh nh\u1eefng nh\u1eadn \u0111\u1ecbnh b\u1ecb chi ph\u1ed1i b\u00ean ngo\u00e0i, ban gi\u00e1m kh\u1ea3o ph\u1ea3i th\u1eed m\u00f9 c\u00e1c lo\u1ea1i c\u00e0 ph\u00ea. \u0110\u1ec3 kh\u00f4ng bi\u1ebft ngu\u1ed3n g\u1ed1c h\u1ea1t c\u00e0 ph\u00ea t\u1eeb \u0111\u00e2u. H\u1ecd s\u1ebd ch\u1ec9 d\u1ef1a tr\u00ean khung ti\u00eau chu\u1ea9n c\u1ee7a SCA ch\u1ea5m \u0111i\u1ec3m.<\/p>\n<p>Do v\u1eady, c\u00e0 ph\u00ea \u0111\u1ea1t \u0111i\u1ec3m m\u1ee9c Specitalty \u0111\u1ec1u c\u00f3 ch\u1ea5t l\u01b0\u1ee3ng th\u1ef1c s\u1ef1 t\u1ed1t v\u00e0 h\u01b0\u01a1ng v\u1ecb \u0111\u1eb7c bi\u1ec7t.<\/p>\n<p>H\u01b0\u01a1ng v\u1ecb c\u00e0 ph\u00ea Arabica Specialty r\u1ea5t \u0111a d\u1ea1ng, b\u1ea1n c\u00f3 th\u1ec3 c\u1ea3m nh\u1eadn \u0111\u1ee7 c\u00e1c s\u1eafc th\u00e1i kh\u00e1c nhau c\u1ee7a nhi\u1ec1u lo\u1ea1i hoa qu\u1ea3 v\u00e0 tr\u00e1i c\u00e2y kh\u00e1c nhau. \u0110\u1eb7c bi\u1ec7t, v\u1ecb \u0111\u1eafng r\u1ea5t \u00edt.<\/p>\n<figure id=\"attachment_5764\" aria-describedby=\"caption-attachment-5764\" style=\"width: 1080px\" class=\"wp-caption alignnone\"><img decoding=\"async\" class=\"size-full wp-image-5764\" src=\"https:\/\/vietnamcoffeeunited.com\/wp-content\/uploads\/2024\/09\/Arabica-specialty-coffee-2.jpg\" alt=\"Arabica Specialty Vietnam Coffee\" width=\"1080\" height=\"1080\" srcset=\"https:\/\/vietnamcoffeeunited.com\/wp-content\/uploads\/2024\/09\/Arabica-specialty-coffee-2.jpg 1080w, https:\/\/vietnamcoffeeunited.com\/wp-content\/uploads\/2024\/09\/Arabica-specialty-coffee-2-300x300.jpg 300w, https:\/\/vietnamcoffeeunited.com\/wp-content\/uploads\/2024\/09\/Arabica-specialty-coffee-2-1024x1024.jpg 1024w, https:\/\/vietnamcoffeeunited.com\/wp-content\/uploads\/2024\/09\/Arabica-specialty-coffee-2-150x150.jpg 150w, https:\/\/vietnamcoffeeunited.com\/wp-content\/uploads\/2024\/09\/Arabica-specialty-coffee-2-768x768.jpg 768w, https:\/\/vietnamcoffeeunited.com\/wp-content\/uploads\/2024\/09\/Arabica-specialty-coffee-2-12x12.jpg 12w, https:\/\/vietnamcoffeeunited.com\/wp-content\/uploads\/2024\/09\/Arabica-specialty-coffee-2-600x600.jpg 600w, https:\/\/vietnamcoffeeunited.com\/wp-content\/uploads\/2024\/09\/Arabica-specialty-coffee-2-100x100.jpg 100w\" sizes=\"(max-width: 1080px) 100vw, 1080px\" \/><figcaption id=\"caption-attachment-5764\" class=\"wp-caption-text\">Arabica Specialty Vietnam Coffee<\/figcaption><\/figure>\n<p>Theo SCA, c\u00e0 ph\u00ea c\u00f3 t\u1edbi t\u1eadn 800 nh\u00f3m h\u01b0\u01a1ng v\u1ecb kh\u00e1c nhau v\u00e0 h\u01b0\u01a1ng v\u1ecb <strong>Arabica Specialty<\/strong> \u0111\u1ebfn t\u1eeb:<\/p>\n<ul>\n<li>V\u00f9ng \u0111\u1ea5t tr\u1ed3ng c\u00e0 ph\u00ea, th\u1ed5 nh\u01b0\u1ee1ng, kh\u00ed h\u1eadu n\u01a1i tr\u1ed3ng.<\/li>\n<li>S\u1ef1 ch\u0103m ch\u1ec9 t\u1eeb nh\u1eefng ng\u01b0\u1eddi n\u00f4ng d\u00e2n trong qu\u00e1 tr\u00ecnh ch\u0103m s\u00f3c v\u00e0 thu ho\u1ea1ch.<\/li>\n<li>C\u00e1ch s\u01a1 ch\u1ebf c\u00e0 ph\u00ea ch\u1ec9n chu.<\/li>\n<li>Qu\u00e1 tr\u00ecnh rang c\u00e0 ph\u00ea, k\u1ef9 thu\u1eadt, kinh nghi\u1ec7m c\u1ee7a Roaster \u0111\u1ec3 th\u00fac \u0111\u1ea9y t\u1ed1i \u0111a h\u01b0\u01a1ng v\u1ecb \u0111\u1eb7c tr\u01b0ng c\u00e0 ph\u00ea.<\/li>\n<\/ul>\n<p><strong>\u0110\u1ecdc th\u00eam:<\/strong><\/p>\n<ol>\n<li><strong><a href=\"https:\/\/vietnamcoffeeunited.com\/vi\/san-pham\/arabica-full-washed-cau-dat\/\">Arabica C\u1ea7u \u0110\u1ea5t Full Washed<\/a><\/strong><\/li>\n<li><strong><a href=\"https:\/\/vietnamcoffeeunited.com\/vi\/san-pham\/premium-arabica-coffee\/\">Premium Arabica Coffee<\/a><\/strong><\/li>\n<\/ol>\n<h3><strong>Mua c\u00e0 ph\u00ea Arabica Specialty t\u1eeb VCU JSC<\/strong><\/h3>\n<p>T\u1ecda l\u1ea1c t\u1ea1i v\u00f9ng nguy\u00ean li\u1ec7u Gia Lai, m\u1ed9t trong nh\u1eefng v\u00f9ng tr\u1ed3ng c\u00e0 ph\u00ea l\u1edbn nh\u1ea5t Vi\u1ec7t Nam. Mang trong m\u00ecnh \u0111am m\u00ea c\u00f9ng khao kh\u00e1t mang c\u00e0 ph\u00ea Vi\u1ec7t ra th\u1ebf gi\u1edbi, VCU lu\u00f4n x\u00e2y d\u1ef1ng quy tr\u00ecnh s\u1ea3n xu\u1ea5t v\u00e0 cung c\u1ea5p s\u1ea3n ph\u1ea9m:<\/p>\n<ul>\n<li>\u0110\u00fang quy tr\u00ecnh t\u1eeb tr\u1ed3ng tr\u1ecdt \u0111\u1ebfn thu ho\u1ea1ch, s\u01a1 ch\u1ebf.<\/li>\n<li>\u0110\u00fang trong k\u1ef9 thu\u1eadt rang xay<\/li>\n<li>\u0110\u00fang trong k\u1ebft n\u1ed1i v\u1edbi h\u1ed9 n\u00f4ng d\u00e2n, \u0111\u1ea3m b\u1ea3o nh\u1eefng v\u1ea5t v\u1ea3, gi\u1ecdt m\u1ed3 h\u00f4i, c\u00f4ng s\u1ee9c c\u1ee7a h\u1ecd l\u00e0 x\u1ee9ng \u0111\u00e1ng<\/li>\n<li>\u0110\u00fang trong giao d\u1ecbch v\u1edbi kh\u00e1ch h\u00e0ng, \u0111\u1ea3m b\u1ea3o s\u1ed1 ti\u1ec1n h\u1ecd b\u1ecf ra mua c\u00e0 ph\u00ea l\u00e0 x\u1ee9ng \u0111\u00e1ng.<\/li>\n<\/ul>\n<p>Ch\u00fang t\u00f4i kh\u00f4ng ch\u1ec9 s\u1ea3n xu\u1ea5t c\u00e0 ph\u00ea nh\u00e2n xanh \u0111\u1ec3 cung c\u1ea5p cho th\u1ecb tr\u01b0\u1eddng n\u1ed9i \u0111\u1ecba m\u00e0 c\u00f2n xu\u1ea5t kh\u1ea9u sang c\u00e1c qu\u1ed1c gia v\u00e0 v\u00f9ng l\u00e3nh th\u1ed5 nh\u01b0 M\u1ef9, Nh\u1eadt B\u1ea3n, Philippines, \u00dac, Singapore\u2026<\/p>\n<p>Li\u00ean h\u1ec7 ngay v\u1edbi ch\u00fang t\u00f4i \u0111\u1ec3 \u0111\u01b0\u1ee3c t\u01b0 v\u1ea5n v\u00e0 b\u00e1o gi\u00e1 khi b\u1ea1n c\u00f3 nhu c\u1ea7u mua <strong>Arabica Specialty Coffee<\/strong>!<\/p>\n<p><iframe title=\"VCU - The beginning story of the coffee journey.\" width=\"800\" height=\"450\" src=\"https:\/\/www.youtube.com\/embed\/c2qG6bYkK4o?start=11&#038;feature=oembed\" frameborder=\"0\" allow=\"accelerometer; autoplay; clipboard-write; encrypted-media; gyroscope; picture-in-picture; web-share\" referrerpolicy=\"strict-origin-when-cross-origin\" allowfullscreen><\/iframe><\/p>\n<h3><strong>Th\u00f4ng tin li\u00ean h\u1ec7<\/strong><\/h3>\n<p><strong>C\u00f4ng ty C\u1ed5 ph\u1ea7n VCU (VCU JSC)<\/strong><br \/>\n<strong>\u0110\u1ecba ch\u1ec9:<\/strong><br \/>\n\u2013\u00a0<strong>C\u01a1 s\u1edf rang:<\/strong>\u00a0T\u1ed5 d\u00e2n Ph\u1ed1 6,  th\u1ecb tr\u1ea5n Ch\u01b0 Pr\u00f4ng, huy\u1ec7n Ch\u01b0 Pr\u00f4ng, t\u1ec9nh Gia Lai<br \/>\n\u2013\u00a0<strong>C\u01a1 s\u1edf c\u00e0 ph\u00ea nh\u00e2n xanh:<\/strong>\u00a0X\u00e3 Ia Der, Huy\u1ec7n Ia Grai, T\u1ec9nh Gia Lai<\/p>\n<p><span class=\"elementor-icon-list-text\">\u2013\u00a0<strong>Hotline:\u00a0<\/strong><\/span>+84 941 203 879<\/p>\n<p>\u2013\u00a0<strong>Fanpage:\u00a0<a href=\"https:\/\/www.facebook.com\/vcuvietnamcoffeeunited\" target=\"_blank\" rel=\"noopener noreferrer nofollow\">VCU \u2013 Vietnam Coffee United<\/a><\/strong><\/p>\n<p><span class=\"elementor-icon-list-text\">\u2013\u00a0<strong>Email:<\/strong>\u00a0info@vietnamcoffeeunited.com<\/span><\/p>","protected":false},"excerpt":{"rendered":"<ul>\n<li><strong>Ph\u00e2n lo\u1ea1i:<\/strong> C\u00e0 ph\u00ea \u0111\u1eb7c s\u1ea3n<\/li>\n<li><strong>\u0110\u1ea1t \u0111i\u1ec3m CQI\/SCA:<\/strong> T\u1eeb 80 \u0111i\u1ec3m tr\u1edf l\u00ean<\/li>\n<li><strong>T\u1ec9 l\u1ec7 ch\u00edn:<\/strong> 99%<\/li>\n<li><strong>Ph\u01b0\u01a1ng ph\u00e1p s\u01a1 ch\u1ebf:<\/strong> Honey, Full Washed, Natural, Natural l\u00ean men.<\/li>\n<li><strong>\u0110\u1ed9 \u1ea9m:<\/strong> 12.5% max<\/li>\n<li><strong>Size:<\/strong> S14\/S16\/S18<\/li>\n<li><strong>Th\u1eddi gian s\u1eed d\u1ee5ng t\u1ed1t nh\u1ea5t<\/strong>: 24 th\u00e1ng<\/li>\n<li><strong>\u0110\u00f3ng g\u00f3i:<\/strong>: 30kg\/bag, 60kg\/bag, jute bag or PP bag, or as customers requirement<\/li>\n<li><strong>\u0110\u1eb7t h\u00e0ng t\u1ed1i thi\u1ec3u<\/strong>: 5 t\u1ea5n ho\u1eb7c th\u01b0\u01a1ng l\u01b0\u1ee3ng<\/li>\n<li><strong>N\u0103ng l\u1ef1c s\u1ea3n xu\u1ea5t<\/strong>: 100 t\u1ea5n\/th\u00e1ng<\/li>\n<li><strong>Th\u1eddi gian giao h\u00e0ng<\/strong>: Trong v\u00f2ng 2-3 ng\u00e0y sau khi nh\u1eadn \u0111\u01b0\u1ee3c L\/C ho\u1eb7c ti\u1ec1n \u0111\u1eb7t c\u1ecdc t\u1eeb ng\u01b0\u1eddi mua<\/li>\n<li><strong>Ch\u00ednh s\u00e1ch thanh to\u00e1n:<\/strong>: T\/T, L\/C at sight<\/li>\n<li><strong>Ch\u1ee9ng t\u1eeb v\u1eadn chuy\u1ec3n<\/strong>: Inv, PL, BoL, CO, Phyto, Fumi.<\/li>\n<li><strong>C\u1ea3ng h\u00e0ng<\/strong>: C\u1ea3ng C\u00e1t L\u00e1i, TP. HCM<\/li>\n<\/ul>","protected":false},"featured_media":6194,"comment_status":"open","ping_status":"closed","template":"","meta":[],"product_cat":[146],"product_tag":[243,241,247,244,319,318,242,236,316,314,317,315],"_links":{"self":[{"href":"https:\/\/vietnamcoffeeunited.com\/vi\/wp-json\/wp\/v2\/product\/5455"}],"collection":[{"href":"https:\/\/vietnamcoffeeunited.com\/vi\/wp-json\/wp\/v2\/product"}],"about":[{"href":"https:\/\/vietnamcoffeeunited.com\/vi\/wp-json\/wp\/v2\/types\/product"}],"replies":[{"embeddable":true,"href":"https:\/\/vietnamcoffeeunited.com\/vi\/wp-json\/wp\/v2\/comments?post=5455"}],"wp:featuredmedia":[{"embeddable":true,"href":"https:\/\/vietnamcoffeeunited.com\/vi\/wp-json\/wp\/v2\/media\/6194"}],"wp:attachment":[{"href":"https:\/\/vietnamcoffeeunited.com\/vi\/wp-json\/wp\/v2\/media?parent=5455"}],"wp:term":[{"taxonomy":"product_cat","embeddable":true,"href":"https:\/\/vietnamcoffeeunited.com\/vi\/wp-json\/wp\/v2\/product_cat?post=5455"},{"taxonomy":"product_tag","embeddable":true,"href":"https:\/\/vietnamcoffeeunited.com\/vi\/wp-json\/wp\/v2\/product_tag?post=5455"}],"curies":[{"name":"wp","href":"https:\/\/api.w.org\/{rel}","templated":true}]}}