{"id":5405,"date":"2024-08-12T16:59:12","date_gmt":"2024-08-12T09:59:12","guid":{"rendered":"https:\/\/vietnamcoffeeunited.com\/?post_type=product&#038;p=5405"},"modified":"2024-10-24T10:33:26","modified_gmt":"2024-10-24T03:33:26","slug":"robusta-natural","status":"publish","type":"product","link":"https:\/\/vietnamcoffeeunited.com\/vi\/san-pham\/robusta-natural\/","title":{"rendered":"Robusta Natural"},"content":{"rendered":"<h2 style=\"text-align: center;\"><strong>Robusta Natural Coffee<\/strong><\/h2>\n<h3><strong>Gi\u1edbi thi\u1ec7u Robusta Natural<\/strong><\/h3>\n<p>C\u00e0 ph\u00ea Robusta \u0111\u01b0\u1ee3c nhi\u1ec1u ng\u01b0\u1eddi y\u00eau th\u00edch b\u1edfi h\u01b0\u01a1ng v\u1ecb \u0111\u1eadm \u0111\u00e0 v\u00e0 h\u01b0\u01a1ng th\u01a1m \u0111\u1ed9c \u0111\u00e1o. \u0110\u1ed1i v\u1edbi <strong>Robusta Natural<\/strong> do \u0111\u01b0\u1ee3c tuy\u1ec3n ch\u1ecdn t\u1eeb nh\u1eefng h\u1ea1t c\u00e0 ph\u00ea c\u00f3 t\u1ef7 l\u1ec7 ch\u00edn tr\u00ean 97%, n\u00ean \u01b0u \u0111i\u1ec3m cho h\u1eadu v\u1ecb ng\u1ecdt, l\u1edbp crema d\u00e0y v\u00e0 b\u00e9o, h\u01b0\u01a1ng v\u1ecb \u0111\u1eadm \u0111\u00e0 c\u00e0ng \u0111\u01b0\u1ee3c y\u00eau th\u00edch h\u01a1n.<\/p>\n<figure id=\"attachment_5700\" aria-describedby=\"caption-attachment-5700\" style=\"width: 1080px\" class=\"wp-caption alignnone\"><img decoding=\"async\" class=\"size-full wp-image-5700\" src=\"https:\/\/vietnamcoffeeunited.com\/wp-content\/uploads\/2024\/09\/Robusta-Natural-2.jpg\" alt=\"Robusta Natural VCU\" width=\"1080\" height=\"1080\" srcset=\"https:\/\/vietnamcoffeeunited.com\/wp-content\/uploads\/2024\/09\/Robusta-Natural-2.jpg 1080w, https:\/\/vietnamcoffeeunited.com\/wp-content\/uploads\/2024\/09\/Robusta-Natural-2-300x300.jpg 300w, https:\/\/vietnamcoffeeunited.com\/wp-content\/uploads\/2024\/09\/Robusta-Natural-2-1024x1024.jpg 1024w, https:\/\/vietnamcoffeeunited.com\/wp-content\/uploads\/2024\/09\/Robusta-Natural-2-150x150.jpg 150w, https:\/\/vietnamcoffeeunited.com\/wp-content\/uploads\/2024\/09\/Robusta-Natural-2-768x768.jpg 768w, https:\/\/vietnamcoffeeunited.com\/wp-content\/uploads\/2024\/09\/Robusta-Natural-2-12x12.jpg 12w, https:\/\/vietnamcoffeeunited.com\/wp-content\/uploads\/2024\/09\/Robusta-Natural-2-600x600.jpg 600w, https:\/\/vietnamcoffeeunited.com\/wp-content\/uploads\/2024\/09\/Robusta-Natural-2-100x100.jpg 100w\" sizes=\"(max-width: 1080px) 100vw, 1080px\" \/><figcaption id=\"caption-attachment-5700\" class=\"wp-caption-text\">Robusta Natural VCU<\/figcaption><\/figure>\n<h3><strong>Ph\u01b0\u01a1ng ph\u00e1p s\u01a1 ch\u1ebf Natural<\/strong><\/h3>\n<p>C\u00e0 ph\u00ea \u0111\u01b0\u1ee3c thu ho\u1ea1ch ch\u00edn s\u1ebd \u0111\u01b0\u1ee3c ph\u01a1i kh\u00f4 nh\u1eb1m gi\u1ea3m \u0111\u1ed9 \u1ea9m xu\u1ed1ng t\u1eeb 9 -12%. \u1ede m\u1ed9t s\u1ed1 v\u00f9ng mi\u1ec1n, ng\u01b0\u1eddi ta t\u1eadn d\u1ee5ng s\u00e2n b\u00ea t\u00f4ng \u0111\u1ec3 ph\u01a1i c\u00e0 ph\u00ea. C\u00f2n \u1edf m\u1ed9t s\u1ed1 nh\u00e0 m\u00e1y, s\u1ebd s\u1eed d\u1ee5ng c\u00e1c gi\u00e0n ph\u01a1i, ng\u0103n kh\u00f4ng cho c\u00e0 ph\u00ea l\u1eabn t\u1ea1p ch\u1ea5t, \u0111\u1ea3m b\u1ea3o \u0111\u1ed9 s\u1ea1ch.<\/p>\n<p>Sau khi kh\u00f4, c\u00e0 ph\u00ea \u0111\u01b0\u1ee3c \u0111\u01b0a v\u00e0o m\u00e1y t\u00e1ch v\u1ecf, lo\u1ea1i b\u1ecf v\u1ecf kh\u00f4, cho ra h\u1ea1t c\u00e0 ph\u00ea nh\u00e2n \u0111\u1ec3 ph\u00e2n s\u00e0ng, ch\u1ea1y tr\u1ecdng l\u01b0\u1ee3ng v\u00e0 rang. Kh\u00f4ng gi\u1ed1ng m\u1ed9t s\u1ed1 ph\u01b0\u01a1ng ph\u00e1p kh\u00e1c, Robusta Natural kh\u00f4ng c\u1ea7n r\u1eeda m\u00e0 s\u1ebd \u0111\u01b0\u1ee3c ph\u01a1i kh\u00f4 lu\u00f4n.<\/p>\n<p>Ph\u01b0\u01a1ng ph\u00e1p s\u01a1 ch\u1ebf Natural c\u00f3 nhi\u1ec1u \u01b0u \u0111i\u1ec3m nh\u01b0 d\u1ec5 l\u00e0m, d\u1ec5 th\u1ef1c hi\u1ec7n, th\u00e2n thi\u1ec7n v\u1edbi m\u00f4i tr\u01b0\u1eddng. \u0110\u1ed3ng th\u1eddi c\u0169ng gi\u00fap cho c\u00e0 ph\u00ea c\u00f3 h\u01b0\u01a1ng v\u1ecb t\u1ef1 nhi\u00ean, mang v\u1ecb \u0111\u1eafng kh\u00e1 m\u1ea1nh, \u0111\u00fang gu ng\u01b0\u1eddi Vi\u1ec7t.<\/p>\n<p>\u0110\u1ec3 pha \u0111\u01b0\u1ee3c m\u1ed9t t\u00e1ch c\u00e0 ph\u00ea ngon nh\u1ea5t, h\u1ea1t c\u00e0 ph\u00ea xanh ch\u00ednh l\u00e0 y\u1ebfu t\u1ed1 then ch\u1ed1t. T\u1ea1i VCU, ch\u00fang t\u00f4i cung c\u1ea5p h\u1ea1t c\u00e0 ph\u00ea Robusta xanh v\u00e0 c\u00e0 ph\u00ea rang \u0111\u01b0\u1ee3c ch\u1ebf bi\u1ebfn theo ph\u01b0\u01a1ng ph\u00e1p Natural, \u0111\u00e1p \u1ee9ng c\u00e1c ti\u00eau chu\u1ea9n ch\u1ea5t l\u01b0\u1ee3ng.<\/p>\n<figure id=\"attachment_5701\" aria-describedby=\"caption-attachment-5701\" style=\"width: 1080px\" class=\"wp-caption alignnone\"><img decoding=\"async\" class=\"size-full wp-image-5701\" src=\"https:\/\/vietnamcoffeeunited.com\/wp-content\/uploads\/2024\/09\/Robusta-Natural-4.jpg\" alt=\"Robusta Natural Coffee\" width=\"1080\" height=\"1080\" srcset=\"https:\/\/vietnamcoffeeunited.com\/wp-content\/uploads\/2024\/09\/Robusta-Natural-4.jpg 1080w, https:\/\/vietnamcoffeeunited.com\/wp-content\/uploads\/2024\/09\/Robusta-Natural-4-300x300.jpg 300w, https:\/\/vietnamcoffeeunited.com\/wp-content\/uploads\/2024\/09\/Robusta-Natural-4-1024x1024.jpg 1024w, https:\/\/vietnamcoffeeunited.com\/wp-content\/uploads\/2024\/09\/Robusta-Natural-4-150x150.jpg 150w, https:\/\/vietnamcoffeeunited.com\/wp-content\/uploads\/2024\/09\/Robusta-Natural-4-768x768.jpg 768w, https:\/\/vietnamcoffeeunited.com\/wp-content\/uploads\/2024\/09\/Robusta-Natural-4-12x12.jpg 12w, https:\/\/vietnamcoffeeunited.com\/wp-content\/uploads\/2024\/09\/Robusta-Natural-4-600x600.jpg 600w, https:\/\/vietnamcoffeeunited.com\/wp-content\/uploads\/2024\/09\/Robusta-Natural-4-100x100.jpg 100w\" sizes=\"(max-width: 1080px) 100vw, 1080px\" \/><figcaption id=\"caption-attachment-5701\" class=\"wp-caption-text\">Robusta Natural Coffee<\/figcaption><\/figure>\n<h3><strong>Robusta Natural v\u00e0 Robusta Honey kh\u00e1c nhau nh\u01b0 th\u1ebf n\u00e0o?<\/strong><\/h3>\n<p>V\u1ec1 c\u01a1 b\u1ea3n, v\u1eabn xu\u1ea5t ph\u00e1t t\u1eeb h\u1ea1t c\u00e0 ph\u00ea Robusta, ch\u00fang kh\u00e1c nhau v\u1ec1 ph\u01b0\u01a1ng ph\u00e1p s\u01a1 ch\u1ebf. Ch\u1ebf bi\u1ebfn Honey \u0111\u00e3 t\u1ea1o ra h\u01b0\u01a1ng v\u1ecb \u0111\u1ed9c \u0111\u00e1o v\u00e0 \u0111a d\u1ea1ng trong v\u0103n h\u00f3a c\u00e0 ph\u00ea. Qu\u00e1 tr\u00ecnh s\u01a1 ch\u1ebf theo ph\u01b0\u01a1ng ph\u00e1p Honey \u0111\u00f2i h\u1ecfi c\u00f4ng phu, t\u1ec9 m\u1ec9 v\u00e0 s\u1ea1ch s\u1ebd. Nh\u1edd v\u1eady, mang \u0111\u1ebfn cho kh\u00e1ch h\u00e0ng nh\u1eefng tr\u1ea3i nghi\u1ec7m th\u00fa v\u1ecb khi th\u01b0\u1edfng th\u1ee9c c\u00e0 ph\u00ea: c\u1ea3m nh\u1eadn \u0111\u01b0\u1ee3c v\u1ecb ng\u1ecdt tuy\u1ec7t v\u1eddi, \u0111\u1ed9 chua c\u00e2n b\u1eb1ng v\u1edbi h\u01b0\u01a1ng tr\u00e1i c\u00e2y thoang tho\u1ea3ng.<\/p>\n<p>Tuy nhi\u00ean s\u1ed1 l\u01b0\u1ee3ng c\u00e0 ph\u00ea nh\u00e2n xanh \u0111\u01b0\u1ee3c ch\u1ebf bi\u1ebfn theo ph\u01b0\u01a1ng ph\u00e1p Honey v\u1eabn ch\u01b0a \u0111\u1ee7 \u0111\u1ec3 \u0111\u00e1p \u1ee9ng nhu c\u1ea7u th\u1ecb tr\u01b0\u1eddng, ch\u1ea5t l\u01b0\u1ee3ng \u0111\u00f4i khi kh\u00f4ng \u0111\u1ed3ng \u0111\u1ec1u gi\u1eefa c\u00e1c farm v\u00e0 c\u00e1c h\u1ed9 n\u00f4ng d\u00e2n, \u0111\u1eb7c bi\u1ec7t gi\u00e1 t\u01b0\u01a1ng \u0111\u1ed1i cao v\u1edbi \u0111\u1ea1i \u0111a s\u1ed1 c\u00e1c qu\u00e1n c\u00e0 ph\u00ea v\u1eeba v\u00e0 nh\u1ecf.<\/p>\n<p>C\u00e0 ph\u00ea Robusta sau khi \u0111\u01b0\u1ee3c s\u01a1 ch\u1ebf theo ph\u01b0\u01a1ng ph\u00e1p Natural, ch\u1ea1y tr\u1ecdng l\u01b0\u1ee3ng v\u00e0 ph\u00e2n s\u00e0ng, s\u1ebd \u0111\u01b0\u1ee3c b\u1eafn m\u00e0u. \u0110\u00e2y l\u00e0 b\u01b0\u1edbc \u0111\u1ec3 cho ra h\u1ea1t c\u00e0 ph\u00ea c\u00f3 t\u1ef7 l\u1ec7 ch\u00edn cao, lo\u1ea1i b\u1ecf h\u1ea1t b\u1ecb l\u1ed7i, h\u1ea1t xanh, h\u1ea1t s\u00e2u\u2026 Nh\u1edd v\u1eady, ch\u1ea5t l\u01b0\u1ee3ng h\u1ea1t c\u00e0 ph\u00ea \u0111\u1ea3m b\u1ea3o \u1edf m\u1ee9c ch\u00edn &gt;97%, tuy nhi\u00ean, gi\u00e1 th\u00e0nh l\u1ea1i th\u1ea5p h\u01a1n Robusta Honey r\u1ea5t nhi\u1ec1u.<\/p>\n<p><strong>\u0110\u1ecdc th\u00eam: <a href=\"https:\/\/vietnamcoffeeunited.com\/vi\/san-pham\/robusta-honey\/\">Robusta Honey<\/a><\/strong><\/p>\n<figure id=\"attachment_5702\" aria-describedby=\"caption-attachment-5702\" style=\"width: 1080px\" class=\"wp-caption alignnone\"><img decoding=\"async\" class=\"size-full wp-image-5702\" src=\"https:\/\/vietnamcoffeeunited.com\/wp-content\/uploads\/2024\/09\/Robusta-Natural-1.jpg\" alt=\"Green beans Robusta Natural Coffee\" width=\"1080\" height=\"1080\" srcset=\"https:\/\/vietnamcoffeeunited.com\/wp-content\/uploads\/2024\/09\/Robusta-Natural-1.jpg 1080w, https:\/\/vietnamcoffeeunited.com\/wp-content\/uploads\/2024\/09\/Robusta-Natural-1-300x300.jpg 300w, https:\/\/vietnamcoffeeunited.com\/wp-content\/uploads\/2024\/09\/Robusta-Natural-1-1024x1024.jpg 1024w, https:\/\/vietnamcoffeeunited.com\/wp-content\/uploads\/2024\/09\/Robusta-Natural-1-150x150.jpg 150w, https:\/\/vietnamcoffeeunited.com\/wp-content\/uploads\/2024\/09\/Robusta-Natural-1-768x768.jpg 768w, https:\/\/vietnamcoffeeunited.com\/wp-content\/uploads\/2024\/09\/Robusta-Natural-1-12x12.jpg 12w, https:\/\/vietnamcoffeeunited.com\/wp-content\/uploads\/2024\/09\/Robusta-Natural-1-600x600.jpg 600w, https:\/\/vietnamcoffeeunited.com\/wp-content\/uploads\/2024\/09\/Robusta-Natural-1-100x100.jpg 100w\" sizes=\"(max-width: 1080px) 100vw, 1080px\" \/><figcaption id=\"caption-attachment-5702\" class=\"wp-caption-text\">Green beans Robusta Natural Coffee<\/figcaption><\/figure>\n<h3><strong>Th\u00f4ng tin s\u1ea3n ph\u1ea9m<\/strong><\/h3>\n<ul>\n<li><strong>Ph\u01b0\u01a1ng ph\u00e1p s\u01a1 ch\u1ebf:<\/strong> Natural<\/li>\n<li><strong>Ph\u00e2n lo\u1ea1i:<\/strong> Th\u01b0\u1ee3ng h\u1ea1ng<\/li>\n<li><strong>Size:<\/strong> S13\/S16\/S18<\/li>\n<li><strong>T\u1ec9 l\u1ec7 ch\u00edn<\/strong> &gt;97%<\/li>\n<li><strong>H\u1ea1t \u0111en<\/strong> 0.1%<\/li>\n<li><strong>H\u1ea1t v\u1ee1<\/strong> 0.5%<\/li>\n<li><strong>T\u1ea1p<\/strong> 0.1%<\/li>\n<\/ul>\n<h3>Mua c\u00e0 ph\u00ea Robusta Natural t\u1ea1i VCU m\u00f9a v\u1ee5 2024 - 2025<\/h3>\n<p>T\u1ecda l\u1ea1c t\u1ea1i v\u00f9ng nguy\u00ean li\u1ec7u t\u1ec9nh Gia Lai, k\u1ebft n\u1ed1i v\u1edbi h\u00e0ng tr\u0103m h\u1ed9 n\u00f4ng d\u00e2n t\u1ea1i \u0111\u1ecba ph\u01b0\u01a1ng, VCU t\u1ef1 tin s\u1edf h\u1eefu ngu\u1ed3n nguy\u00ean li\u1ec7u quanh n\u0103m, ch\u1ea5t l\u01b0\u1ee3ng v\u00e0 s\u1ef1 \u1ed5n \u0111\u1ecbnh.<\/p>\n<p>VCU c\u00f3 nh\u00e0 m\u00e1y ch\u1ebf bi\u1ebfn nh\u00e2n xanh v\u00e0 x\u01b0\u1edfng s\u1ea3n xu\u1ea5t h\u1ea1t rang, \u0111\u1ea7y \u0111\u1ee7 trang thi\u1ebft b\u1ecb c\u1ea7n thi\u1ebft.<\/p>\n<p>Vi\u1ec7c t\u1ef1 s\u1ea3n xu\u1ea5t nh\u00e2n xanh gi\u00fap VCU ki\u1ec3m so\u00e1t \u0111\u01b0\u1ee3c ch\u1ea5t l\u01b0\u1ee3ng \u0111\u1ea7u v\u00e0o, t\u1ed1i \u01b0u h\u00f3a chi ph\u00ed s\u1ea3n xu\u1ea5t. Khi kh\u00e1ch h\u00e0ng mua c\u00e0 ph\u00ea c\u1ee7a VCU, ho\u00e0n to\u00e0n c\u00f3 th\u1ec3 y\u00ean t\u00e2m v\u1ec1 ch\u1ea5t l\u01b0\u1ee3ng c\u00f9ng gi\u00e1 th\u00e0nh. 100% c\u00e0 ph\u00ea \u0111\u01b0\u1ee3c b\u1eafn m\u00e0u, t\u00e1ch \u0111\u00e1 \u0111\u1ec3 lo\u1ea1i b\u1ecf c\u00e1c t\u1ea1p ch\u1ea5t, h\u1ea1t l\u1ed7i, h\u1ea1t v\u1ee1 \u1edf m\u1ee9c ti\u00eau chu\u1ea9n, \u0111\u00e1p \u1ee9ng nhu c\u1ea7u cho th\u1ecb tr\u01b0\u1eddng.<\/p>\n<p><iframe title=\"VCU - The beginning story of the coffee journey.\" width=\"800\" height=\"450\" src=\"https:\/\/www.youtube.com\/embed\/c2qG6bYkK4o?start=6&#038;feature=oembed\" frameborder=\"0\" allow=\"accelerometer; autoplay; clipboard-write; encrypted-media; gyroscope; picture-in-picture; web-share\" referrerpolicy=\"strict-origin-when-cross-origin\" allowfullscreen><\/iframe><\/p>\n<p>Li\u00ean h\u1ec7 ngay v\u1edbi VCU khi anh\/ch\u1ecb c\u1ea7n \u0111\u01b0\u1ee3c t\u01b0 v\u1ea5n v\u00e0 b\u00e1o gi\u00e1 c\u00e0 ph\u00ea <strong>Robusta Natural<\/strong> coffee!<\/p>\n<h3><strong>Th\u00f4ng tin li\u00ean h\u1ec7<\/strong><\/h3>\n<p><strong>C\u00f4ng ty C\u1ed5 ph\u1ea7n VCU (VCU JSC)<\/strong><br \/>\n<strong>\u0110\u1ecba ch\u1ec9:<\/strong><br \/>\n\u2013\u00a0<strong>C\u01a1 s\u1edf rang:<\/strong>\u00a0T\u1ed5 d\u00e2n Ph\u1ed1 6,  th\u1ecb tr\u1ea5n Ch\u01b0 Pr\u00f4ng, huy\u1ec7n Ch\u01b0 Pr\u00f4ng, t\u1ec9nh Gia Lai<br \/>\n\u2013\u00a0<strong>C\u01a1 s\u1edf c\u00e0 ph\u00ea nh\u00e2n xanh:<\/strong>\u00a0X\u00e3 Ia Der, Huy\u1ec7n Ia Grai, T\u1ec9nh Gia Lai<\/p>\n<p><span class=\"elementor-icon-list-text\">\u2013\u00a0<strong>Hotline:\u00a0<\/strong><\/span>+84 941 203 879<\/p>\n<p>\u2013\u00a0<strong>Fanpage:\u00a0<a href=\"https:\/\/www.facebook.com\/vcuvietnamcoffeeunited\" target=\"_blank\" rel=\"noopener noreferrer nofollow\">VCU \u2013 Vietnam Coffee United<\/a><\/strong><\/p>\n<p><span class=\"elementor-icon-list-text\">\u2013\u00a0<strong>Email:<\/strong>\u00a0info@vietnamcoffeeunited.com<\/span><\/p>","protected":false},"excerpt":{"rendered":"<ul>\n<li><strong>Ph\u01b0\u01a1ng ph\u00e1p s\u01a1 ch\u1ebf:<\/strong> Natural<\/li>\n<li><strong>H\u1ea1t rang<\/strong>: <a href=\"https:\/\/vietnamcoffeeunited.com\/vi\/san-pham\/roasted-natural-robusta\/\">Roasted Robusta Natural<\/a><\/li>\n<li><strong>Ph\u00e2n lo\u1ea1i:<\/strong> Th\u01b0\u1ee3ng h\u1ea1ng<\/li>\n<li><strong>Size:<\/strong> S13\/S16\/S18<\/li>\n<li><strong>T\u1ec9 l\u1ec7 ch\u00edn<\/strong> &gt;97%<\/li>\n<li><strong>Th\u1eddi gian s\u1eed d\u1ee5ng t\u1ed1t nh\u1ea5t<\/strong>: 24 th\u00e1ng<\/li>\n<li><strong>\u0110\u00f3ng g\u00f3i:<\/strong>: 30kg\/bag, 60kg\/bag, jute bag or PP bag, or as customers requirement<\/li>\n<li><strong>\u0110\u1eb7t h\u00e0ng t\u1ed1i thi\u1ec3u<\/strong>: 5 t\u1ea5n ho\u1eb7c th\u01b0\u01a1ng l\u01b0\u1ee3ng<\/li>\n<li><strong>N\u0103ng l\u1ef1c s\u1ea3n xu\u1ea5t<\/strong>: 100 t\u1ea5n\/th\u00e1ng<\/li>\n<li><strong>Th\u1eddi gian giao h\u00e0ng<\/strong>: Trong v\u00f2ng 2-3 ng\u00e0y sau khi nh\u1eadn \u0111\u01b0\u1ee3c L\/C ho\u1eb7c ti\u1ec1n \u0111\u1eb7t c\u1ecdc t\u1eeb ng\u01b0\u1eddi mua<\/li>\n<li><strong>Ch\u00ednh s\u00e1ch thanh to\u00e1n:<\/strong>: T\/T, L\/C at sight<\/li>\n<li><strong>Ch\u1ee9ng t\u1eeb v\u1eadn chuy\u1ec3n<\/strong>: Inv, PL, BoL, CO, Phyto, Fumi.<\/li>\n<li><strong>C\u1ea3ng h\u00e0ng<\/strong>: C\u1ea3ng C\u00e1t L\u00e1i, TP. HCM<\/li>\n<\/ul>","protected":false},"featured_media":5703,"comment_status":"open","ping_status":"closed","template":"","meta":[],"product_cat":[149],"product_tag":[311,313,206,309,312,310],"_links":{"self":[{"href":"https:\/\/vietnamcoffeeunited.com\/vi\/wp-json\/wp\/v2\/product\/5405"}],"collection":[{"href":"https:\/\/vietnamcoffeeunited.com\/vi\/wp-json\/wp\/v2\/product"}],"about":[{"href":"https:\/\/vietnamcoffeeunited.com\/vi\/wp-json\/wp\/v2\/types\/product"}],"replies":[{"embeddable":true,"href":"https:\/\/vietnamcoffeeunited.com\/vi\/wp-json\/wp\/v2\/comments?post=5405"}],"wp:featuredmedia":[{"embeddable":true,"href":"https:\/\/vietnamcoffeeunited.com\/vi\/wp-json\/wp\/v2\/media\/5703"}],"wp:attachment":[{"href":"https:\/\/vietnamcoffeeunited.com\/vi\/wp-json\/wp\/v2\/media?parent=5405"}],"wp:term":[{"taxonomy":"product_cat","embeddable":true,"href":"https:\/\/vietnamcoffeeunited.com\/vi\/wp-json\/wp\/v2\/product_cat?post=5405"},{"taxonomy":"product_tag","embeddable":true,"href":"https:\/\/vietnamcoffeeunited.com\/vi\/wp-json\/wp\/v2\/product_tag?post=5405"}],"curies":[{"name":"wp","href":"https:\/\/api.w.org\/{rel}","templated":true}]}}