{"id":5360,"date":"2024-08-10T16:50:36","date_gmt":"2024-08-10T09:50:36","guid":{"rendered":"https:\/\/vietnamcoffeeunited.com\/?post_type=product&#038;p=5360"},"modified":"2025-08-20T15:50:52","modified_gmt":"2025-08-20T08:50:52","slug":"roasted-robusta-honey","status":"publish","type":"product","link":"https:\/\/vietnamcoffeeunited.com\/vi\/san-pham\/roasted-robusta-honey\/","title":{"rendered":"C\u00e0 ph\u00ea h\u1ea1t rang Robusta Honey"},"content":{"rendered":"<h2 style=\"text-align: center;\"><strong>C\u00e0 ph\u00ea h\u1ea1t rang Robusta Honey<\/strong><\/h2>\n<h3><strong>Gi\u1edbi thi\u1ec7u Robusta Honey<\/strong><\/h3>\n<p>T\u1ea1i Vi\u1ec7t Nam, c\u00e0 ph\u00ea Robusta chi\u1ebfm \u0111\u1ebfn 90% t\u1ed5ng s\u1ea3n l\u01b0\u1ee3ng c\u00e0 ph\u00ea c\u1ea3 n\u01b0\u1edbc. Nh\u1eefng n\u0103m g\u1ea7n \u0111\u00e2y, xu h\u01b0\u1edbng s\u1eed d\u1ee5ng c\u00e0 ph\u00ea Robusta Honey ng\u00e0y c\u00e0ng ph\u00e1t tri\u1ec3n b\u1edfi ch\u1ea5t l\u01b0\u1ee3ng v\u00e0 h\u01b0\u01a1ng v\u1ecb m\u00e0 n\u00f3 mang l\u1ea1i.<\/p>\n<p>Robusta Honey kh\u00f4ng ph\u1ea3i l\u00e0 tr\u1ed9n c\u00e0 ph\u00ea c\u00f9ng m\u1eadt ong. M\u00e0 \u0111\u01b0\u1ee3c hi\u1ec3u l\u00e0 caf\u00e9 Robusta \u0111\u01b0\u1ee3c s\u01a1 ch\u1ebf theo ph\u01b0\u01a1ng ph\u00e1p Honey. S\u1edf d\u0129 ng\u01b0\u1eddi ta g\u1ecdi nh\u01b0 v\u1eady b\u1edfi sau khi s\u01a1 ch\u1ebf c\u00e0 ph\u00ea c\u00f3 m\u00e0u ng\u1ea3 v\u00e0ng gi\u1ed1ng nh\u01b0 m\u1eadt ong, gi\u1eef l\u1ea1i \u0111\u01b0\u1ee3c m\u1ed9t ph\u1ea7n ho\u1eb7c to\u00e0n b\u1ed9 l\u1edbp nh\u1ea7y tr\u00ean b\u1ec1 m\u1eb7t trong qu\u00e0 tr\u00ecnh l\u00e0m kh\u00f4. V\u1edbi ph\u01b0\u01a1ng ph\u00e1p s\u01a1 ch\u1ebf Honey, kh\u00f4ng c\u1ea7n tr\u1ea3i qua b\u01b0\u1edbc l\u00ean men, n\u00ean h\u1ea1t c\u00e0 ph\u00ea nh\u00e2n v\u1eabn gi\u1eef \u0111\u01b0\u1ee3c l\u1edbp th\u1ecbt l\u1ee5a b\u00ean ngo\u00e0i.<\/p>\n<p>S\u01a1 ch\u1ebf Honey s\u1ebd t\u1eadn d\u1ee5ng \u0111\u01b0\u1ee3c l\u1edbp nh\u1ea7y khi c\u00f3 kh\u00e1 nhi\u1ec1u \u0111\u01b0\u1eddng (8 \u2013 12%), l\u1edbp n\u00e0y s\u1ebd ng\u1ea5m v\u00e0o trong nh\u00e2n c\u00e0 ph\u00ea, l\u00e0m cho <strong>c\u00e0 ph\u00ea h\u1ea1t rang Robusta Honey<\/strong> c\u00f3 h\u01b0\u01a1ng v\u00e0 v\u1ecb t\u1ed1t h\u01a1n. Nh\u1edd v\u1eady, sau khi rang, c\u00e0 ph\u00ea Robusta c\u00f3 h\u01b0\u01a1ng th\u01a1m nh\u1eb9 c\u1ee7a tr\u00e1i c\u00e2y, h\u1eadu v\u1ecb ng\u1ecdt ng\u00e0o c\u00f9ng b\u1ea3n ch\u1ea5t m\u1ea1nh m\u1ebd v\u1ed1n c\u00f3.<\/p>\n<p>\u0110i\u1ec3m \u0111\u1eb7c bi\u1ec7t gi\u00fap cho Robusta Honey tr\u1edf th\u00e0nh d\u00f2ng c\u00e0 ph\u00ea th\u01b0\u1ee3ng h\u1ea1ng n\u1eb1m \u1edf vi\u1ec7c t\u1ef7 l\u1ec7 tr\u00e1i ch\u00edn h\u01a1n 97%, c\u1ea7n \u0111\u1ea7u t\u01b0 c\u00f4ng s\u1ee9c, k\u1ef9 thu\u1eadt v\u00e0 th\u1eddi gian m\u1edbi c\u00f3 th\u1ec3 cho ra \u0111\u01b0\u1ee3c t\u1ef7 l\u1ec7 \u0111\u00f3. C\u0169ng v\u00ec v\u1eady m\u00e0 gi\u00e1 th\u00e0nh c\u1ee7a Robusta Honey nh\u00e2n xanh hay h\u1ea1t rang \u0111\u1ec1u cao h\u01a1n c\u00e1c m\u00e3 Robusta kh\u00e1c.<\/p>\n<figure id=\"attachment_5687\" aria-describedby=\"caption-attachment-5687\" style=\"width: 1080px\" class=\"wp-caption alignnone\"><img decoding=\"async\" class=\"size-full wp-image-5687\" src=\"https:\/\/vietnamcoffeeunited.com\/wp-content\/uploads\/2024\/09\/Roasted-Robusta-Honey-2.jpg\" alt=\"Roasted Robusta Honey \" width=\"1080\" height=\"1080\" srcset=\"https:\/\/vietnamcoffeeunited.com\/wp-content\/uploads\/2024\/09\/Roasted-Robusta-Honey-2.jpg 1080w, https:\/\/vietnamcoffeeunited.com\/wp-content\/uploads\/2024\/09\/Roasted-Robusta-Honey-2-300x300.jpg 300w, https:\/\/vietnamcoffeeunited.com\/wp-content\/uploads\/2024\/09\/Roasted-Robusta-Honey-2-1024x1024.jpg 1024w, https:\/\/vietnamcoffeeunited.com\/wp-content\/uploads\/2024\/09\/Roasted-Robusta-Honey-2-150x150.jpg 150w, https:\/\/vietnamcoffeeunited.com\/wp-content\/uploads\/2024\/09\/Roasted-Robusta-Honey-2-768x768.jpg 768w, https:\/\/vietnamcoffeeunited.com\/wp-content\/uploads\/2024\/09\/Roasted-Robusta-Honey-2-12x12.jpg 12w, https:\/\/vietnamcoffeeunited.com\/wp-content\/uploads\/2024\/09\/Roasted-Robusta-Honey-2-600x600.jpg 600w, https:\/\/vietnamcoffeeunited.com\/wp-content\/uploads\/2024\/09\/Roasted-Robusta-Honey-2-100x100.jpg 100w\" sizes=\"(max-width: 1080px) 100vw, 1080px\" \/><figcaption id=\"caption-attachment-5687\" class=\"wp-caption-text\">C\u00e0 ph\u00ea h\u1ea1t rang Robusta Honey<\/figcaption><\/figure>\n<p><strong>\u0110\u1ecdc th\u00eam: <a href=\"https:\/\/vietnamcoffeeunited.com\/vi\/san-pham\/robusta-honey\/\">Robusta Honey Green Coffee Beans<\/a><\/strong><\/p>\n<h3><strong>C\u00e0 ph\u00ea Robusta Honey \u0111\u00e3 rang c\u1ee7a VCU<\/strong><\/h3>\n<p>T\u1ea1i VCU, <em>C\u00e0 ph\u00ea Robusta Honey<\/em> \u0111\u01b0\u1ee3c thu mua t\u1eeb c\u00e1c famers t\u1ea1i \u0111\u1ecba ph\u01b0\u01a1ng, tuy\u1ec3n ch\u1ecdn h\u1ea1t k\u1ef9 l\u01b0\u1ee1ng, c\u00f3 t\u1ef7 l\u1ec7 tr\u00e1i ch\u00edn t\u1eeb 97% \u0111\u1ec3 \u0111\u1ea3m b\u1ea3o \u0111\u01b0\u1ee3c h\u01b0\u01a1ng v\u1ecb v\u00e0 m\u00e0u s\u1eafc \u0111\u1ed3ng \u0111\u1ec1u.<\/p>\n<p>C\u00e0 ph\u00ea sau khi \u0111\u01b0\u1ee3c thu mua s\u1ebd mang v\u1ec1 nh\u00e0 m\u00e1y s\u01a1 ch\u1ebf nh\u00e2n xanh c\u1ee7a VCU \u0111\u1ec3 ch\u1ebf bi\u1ebfn theo ph\u01b0\u01a1ng ph\u00e1p Honey. Ch\u1ea1y tr\u1ecdng l\u01b0\u1ee3ng v\u00e0 ph\u00e2n s\u00e0ng k\u1ef9 \u0111\u1ec3 cho ra c\u00e0 ph\u00ea \u0111a d\u1ea1ng s\u00e0ng S13, S16, S18 v\u1edbi body \u0111\u1ea7y \u0111\u1eb7n, density cao, h\u01b0\u01a1ng t\u1ed1t.<\/p>\n<p>Khi \u0111\u00e3 c\u00f3 h\u1ea1t c\u00e0 ph\u00ea nh\u00e2n xanh ch\u1ea5t l\u01b0\u1ee3ng, VCU ti\u1ebfn h\u00e0nh rang theo \u0111\u01a1n \u0111\u1eb7t h\u00e0ng c\u1ee7a kh\u00e1ch.<\/p>\n<p>VCU coffee s\u1edf h\u1eefu x\u01b0\u1edfng rang \u0111\u1ea1t chu\u1ea9n ISO 22000:2018 v\u00e0 FDA, \u0111\u1ea3m b\u1ea3o c\u00e0 ph\u00ea rang \u0111\u1ea1t chu\u1ea9n ch\u1ea5t l\u01b0\u1ee3ng. B\u00ean c\u1ea1nh \u0111\u00f3, x\u01b0\u1edfng c\u00f3 2 m\u00e1y rang c\u00f4ng nghi\u1ec7p, c\u00f4ng su\u1ea5t 60kg\/m\u1ebb, n\u0103ng l\u1ef1c s\u1ea3n xu\u1ea5t \u0111\u1ebfn 80 t\u1ea5n\/th\u00e1ng. S\u1eb5n s\u00e0ng cung \u1ee9ng ngu\u1ed3n h\u00e0ng ch\u1ea5t l\u01b0\u1ee3ng v\u00e0 \u1ed5n \u0111\u1ecbnh cho n\u1ed9i \u0111\u1ecba v\u00e0 xu\u1ea5t kh\u1ea9u.<\/p>\n<p>M\u00e1y rang \u1ee9ng d\u1ee5ng c\u00f4ng ngh\u1ec7 rang Hot-air hi\u1ec7n \u0111\u1ea1i.<\/p>\n<p>Th\u1ee3 rang c\u00e0 ph\u00ea c\u1ee7a VCU c\u00f3 kinh nghi\u1ec7m, k\u1ef9 n\u0103ng v\u00e0 kh\u00f4ng ng\u1eebng n\u00e2ng cao tay ngh\u1ec1, nh\u1edd v\u1eady ch\u00fang t\u00f4i hi\u1ec3u \u0111\u01b0\u1ee3c s\u1ef1 ph\u00e1t tri\u1ec3n c\u1ee7a h\u1ea1t c\u00e0 ph\u00ea trong qu\u00e1 tr\u00ecnh rang. Do \u0111\u00f3,<strong> c\u00e0 ph\u00ea h\u1ea1t rang Robusta Honey<\/strong> lu\u00f4n \u0111\u1ea1t ti\u00eau chu\u1ea9n ch\u1ea5t l\u01b0\u1ee3ng, ph\u00e1t huy t\u1ed1i \u0111a h\u01b0\u01a1ng v\u1ecb v\u1ed1n c\u00f3.<\/p>\n<figure id=\"attachment_5688\" aria-describedby=\"caption-attachment-5688\" style=\"width: 1080px\" class=\"wp-caption alignnone\"><img decoding=\"async\" class=\"size-full wp-image-5688\" src=\"https:\/\/vietnamcoffeeunited.com\/wp-content\/uploads\/2024\/09\/Roasted-Robusta-Honey-3.jpg\" alt=\"Robusta Honey Beans\" width=\"1080\" height=\"1080\" srcset=\"https:\/\/vietnamcoffeeunited.com\/wp-content\/uploads\/2024\/09\/Roasted-Robusta-Honey-3.jpg 1080w, https:\/\/vietnamcoffeeunited.com\/wp-content\/uploads\/2024\/09\/Roasted-Robusta-Honey-3-300x300.jpg 300w, https:\/\/vietnamcoffeeunited.com\/wp-content\/uploads\/2024\/09\/Roasted-Robusta-Honey-3-1024x1024.jpg 1024w, https:\/\/vietnamcoffeeunited.com\/wp-content\/uploads\/2024\/09\/Roasted-Robusta-Honey-3-150x150.jpg 150w, https:\/\/vietnamcoffeeunited.com\/wp-content\/uploads\/2024\/09\/Roasted-Robusta-Honey-3-768x768.jpg 768w, https:\/\/vietnamcoffeeunited.com\/wp-content\/uploads\/2024\/09\/Roasted-Robusta-Honey-3-12x12.jpg 12w, https:\/\/vietnamcoffeeunited.com\/wp-content\/uploads\/2024\/09\/Roasted-Robusta-Honey-3-600x600.jpg 600w, https:\/\/vietnamcoffeeunited.com\/wp-content\/uploads\/2024\/09\/Roasted-Robusta-Honey-3-100x100.jpg 100w\" sizes=\"(max-width: 1080px) 100vw, 1080px\" \/><figcaption id=\"caption-attachment-5688\" class=\"wp-caption-text\">Robusta Honey Beans<\/figcaption><\/figure>\n<p>C\u00e0 ph\u00ea Robusta Honey sau khi rang s\u1ebd \u0111\u01b0\u1ee3c b\u1eafn m\u00e0u v\u00e0 t\u00e1ch \u0111\u00e1, lo\u1ea1i b\u1ecf t\u1ea1p ch\u1ea5t, c\u00e1c h\u1ea1t \u0111en, l\u1ed7i, v\u1ee1.<\/p>\n<h3><strong>Th\u00f4ng tin s\u1ea3n ph\u1ea9m<\/strong><\/h3>\n<ul>\n<li><strong>Ph\u00e2n lo\u1ea1i:<\/strong> Th\u01b0\u1ee3ng h\u1ea1ng<\/li>\n<li><strong>Size:<\/strong> S13\/S16\/S18<\/li>\n<li><strong>Ph\u01b0\u01a1ng ph\u00e1p s\u01a1 ch\u1ebf:<\/strong> Honey<\/li>\n<li><strong>M\u1ee9c rang<\/strong>: Medium\/ Dark<\/li>\n<li><strong>Th\u1eddi gian s\u1eed d\u1ee5ng t\u1ed1t nh\u1ea5t<\/strong>: 12 th\u00e1ng<\/li>\n<li><strong>\u0110\u00f3ng g\u00f3i:<\/strong>: 30kg\/bag (jute bag or PP bag), \u00a0500g\/bag * 32 bags\/carton, 1kg\/bag * 18 bags\/carton, 5kg\/bag * 3 bags\/carton<\/li>\n<li><strong>\u0110\u1eb7t h\u00e0ng t\u1ed1i thi\u1ec3u<\/strong>: 1 t\u1ea5n ho\u1eb7c th\u01b0\u01a1ng l\u01b0\u1ee3ng<\/li>\n<li><strong>N\u0103ng l\u1ef1c s\u1ea3n xu\u1ea5t<\/strong>: 100 t\u1ea5n\/th\u00e1ng<\/li>\n<li><strong>Th\u1eddi gian giao h\u00e0ng<\/strong>: Trong v\u00f2ng 2-4 ng\u00e0y sau khi nh\u1eadn \u0111\u01b0\u1ee3c L\/C ho\u1eb7c ti\u1ec1n \u0111\u1eb7t c\u1ecdc c\u1ee7a kh\u00e1ch h\u00e0ng<\/li>\n<li><strong>Ch\u00ednh s\u00e1ch thanh to\u00e1n:<\/strong>: T\/T, L\/C at sight<\/li>\n<li><strong>Ch\u1ee9ng t\u1eeb v\u1eadn chuy\u1ec3n<\/strong>: Inv, PL, BoL, CO, Phyto, Fumi.<\/li>\n<li><strong>C\u1ea3ng h\u00e0ng<\/strong>: C\u1ea3ng C\u00e1t L\u00e1i, TP. HCM<\/li>\n<\/ul>\n<h3><strong>T\u1ea1i sao n\u00ean ch\u1ecdn Robusta Honey h\u1ea1t rang c\u1ee7a VCU?<\/strong><\/h3>\n<p>Th\u1ecb tr\u01b0\u1eddng c\u00e0 ph\u00ea lu\u00f4n c\u1ea1nh tranh kh\u1ed1c li\u1ec7t, l\u00e0m th\u1ebf n\u00e0o \u0111\u1ec3 t\u1ed3n t\u1ea1i v\u00e0 ph\u00e1t tri\u1ec3n? VCU kh\u00f4ng ng\u1eebng n\u1ed7 l\u1ef1c x\u00e2y d\u1ef1ng th\u01b0\u01a1ng hi\u1ec7u v\u1edbi h\u00ecnh \u1ea3nh uy t\u00edn, cung c\u1ea5p s\u1ea3n ph\u1ea9m ch\u1ea5t l\u01b0\u1ee3ng, d\u1ecbch v\u1ee5 chuy\u00ean nghi\u1ec7p v\u00e0 t\u1eadn t\u00e2m.<\/p>\n<p>V\u1edbi m\u1ee5c ti\u00eau trong kinh doanh, lu\u00f4n l\u1ea5y ch\u1ea5t l\u01b0\u1ee3ng s\u1ea3n ph\u1ea9m v\u00e0 s\u1ef1 h\u00e0i l\u00f2ng c\u1ee7a kh\u00e1ch h\u00e0ng l\u00e0m c\u1ed1t y\u1ebfu. Th\u00e0nh l\u1eadp c\u00f4ng ty v\u00e0 \u0111\u1eb7t nh\u00e0 m\u00e1y t\u1ea1i v\u00f9ng nguy\u00ean li\u1ec7u c\u00e0 ph\u00ea Gia Lai, mua c\u00e0 ph\u00ea tr\u1ef1c ti\u1ebfp t\u1eeb c\u00e1c farmers l\u1edbn, k\u1ebft n\u1ed1i v\u1edbi h\u00e0ng tr\u0103m h\u1ed9 n\u00f4ng d\u00e2n, n\u00ean VCU t\u1ed1i \u01b0u h\u00f3a \u0111\u01b0\u1ee3c chi ph\u00ed s\u1ea3n xu\u1ea5t, cung c\u1ea5p s\u1ea3n ph\u1ea9m v\u1edbi gi\u00e1 c\u1ea1nh tranh cho kh\u00e1ch h\u00e0ng.<\/p>\n<p>Ngay c\u1ea3 nh\u1eefng th\u1ecb tr\u01b0\u1eddng kh\u00f3 t\u00ednh nh\u01b0 M\u1ef9, Nh\u1eadt B\u1ea3n, Singapore, \u00dac\u2026 y\u00eau c\u1ea7u cao v\u1ec1 ch\u1ea5t l\u01b0\u1ee3ng c\u00e0 ph\u00ea, h\u00ecnh th\u1ee9c \u0111\u00f3ng g\u00f3i, d\u1ecbch v\u1ee5 chuy\u00ean nghi\u1ec7p, VCU \u0111\u1ec1u \u0111\u00e3 xu\u1ea5t kh\u1ea9u ch\u00ednh ng\u1ea1ch th\u00e0nh c\u00f4ng, \u0111i\u1ec1u \u0111\u00f3 ph\u1ea7n n\u00e0o minh ch\u1ee9ng s\u1ef1 n\u1ed7 l\u1ef1c c\u1ee7a ch\u00fang t\u00f4i.<\/p>\n<figure id=\"attachment_5681\" aria-describedby=\"caption-attachment-5681\" style=\"width: 1080px\" class=\"wp-caption alignnone\"><img decoding=\"async\" class=\"size-full wp-image-5681\" src=\"https:\/\/vietnamcoffeeunited.com\/wp-content\/uploads\/2024\/09\/Robusta-Honey-5.jpg\" alt=\"Robusta Honey\" width=\"1080\" height=\"1080\" srcset=\"https:\/\/vietnamcoffeeunited.com\/wp-content\/uploads\/2024\/09\/Robusta-Honey-5.jpg 1080w, https:\/\/vietnamcoffeeunited.com\/wp-content\/uploads\/2024\/09\/Robusta-Honey-5-300x300.jpg 300w, https:\/\/vietnamcoffeeunited.com\/wp-content\/uploads\/2024\/09\/Robusta-Honey-5-1024x1024.jpg 1024w, https:\/\/vietnamcoffeeunited.com\/wp-content\/uploads\/2024\/09\/Robusta-Honey-5-150x150.jpg 150w, https:\/\/vietnamcoffeeunited.com\/wp-content\/uploads\/2024\/09\/Robusta-Honey-5-768x768.jpg 768w, https:\/\/vietnamcoffeeunited.com\/wp-content\/uploads\/2024\/09\/Robusta-Honey-5-12x12.jpg 12w, https:\/\/vietnamcoffeeunited.com\/wp-content\/uploads\/2024\/09\/Robusta-Honey-5-600x600.jpg 600w, https:\/\/vietnamcoffeeunited.com\/wp-content\/uploads\/2024\/09\/Robusta-Honey-5-100x100.jpg 100w\" sizes=\"(max-width: 1080px) 100vw, 1080px\" \/><figcaption id=\"caption-attachment-5681\" class=\"wp-caption-text\">Robusta Honey<\/figcaption><\/figure>\n<p>Hi\u1ec7n nay, VCU \u0111\u00e3 chinh ph\u1ee5c th\u00e0nh c\u00f4ng th\u1ecb tr\u01b0\u1eddng \u1edf 13 qu\u1ed1c gia v\u00e0 v\u00f9ng l\u00e3nh th\u1ed5. T\u1ea1i Vi\u1ec7t Nam, ch\u00fang t\u00f4i ph\u1ee7 s\u00f3ng h\u1ea7u h\u1ebft \u1edf c\u00e1c t\u1ec9nh th\u00e0nh, t\u1ef7 l\u1ec7 repeat l\u00ean \u0111\u1ebfn h\u01a1n 90%.<\/p>\n<p>Do \u0111\u00f3, ch\u00fang t\u00f4i t\u1ef1 tin cung c\u1ea5p c\u00e0 ph\u00ea nh\u00e2n xanh hay c\u00e0 ph\u00ea h\u1ea1t rang Robusta Honey ch\u1ea5t l\u01b0\u1ee3ng cho th\u1ecb tr\u01b0\u1eddng Vi\u1ec7t Nam v\u00e0 xu\u1ea5t kh\u1ea9u. <strong>c\u00e0 ph\u00ea h\u1ea1t rang Robusta Honey<\/strong> coffee to both the domestic and export markets.<\/p>\n<p>N\u1ebfu b\u1ea1n c\u1ea7n t\u01b0 v\u1ea5n, h\u00e3y li\u00ean h\u1ec7 ngay cho VCU nh\u00e9!<\/p>\n<h3><strong>Th\u00f4ng tin li\u00ean h\u1ec7<\/strong><\/h3>\n<p><strong>C\u00f4ng ty C\u1ed5 ph\u1ea7n VCU (VCU JSC)<\/strong><br \/>\n<strong>\u0110\u1ecba ch\u1ec9:<\/strong><br \/>\n\u2013\u00a0<strong>C\u01a1 s\u1edf rang:<\/strong>\u00a0T\u1ed5 d\u00e2n Ph\u1ed1 6,  th\u1ecb tr\u1ea5n Ch\u01b0 Pr\u00f4ng, huy\u1ec7n Ch\u01b0 Pr\u00f4ng, t\u1ec9nh Gia Lai<br \/>\n\u2013\u00a0<strong>C\u01a1 s\u1edf c\u00e0 ph\u00ea nh\u00e2n xanh:<\/strong>\u00a0X\u00e3 Ia Der, Huy\u1ec7n Ia Grai, T\u1ec9nh Gia Lai<\/p>\n<p><span class=\"elementor-icon-list-text\">\u2013\u00a0<strong>Hotline:\u00a0<\/strong><\/span>+84 941 203 879<\/p>\n<p>\u2013\u00a0<strong>Fanpage:\u00a0<a href=\"https:\/\/www.facebook.com\/vcuvietnamcoffeeunited\" target=\"_blank\" rel=\"noopener noreferrer nofollow\">VCU \u2013 Vietnam Coffee United<\/a><\/strong><\/p>\n<p><span class=\"elementor-icon-list-text\">\u2013\u00a0<strong>Email:<\/strong>\u00a0info@vietnamcoffeeunited.com<\/span><\/p>","protected":false},"excerpt":{"rendered":"<ul>\n<li><strong>Ph\u00e2n lo\u1ea1i:<\/strong> Th\u01b0\u1ee3ng h\u1ea1ng<\/li>\n<li><strong>Size:<\/strong> S13\/S16\/S18<\/li>\n<li><strong>Ph\u01b0\u01a1ng ph\u00e1p s\u01a1 ch\u1ebf:<\/strong> Honey<\/li>\n<li><strong>M\u1ee9c rang<\/strong>: Medium\/ Dark<\/li>\n<li><strong>Th\u1eddi gian s\u1eed d\u1ee5ng t\u1ed1t nh\u1ea5t<\/strong>: 12 th\u00e1ng<\/li>\n<li><strong>\u0110\u00f3ng g\u00f3i:<\/strong>: 30kg\/bag (jute bag or PP bag), \u00a0500g\/bag * 32 bags\/carton, 1kg\/bag * 18 bags\/carton, 5kg\/bag * 3 bags\/carton<\/li>\n<li><strong>\u0110\u1eb7t h\u00e0ng t\u1ed1i thi\u1ec3u<\/strong>: 1 t\u1ea5n ho\u1eb7c th\u01b0\u01a1ng l\u01b0\u1ee3ng<\/li>\n<li><strong>N\u0103ng l\u1ef1c s\u1ea3n xu\u1ea5t<\/strong>: 100 t\u1ea5n\/th\u00e1ng<\/li>\n<li><strong>Th\u1eddi gian giao h\u00e0ng<\/strong>: Trong v\u00f2ng 2-4 ng\u00e0y sau khi nh\u1eadn \u0111\u01b0\u1ee3c L\/C ho\u1eb7c ti\u1ec1n \u0111\u1eb7t c\u1ecdc c\u1ee7a kh\u00e1ch h\u00e0ng<\/li>\n<li><strong>Ch\u00ednh s\u00e1ch thanh to\u00e1n:<\/strong>: T\/T, L\/C at sight<\/li>\n<li><strong>Ch\u1ee9ng t\u1eeb v\u1eadn chuy\u1ec3n<\/strong>: Inv, PL, BoL, CO, Phyto, Fumi.<\/li>\n<li><strong>C\u1ea3ng h\u00e0ng<\/strong>: C\u1ea3ng C\u00e1t L\u00e1i, TP. HCM<\/li>\n<\/ul>","protected":false},"featured_media":6455,"comment_status":"open","ping_status":"closed","template":"","meta":[],"product_cat":[148],"product_tag":[254,208,215,245,308,307,255],"_links":{"self":[{"href":"https:\/\/vietnamcoffeeunited.com\/vi\/wp-json\/wp\/v2\/product\/5360"}],"collection":[{"href":"https:\/\/vietnamcoffeeunited.com\/vi\/wp-json\/wp\/v2\/product"}],"about":[{"href":"https:\/\/vietnamcoffeeunited.com\/vi\/wp-json\/wp\/v2\/types\/product"}],"replies":[{"embeddable":true,"href":"https:\/\/vietnamcoffeeunited.com\/vi\/wp-json\/wp\/v2\/comments?post=5360"}],"wp:featuredmedia":[{"embeddable":true,"href":"https:\/\/vietnamcoffeeunited.com\/vi\/wp-json\/wp\/v2\/media\/6455"}],"wp:attachment":[{"href":"https:\/\/vietnamcoffeeunited.com\/vi\/wp-json\/wp\/v2\/media?parent=5360"}],"wp:term":[{"taxonomy":"product_cat","embeddable":true,"href":"https:\/\/vietnamcoffeeunited.com\/vi\/wp-json\/wp\/v2\/product_cat?post=5360"},{"taxonomy":"product_tag","embeddable":true,"href":"https:\/\/vietnamcoffeeunited.com\/vi\/wp-json\/wp\/v2\/product_tag?post=5360"}],"curies":[{"name":"wp","href":"https:\/\/api.w.org\/{rel}","templated":true}]}}