{"id":5271,"date":"2024-08-07T17:17:22","date_gmt":"2024-08-07T10:17:22","guid":{"rendered":"https:\/\/vietnamcoffeeunited.com\/?post_type=product&#038;p=5271"},"modified":"2026-03-14T08:26:25","modified_gmt":"2026-03-14T01:26:25","slug":"oem-coffee-and-private-label","status":"publish","type":"product","link":"https:\/\/vietnamcoffeeunited.com\/vi\/san-pham\/oem-coffee-and-private-label\/","title":{"rendered":"OEM c\u00e0 ph\u00ea theo th\u01b0\u01a1ng hi\u1ec7u"},"content":{"rendered":"<h2 style=\"text-align: center;\">OEM c\u00e0 ph\u00ea theo th\u01b0\u01a1ng hi\u1ec7u<\/h2>\n<h3><strong>Gi\u1edbi thi\u1ec7u d\u1ecbch v\u1ee5 OEM c\u1ee7a VCU<\/strong><\/h3>\n<p>S\u1edf h\u1eefu h\u01a1n 7 n\u0103m kinh nghi\u1ec7m trong l\u0129nh v\u1ef1c c\u00e0 ph\u00ea v\u00e0 h\u01a1n 3 n\u0103m s\u1ea3n xu\u1ea5t, gia c\u00f4ng, v\u1edbi nh\u00e0 m\u00e1y \u0111\u1ea1t ti\u00eau chu\u1ea9n ISO 22000:2018, FDA (Xu\u1ea5t kh\u1ea9u M\u1ef9), VCU JSC cung c\u1ea5p d\u1ecbch v\u1ee5 gia c\u00f4ng c\u00e0 ph\u00ea ch\u1ea5t l\u01b0\u1ee3ng, t\u1ed1i \u01b0u h\u00f3a th\u1eddi gian v\u00e0 chi ph\u00ed cho c\u00e1c doanh nghi\u1ec7p.<\/p>\n<p>VCU Coffee cam k\u1ebft b\u1ea3o m\u1eadt th\u00f4ng tin \u0111\u1ed1i t\u00e1c v\u1ec1 qu\u00e1 tr\u00ecnh s\u1ea3n xu\u1ea5t, ch\u1ebf bi\u1ebfn c\u00e0 ph\u00ea v\u00e0 m\u00f4 h\u00ecnh kinh doanh c\u1ee7a th\u01b0\u01a1ng hi\u1ec7u.<\/p>\n<figure id=\"attachment_5719\" aria-describedby=\"caption-attachment-5719\" style=\"width: 1000px\" class=\"wp-caption alignnone\"><img decoding=\"async\" class=\"size-full wp-image-5719\" src=\"https:\/\/vietnamcoffeeunited.com\/wp-content\/uploads\/2024\/08\/OEM-coffee-service-5-1.jpg\" alt=\"VCU employees are packaging OEM paper filter coffee\" width=\"1000\" height=\"1000\" srcset=\"https:\/\/vietnamcoffeeunited.com\/wp-content\/uploads\/2024\/08\/OEM-coffee-service-5-1.jpg 1000w, https:\/\/vietnamcoffeeunited.com\/wp-content\/uploads\/2024\/08\/OEM-coffee-service-5-1-300x300.jpg 300w, https:\/\/vietnamcoffeeunited.com\/wp-content\/uploads\/2024\/08\/OEM-coffee-service-5-1-150x150.jpg 150w, https:\/\/vietnamcoffeeunited.com\/wp-content\/uploads\/2024\/08\/OEM-coffee-service-5-1-768x768.jpg 768w, https:\/\/vietnamcoffeeunited.com\/wp-content\/uploads\/2024\/08\/OEM-coffee-service-5-1-12x12.jpg 12w, https:\/\/vietnamcoffeeunited.com\/wp-content\/uploads\/2024\/08\/OEM-coffee-service-5-1-600x600.jpg 600w, https:\/\/vietnamcoffeeunited.com\/wp-content\/uploads\/2024\/08\/OEM-coffee-service-5-1-100x100.jpg 100w\" sizes=\"(max-width: 1000px) 100vw, 1000px\" \/><figcaption id=\"caption-attachment-5719\" class=\"wp-caption-text\">VCU employees are packaging OEM paper filter coffee<\/figcaption><\/figure>\n<p>Hi\u1ec7n t\u1ea1i, VCU cung c\u1ea5p c\u00e1c s\u1ea3n ph\u1ea9m <strong>OEM Coffee<\/strong> :<\/p>\n<ul>\n<li>OEM c\u00e0 ph\u00ea h\u1ea1t rang<\/li>\n<li><a href=\"https:\/\/vietnamcoffeeunited.com\/vi\/san-pham\/drip-bag-coffee\/\">OEM c\u00e0 ph\u00ea phin gi\u1ea5y<\/a><\/li>\n<li><a href=\"https:\/\/vietnamcoffeeunited.com\/vi\/san-pham\/spray-instant-coffee\/\">OEM c\u00e0 ph\u00ea h\u00f2a tan<\/a><\/li>\n<\/ul>\n<p>Ch\u00fang t\u00f4i mang t\u1edbi h\u00ecnh th\u1ee9c gia c\u00f4ng c\u00e0 ph\u00ea c\u1ee7a VCU ho\u1eb7c kh\u00e1ch h\u00e0ng g\u1eedi c\u00e0 ph\u00ea nh\u00e2n xanh cho VCU rang gia c\u00f4ng v\u00e0 \u0111\u00f3ng g\u00f3i.<\/p>\n<h3><strong>D\u1ecbch v\u1ee5 OEM c\u00e0 ph\u00ea l\u00e0 g\u00ec?<\/strong><\/h3>\n<p>OEM l\u00e0 vi\u1ebft t\u1eaft c\u1ee7a t\u1eeb <em><strong>Original Equipment Manufacturer<\/strong><\/em>. \u0110\u01b0\u1ee3c hi\u1ec3u l\u00e0 d\u1ecbch v\u1ee5 nh\u1eadn s\u1ea3n xu\u1ea5t d\u01b0\u1edbi s\u1ef1 \u0111\u1eb7t h\u00e0ng c\u1ee7a c\u00e1 nh\u00e2n\/doanh nghi\u1ec7p n\u00e0o \u0111\u00f3. Hi\u1ec7n nay, nh\u1eafc \u0111\u1ebfn OEM, ng\u01b0\u1eddi ta s\u1ebd ngh\u0129 ngay \u0111\u1ebfn ng\u00e0nh m\u1ef9 ph\u1ea9m \u0111\u00e3 kh\u00e1 ph\u1ed5 bi\u1ebfn. Tuy nhi\u00ean, v\u1edbi s\u1ef1 ph\u00e1t tri\u1ec3n c\u1ee7a c\u00f4ng ngh\u1ec7 s\u1ea3n xu\u1ea5t c\u00f9ng nhu c\u1ea7u \u0111a d\u1ea1ng c\u1ee7a th\u1ecb tr\u01b0\u1eddng, OEM c\u00e0 ph\u00ea ng\u00e0y c\u00e0ng \u0111\u01b0\u1ee3c \u01b0a chu\u1ed9ng.<\/p>\n<p>M\u1ed9t trong nh\u1eefng l\u01b0u \u00fd \u0111\u1ed1i v\u1edbi nh\u1eefng \u0111\u01a1n \u0111\u1eb7t h\u00e0ng gia c\u00f4ng OEM n\u1eb1m \u1edf vi\u1ec7c \u0111\u1ed3ng nh\u1ea5t ch\u1ea5t l\u01b0\u1ee3ng c\u00e1c l\u1ea7n \u0111\u1ec3 \u0111\u1ea3m b\u1ea3o \u0111\u01b0\u1ee3c s\u1ef1 tin c\u1eady gi\u1eefa c\u00e1c doanh nghi\u1ec7p v\u00e0 nh\u00e0 s\u1ea3n xu\u1ea5t.<\/p>\n<figure id=\"attachment_5720\" aria-describedby=\"caption-attachment-5720\" style=\"width: 1000px\" class=\"wp-caption alignnone\"><img decoding=\"async\" class=\"size-full wp-image-5720\" src=\"https:\/\/vietnamcoffeeunited.com\/wp-content\/uploads\/2024\/08\/OEM-coffee-service-1-1.jpg\" alt=\"OEM coffee and Private label\" width=\"1000\" height=\"1000\" srcset=\"https:\/\/vietnamcoffeeunited.com\/wp-content\/uploads\/2024\/08\/OEM-coffee-service-1-1.jpg 1000w, https:\/\/vietnamcoffeeunited.com\/wp-content\/uploads\/2024\/08\/OEM-coffee-service-1-1-300x300.jpg 300w, https:\/\/vietnamcoffeeunited.com\/wp-content\/uploads\/2024\/08\/OEM-coffee-service-1-1-150x150.jpg 150w, https:\/\/vietnamcoffeeunited.com\/wp-content\/uploads\/2024\/08\/OEM-coffee-service-1-1-768x768.jpg 768w, https:\/\/vietnamcoffeeunited.com\/wp-content\/uploads\/2024\/08\/OEM-coffee-service-1-1-12x12.jpg 12w, https:\/\/vietnamcoffeeunited.com\/wp-content\/uploads\/2024\/08\/OEM-coffee-service-1-1-600x600.jpg 600w, https:\/\/vietnamcoffeeunited.com\/wp-content\/uploads\/2024\/08\/OEM-coffee-service-1-1-100x100.jpg 100w\" sizes=\"(max-width: 1000px) 100vw, 1000px\" \/><figcaption id=\"caption-attachment-5720\" class=\"wp-caption-text\">OEM coffee and Private label<\/figcaption><\/figure>\n<h3><strong>Quy tr\u00ecnh OEM t\u1ea1i VCU<\/strong><\/h3>\n<p>- B\u1ea1n li\u00ean h\u1ec7 v\u1edbi VCU, \u0111\u1ec1 ngh\u1ecb m\u1eabu th\u1eed c\u00e0 ph\u00ea (c\u00e0 ph\u00ea h\u1ea1t rang, c\u00e0 ph\u00ea b\u1ed9t, c\u00e0 ph\u00ea h\u00f2a tan, c\u00e0 ph\u00ea phin gi\u1ea5y).<\/p>\n<p>- N\u1ebfu b\u1ea1n \u0111\u00e3 c\u00f3 c\u00f4ng th\u1ee9c c\u00e0 ph\u00ea, th\u00ec h\u00e3y g\u1eedi cho VCU, ch\u00fang t\u00f4i s\u1ebd ti\u1ebfn h\u00e0nh s\u1ea3n xu\u1ea5t \u0111\u1ec3 b\u1ea1n ki\u1ec3m tra v\u1ec1 ch\u1ea5t l\u01b0\u1ee3ng.<\/p>\n<blockquote><p>N\u1ebfu b\u1ea1n ch\u01b0a c\u00f3 c\u00f4ng th\u1ee9c, \u0111\u1ed9i ng\u0169 R&amp;D c\u1ee7a VCU s\u1ebd t\u01b0 v\u1ea5n cho b\u1ea1n c\u00f4ng th\u1ee9c ph\u00f9 h\u1ee3p v\u1edbi nhu c\u1ea7u v\u00e0 mong mu\u1ed1n.<\/p><\/blockquote>\n<p>- Sau khi \u0111\u00e3 ch\u1ecdn \u0111\u01b0\u1ee3c m\u1eabu c\u00e0 ph\u00ea v\u00e0 bao b\u00ec, ch\u00fang ta s\u1ebd th\u1ecfa thu\u1eadn v\u1ec1 c\u00e1c \u0111i\u1ec1u kho\u1ea3n, \u0111i\u1ec1u ki\u1ec7n r\u00e0ng bu\u1ed9c bao g\u1ed3m gi\u00e1, h\u00ecnh th\u1ee9c thanh to\u00e1n\u2026<\/p>\n<p>- K\u00fd k\u1ebft h\u1ee3p \u0111\u1ed3ng v\u00e0 VCU ti\u1ebfn h\u00e0nh s\u1ea3n xu\u1ea5t theo \u0111\u01a1n \u0111\u1eb7t h\u00e0ng.<\/p>\n<h3><strong>L\u1ee3i \u00edch c\u1ee7a d\u1ecbch v\u1ee5 gia c\u00f4ng c\u00e0 ph\u00ea theo th\u01b0\u01a1ng hi\u1ec7u ri\u00eang c\u1ee7a VCU JSC<\/strong><\/h3>\n<ul>\n<li>Ti\u1ebft ki\u1ec7m \u0111\u01b0\u1ee3c chi ph\u00ed v\u00e0 th\u1eddi gian cho vi\u1ec7c s\u1ea3n xu\u1ea5t v\u00e0 ch\u1ebf bi\u1ebfn c\u00e0 ph\u00ea, kh\u00f4ng c\u1ea7n \u0111\u1ea7u t\u01b0 cho m\u00e1y rang c\u00e0 ph\u00ea, m\u00e1y xay th\u00e0nh ph\u1ea9m. B\u1ea1n ch\u1ec9 c\u1ea7n t\u1eadp trung cho \u0111\u00e0o t\u1ea1o con ng\u01b0\u1eddi, v\u1eadn h\u00e0nh doanh nghi\u1ec7p, b\u00e1n h\u00e0ng v\u00e0 marketing.<\/li>\n<li>S\u1edf h\u1eefu th\u01b0\u01a1ng hi\u1ec7u c\u00e0 ph\u00ea v\u1edbi s\u1ea3n ph\u1ea9m ch\u1ea5t l\u01b0\u1ee3ng cao.<\/li>\n<li>\u0110\u01b0\u1ee3c h\u01b0\u1edfng ch\u00ednh s\u00e1ch gi\u00e1 t\u1ed1t v\u00e0 h\u1eadu m\u00e3i t\u1eeb VCU coffee.<\/li>\n<li>\u0110\u01b0\u1ee3c t\u01b0 v\u1ea5n v\u00e0 h\u1ed7 tr\u1ee3 t\u1eeb \u0111\u1ed9i ng\u0169 nh\u00e2n vi\u00ean chuy\u00ean nghi\u1ec7p, nhi\u1ec7t t\u00ecnh, am hi\u1ec3u v\u1ec1 c\u00e0 ph\u00ea.<\/li>\n<li>\u0110\u01b0\u1ee3c h\u1ed7 tr\u1ee3 t\u01b0 v\u1ea5n c\u00f4ng th\u1ee9c c\u00e0 ph\u00ea ph\u00f9 h\u1ee3p v\u1edbi th\u01b0\u01a1ng hi\u1ec7u, m\u1ee5c ti\u00eau kinh doanh, \u0111\u1ed1i t\u01b0\u1ee3ng kh\u00e1ch h\u00e0ng t\u1eeb \u0111\u1ed9i ng\u0169 R&amp;D gi\u00e0u kinh nghi\u1ec7m.<\/li>\n<\/ul>\n<h3><strong>T\u1ea1i sao n\u00ean ch\u1ecdn d\u1ecbch v\u1ee5 OEM c\u1ee7a VCU?<\/strong><\/h3>\n<p>T\u1ea1i <a href=\"https:\/\/vietnamcoffeeunited.com\/vi\/\"><em>VCU Coffee<\/em><\/a>, ch\u00fang t\u00f4i mong mu\u1ed1n m\u1edf r\u1ed9ng k\u1ebft n\u1ed1i t\u1edbi c\u00e1c \u0111\u1ed1i t\u00e1c trong ng\u00e0nh c\u00e0 ph\u00ea \u0111\u1ec3 c\u00f9ng nhau t\u1ea1o n\u00ean h\u1ec7 sinh th\u00e1i kinh doanh c\u00e0 ph\u00ea ph\u00e1t tri\u1ec3n. VCU JSC s\u1ebd l\u00e0 h\u1eadu ph\u01b0\u01a1ng v\u1eefng ch\u1eafc, \u0111\u1ed3ng h\u00e0nh \u0111\u00e1ng tin c\u1eady cho qu\u00fd \u0111\u1ed1i t\u00e1c, cung c\u1ea5p c\u00e0 ph\u00ea ch\u1ea5t l\u01b0\u1ee3ng, \u1ed5n \u0111\u1ecbnh \u0111\u1ec3 b\u1ea1n c\u00f3 th\u1ec3 t\u1eadp trung cho vi\u1ec7c v\u1eadn h\u00e0nh, b\u00e1n h\u00e0ng v\u00e0 marketing.<\/p>\n<p><img decoding=\"async\" class=\"wp-image-6547 size-large aligncenter\" src=\"https:\/\/vietnamcoffeeunited.com\/wp-content\/uploads\/2026\/03\/567156759_812851101503275_5566105692714908799_n-683x1024.jpg\" alt=\"FDA-VCU\" width=\"683\" height=\"1024\" srcset=\"https:\/\/vietnamcoffeeunited.com\/wp-content\/uploads\/2026\/03\/567156759_812851101503275_5566105692714908799_n-683x1024.jpg 683w, https:\/\/vietnamcoffeeunited.com\/wp-content\/uploads\/2026\/03\/567156759_812851101503275_5566105692714908799_n-200x300.jpg 200w, https:\/\/vietnamcoffeeunited.com\/wp-content\/uploads\/2026\/03\/567156759_812851101503275_5566105692714908799_n-768x1152.jpg 768w, https:\/\/vietnamcoffeeunited.com\/wp-content\/uploads\/2026\/03\/567156759_812851101503275_5566105692714908799_n-1024x1536.jpg 1024w, https:\/\/vietnamcoffeeunited.com\/wp-content\/uploads\/2026\/03\/567156759_812851101503275_5566105692714908799_n-8x12.jpg 8w, https:\/\/vietnamcoffeeunited.com\/wp-content\/uploads\/2026\/03\/567156759_812851101503275_5566105692714908799_n-600x900.jpg 600w, https:\/\/vietnamcoffeeunited.com\/wp-content\/uploads\/2026\/03\/567156759_812851101503275_5566105692714908799_n.jpg 1200w\" sizes=\"(max-width: 683px) 100vw, 683px\" \/><\/p>\n<figure id=\"attachment_6548\" aria-describedby=\"caption-attachment-6548\" style=\"width: 683px\" class=\"wp-caption aligncenter\"><img decoding=\"async\" class=\"size-large wp-image-6548\" src=\"https:\/\/vietnamcoffeeunited.com\/wp-content\/uploads\/2026\/03\/566169754_812851108169941_5295574035358687818_n-683x1024.jpg\" alt=\"ISO - VCU\" width=\"683\" height=\"1024\" srcset=\"https:\/\/vietnamcoffeeunited.com\/wp-content\/uploads\/2026\/03\/566169754_812851108169941_5295574035358687818_n-683x1024.jpg 683w, https:\/\/vietnamcoffeeunited.com\/wp-content\/uploads\/2026\/03\/566169754_812851108169941_5295574035358687818_n-200x300.jpg 200w, https:\/\/vietnamcoffeeunited.com\/wp-content\/uploads\/2026\/03\/566169754_812851108169941_5295574035358687818_n-768x1152.jpg 768w, https:\/\/vietnamcoffeeunited.com\/wp-content\/uploads\/2026\/03\/566169754_812851108169941_5295574035358687818_n-1024x1536.jpg 1024w, https:\/\/vietnamcoffeeunited.com\/wp-content\/uploads\/2026\/03\/566169754_812851108169941_5295574035358687818_n-8x12.jpg 8w, https:\/\/vietnamcoffeeunited.com\/wp-content\/uploads\/2026\/03\/566169754_812851108169941_5295574035358687818_n-600x900.jpg 600w, https:\/\/vietnamcoffeeunited.com\/wp-content\/uploads\/2026\/03\/566169754_812851108169941_5295574035358687818_n.jpg 1200w\" sizes=\"(max-width: 683px) 100vw, 683px\" \/><figcaption id=\"caption-attachment-6548\" class=\"wp-caption-text\">ISO &#8211; VCU<\/figcaption><\/figure>\n<p>&nbsp;<\/p>\n<p><strong>\u01afu \u0111i\u1ec3m v\u01b0\u1ee3t tr\u1ed9i m\u00e0 VCU mang \u0111\u1ebfn:<\/strong><\/p>\n<ul>\n<li>Nh\u00e0 x\u01b0\u1edfng \u0111\u1ea1t chu\u1ea9n FDA, ISO.<\/li>\n<li>Ngu\u1ed3n nguy\u00ean li\u1ec7u \u0111\u1ea7u v\u00e0o ch\u1ea5t l\u01b0\u1ee3ng, \u1ed5n \u0111\u1ecbnh quanh n\u0103m. Qu\u00fd doanh nghi\u1ec7p c\u0169ng c\u00f3 th\u1ec3 t\u1ef1 cung c\u1ea5p nguy\u00ean li\u1ec7u c\u00e0 ph\u00ea \u0111\u1ec3 VCU gia c\u00f4ng.<\/li>\n<li>C\u00f4ng ty tr\u1ef1c ti\u1ebfp s\u1ea3n xu\u1ea5t c\u00e0 ph\u00ea kh\u00f4ng qua trung gian n\u00ean m\u1ee9c gi\u00e1 v\u00f4 c\u00f9ng h\u1ee3p l\u00ed<\/li>\n<li>S\u1eed d\u1ee5ng c\u00f4ng ngh\u1ec7 rang HOT \u2013 AIR t\u00e2n ti\u1ebfn nh\u1ea5t hi\u1ec7n nay n\u00ean h\u01b0\u01a1ng v\u1ecb \u0111\u01b0\u1ee3c ph\u00e1t huy t\u1ed1i \u0111a.<\/li>\n<li>H\u1ed7 tr\u1ee3 t\u01b0 v\u1ea5n theo nhu c\u1ea7u kh\u00e1ch h\u00e0ng<\/li>\n<\/ul>\n<h3><strong>H\u00ecnh \u1ea3nh c\u1ee7a d\u1ecbch v\u1ee5 OEM Coffee t\u1ea1i VCU<\/strong><\/h3>\n<p><img decoding=\"async\" class=\"alignnone size-medium wp-image-5722\" src=\"https:\/\/vietnamcoffeeunited.com\/wp-content\/uploads\/2024\/08\/OEM-coffee-service-3-300x300.jpg\" alt=\"OEM coffee\" width=\"300\" height=\"300\" srcset=\"https:\/\/vietnamcoffeeunited.com\/wp-content\/uploads\/2024\/08\/OEM-coffee-service-3-300x300.jpg 300w, https:\/\/vietnamcoffeeunited.com\/wp-content\/uploads\/2024\/08\/OEM-coffee-service-3-150x150.jpg 150w, https:\/\/vietnamcoffeeunited.com\/wp-content\/uploads\/2024\/08\/OEM-coffee-service-3-768x768.jpg 768w, https:\/\/vietnamcoffeeunited.com\/wp-content\/uploads\/2024\/08\/OEM-coffee-service-3-12x12.jpg 12w, https:\/\/vietnamcoffeeunited.com\/wp-content\/uploads\/2024\/08\/OEM-coffee-service-3-600x600.jpg 600w, https:\/\/vietnamcoffeeunited.com\/wp-content\/uploads\/2024\/08\/OEM-coffee-service-3-100x100.jpg 100w, https:\/\/vietnamcoffeeunited.com\/wp-content\/uploads\/2024\/08\/OEM-coffee-service-3.jpg 1000w\" sizes=\"(max-width: 300px) 100vw, 300px\" \/> <img decoding=\"async\" class=\"alignnone size-medium wp-image-5723\" src=\"https:\/\/vietnamcoffeeunited.com\/wp-content\/uploads\/2024\/08\/OEM-coffee-service-4-1-300x300.jpg\" alt=\"OEM coffee\" width=\"300\" height=\"300\" srcset=\"https:\/\/vietnamcoffeeunited.com\/wp-content\/uploads\/2024\/08\/OEM-coffee-service-4-1-300x300.jpg 300w, https:\/\/vietnamcoffeeunited.com\/wp-content\/uploads\/2024\/08\/OEM-coffee-service-4-1-150x150.jpg 150w, https:\/\/vietnamcoffeeunited.com\/wp-content\/uploads\/2024\/08\/OEM-coffee-service-4-1-768x768.jpg 768w, https:\/\/vietnamcoffeeunited.com\/wp-content\/uploads\/2024\/08\/OEM-coffee-service-4-1-12x12.jpg 12w, https:\/\/vietnamcoffeeunited.com\/wp-content\/uploads\/2024\/08\/OEM-coffee-service-4-1-600x600.jpg 600w, https:\/\/vietnamcoffeeunited.com\/wp-content\/uploads\/2024\/08\/OEM-coffee-service-4-1-100x100.jpg 100w, https:\/\/vietnamcoffeeunited.com\/wp-content\/uploads\/2024\/08\/OEM-coffee-service-4-1.jpg 1000w\" sizes=\"(max-width: 300px) 100vw, 300px\" \/> <img decoding=\"async\" class=\"alignnone size-medium wp-image-5724\" src=\"https:\/\/vietnamcoffeeunited.com\/wp-content\/uploads\/2024\/08\/OEM-coffee-service-6-1-300x300.jpg\" alt=\"OEM coffee\" width=\"300\" height=\"300\" srcset=\"https:\/\/vietnamcoffeeunited.com\/wp-content\/uploads\/2024\/08\/OEM-coffee-service-6-1-300x300.jpg 300w, https:\/\/vietnamcoffeeunited.com\/wp-content\/uploads\/2024\/08\/OEM-coffee-service-6-1-150x150.jpg 150w, https:\/\/vietnamcoffeeunited.com\/wp-content\/uploads\/2024\/08\/OEM-coffee-service-6-1-768x768.jpg 768w, https:\/\/vietnamcoffeeunited.com\/wp-content\/uploads\/2024\/08\/OEM-coffee-service-6-1-12x12.jpg 12w, https:\/\/vietnamcoffeeunited.com\/wp-content\/uploads\/2024\/08\/OEM-coffee-service-6-1-600x600.jpg 600w, https:\/\/vietnamcoffeeunited.com\/wp-content\/uploads\/2024\/08\/OEM-coffee-service-6-1-100x100.jpg 100w, https:\/\/vietnamcoffeeunited.com\/wp-content\/uploads\/2024\/08\/OEM-coffee-service-6-1.jpg 1000w\" sizes=\"(max-width: 300px) 100vw, 300px\" \/> <img decoding=\"async\" class=\"alignnone size-medium wp-image-5725\" src=\"https:\/\/vietnamcoffeeunited.com\/wp-content\/uploads\/2024\/08\/OEM-coffee-service-7-1-300x300.jpg\" alt=\"OEM coffee\" width=\"300\" height=\"300\" srcset=\"https:\/\/vietnamcoffeeunited.com\/wp-content\/uploads\/2024\/08\/OEM-coffee-service-7-1-300x300.jpg 300w, https:\/\/vietnamcoffeeunited.com\/wp-content\/uploads\/2024\/08\/OEM-coffee-service-7-1-150x150.jpg 150w, https:\/\/vietnamcoffeeunited.com\/wp-content\/uploads\/2024\/08\/OEM-coffee-service-7-1-768x768.jpg 768w, https:\/\/vietnamcoffeeunited.com\/wp-content\/uploads\/2024\/08\/OEM-coffee-service-7-1-12x12.jpg 12w, https:\/\/vietnamcoffeeunited.com\/wp-content\/uploads\/2024\/08\/OEM-coffee-service-7-1-600x600.jpg 600w, https:\/\/vietnamcoffeeunited.com\/wp-content\/uploads\/2024\/08\/OEM-coffee-service-7-1-100x100.jpg 100w, https:\/\/vietnamcoffeeunited.com\/wp-content\/uploads\/2024\/08\/OEM-coffee-service-7-1.jpg 1000w\" sizes=\"(max-width: 300px) 100vw, 300px\" \/> <img decoding=\"async\" class=\"alignnone size-medium wp-image-5727\" src=\"https:\/\/vietnamcoffeeunited.com\/wp-content\/uploads\/2024\/08\/OEM-coffee-service-9-1-300x300.jpg\" alt=\"OEM coffee\" width=\"300\" height=\"300\" srcset=\"https:\/\/vietnamcoffeeunited.com\/wp-content\/uploads\/2024\/08\/OEM-coffee-service-9-1-300x300.jpg 300w, https:\/\/vietnamcoffeeunited.com\/wp-content\/uploads\/2024\/08\/OEM-coffee-service-9-1-150x150.jpg 150w, https:\/\/vietnamcoffeeunited.com\/wp-content\/uploads\/2024\/08\/OEM-coffee-service-9-1-768x768.jpg 768w, https:\/\/vietnamcoffeeunited.com\/wp-content\/uploads\/2024\/08\/OEM-coffee-service-9-1-12x12.jpg 12w, https:\/\/vietnamcoffeeunited.com\/wp-content\/uploads\/2024\/08\/OEM-coffee-service-9-1-600x600.jpg 600w, https:\/\/vietnamcoffeeunited.com\/wp-content\/uploads\/2024\/08\/OEM-coffee-service-9-1-100x100.jpg 100w, https:\/\/vietnamcoffeeunited.com\/wp-content\/uploads\/2024\/08\/OEM-coffee-service-9-1.jpg 1000w\" sizes=\"(max-width: 300px) 100vw, 300px\" \/> <img decoding=\"async\" class=\"alignnone size-medium wp-image-5728\" src=\"https:\/\/vietnamcoffeeunited.com\/wp-content\/uploads\/2024\/08\/OEM-coffee-service-10-300x300.jpg\" alt=\"OEM coffee\" width=\"300\" height=\"300\" srcset=\"https:\/\/vietnamcoffeeunited.com\/wp-content\/uploads\/2024\/08\/OEM-coffee-service-10-300x300.jpg 300w, https:\/\/vietnamcoffeeunited.com\/wp-content\/uploads\/2024\/08\/OEM-coffee-service-10-150x150.jpg 150w, https:\/\/vietnamcoffeeunited.com\/wp-content\/uploads\/2024\/08\/OEM-coffee-service-10-768x768.jpg 768w, https:\/\/vietnamcoffeeunited.com\/wp-content\/uploads\/2024\/08\/OEM-coffee-service-10-12x12.jpg 12w, https:\/\/vietnamcoffeeunited.com\/wp-content\/uploads\/2024\/08\/OEM-coffee-service-10-600x600.jpg 600w, https:\/\/vietnamcoffeeunited.com\/wp-content\/uploads\/2024\/08\/OEM-coffee-service-10-100x100.jpg 100w, https:\/\/vietnamcoffeeunited.com\/wp-content\/uploads\/2024\/08\/OEM-coffee-service-10.jpg 1000w\" sizes=\"(max-width: 300px) 100vw, 300px\" \/><\/p>\n<p>&nbsp;<\/p>\n<p>Li\u00ean h\u1ec7 v\u1edbi ch\u00fang t\u00f4i khi b\u1ea1n c\u00f3 nhu c\u1ea7u t\u01b0 v\u1ea5n v\u00e0 b\u00e1o gi\u00e1\u00a0<strong>OEM c\u00e0 ph\u00ea theo th\u01b0\u01a1ng hi\u1ec7u<\/strong>!<\/p>\n<h3><strong>Th\u00f4ng tin li\u00ean h\u1ec7<\/strong><\/h3>\n<p><strong>C\u00f4ng ty C\u1ed5 ph\u1ea7n VCU - \"Your QC Department\"<\/strong><br \/>\n\u0110\u1ecba ch\u1ec9:<br \/>\n\ud83c\udfed Roasting Factory: Hamlet 4, Chu Prong Commune, Gia Lai Province<br \/>\n\ud83c\udfed Green Bean Factory: Ia Tong Village, Ia Hrung Commune, Gia Lai Province<\/p>\n<p>\u2013\u00a0<strong>Fanpage:\u00a0<a href=\"https:\/\/www.facebook.com\/vcuvietnamcoffeeunited\" target=\"_blank\" rel=\"noopener noreferrer nofollow\">VCU \u2013 Vietnam Coffee United<\/a><\/strong><\/p>\n<p><span class=\"elementor-icon-list-text\">\u2013\u00a0<strong>Email:<\/strong>\u00a0info@vietnamcoffeeunited.com<\/span><\/p>\n<h3><\/h3>\n<p><iframe title=\"OEM Coffee | Gia c\u00f4ng c\u00e0 ph\u00ea theo th\u01b0\u01a1ng hi\u1ec7u | VCU JSC #vcu  #coffee #oem #coffeebeans #shortvideo\" width=\"800\" height=\"450\" src=\"https:\/\/www.youtube.com\/embed\/5LHpyZ7Oo90?feature=oembed\" frameborder=\"0\" allow=\"accelerometer; autoplay; clipboard-write; encrypted-media; gyroscope; picture-in-picture; web-share\" referrerpolicy=\"strict-origin-when-cross-origin\" allowfullscreen><\/iframe><\/p>","protected":false},"excerpt":{"rendered":"<ul>\n<li>OEM c\u00e0 ph\u00ea h\u1ea1t rang<\/li>\n<li>OEM c\u00e0 ph\u00ea phin gi\u1ea5y<\/li>\n<li>OEM c\u00e0 ph\u00ea h\u00f2a tan<\/li>\n<li><strong>N\u0103ng l\u1ef1c s\u1ea3n xu\u1ea5t<\/strong>: 100 t\u1ea5n\/th\u00e1ng<\/li>\n<li><strong>Th\u1eddi gian giao h\u00e0ng<\/strong>: Trong v\u00f2ng 2-4 ng\u00e0y sau khi nh\u1eadn \u0111\u01b0\u1ee3c L\/C ho\u1eb7c ti\u1ec1n \u0111\u1eb7t c\u1ecdc c\u1ee7a kh\u00e1ch h\u00e0ng<\/li>\n<li><strong>Ch\u00ednh s\u00e1ch thanh to\u00e1n:<\/strong>: T\/T, L\/C at sight<\/li>\n<li><strong>Ch\u1ee9ng t\u1eeb v\u1eadn chuy\u1ec3n<\/strong>: Inv, PL, BoL, CO, Phyto, Fumi.<\/li>\n<li><strong>C\u1ea3ng h\u00e0ng<\/strong>: C\u1ea3ng C\u00e1t L\u00e1i, TP. HCM<\/li>\n<\/ul>","protected":false},"featured_media":5720,"comment_status":"open","ping_status":"closed","template":"","meta":[],"product_cat":[141],"product_tag":[241,269,231,268,267,266,271,272,270,215,221],"_links":{"self":[{"href":"https:\/\/vietnamcoffeeunited.com\/vi\/wp-json\/wp\/v2\/product\/5271"}],"collection":[{"href":"https:\/\/vietnamcoffeeunited.com\/vi\/wp-json\/wp\/v2\/product"}],"about":[{"href":"https:\/\/vietnamcoffeeunited.com\/vi\/wp-json\/wp\/v2\/types\/product"}],"replies":[{"embeddable":true,"href":"https:\/\/vietnamcoffeeunited.com\/vi\/wp-json\/wp\/v2\/comments?post=5271"}],"wp:featuredmedia":[{"embeddable":true,"href":"https:\/\/vietnamcoffeeunited.com\/vi\/wp-json\/wp\/v2\/media\/5720"}],"wp:attachment":[{"href":"https:\/\/vietnamcoffeeunited.com\/vi\/wp-json\/wp\/v2\/media?parent=5271"}],"wp:term":[{"taxonomy":"product_cat","embeddable":true,"href":"https:\/\/vietnamcoffeeunited.com\/vi\/wp-json\/wp\/v2\/product_cat?post=5271"},{"taxonomy":"product_tag","embeddable":true,"href":"https:\/\/vietnamcoffeeunited.com\/vi\/wp-json\/wp\/v2\/product_tag?post=5271"}],"curies":[{"name":"wp","href":"https:\/\/api.w.org\/{rel}","templated":true}]}}