{"id":5256,"date":"2024-08-06T16:21:31","date_gmt":"2024-08-06T09:21:31","guid":{"rendered":"https:\/\/vietnamcoffeeunited.com\/?post_type=product&#038;p=5256"},"modified":"2025-03-26T15:28:56","modified_gmt":"2025-03-26T08:28:56","slug":"robusta-clean-top-class","status":"publish","type":"product","link":"https:\/\/vietnamcoffeeunited.com\/vi\/san-pham\/robusta-clean-top-class\/","title":{"rendered":"Robusta b\u1eafn m\u00e0u th\u01b0\u1ee3ng h\u1ea1ng"},"content":{"rendered":"<h2 style=\"text-align: center;\"><strong>Robusta b\u1eafn m\u00e0u th\u01b0\u1ee3ng h\u1ea1ng<\/strong><\/h2>\n<h3><strong>Gi\u1edbi thi\u1ec7u c\u00e0 ph\u00ea Robusta Clean Top Class<\/strong><\/h3>\n<p>Th\u1ecb tr\u01b0\u1eddng c\u00e0 ph\u00ea ng\u00e0y c\u00e0ng c\u1ea1nh tranh kh\u1ed1c li\u1ec7t, th\u1ecb hi\u1ebfu c\u1ee7a kh\u00e1ch h\u00e0ng ng\u00e0y c\u00e0ng kh\u1eaft khe, l\u00e0n s\u00f3ng c\u00e0 ph\u00ea th\u1ee9 3 (s\u1ea3n xu\u1ea5t c\u00e0 ph\u00ea ch\u1ea5t l\u01b0\u1ee3ng cao) \u0111\u01b0\u1ee3c th\u00fac \u0111\u1ea9y, \u0111\u00e2y l\u00e0 l\u00fac ph\u1ea3i t\u1eadp trung v\u00e0o ch\u1ea5t l\u01b0\u1ee3ng thay v\u00ec \u0103n theo s\u1ea3n l\u01b0\u1ee3ng \u0111\u1ec3 c\u00f3 gi\u00e1 th\u00e0nh r\u1ebb.<\/p>\n<p>Hi\u1ec3u \u0111\u01b0\u1ee3c \u0111i\u1ec1u \u0111\u00f3, VCU t\u1eeb khi th\u00e0nh l\u1eadp lu\u00f4n \u0111i theo con \u0111\u01b0\u1eddng t\u1eadp trung v\u00e0o ch\u1ea5t l\u01b0\u1ee3ng. C\u0169ng v\u00ec v\u1eady,<strong> Robusta b\u1eafn m\u00e0u th\u01b0\u1ee3ng h\u1ea1ng<\/strong> \u0111\u01b0\u1ee3c s\u1ea3n xu\u1ea5t \u0111\u1ec3 \u0111\u00e1p \u1ee9ng nhu c\u1ea7u cho c\u00e1c nh\u00e0 rang xay, chu\u1ed7i qu\u00e1n v\u00e0 th\u01b0\u01a1ng hi\u1ec7u.<\/p>\n<figure id=\"attachment_5704\" aria-describedby=\"caption-attachment-5704\" style=\"width: 1000px\" class=\"wp-caption alignnone\"><img decoding=\"async\" class=\"size-full wp-image-5704\" src=\"https:\/\/vietnamcoffeeunited.com\/wp-content\/uploads\/2024\/09\/Roasted-Robusta-Clean-top-class-2.jpg\" alt=\"Robusta Clean Top Class S18\" width=\"1000\" height=\"1000\" srcset=\"https:\/\/vietnamcoffeeunited.com\/wp-content\/uploads\/2024\/09\/Roasted-Robusta-Clean-top-class-2.jpg 1000w, https:\/\/vietnamcoffeeunited.com\/wp-content\/uploads\/2024\/09\/Roasted-Robusta-Clean-top-class-2-300x300.jpg 300w, https:\/\/vietnamcoffeeunited.com\/wp-content\/uploads\/2024\/09\/Roasted-Robusta-Clean-top-class-2-150x150.jpg 150w, https:\/\/vietnamcoffeeunited.com\/wp-content\/uploads\/2024\/09\/Roasted-Robusta-Clean-top-class-2-768x768.jpg 768w, https:\/\/vietnamcoffeeunited.com\/wp-content\/uploads\/2024\/09\/Roasted-Robusta-Clean-top-class-2-12x12.jpg 12w, https:\/\/vietnamcoffeeunited.com\/wp-content\/uploads\/2024\/09\/Roasted-Robusta-Clean-top-class-2-600x600.jpg 600w, https:\/\/vietnamcoffeeunited.com\/wp-content\/uploads\/2024\/09\/Roasted-Robusta-Clean-top-class-2-100x100.jpg 100w\" sizes=\"(max-width: 1000px) 100vw, 1000px\" \/><figcaption id=\"caption-attachment-5704\" class=\"wp-caption-text\">Robusta Clean Top Class S18<\/figcaption><\/figure>\n<p>VCU l\u00e0 \u0111\u01a1n v\u1ecb \u0111\u1ea7u ti\u00ean s\u1ea3n xu\u1ea5t m\u00e3 h\u00e0ng <strong>Robusta b\u1eafn m\u00e0u th\u01b0\u1ee3ng h\u1ea1ng<\/strong> \u0111\u00e1p \u1ee9ng ti\u00eau chu\u1ea9n kh\u1eaft khe v\u1ec1 t\u1ef7 l\u1ec7 \u0111en, v\u1ee1, t\u1ea1p v\u00e0 \u0111\u1ed9 \u1ea9m, c\u00f9ng Density cao. V\u1edbi m\u00e3 h\u00e0ng n\u00e0y, \u0111\u01b0\u1ee3c n\u00e2ng c\u1ea5p h\u01a1n so v\u1edbi m\u00e3 <a href=\"https:\/\/vietnamcoffeeunited.com\/vi\/san-pham\/unwashed-robusta-clean\/\">Robusta Clean<\/a> mang \u0111\u1ebfn s\u1ef1 v\u01b0\u1ee3t tr\u1ed9i c\u1ea3 v\u1ec1 body, h\u01b0\u01a1ng v\u00e0 v\u1ecb.<\/p>\n<h3><strong>Quy tr\u00ecnh ch\u1ebf bi\u1ebfn c\u00e0 ph\u00ea nh\u00e2n xanh<\/strong><\/h3>\n<ul>\n<li><strong>Thu ho\u1ea1ch:<\/strong> c\u00e0 ph\u00ea c\u00f3 t\u1ef7 l\u1ec7 ch\u00edn \u0111\u1ecf c\u00e0ng cao th\u00ec ch\u1ea5t l\u01b0\u1ee3ng c\u00e0 ph\u00ea th\u00e0nh ph\u1ea9m c\u00e0ng t\u1ed1t, v\u00ec v\u1eady gi\u00e1 th\u00e0nh c\u0169ng cao h\u01a1n.<\/li>\n<li><strong>S\u01a1 ch\u1ebf c\u00e0 ph\u00ea:<\/strong> t\u00f9y v\u00e0o ph\u01b0\u01a1ng ph\u00e1p nh\u01b0 ch\u1ebf bi\u1ebfn kh\u00f4, full-wash hay Honey s\u1ebd cho ra h\u1ea1t c\u00e0 ph\u00ea kh\u00e1c nhau. Sau \u0111\u00f3 s\u1ebd cho ra c\u00e0 ph\u00ea x\u00f4.<\/li>\n<li><strong>Ph\u00e2n lo\u1ea1i:<\/strong> \u1edf b\u01b0\u1edbc n\u00e0y c\u00e0 ph\u00ea \u0111\u01b0\u1ee3c cho ch\u1ea1y tr\u1ecdng l\u01b0\u1ee3ng \u0111\u1ec3 ph\u00e2n lo\u1ea1i h\u1ea1t c\u00f3 density cao, body \u0111\u1ea7y \u0111\u1eb7n v\u1edbi c\u00e1c h\u1ea1t b\u1ec3, v\u1ee1, s\u00e2u v\u00e0 x\u1ed1p.<\/li>\n<li><strong>Ph\u00e2n s\u00e0ng:<\/strong> c\u00e0 ph\u00ea \u0111\u01b0\u1ee3c s\u00e0ng l\u1ecdc c\u00e1c k\u00edch th\u01b0\u1edbc nh\u01b0 s\u00e0ng 13, s\u00e0ng 16, s\u00e0ng 18.<\/li>\n<li><strong>B\u1eafn m\u00e0u v\u00e0 t\u00e1ch \u0111\u00e1:<\/strong> nhi\u1ec1u nh\u00e0 m\u00e1y th\u01b0\u1eddng b\u1ecf qua b\u01b0\u1edbc n\u00e0y n\u00ean khi \u0111\u1ebfn tay c\u00e1c nh\u00e0 rang, x\u1ea3y ra t\u00ecnh tr\u1ea1ng l\u1eabn s\u1ecfi \u0111\u00e1, d\u1ecb v\u1eadt l\u00e0m h\u1ecfng m\u00e1y rang v\u00e0 \u1ea3nh h\u01b0\u1edfng \u0111\u1ebfn ch\u1ea5t l\u01b0\u1ee3ng c\u00e0 ph\u00ea. T\u1ea1i VCU, 100% c\u00e0 ph\u00ea nh\u00e2n xanh \u0111\u01b0\u1ee3c b\u1eafn m\u00e0u, t\u00e1ch \u0111\u00e1 s\u1ea1ch tr\u01b0\u1edbc khi xu\u1ea5t x\u01b0\u1edfng.<\/li>\n<\/ul>\n<h3><strong>Th\u00f4ng tin s\u1ea3n ph\u1ea9m<\/strong><\/h3>\n<ul>\n<li>100% ph\u01a1i n\u1eafng, h\u01b0\u01a1ng t\u1ed1t<\/li>\n<li>T\u1ef7 l\u1ec7 \u0110en \u2013 V\u1ee1 - T\u1ea1p: 0.1% - 0.5% - 0.1%<\/li>\n<li>Density: 710 &#8211; 725<\/li>\n<li>B\u1eafn m\u00e0u, t\u00e1ch \u0111\u00e1 s\u1ea1ch \u0111\u1eb9p<\/li>\n<li>H\u00e0ng chu\u1ea9n xu\u1ea5t kh\u1ea9u<\/li>\n<li>S\u1ea3n xu\u1ea5t b\u1edfi VCU - Vietnam Coffee United<\/li>\n<\/ul>\n<figure id=\"attachment_5705\" aria-describedby=\"caption-attachment-5705\" style=\"width: 1000px\" class=\"wp-caption alignnone\"><img decoding=\"async\" class=\"size-full wp-image-5705\" src=\"https:\/\/vietnamcoffeeunited.com\/wp-content\/uploads\/2024\/09\/Roasted-Robusta-Clean-top-class-1.jpg\" alt=\"Robusta Clean Top Class S16\" width=\"1000\" height=\"1000\" srcset=\"https:\/\/vietnamcoffeeunited.com\/wp-content\/uploads\/2024\/09\/Roasted-Robusta-Clean-top-class-1.jpg 1000w, https:\/\/vietnamcoffeeunited.com\/wp-content\/uploads\/2024\/09\/Roasted-Robusta-Clean-top-class-1-300x300.jpg 300w, https:\/\/vietnamcoffeeunited.com\/wp-content\/uploads\/2024\/09\/Roasted-Robusta-Clean-top-class-1-150x150.jpg 150w, https:\/\/vietnamcoffeeunited.com\/wp-content\/uploads\/2024\/09\/Roasted-Robusta-Clean-top-class-1-768x768.jpg 768w, https:\/\/vietnamcoffeeunited.com\/wp-content\/uploads\/2024\/09\/Roasted-Robusta-Clean-top-class-1-12x12.jpg 12w, https:\/\/vietnamcoffeeunited.com\/wp-content\/uploads\/2024\/09\/Roasted-Robusta-Clean-top-class-1-600x600.jpg 600w, https:\/\/vietnamcoffeeunited.com\/wp-content\/uploads\/2024\/09\/Roasted-Robusta-Clean-top-class-1-100x100.jpg 100w\" sizes=\"(max-width: 1000px) 100vw, 1000px\" \/><figcaption id=\"caption-attachment-5705\" class=\"wp-caption-text\">Robusta Clean Top Class S16<\/figcaption><\/figure>\n<div class=\"group\/conversation-turn relative flex w-full min-w-0 flex-col agent-turn\">\n<div class=\"flex-col gap-1 md:gap-3\">\n<div class=\"flex max-w-full flex-col flex-grow\">\n<div class=\"min-h-8 text-message flex w-full flex-col items-end gap-2 whitespace-normal break-words [.text-message+&amp;]:mt-5\" dir=\"auto\" data-message-author-role=\"assistant\" data-message-id=\"dd3563a7-c999-453f-8c84-6f17f2764540\">\n<div class=\"flex w-full flex-col gap-1 empty:hidden first:pt-[3px]\">\n<div class=\"markdown prose w-full break-words dark:prose-invert light\">\n<h3>Why should you buy VCU&#8217;s Clean Top-Class Robusta coffee in the 2024-2025 harvest season?<\/h3>\n<\/div>\n<\/div>\n<\/div>\n<\/div>\n<\/div>\n<\/div>\n<ul>\n<li>T\u1ecda l\u1ea1c t\u1ea1i v\u00f9ng nguy\u00ean li\u1ec7u t\u1ec9nh Gia Lai \u2013 m\u1ed9t trong nh\u1eefng v\u00f9ng tr\u1ed3ng c\u00e0 ph\u00ea l\u1edbn nh\u1ea5t Vi\u1ec7t Nam, VCU coffee c\u00f3 m\u1ea1ng l\u01b0\u1edbi k\u1ebft n\u1ed1i r\u1ed9ng l\u1edbn v\u1edbi c\u00e1c farm v\u00e0 h\u1ed9 n\u00f4ng d\u00e2n, \u0111\u1ea3m b\u1ea3o \u0111\u01b0\u1ee3c ngu\u1ed3n h\u00e0ng \u1ed5n \u0111\u1ecbnh, ch\u1ea5t l\u01b0\u1ee3ng quanh n\u0103m.<\/li>\n<li>VCU JSC t\u1ef1 s\u1ea3n xu\u1ea5t nh\u00e2n xanh, v\u00ec v\u1eady ch\u00fang t\u00f4i ki\u1ec3m so\u00e1t \u0111\u01b0\u1ee3c ch\u1ea5t l\u01b0\u1ee3ng c\u00e0 ph\u00ea.<\/li>\n<li>Cung c\u1ea5p c\u00e0 ph\u00ea nh\u00e2n xanh h\u1ea1t ch\u1eafc, density cao, body \u0111\u1ea7y \u0111\u1eb7n, \u0111\u00e3 \u0111\u01b0\u1ee3c t\u00e1ch \u0111\u00e1 v\u00e0 b\u1eafn m\u00e0u.<\/li>\n<li>Cung c\u1ea5p 100% c\u00e0 ph\u00ea rang m\u1ed9c, t\u00e1ch \u0111\u00e1 s\u1ea1ch, b\u1eafn m\u00e0u \u0111\u1eb9p, 2 m\u00e1y rang c\u00f4ng nghi\u1ec7p, \u0111\u00e1p \u1ee9ng s\u1ed1 l\u01b0\u1ee3ng 70 - 80 t\u1ea5n\/th\u00e1ng, h\u1ec7 th\u1ed1ng t\u1ef1 \u0111\u1ed9ng l\u01b0u profile, \u0111\u1ed3ng nh\u1ea5t c\u00e1c l\u1ea7n rang sau.<\/li>\n<li>Nh\u00e0 x\u01b0\u1edfng \u0111\u1ea1t ti\u00eau chu\u1ea9n ISO, FDA (xu\u1ea5t kh\u1ea9u M\u1ef9), h\u1ec7 th\u1ed1ng l\u01b0u kho kh\u00e9p k\u00edn, n\u00ean anh\/ch\u1ecb ho\u00e0n to\u00e0n y\u00ean t\u00e2m v\u1ec1 ch\u1ea5t l\u01b0\u1ee3ng c\u00e0 ph\u00ea.<\/li>\n<li>Cung c\u1ea5p \u0111a d\u1ea1ng m\u00e3 h\u00e0ng Robusta, Arabica, Excelsa<\/li>\n<\/ul>\n<p>N\u1ebfu b\u1ea1n \u0111ang quan t\u00e2m <strong>Robusta b\u1eafn m\u00e0u th\u01b0\u1ee3ng h\u1ea1ng<\/strong> vui l\u00f2ng li\u00ean h\u1ec7 v\u1edbi VCU \u0111\u1ec3 \u0111\u01b0\u1ee3c t\u01b0 v\u1ea5n v\u00e0 nh\u1eadn b\u00e1o gi\u00e1!<\/p>\n<p><iframe title=\"Premium grade Robusta coffee weight production run | VCU JSC #vcu #vietnamcoffeeunited #shorts\" width=\"800\" height=\"450\" src=\"https:\/\/www.youtube.com\/embed\/tTQQG52-Px0?feature=oembed\" frameborder=\"0\" allow=\"accelerometer; autoplay; clipboard-write; encrypted-media; gyroscope; picture-in-picture; web-share\" referrerpolicy=\"strict-origin-when-cross-origin\" allowfullscreen><\/iframe><\/p>\n<h3><strong>Th\u00f4ng tin li\u00ean h\u1ec7<\/strong><\/h3>\n<p><strong>C\u00f4ng ty C\u1ed5 ph\u1ea7n VCU (VCU JSC)<\/strong><br \/>\n<strong>\u0110\u1ecba ch\u1ec9:<\/strong><br \/>\n\u2013\u00a0<strong>C\u01a1 s\u1edf rang:<\/strong>\u00a0T\u1ed5 d\u00e2n Ph\u1ed1 6,  th\u1ecb tr\u1ea5n Ch\u01b0 Pr\u00f4ng, huy\u1ec7n Ch\u01b0 Pr\u00f4ng, t\u1ec9nh Gia Lai<br \/>\n\u2013\u00a0<strong>C\u01a1 s\u1edf c\u00e0 ph\u00ea nh\u00e2n xanh:<\/strong>\u00a0X\u00e3 Ia Der, Huy\u1ec7n Ia Grai, T\u1ec9nh Gia Lai<\/p>\n<p><span class=\"elementor-icon-list-text\">\u2013\u00a0<strong>Hotline:\u00a0<\/strong><\/span>+84 941 203 879<\/p>\n<p>\u2013\u00a0<strong>Fanpage:\u00a0<a href=\"https:\/\/www.facebook.com\/vcuvietnamcoffeeunited\" target=\"_blank\" rel=\"noopener noreferrer nofollow\">VCU \u2013 Vietnam Coffee United<\/a><\/strong><\/p>\n<p><span class=\"elementor-icon-list-text\">\u2013\u00a0<strong>Email:<\/strong>\u00a0info@vietnamcoffeeunited.com<\/span><\/p>","protected":false},"excerpt":{"rendered":"<ul>\n<li><strong>Density<\/strong>: 710 &#8211; 725<\/li>\n<li><strong>Ph\u01b0\u01a1ng ph\u00e1p s\u01a1 ch\u1ebf:<\/strong>\u00a0Unwashed\/Dry\/Natural<\/li>\n<li><strong>Ph\u00e2n lo\u1ea1i:<\/strong>\u00a0Th\u01b0\u01a1ng m\u1ea1i<\/li>\n<li><strong>H\u1ea1t rang<\/strong>: <a href=\"https:\/\/vietnamcoffeeunited.com\/vi\/san-pham\/roasted_clean_robusta\/\">C\u00e0 ph\u00ea h\u1ea1t rang Robusta Clean<\/a><\/li>\n<li><strong>Size:<\/strong>\u00a0S13\/S16\/S18<\/li>\n<li><strong>Th\u1eddi gian s\u1eed d\u1ee5ng t\u1ed1t nh\u1ea5t<\/strong>: 24 th\u00e1ng<\/li>\n<li><strong>\u0110\u00f3ng g\u00f3i:<\/strong>: 30kg\/bag, 60kg\/bag, jute bag or PP bag, or as customers requirement<\/li>\n<li><strong>\u0110\u1eb7t h\u00e0ng t\u1ed1i thi\u1ec3u<\/strong>: 5 t\u1ea5n ho\u1eb7c th\u01b0\u01a1ng l\u01b0\u1ee3ng<\/li>\n<li><strong>N\u0103ng l\u1ef1c s\u1ea3n xu\u1ea5t<\/strong>: 100 t\u1ea5n\/th\u00e1ng<\/li>\n<li><strong>Th\u1eddi gian giao h\u00e0ng<\/strong>: Trong v\u00f2ng 2-3 ng\u00e0y sau khi nh\u1eadn \u0111\u01b0\u1ee3c L\/C ho\u1eb7c ti\u1ec1n \u0111\u1eb7t c\u1ecdc t\u1eeb ng\u01b0\u1eddi mua<\/li>\n<li><strong>Ch\u00ednh s\u00e1ch thanh to\u00e1n:<\/strong>: T\/T, L\/C at sight<\/li>\n<li><strong>Ch\u1ee9ng t\u1eeb v\u1eadn chuy\u1ec3n<\/strong>: Inv, PL, BoL, CO, Phyto, Fumi.<\/li>\n<li><strong>C\u1ea3ng h\u00e0ng<\/strong>: C\u1ea3ng C\u00e1t L\u00e1i, TP. HCM<\/li>\n<\/ul>","protected":false},"featured_media":6201,"comment_status":"open","ping_status":"closed","template":"","meta":[],"product_cat":[149],"product_tag":[214,219,207,265,215,212,221,211],"_links":{"self":[{"href":"https:\/\/vietnamcoffeeunited.com\/vi\/wp-json\/wp\/v2\/product\/5256"}],"collection":[{"href":"https:\/\/vietnamcoffeeunited.com\/vi\/wp-json\/wp\/v2\/product"}],"about":[{"href":"https:\/\/vietnamcoffeeunited.com\/vi\/wp-json\/wp\/v2\/types\/product"}],"replies":[{"embeddable":true,"href":"https:\/\/vietnamcoffeeunited.com\/vi\/wp-json\/wp\/v2\/comments?post=5256"}],"wp:featuredmedia":[{"embeddable":true,"href":"https:\/\/vietnamcoffeeunited.com\/vi\/wp-json\/wp\/v2\/media\/6201"}],"wp:attachment":[{"href":"https:\/\/vietnamcoffeeunited.com\/vi\/wp-json\/wp\/v2\/media?parent=5256"}],"wp:term":[{"taxonomy":"product_cat","embeddable":true,"href":"https:\/\/vietnamcoffeeunited.com\/vi\/wp-json\/wp\/v2\/product_cat?post=5256"},{"taxonomy":"product_tag","embeddable":true,"href":"https:\/\/vietnamcoffeeunited.com\/vi\/wp-json\/wp\/v2\/product_tag?post=5256"}],"curies":[{"name":"wp","href":"https:\/\/api.w.org\/{rel}","templated":true}]}}