{"id":5249,"date":"2024-08-06T14:59:13","date_gmt":"2024-08-06T07:59:13","guid":{"rendered":"https:\/\/vietnamcoffeeunited.com\/?post_type=product&#038;p=5249"},"modified":"2024-10-11T14:15:56","modified_gmt":"2024-10-11T07:15:56","slug":"spray-instant-coffee","status":"publish","type":"product","link":"https:\/\/vietnamcoffeeunited.com\/vi\/san-pham\/spray-instant-coffee\/","title":{"rendered":"C\u00e0 ph\u00ea h\u00f2a tan s\u1ea5y phun"},"content":{"rendered":"<h2 style=\"text-align: center;\"><strong>C\u00e0 ph\u00ea h\u00f2a tan s\u1ea5y phun<\/strong><\/h2>\n<h3><strong>Gi\u1edbi thi\u1ec7u c\u00e0 ph\u00ea h\u00f2a tan s\u1ea5y phun<\/strong><\/h3>\n<p>Sau khi c\u00e0 ph\u00ea \u0111\u01b0\u1ee3c rang xay, pha ch\u1ebf v\u00e0 x\u1eed l\u00fd lo\u1ea1i b\u1ecf n\u01b0\u1edbc c\u00f9ng c\u00e1c th\u00e0nh ph\u1ea7n kh\u00e1c, c\u00e0 ph\u00ea h\u00f2a tan \u0111\u01b0\u1ee3c h\u00ecnh th\u00e0nh. T\u00f9y thu\u1ed9c v\u00e0o nhu c\u1ea7u v\u00e0 s\u1edf th\u00edch, c\u00e0 ph\u00ea h\u00f2a tan mang \u01b0u \u0111i\u1ec3m ti\u1ec7n l\u1ee3i, d\u1ec5 s\u1eed d\u1ee5ng, gi\u00e1 th\u00e0nh ph\u1ea3i ch\u0103ng m\u00e0 ng\u00e0y c\u00e0ng \u0111\u01b0\u1ee3c \u01b0a chu\u1ed9ng.<\/p>\n<p>Hi\u1ec7n nay, tr\u00ean th\u1ecb tr\u01b0\u1eddng c\u00f3 2 ph\u01b0\u01a1ng ph\u00e1p t\u1ea1o ra c\u00e0 ph\u00ea h\u00f2a tan ch\u00ednh: <strong>c\u00e0 ph\u00ea h\u00f2a tan s\u1ea5y phun<\/strong> v\u00e0 c\u00e0 ph\u00ea h\u00f2a tan s\u1ea5y l\u1ea1nh. Trong b\u00e0i vi\u1ebft n\u00e0y, ch\u00fang t\u00f4i \u0111\u1ec1 c\u1eadp \u0111\u1ebfn c\u00e0 ph\u00ea s\u1ea5y phun.<\/p>\n<blockquote><p><strong>\u0110\u1ecdc th\u00eam: <a href=\"https:\/\/vietnamcoffeeunited.com\/vi\/san-pham\/freeze-instant-coffee\/\">C\u00e0 ph\u00ea h\u00f2a tan s\u1ea5y l\u1ea1nh<\/a><\/strong><\/p><\/blockquote>\n<figure id=\"attachment_5729\" aria-describedby=\"caption-attachment-5729\" style=\"width: 1000px\" class=\"wp-caption alignnone\"><img decoding=\"async\" class=\"wp-image-5729 size-full\" src=\"https:\/\/vietnamcoffeeunited.com\/wp-content\/uploads\/2024\/09\/spray-instant-coffee-1.jpg\" alt=\"Spray Instant Coffee\" width=\"1000\" height=\"1000\" srcset=\"https:\/\/vietnamcoffeeunited.com\/wp-content\/uploads\/2024\/09\/spray-instant-coffee-1.jpg 1000w, https:\/\/vietnamcoffeeunited.com\/wp-content\/uploads\/2024\/09\/spray-instant-coffee-1-300x300.jpg 300w, https:\/\/vietnamcoffeeunited.com\/wp-content\/uploads\/2024\/09\/spray-instant-coffee-1-150x150.jpg 150w, https:\/\/vietnamcoffeeunited.com\/wp-content\/uploads\/2024\/09\/spray-instant-coffee-1-768x768.jpg 768w, https:\/\/vietnamcoffeeunited.com\/wp-content\/uploads\/2024\/09\/spray-instant-coffee-1-12x12.jpg 12w, https:\/\/vietnamcoffeeunited.com\/wp-content\/uploads\/2024\/09\/spray-instant-coffee-1-600x600.jpg 600w, https:\/\/vietnamcoffeeunited.com\/wp-content\/uploads\/2024\/09\/spray-instant-coffee-1-100x100.jpg 100w\" sizes=\"(max-width: 1000px) 100vw, 1000px\" \/><figcaption id=\"caption-attachment-5729\" class=\"wp-caption-text\">C\u00e0 ph\u00ea h\u00f2a tan s\u1ea5y phun<\/figcaption><\/figure>\n<h3><strong>C\u00e0 ph\u00ea h\u00f2a tan s\u1ea5y phun<\/strong><\/h3>\n<p>V\u1edbi s\u1ef1 ph\u00e1t tri\u1ec3n c\u1ee7a c\u00f4ng ngh\u1ec7 c\u0169ng nh\u01b0 nhu c\u1ea7u th\u1ecb tr\u01b0\u1eddng \u0111\u01b0\u1ee3c \u0111a d\u1ea1ng h\u00f3a, <strong>c\u00e0 ph\u00ea h\u00f2a tan s\u1ea5y phun<\/strong> tr\u1edf th\u00e0nh l\u1ef1a ch\u1ecdn h\u00e0ng \u0111\u1ea7u c\u1ee7a nhi\u1ec1u ng\u01b0\u1eddi. Tr\u1ea3i qua qu\u00e1 tr\u00ecnh ch\u1ebf bi\u1ebfn, s\u1ea3n xu\u1ea5t chuy\u00ean nghi\u1ec7p, c\u00e0 ph\u00ea h\u00f2a tan s\u1ea5y phun mang \u0111\u1ebfn cho nhi\u1ec1u ng\u01b0\u1eddi nh\u1eefng tr\u1ea3i nghi\u1ec7m m\u1edbi m\u1ebb, h\u1ea5p d\u1eabn v\u00e0 \u0111\u00e1p \u1ee9ng mong mu\u1ed1n c\u1ee7a h\u1ecd v\u1ec1 m\u1ed9t ly c\u00e0 ph\u00ea.<\/p>\n<p>Hi\u1ec7n nay, tr\u00ean th\u1ecb tr\u01b0\u1eddng c\u00f3 c\u00e1c d\u00f2ng c\u00e0 ph\u00ea h\u00f2a tan nh\u01b0 3in1, 2in1,\u2026<\/p>\n<p>\u0110\u1ec3 \u0111\u1ea3m b\u1ea3o th\u00e0nh ph\u1ea9m ch\u1ea5t l\u01b0\u1ee3ng, gi\u1eef \u0111\u01b0\u1ee3c h\u01b0\u01a1ng v\u1ecb c\u00e0 ph\u00ea, qu\u00e1 tr\u00ecnh s\u1ea3n xu\u1ea5t c\u1ea7n \u0111\u1ea3m b\u1ea3o k\u1ef9 l\u01b0\u1ee1ng v\u00e0 kh\u1eaft khe:<\/p>\n<p><strong>B\u01b0\u1edbc 1: Ch\u1ecdn l\u1ecdc v\u00e0 rang c\u00e0 ph\u00ea<\/strong><\/p>\n<p>C\u00e0 ph\u00ea \u0111\u01b0\u1ee3c tuy\u1ec3n ch\u1ecdn k\u1ef9 l\u01b0\u1ee1ng t\u1eeb h\u1ea1t Robusta, Arabica ho\u1eb7c Culi, s\u01a1 ch\u1ebf v\u00e0 ti\u1ebfn h\u00e0nh rang \u1edf m\u1ee9c rang th\u00edch h\u1ee3p \u0111\u1ec3 c\u00e0 ph\u00ea ph\u00e1t tri\u1ec3n h\u01b0\u01a1ng v\u1ecb nh\u01b0 mong mu\u1ed1n.<\/p>\n<p><strong>B\u01b0\u1edbc 2: Xay th\u00f4<\/strong><\/p>\n<p>C\u00e0 ph\u00ea sau khi rang s\u1ebd \u0111\u01b0\u1ee3c xay th\u00f4 \u0111\u1ec3 chu\u1ea9n b\u1ecb cho qu\u00e1 tr\u00ecnh tr\u00edch ly.<\/p>\n<p><strong>B\u01b0\u1edbc 3: Tr\u00edch ly<\/strong><\/p>\n<p>Qu\u00e1 tr\u00ecnh tr\u00edch ly th\u1ef1c hi\u1ec7n b\u1eb1ng n\u01b0\u1edbc n\u00f3ng (\u0111\u00e2y l\u00e0 \u0111i\u1ec3m kh\u00e1c bi\u1ec7t so v\u1edbi ph\u01b0\u01a1ng ph\u00e1p s\u1ea5y l\u1ea1nh) \u0111\u1ec3 t\u00e1ch c\u00e1c ch\u1ea5t tan v\u00e0 ho\u1ea1t ch\u1ea5t t\u1eeb c\u00e0 ph\u00ea. Qu\u00e1 tr\u00ecnh n\u00e0y \u0111\u01b0\u1ee3c th\u1ef1c hi\u1ec7n trong m\u00e1y tr\u00edch ly ch\u00e2n kh\u00f4ng \u0111\u1ec3 duy tr\u00ec nhi\u1ec7t \u0111\u1ed9 s\u00f4i d\u01b0\u1edbi 100 \u0111\u1ed9 C, b\u1ea3o qu\u1ea3n \u0111\u01b0\u1ee3c ch\u1ea5t l\u01b0\u1ee3ng c\u00e0 ph\u00ea.<\/p>\n<p><strong>B\u01b0\u1edbc 4: C\u00f4 \u0111\u1eb7c<\/strong><\/p>\n<p>D\u1ecbch chi\u1ebft sau khi tr\u00edch ly \u0111\u01b0\u1ee3c \u00f4 \u0111\u1eb7c l\u00ean n\u1ed3ng \u0111\u1ed9 30 \u2013 40% trong thi\u1ebft b\u1ecb c\u00f4 \u0111\u1eb7c ch\u00e2n kh\u00f4ng. Qu\u00e1 tr\u00ecnh n\u00e0y gi\u00fap ti\u1ebft ki\u1ec7m n\u0103ng l\u01b0\u1ee3ng v\u00e0 th\u1eddi gian, \u0111\u1ed3ng th\u1eddi gi\u1eef l\u1ea1i \u0111\u01b0\u1ee3c h\u01b0\u01a1ng v\u1ecb nguy\u00ean b\u1ea3n c\u1ee7a c\u00e0 ph\u00ea.<\/p>\n<p><strong>B\u01b0\u1edbc 5: S\u1ea5y phun<\/strong><\/p>\n<p>D\u1ecbch c\u00e0 ph\u00ea c\u00f4 \u0111\u1eb7c \u0111\u01b0\u1ee3c b\u01a1m v\u00e0o \u0111\u1ec9nh cyclo v\u00e0 phun th\u00e0nh s\u01b0\u01a1ng m\u1ecbn trong th\u00e1p s\u1ea5y. Kh\u00f4ng kh\u00ed n\u00f3ng trong th\u00e1p l\u00e0m kh\u00f4 b\u1ee5i s\u01b0\u01a1ng v\u00e0 bi\u1ebfn ch\u00fang th\u00e0nh c\u00e0 ph\u00ea h\u00f2a tan. S\u1ea3n ph\u1ea9m cu\u1ed1i c\u00f3 \u0111\u1ed9 \u1ea9m r\u1ea5t th\u1ea5p, ch\u1ec9 1-2% v\u00e0 gi\u1eef \u0111\u01b0\u1ee3c m\u00e0u n\u00e2u \u0111\u1eb7c tr\u01b0ng.<\/p>\n<h3><strong>\u0110\u1eb7c \u0111i\u1ec3m c\u1ee7a c\u00e0 ph\u00ea s\u1ea5y phun<\/strong><\/h3>\n<p><strong>C\u00e0 ph\u00ea h\u00f2a tan s\u1ea5y phun<\/strong> v\u1eabn gi\u1eef \u0111\u01b0\u1ee3c h\u01b0\u01a1ng v\u1ecb \u0111\u1eadm \u0111\u00e0, th\u01a1m ngon c\u1ee7a c\u00e0 ph\u00ea nguy\u00ean ch\u1ea5t. N\u00f3 c\u00f3 \u0111\u1ed9 tan ho\u00e0n h\u1ea3o trong n\u01b0\u1edbc v\u00e0 \u0111\u01b0\u1ee3c s\u1eed d\u1ee5ng trong nhi\u1ec1u lo\u1ea1i \u0111\u1ed3 u\u1ed1ng c\u00e0 ph\u00ea. S\u1ea3n ph\u1ea9m n\u00e0y kh\u00f4ng y\u00eau c\u1ea7u b\u1ea3o qu\u1ea3n \u0111\u1eb7c bi\u1ec7t, n\u00ean n\u00f3 tr\u1edf th\u00e0nh l\u1ef1a ch\u1ecdn ti\u1ec7n l\u1ee3i v\u00e0 ti\u1ebft ki\u1ec7m.<\/p>\n<figure id=\"attachment_5730\" aria-describedby=\"caption-attachment-5730\" style=\"width: 1000px\" class=\"wp-caption alignnone\"><img decoding=\"async\" class=\"wp-image-5730 size-full\" src=\"https:\/\/vietnamcoffeeunited.com\/wp-content\/uploads\/2024\/09\/spray-instant-coffee-2.jpg\" alt=\"spray-dried instant coffee\" width=\"1000\" height=\"1000\" srcset=\"https:\/\/vietnamcoffeeunited.com\/wp-content\/uploads\/2024\/09\/spray-instant-coffee-2.jpg 1000w, https:\/\/vietnamcoffeeunited.com\/wp-content\/uploads\/2024\/09\/spray-instant-coffee-2-300x300.jpg 300w, https:\/\/vietnamcoffeeunited.com\/wp-content\/uploads\/2024\/09\/spray-instant-coffee-2-150x150.jpg 150w, https:\/\/vietnamcoffeeunited.com\/wp-content\/uploads\/2024\/09\/spray-instant-coffee-2-768x768.jpg 768w, https:\/\/vietnamcoffeeunited.com\/wp-content\/uploads\/2024\/09\/spray-instant-coffee-2-12x12.jpg 12w, https:\/\/vietnamcoffeeunited.com\/wp-content\/uploads\/2024\/09\/spray-instant-coffee-2-600x600.jpg 600w, https:\/\/vietnamcoffeeunited.com\/wp-content\/uploads\/2024\/09\/spray-instant-coffee-2-100x100.jpg 100w\" sizes=\"(max-width: 1000px) 100vw, 1000px\" \/><figcaption id=\"caption-attachment-5730\" class=\"wp-caption-text\">spray-dried instant coffee<\/figcaption><\/figure>\n<p><strong>\u01afu \u0111i\u1ec3m<\/strong><\/p>\n<ul>\n<li>Gi\u1eef \u0111\u01b0\u1ee3c h\u01b0\u01a1ng v\u1ecb v\u00e0 m\u00f9i th\u01a1m c\u1ee7a c\u00e0 ph\u00ea, do \u0111\u01b0\u1ee3c s\u1ea5y \u1edf nhi\u1ec7t \u0111\u1ed9 th\u1ea5p v\u00e0 \u00e1p su\u1ea5t cao.<\/li>\n<li>Ti\u1ebft ki\u1ec7m th\u1eddi gian v\u00e0 chi ph\u00ed.<\/li>\n<li>T\u1ea1o s\u1ef1 \u0111\u1ed3ng nh\u1ea5t v\u1ec1 ch\u1ea5t l\u01b0\u1ee3ng, h\u01b0\u01a1ng v\u1ecb, m\u00f9i th\u01a1m trong su\u1ed1t qu\u00e1 tr\u00ecnh s\u1ea3n xu\u1ea5t.<\/li>\n<\/ul>\n<p><strong>Nh\u01b0\u1ee3c \u0111i\u1ec3m<\/strong><\/p>\n<ul>\n<li>Thi\u1ebft b\u1ecb s\u1ea3n xu\u1ea5t kh\u00e1 \u0111\u1eaft \u0111\u1ecf, \u0111\u00f2i h\u1ecfi nh\u00e0 s\u1ea3n xu\u1ea5t c\u1ea7n \u0111\u1ea7u t\u01b0 kho\u1ea3n l\u1edbn ban \u0111\u1ea7u.<\/li>\n<li>K\u1ef9 thu\u1eadt s\u1ea3n xu\u1ea5t cao, c\u1ea7n ph\u1ea3i c\u00f3 kinh nghi\u1ec7m v\u00e0 n\u0103ng l\u1ef1c s\u1ea3n xu\u1ea5t m\u1edbi \u0111\u1ea3m b\u1ea3o \u0111\u01b0\u1ee3c th\u00e0nh ph\u1ea9m ch\u1ea5t l\u01b0\u1ee3ng.<\/li>\n<li>Ti\u00eau th\u1ee5 n\u0103ng l\u01b0\u1ee3ng nhi\u1ec1u h\u01a1n so v\u1edbi c\u00e1c ph\u01b0\u01a1ng ph\u00e1p kh\u00e1c.<\/li>\n<\/ul>\n<h3><strong>T\u1ea1i sao ch\u1ecdn VCU JSC cung c\u1ea5p c\u00e0 ph\u00ea h\u00f2a tan s\u1ea5y phun?<\/strong><\/h3>\n<ul>\n<li><strong>T\u1ef1 s\u1ea3n xu\u1ea5t nh\u00e2n xanh<\/strong>: ki\u1ec3m so\u00e1t ch\u1eb7t ch\u1ebd ch\u1ea5t l\u01b0\u1ee3ng \u0111\u1ea7u v\u00e0o, to\u00e0n b\u1ed9 h\u00e0ng \u0111\u01b0\u1ee3c t\u00e1ch \u0111\u00e1, b\u1eafn m\u00e0u \u0111\u1eb9p, s\u1ea1ch.<\/li>\n<li><strong>100% c\u00e0 ph\u00ea rang m\u1ed9c<\/strong>: With two industrial roasting machines capable of producing 70 \u2013 80 tons per month, using an automatic profile logging system to ensure consistent roasts.<\/li>\n<li><strong>Nh\u00e0 x\u01b0\u1edfng \u0111\u1ea1t ti\u00eau chu\u1ea9n<\/strong>: ISO, FDA (xu\u1ea5t kh\u1ea9u M\u1ef8), h\u1ec7 th\u1ed1ng l\u01b0u kho kh\u00e9p k\u00edn, n\u00ean anh\/ch\u1ecb ho\u00e0n to\u00e0n y\u00ean t\u00e2m v\u1ec1 ch\u1ea5t l\u01b0\u1ee3ng c\u00e0 ph\u00ea.<\/li>\n<li><strong>Cung c\u1ea5p \u0111a d\u1ea1ng m\u00e3 h\u00e0ng<\/strong>: Robusta, Arabica, Excelsa<\/li>\n<li><strong>Xu\u1ea5t kh\u1ea9u c\u00e0 ph\u00ea ch\u00ednh ng\u1ea1ch sang 13 qu\u1ed1c gia<\/strong>: Including the USA, Singapore, Japan, Australia, Bangladesh, Philippines\u2026<\/li>\n<\/ul>\n<p>\u0110\u1ed1i v\u1edbi nh\u1eefng ng\u01b0\u1eddi y\u00eau th\u00edch s\u1ef1 c\u00e0 ph\u00ea, nh\u01b0ng y\u00eau s\u1ef1 ti\u1ec7n l\u1ee3i v\u00e0 ti\u1ebft ki\u1ec7m h\u01a1n th\u00ec c\u00e0 ph\u00ea h\u00f2a tan n\u00f3i chung v\u00e0 <strong>c\u00e0 ph\u00ea h\u00f2a tan s\u1ea5y phun<\/strong>, l\u00e0 l\u1ef1a ch\u1ecdn tuy\u1ec7t v\u1eddi. D\u00f2ng s\u1ea3n ph\u1ea9m gi\u1eef \u0111\u01b0\u1ee3c h\u01b0\u01a1ng v\u1ecb \u0111\u1eb7c tr\u01b0ng c\u1ee7a c\u00e0 ph\u00ea nguy\u00ean ch\u1ea5t.<\/p>\n<p>Ngo\u00e0i cung c\u1ea5p c\u00e0 ph\u00ea h\u00f2a tan s\u1ea5y phun, ch\u00fang t\u00f4i c\u00f2n OEM \u2013 gia c\u00f4ng theo th\u01b0\u01a1ng hi\u1ec7u. Gi\u00fap b\u1ea1n b\u1ea1n s\u1edf h\u1eefu th\u01b0\u01a1ng hi\u1ec7u c\u00e0 ph\u00ea h\u00f2a tan ri\u00eang.<\/p>\n<p><strong>Read More: <a href=\"https:\/\/vietnamcoffeeunited.com\/vi\/san-pham\/oem-coffee-and-private-label\/\">OEM coffee and Private Label<\/a><\/strong><\/p>\n<p>N\u1ebfu b\u1ea1n mu\u1ed1n c\u00f3 th\u01b0\u01a1ng hi\u1ec7u c\u00e0 ph\u00ea h\u00f2a tan ri\u00eang nh\u01b0ng kh\u00f4ng bi\u1ebft b\u1eaft \u0111\u1ea7u t\u1eeb \u0111\u00e2u, chi ph\u00ed nh\u01b0 th\u1ebf n\u00e0o, li\u00ean h\u1ec7 v\u1edbi VCU \u0111\u1ec3 bi\u1ebft th\u00eam chi ti\u1ebft!<\/p>\n<figure id=\"attachment_5731\" aria-describedby=\"caption-attachment-5731\" style=\"width: 1000px\" class=\"wp-caption alignnone\"><img decoding=\"async\" class=\"wp-image-5731 size-full\" src=\"https:\/\/vietnamcoffeeunited.com\/wp-content\/uploads\/2024\/09\/spray-instant-coffee-3.jpg\" alt=\"VCU coffee factory\" width=\"1000\" height=\"1000\" srcset=\"https:\/\/vietnamcoffeeunited.com\/wp-content\/uploads\/2024\/09\/spray-instant-coffee-3.jpg 1000w, https:\/\/vietnamcoffeeunited.com\/wp-content\/uploads\/2024\/09\/spray-instant-coffee-3-300x300.jpg 300w, https:\/\/vietnamcoffeeunited.com\/wp-content\/uploads\/2024\/09\/spray-instant-coffee-3-150x150.jpg 150w, https:\/\/vietnamcoffeeunited.com\/wp-content\/uploads\/2024\/09\/spray-instant-coffee-3-768x768.jpg 768w, https:\/\/vietnamcoffeeunited.com\/wp-content\/uploads\/2024\/09\/spray-instant-coffee-3-12x12.jpg 12w, https:\/\/vietnamcoffeeunited.com\/wp-content\/uploads\/2024\/09\/spray-instant-coffee-3-600x600.jpg 600w, https:\/\/vietnamcoffeeunited.com\/wp-content\/uploads\/2024\/09\/spray-instant-coffee-3-100x100.jpg 100w\" sizes=\"(max-width: 1000px) 100vw, 1000px\" \/><figcaption id=\"caption-attachment-5731\" class=\"wp-caption-text\">VCU coffee factory<\/figcaption><\/figure>\n<p>N\u1ebfu anh\/ch\u1ecb \u0111ang c\u1ea7n c\u00e0 ph\u00ea h\u00f2a tan, li\u00ean h\u1ec7 VCU ngay nh\u00e9!<\/p>\n<h3><strong>Th\u00f4ng tin li\u00ean h\u1ec7<\/strong><\/h3>\n<p><strong>C\u00f4ng ty C\u1ed5 ph\u1ea7n VCU (VCU JSC)<\/strong><br \/>\n<strong>\u0110\u1ecba ch\u1ec9:<\/strong><br \/>\n\u2013\u00a0<strong>C\u01a1 s\u1edf rang:<\/strong>\u00a0T\u1ed5 d\u00e2n Ph\u1ed1 6,  th\u1ecb tr\u1ea5n Ch\u01b0 Pr\u00f4ng, huy\u1ec7n Ch\u01b0 Pr\u00f4ng, t\u1ec9nh Gia Lai<br \/>\n\u2013\u00a0<strong>C\u01a1 s\u1edf c\u00e0 ph\u00ea nh\u00e2n xanh:<\/strong>\u00a0X\u00e3 Ia Der, Huy\u1ec7n Ia Grai, T\u1ec9nh Gia Lai<\/p>\n<p><span class=\"elementor-icon-list-text\">\u2013\u00a0<strong>Hotline:\u00a0<\/strong><\/span>+84 941 203 879<\/p>\n<p>\u2013\u00a0<strong>Fanpage:\u00a0<a href=\"https:\/\/www.facebook.com\/vcuvietnamcoffeeunited\" target=\"_blank\" rel=\"noopener noreferrer nofollow\">VCU \u2013 Vietnam Coffee United<\/a><\/strong><\/p>\n<p><span class=\"elementor-icon-list-text\">\u2013\u00a0<strong>Email:<\/strong>\u00a0info@vietnamcoffeeunited.com<\/span><\/p>\n<p><iframe title=\"OEM Coffee | Gia c\u00f4ng c\u00e0 ph\u00ea theo th\u01b0\u01a1ng hi\u1ec7u | VCU JSC #vcu  #coffee #oem #coffeebeans #shortvideo\" width=\"800\" height=\"450\" src=\"https:\/\/www.youtube.com\/embed\/5LHpyZ7Oo90?feature=oembed\" frameborder=\"0\" allow=\"accelerometer; autoplay; clipboard-write; encrypted-media; gyroscope; picture-in-picture; web-share\" referrerpolicy=\"strict-origin-when-cross-origin\" allowfullscreen><\/iframe><\/p>","protected":false},"excerpt":{"rendered":"<ul>\n<li>C\u00e0 ph\u00ea s\u1ea5y phun Robusta v\u00e0 C\u00e0 ph\u00ea s\u1ea5y phun Arabica<\/li>\n<li><strong>\u0110\u00f3ng g\u00f3i:<\/strong>: 25kg\/carton, stick, Jar,\u2026<\/li>\n<li><strong>V\u00f9ng tr\u1ed3ng<\/strong>: Vi\u1ec7t Nam<\/li>\n<li><strong>N\u0103ng l\u1ef1c s\u1ea3n xu\u1ea5t<\/strong>: 100 t\u1ea5n\/th\u00e1ng<\/li>\n<li><strong>Th\u1eddi gian giao h\u00e0ng<\/strong>: Trong v\u00f2ng 2-3 ng\u00e0y sau khi nh\u1eadn \u0111\u01b0\u1ee3c L\/C ho\u1eb7c ti\u1ec1n \u0111\u1eb7t c\u1ecdc t\u1eeb ng\u01b0\u1eddi mua<\/li>\n<li><strong>Ch\u00ednh s\u00e1ch thanh to\u00e1n:<\/strong>: T\/T, L\/C at sight<\/li>\n<li><strong>Ch\u1ee9ng t\u1eeb v\u1eadn chuy\u1ec3n<\/strong>: Inv, PL, BoL, CO, Phyto, Fumi.<\/li>\n<li><strong>C\u1ea3ng h\u00e0ng<\/strong>: C\u1ea3ng C\u00e1t L\u00e1i, TP. HCM<\/li>\n<\/ul>","protected":false},"featured_media":5729,"comment_status":"open","ping_status":"closed","template":"","meta":[],"product_cat":[55],"product_tag":[232,231,233,264,212,211,213],"_links":{"self":[{"href":"https:\/\/vietnamcoffeeunited.com\/vi\/wp-json\/wp\/v2\/product\/5249"}],"collection":[{"href":"https:\/\/vietnamcoffeeunited.com\/vi\/wp-json\/wp\/v2\/product"}],"about":[{"href":"https:\/\/vietnamcoffeeunited.com\/vi\/wp-json\/wp\/v2\/types\/product"}],"replies":[{"embeddable":true,"href":"https:\/\/vietnamcoffeeunited.com\/vi\/wp-json\/wp\/v2\/comments?post=5249"}],"wp:featuredmedia":[{"embeddable":true,"href":"https:\/\/vietnamcoffeeunited.com\/vi\/wp-json\/wp\/v2\/media\/5729"}],"wp:attachment":[{"href":"https:\/\/vietnamcoffeeunited.com\/vi\/wp-json\/wp\/v2\/media?parent=5249"}],"wp:term":[{"taxonomy":"product_cat","embeddable":true,"href":"https:\/\/vietnamcoffeeunited.com\/vi\/wp-json\/wp\/v2\/product_cat?post=5249"},{"taxonomy":"product_tag","embeddable":true,"href":"https:\/\/vietnamcoffeeunited.com\/vi\/wp-json\/wp\/v2\/product_tag?post=5249"}],"curies":[{"name":"wp","href":"https:\/\/api.w.org\/{rel}","templated":true}]}}