{"id":5245,"date":"2024-08-05T15:03:41","date_gmt":"2024-08-05T08:03:41","guid":{"rendered":"https:\/\/vietnamcoffeeunited.com\/?post_type=product&#038;p=5245"},"modified":"2024-10-11T14:10:42","modified_gmt":"2024-10-11T07:10:42","slug":"roasted-excelsa-coffee","status":"publish","type":"product","link":"https:\/\/vietnamcoffeeunited.com\/vi\/san-pham\/roasted-excelsa-coffee\/","title":{"rendered":"C\u00e0 ph\u00ea h\u1ea1t rang Excelsa Clean"},"content":{"rendered":"<h2 style=\"text-align: center;\"><strong>C\u00e0 ph\u00ea h\u1ea1t rang Excelsa Clean<\/strong><\/h2>\n<div class=\"group\/conversation-turn relative flex w-full min-w-0 flex-col agent-turn\">\n<div class=\"flex-col gap-1 md:gap-3\">\n<div class=\"flex flex-grow flex-col max-w-full\">\n<div class=\"min-h-[20px] text-message flex w-full flex-col items-end gap-2 whitespace-pre-wrap break-words [.text-message+&amp;]:mt-5 overflow-x-auto\" dir=\"auto\" data-message-author-role=\"assistant\" data-message-id=\"1d8011eb-440c-4d89-a803-8c8ba9095169\">\n<div class=\"flex w-full flex-col gap-1 empty:hidden first:pt-[3px]\">\n<div class=\"markdown prose w-full break-words dark:prose-invert light\">\n<h3>Gi\u1edbi thi\u1ec7u Excelsa Clean<\/h3>\n<p><strong>Roasted Excelsa<\/strong> t\u1ea1i Vi\u1ec7t Nam c\u00f2n \u0111\u01b0\u1ee3c g\u1ecdi l\u00e0 C\u00e0 ph\u00ea M\u00edt, b\u1edfi h\u01b0\u01a1ng th\u01a1m \u0111\u1eb7c tr\u01b0ng m\u00f9i m\u00edt ch\u00edn. Lo\u1ea1i c\u00e0 ph\u00ea n\u00e0y \u0111\u01b0\u1ee3c tr\u1ed3ng nhi\u1ec1u \u1edf nh\u1eefng v\u00f9ng \u0111\u1ea5t kh\u00f4, \u0111\u1ea7y gi\u00f3 v\u00e0 n\u1eafng, b\u1edfi n\u00f3 c\u00f3 kh\u1ea3 n\u0103ng ch\u1ecbu \u0111\u01b0\u1ee3c kh\u00ed h\u1eadu kh\u1eafc nghi\u1ec7t v\u00e0 kh\u00e1ng s\u00e2u b\u1ec7nh. \nN\u1ed5i b\u1eadt v\u1edbi h\u01b0\u01a1ng v\u1ecb kh\u00e1c l\u1ea1, khi pha ch\u1ebf t\u1ea1o ra m\u00f9i th\u01a1m thoang tho\u1ea3ng, \u0111\u1eb7c bi\u1ec7t l\u00e0 v\u1ecb chua thanh, Excelsa t\u1ea1o ra c\u1ea3m gi\u00e1c s\u1ea3ng kho\u00e1i v\u1edbi h\u1eadu v\u1ecb l\u01b0u luy\u1ebfn.<\/p>\n<figure id=\"attachment_5736\" aria-describedby=\"caption-attachment-5736\" style=\"width: 1024px\" class=\"wp-caption alignnone\"><img decoding=\"async\" class=\"wp-image-5736 size-large\" src=\"https:\/\/vietnamcoffeeunited.com\/wp-content\/uploads\/2024\/09\/Excelsa-2-1024x1024.jpg\" alt=\"Excelsa Clean VCU\" width=\"1024\" height=\"1024\" srcset=\"https:\/\/vietnamcoffeeunited.com\/wp-content\/uploads\/2024\/09\/Excelsa-2-1024x1024.jpg 1024w, https:\/\/vietnamcoffeeunited.com\/wp-content\/uploads\/2024\/09\/Excelsa-2-300x300.jpg 300w, https:\/\/vietnamcoffeeunited.com\/wp-content\/uploads\/2024\/09\/Excelsa-2-150x150.jpg 150w, https:\/\/vietnamcoffeeunited.com\/wp-content\/uploads\/2024\/09\/Excelsa-2-768x768.jpg 768w, https:\/\/vietnamcoffeeunited.com\/wp-content\/uploads\/2024\/09\/Excelsa-2-12x12.jpg 12w, https:\/\/vietnamcoffeeunited.com\/wp-content\/uploads\/2024\/09\/Excelsa-2-600x600.jpg 600w, https:\/\/vietnamcoffeeunited.com\/wp-content\/uploads\/2024\/09\/Excelsa-2-100x100.jpg 100w, https:\/\/vietnamcoffeeunited.com\/wp-content\/uploads\/2024\/09\/Excelsa-2.jpg 1080w\" sizes=\"(max-width: 1024px) 100vw, 1024px\" \/><figcaption id=\"caption-attachment-5736\" class=\"wp-caption-text\">Excelsa Clean VCU<\/figcaption><\/figure>\n<blockquote><p><strong>\u0110\u1ecdc th\u00eam: <a href=\"https:\/\/vietnamcoffeeunited.com\/vi\/san-pham\/excelsa-clean\/\">Excelsa Clean Coffee<\/a><\/strong><\/p><\/blockquote>\n<h3>\u0110\u1eb7c \u0111i\u1ec3m c\u1ee7a c\u00e0 ph\u00ea Excelsa<\/h3>\n<h4><strong>\u0110\u1eb7c \u0111i\u1ec3m tr\u1ed3ng tr\u1ecdt<\/strong><\/h4>\n<ul>\n<li>\u0110\u01b0\u1ee3c tr\u1ed3ng thu\u1ea7n lo\u00e0i, t\u1ea1o n\u00ean nh\u1eefng c\u00e1nh r\u1eebng c\u00e0 ph\u00ea xanh m\u01b0\u1edbt.<\/li>\n<li>Th\u01b0\u1eddng \u0111\u01b0\u1ee3c s\u1eed d\u1ee5ng l\u00e0m \u0111ai r\u1eebng ch\u1eafn gi\u00f3, b\u1ea3o v\u1ec7 c\u00e1c l\u00f4 c\u00e0 ph\u00ea kh\u1ecfi t\u00e1c \u0111\u1ed9ng c\u1ee7a thi\u00ean nhi\u00ean. \u1ede m\u1ed9t s\u1ed1 n\u01a1i, th\u01b0\u1eddng tr\u1ed3ng xen l\u1eabn Excelsa v\u00e0o c\u00e0 ph\u00ea Robusta ho\u1eb7c Arabica.<\/li>\n<li>Th\u00edch h\u1ee3p v\u1edbi kh\u00ed h\u1eadu nhi\u1ec7t \u0111\u1edbi \u1ea9m, nhi\u1ec7t \u0111\u1ed9 trung b\u00ecnh t\u1eeb 18 \u0111\u1ed9 C \u0111\u1ebfn 25 \u0111\u1ed9 C, l\u01b0\u1ee3ng m\u01b0a trung b\u00ecnh t\u1eeb 1500 \u0111\u1ebfn 2000 mm v\u00e0 \u1edf \u0111\u1ed9 cao 400 \u0111\u1ebfn 1800 m\u00e9t so v\u1edbi m\u1ef1c n\u01b0\u1edbc bi\u1ec3n.<\/li>\n<\/ul>\n<h4><strong>Thu ho\u1ea1ch:<\/strong><\/h4>\n<p>C\u00e0 ph\u00ea Excelsa n\u1edf hoa mu\u1ed9n h\u01a1n c\u00e1c lo\u1ea1i c\u00e0 ph\u00ea kh\u00e1c, v\u00ec v\u1eady ni\u00ean v\u1ee5 thu ho\u1ea1ch th\u01b0\u1eddng di\u1ec5n ra v\u00e0o th\u00e1ng 12 \u00e2m l\u1ecbch, nh\u1edd v\u1eady mang h\u01b0\u01a1ng v\u1ecb \u0111\u1ed9c \u0111\u00e1o.<\/p>\n<h4><strong>H\u01b0\u01a1ng v\u1ecb c\u00e0 ph\u00ea rang Excelsa:<\/strong><\/h4>\n<ul>\n<li>Ph\u1ee9c t\u1ea1p v\u00e0 \u0111a chi\u1ec1u. \u0110\u00f3 l\u00e0 s\u1ef1 k\u1ebft h\u1ee3p \u0111\u1ed9c \u0111\u00e1o gi\u1eefa v\u1ecb chua thanh c\u1ee7a tr\u00e1i c\u00e2y, h\u01b0\u01a1ng m\u00edt ch\u00edn v\u00e0 m\u1ed9t ch\u00fat ng\u1ecdt ng\u00e0o c\u1ee7a m\u1ea1ch nha. T\u1ea5t c\u1ea3 t\u1ea1o n\u00ean tr\u1ea3i nghi\u1ec7m c\u00e0 ph\u00ea kh\u00f3 qu\u00ean.<\/li>\n<li>H\u00e0m l\u01b0\u1ee3ng caffein th\u1ea5p h\u01a1n so v\u1edbi c\u00e1c lo\u1ea1i c\u00e0 ph\u00ea kh\u00e1c, ph\u00f9 h\u1ee3p cho nh\u1eefng ng\u01b0\u1eddi nh\u1ea1y c\u1ea3m v\u1edbi caffein.<\/li>\n<li>H\u01b0\u01a1ng v\u1ecb \u0111a chi\u1ec1u m\u00e0 Excelsa Clean mang l\u1ea1i \u0111\u00e3 gi\u00fap d\u00f2ng n\u00e0y tr\u1edf th\u00e0nh nguy\u00ean li\u1ec7u l\u00fd t\u01b0\u1edfng \u0111\u1ec3 pha tr\u1ed9n v\u1edbi c\u00e1c lo\u1ea1i c\u00e0 ph\u00ea kh\u00e1c, \u0111\u1ec3 t\u1ea1o n\u00ean nh\u1eefng h\u01b0\u01a1ng v\u1ecb \u0111a d\u1ea1ng v\u00e0 phong ph\u00fa.<\/li>\n<\/ul>\n<p>T\u1ea1i Vi\u1ec7t Nam, s\u1ea3n l\u01b0\u1ee3ng c\u00e0 ph\u00ea m\u00edt kh\u00e1 \u00edt. \u0110\u00f4i khi kh\u00f4ng \u0111\u1ee7 \u0111\u1ec3 \u0111\u00e1p \u1ee9ng ngu\u1ed3n cung. Tr\u01b0\u1edbc \u0111\u00e2y, ng\u01b0\u1eddi s\u00e0nh c\u00e0 ph\u00ea th\u01b0\u1eddng quan t\u00e2m \u0111\u1ebfn c\u00e0 ph\u00ea Robusta hay Arabica, nh\u01b0ng 2 n\u0103m tr\u1edf l\u1ea1i \u0111\u00e2y, xu h\u01b0\u1edbng d\u00f9ng c\u00e0 ph\u00ea h\u1ea1t rang Excelsa ng\u00e0y c\u00e0ng t\u0103ng, b\u1edfi h\u01b0\u01a1ng v\u1ecb phong ph\u00fa v\u00e0 \u0111\u1ed9c \u0111\u00e1o m\u00e0 d\u00f2ng n\u00e0y mang l\u1ea1i.<strong> Roasted Excelsa<\/strong> Coffee has been increasing due to the rich and unique flavor it offers.<\/p>\n<h3>Th\u00f4ng tin s\u1ea3n ph\u1ea9m<\/h3>\n<ul>\n<li>Ph\u00e2n lo\u1ea1i: H\u1ea1t rang<\/li>\n<li>\u0110\u1ed9 \u1ea9m: 12.5% max<\/li>\n<li>H\u1ea1t \u0111en: 0.1% max<\/li>\n<li>H\u1ea1t v\u1ee1: 0.5% max<\/li>\n<li>T\u1ea1p: 0.1% max<\/li>\n<li>H\u01b0\u01a1ng v\u1ecb: tr\u00e1i c\u00e2y, h\u01b0\u01a1ng m\u00edt ch\u00edn, m\u1ea1ch nha.<\/li>\n<li>Body: \u0111\u1ea7y \u0111\u1eb7n<\/li>\n<li>\u0110\u1ed9 chua: trung b\u00ecnh \u0111\u1ebfn cao<\/li>\n<\/ul>\n<p><strong>Roasted Excelsa<\/strong> \u0111\u01b0\u1ee3c rang t\u1eeb nh\u1eefng h\u1ea1t c\u00e0 ph\u00ea nh\u00e2n xanh ch\u1ea5t l\u01b0\u1ee3ng, \u0111\u00e3 \u0111\u01b0\u1ee3c ch\u1ebf bi\u1ebfn k\u1ef9 l\u01b0\u1ee1ng, c\u1ea9n th\u1eadn. M\u1ed7i h\u1ea1t c\u00e0 ph\u00ea \u0111\u01b0\u1ee3c l\u00e0m s\u1ea1ch, s\u00e0ng l\u1ecdc theo ti\u00eau chu\u1ea9n ch\u1ea5t l\u01b0\u1ee3ng nghi\u00eam ng\u1eb7t, \u0111\u1ea3m b\u1ea3o t\u1ef7 l\u1ec7 h\u1ea1t \u0111en, l\u1ed7i t\u1ea1p. \u0110i\u1ec1u n\u00e0y \u0111\u1ea3m b\u1ea3o sau rang, c\u00e0 ph\u00ea cho h\u01b0\u01a1ng v\u1ecb v\u00e0 m\u00e0u s\u1eafc \u0111\u1ed3ng nh\u1ea5t.<\/p>\n<figure id=\"attachment_5737\" aria-describedby=\"caption-attachment-5737\" style=\"width: 1024px\" class=\"wp-caption alignnone\"><img decoding=\"async\" class=\"wp-image-5737 size-large\" src=\"https:\/\/vietnamcoffeeunited.com\/wp-content\/uploads\/2024\/09\/Roasted-Excelsa-coffee-2-1024x1024.jpg\" alt=\"Roasted Excelsa Clean Coffee\" width=\"1024\" height=\"1024\" srcset=\"https:\/\/vietnamcoffeeunited.com\/wp-content\/uploads\/2024\/09\/Roasted-Excelsa-coffee-2-1024x1024.jpg 1024w, https:\/\/vietnamcoffeeunited.com\/wp-content\/uploads\/2024\/09\/Roasted-Excelsa-coffee-2-300x300.jpg 300w, https:\/\/vietnamcoffeeunited.com\/wp-content\/uploads\/2024\/09\/Roasted-Excelsa-coffee-2-150x150.jpg 150w, https:\/\/vietnamcoffeeunited.com\/wp-content\/uploads\/2024\/09\/Roasted-Excelsa-coffee-2-768x768.jpg 768w, https:\/\/vietnamcoffeeunited.com\/wp-content\/uploads\/2024\/09\/Roasted-Excelsa-coffee-2-12x12.jpg 12w, https:\/\/vietnamcoffeeunited.com\/wp-content\/uploads\/2024\/09\/Roasted-Excelsa-coffee-2-600x600.jpg 600w, https:\/\/vietnamcoffeeunited.com\/wp-content\/uploads\/2024\/09\/Roasted-Excelsa-coffee-2-100x100.jpg 100w, https:\/\/vietnamcoffeeunited.com\/wp-content\/uploads\/2024\/09\/Roasted-Excelsa-coffee-2.jpg 1080w\" sizes=\"(max-width: 1024px) 100vw, 1024px\" \/><figcaption id=\"caption-attachment-5737\" class=\"wp-caption-text\">Roasted Excelsa Clean Coffee<\/figcaption><\/figure>\n<h3>T\u1ea1i sao ch\u1ecdn mua c\u00e0 ph\u00ea h\u1ea1t rang Excelsa Clean c\u1ee7a VCU JSC?<\/h3>\n<p>T\u1ecda l\u1ea1c t\u1ea1i v\u00f9ng nguy\u00ean li\u1ec7u t\u1ec9nh Gia Lai \u2013 m\u1ed9t trong nh\u1eefng v\u00f9ng tr\u1ed3ng c\u00e0 ph\u00ea l\u1edbn nh\u1ea5t t\u1ea1i Vi\u1ec7t Nam, VCU cam k\u1ebft mang \u0111\u1ebfn cho kh\u00e1ch h\u00e0ng c\u00e0 ph\u00ea ch\u1ea5t l\u01b0\u1ee3ng cao c\u00f9ng s\u1ef1 \u1ed5n \u0111\u1ecbnh. M\u1ed7i h\u1ea1t c\u00e0 ph\u00ea \u0111\u1ec1u \u0111\u01b0\u1ee3c ch\u1ecdn l\u1ecdc k\u1ef9 l\u01b0\u1ee1ng, s\u01a1 ch\u1ebf theo quy tr\u00ecnh hi\u1ec7n \u0111\u1ea1i, gi\u1eef nguy\u00ean h\u01b0\u01a1ng v\u1ecb t\u1ef1 nhi\u00ean.<\/p>\n<p>Do c\u00f3 kh\u1ea3 n\u0103ng t\u1ef1 s\u1ea3n xu\u1ea5t \u0111\u01b0\u1ee3c c\u00e0 ph\u00ea nh\u00e2n xanh, kh\u00f4ng qua kh\u00e2u trung gian n\u00ean VCU c\u00f3 th\u1ec3 t\u1ed1i \u01b0u h\u00f3a \u0111\u01b0\u1ee3c chi ph\u00ed, gi\u00fap \u0111\u1ed1i t\u00e1c mua \u0111\u01b0\u1ee3c h\u00e0ng v\u1edbi gi\u00e1 th\u00e0nh c\u1ea1nh tranh. Nh\u1edd v\u1eady c\u00e1c nh\u00e0 rang, chu\u1ed7i qu\u00e1n c\u00e0 ph\u00ea c\u00f3 th\u1ec3 ti\u1ebft ki\u1ec7m \u0111\u01b0\u1ee3c chi ph\u00ed v\u00e0 t\u0103ng l\u1ee3i nhu\u1eadn.<\/p>\n<p>H\u1ed7 tr\u1ee3 t\u1ed1i \u01b0u h\u00f3a quy tr\u00ecnh rang xay c\u00e0 ph\u00ea. T\u1eebng h\u1ea1t c\u00e0 ph\u00ea Excelsa Clean \u0111\u1ec1u c\u00f3 \u0111\u1ed9 \u1ea9m \u1ed5n \u0111\u1ecbnh, t\u1ef7 l\u1ec7 \u0111en, v\u1ee1, t\u1ea1p c\u1ef1c th\u1ea5p, c\u00e1c lot h\u00e0ng \u0111\u01b0\u1ee3c b\u1eafn m\u00e0u, t\u00e1ch \u0111\u00e1 s\u1ea1ch. Nh\u1edd v\u1eady, khi anh\/ch\u1ecb mua c\u00e0 ph\u00ea h\u1ea1t rang v\u1ec1 xay b\u1ed9t, kh\u00f4ng lo v\u1ea5n \u0111\u1ec1 g\u00e3y hay m\u1ebb l\u01b0\u1ee1i m\u00e1y.<\/p>\n<p><strong>Roasted Excelsa<\/strong> l\u00e0 l\u1ef1a ch\u1ecdn ho\u00e0n h\u1ea3o cho c\u00e1c qu\u00e1n c\u00e0 ph\u00ea, th\u01b0\u01a1ng hi\u1ec7u khi mu\u1ed1n cung c\u1ea5p tr\u1ea3i nghi\u1ec7m c\u00e0 ph\u00ea \u0111\u1ed9c \u0111\u00e1o v\u00e0 ch\u1ea5t l\u01b0\u1ee3ng cho kh\u00e1ch h\u00e0ng c\u1ee7a m\u00ecnh. B\u1ea1n c\u00f3 th\u1ec3 blend c\u00e0 ph\u00ea Excelsa v\u1edbi c\u00e1c s\u1ea3n ph\u1ea9m c\u00e0 ph\u00ea kh\u00e1c \u0111\u1ec3 t\u1ea1o n\u00ean h\u01b0\u01a1ng v\u1ecb \u0111\u1ed9c \u0111\u00e1o.<\/p>\n<p>VCU c\u00f3 x\u01b0\u1edfng rang \u0111\u1ea1t ti\u00eau chu\u1ea9n ISO 22000:2018 v\u00e0 FDA (Xu\u1ea5t kh\u1ea9u M\u1ef9), \u0111\u1ea3m b\u1ea3o c\u00e0 ph\u00ea rang ch\u1ea5t l\u01b0\u1ee3ng, quy tr\u00ecnh l\u01b0u kho \u0111\u1ea1t ti\u00eau chu\u1ea9n. \u0110\u1eb7c bi\u1ec7t, 2 m\u00e1y rang c\u00f4ng nghi\u1ec7p c\u00f4ng su\u1ea5t 60kg\/m\u1ebb, \u0111\u00e1p \u1ee9ng kh\u1ea3 n\u0103ng cung c\u1ea5p ngu\u1ed3n c\u00e0 ph\u00ea \u1ed5n \u0111\u1ecbnh l\u00ean \u0111\u1ebfn 80 t\u1ea5n\/th\u00e1ng.<\/p>\n<p><a href=\"https:\/\/vietnamcoffeeunited.com\/vi\/\">VCU<\/a> t\u1ef1 tin l\u00e0 \u0111\u1ed1i t\u00e1c tin c\u1eady c\u1ee7a kh\u00e1ch h\u00e0ng. H\u00e3y li\u00ean h\u1ec7 v\u1edbi ch\u00fang t\u00f4i \u0111\u1ec3 \u0111\u01b0\u1ee3c t\u01b0 v\u1ea5n v\u00e0 b\u00e1o gi\u00e1 chi ti\u1ebft C\u00e0 ph\u00ea h\u1ea1t rang Excelsa Clean nh\u00e9! <strong>Roasted Excelsa Clean<\/strong> Coffee!<\/p>\n<p><iframe title=\"The second industrial roaster has arrived at VCU | VCU JSC\" width=\"800\" height=\"600\" src=\"https:\/\/www.youtube.com\/embed\/oXZ8jfMo_IU?start=10&#038;feature=oembed\" frameborder=\"0\" allow=\"accelerometer; autoplay; clipboard-write; encrypted-media; gyroscope; picture-in-picture; web-share\" referrerpolicy=\"strict-origin-when-cross-origin\" allowfullscreen><\/iframe><\/p>\n<h3><strong>Th\u00f4ng tin li\u00ean h\u1ec7<\/strong><\/h3>\n<p><strong>C\u00f4ng ty C\u1ed5 ph\u1ea7n VCU (VCU JSC)<\/strong><br \/>\n<strong>\u0110\u1ecba ch\u1ec9:<\/strong><br \/>\n\u2013\u00a0<strong>C\u01a1 s\u1edf rang:<\/strong>\u00a0T\u1ed5 d\u00e2n Ph\u1ed1 6,  th\u1ecb tr\u1ea5n Ch\u01b0 Pr\u00f4ng, huy\u1ec7n Ch\u01b0 Pr\u00f4ng, t\u1ec9nh Gia Lai<br \/>\n\u2013\u00a0<strong>C\u01a1 s\u1edf c\u00e0 ph\u00ea nh\u00e2n xanh:<\/strong>\u00a0X\u00e3 Ia Der, Huy\u1ec7n Ia Grai, T\u1ec9nh Gia Lai<\/p>\n<p><span class=\"elementor-icon-list-text\">\u2013\u00a0<strong>Hotline:\u00a0<\/strong><\/span>+84 941 203 879<\/p>\n<p>\u2013\u00a0<strong>Fanpage:\u00a0<a href=\"https:\/\/www.facebook.com\/vcuvietnamcoffeeunited\" target=\"_blank\" rel=\"noopener noreferrer nofollow\">VCU \u2013 Vietnam Coffee United<\/a><\/strong><\/p>\n<p><span class=\"elementor-icon-list-text\">\u2013\u00a0<strong>Email:<\/strong>\u00a0info@vietnamcoffeeunited.com<\/span><\/p>\n<\/div>\n<\/div>\n<\/div>\n<\/div>\n<\/div>\n<\/div>","protected":false},"excerpt":{"rendered":"<ul>\n<li><strong>M\u1ee9c rang<\/strong>: Light\/ Medium\/ Dark<\/li>\n<li><strong>Sizes<\/strong>: S13\/S16\/S18<\/li>\n<li><strong>Th\u1eddi gian s\u1eed d\u1ee5ng t\u1ed1t nh\u1ea5t<\/strong>: 12 th\u00e1ng<\/li>\n<li><strong>V\u00f9ng tr\u1ed3ng<\/strong>: Vi\u1ec7t Nam<\/li>\n<li><strong>\u0110\u00f3ng g\u00f3i:<\/strong>: 30kg\/bag (jute bag or PP bag), \u00a0500g\/bag * 32 bags\/carton, 1kg\/bag * 18 bags\/carton, 5kg\/bag * 3 bags\/carton<\/li>\n<li><strong>\u0110\u1eb7t h\u00e0ng t\u1ed1i thi\u1ec3u<\/strong>: 1 t\u1ea5n ho\u1eb7c th\u01b0\u01a1ng l\u01b0\u1ee3ng<\/li>\n<li><strong>N\u0103ng l\u1ef1c s\u1ea3n xu\u1ea5t<\/strong>: 100 t\u1ea5n\/th\u00e1ng<\/li>\n<li><strong>Th\u1eddi gian giao h\u00e0ng<\/strong>: Trong v\u00f2ng 2-4 ng\u00e0y sau khi nh\u1eadn \u0111\u01b0\u1ee3c L\/C ho\u1eb7c ti\u1ec1n \u0111\u1eb7t c\u1ecdc c\u1ee7a kh\u00e1ch h\u00e0ng<\/li>\n<li><strong>Ch\u00ednh s\u00e1ch thanh to\u00e1n:<\/strong>: T\/T, L\/C at sight<\/li>\n<li><strong>Ch\u1ee9ng t\u1eeb v\u1eadn chuy\u1ec3n<\/strong>: Inv, PL, BoL, CO, Phyto, Fumi.<\/li>\n<li><strong>C\u1ea3ng h\u00e0ng<\/strong>: C\u1ea3ng C\u00e1t L\u00e1i, TP. HCM<\/li>\n<\/ul>","protected":false},"featured_media":5808,"comment_status":"open","ping_status":"closed","template":"","meta":[],"product_cat":[142],"product_tag":[257,259,262,260,263,254,211,213],"_links":{"self":[{"href":"https:\/\/vietnamcoffeeunited.com\/vi\/wp-json\/wp\/v2\/product\/5245"}],"collection":[{"href":"https:\/\/vietnamcoffeeunited.com\/vi\/wp-json\/wp\/v2\/product"}],"about":[{"href":"https:\/\/vietnamcoffeeunited.com\/vi\/wp-json\/wp\/v2\/types\/product"}],"replies":[{"embeddable":true,"href":"https:\/\/vietnamcoffeeunited.com\/vi\/wp-json\/wp\/v2\/comments?post=5245"}],"wp:featuredmedia":[{"embeddable":true,"href":"https:\/\/vietnamcoffeeunited.com\/vi\/wp-json\/wp\/v2\/media\/5808"}],"wp:attachment":[{"href":"https:\/\/vietnamcoffeeunited.com\/vi\/wp-json\/wp\/v2\/media?parent=5245"}],"wp:term":[{"taxonomy":"product_cat","embeddable":true,"href":"https:\/\/vietnamcoffeeunited.com\/vi\/wp-json\/wp\/v2\/product_cat?post=5245"},{"taxonomy":"product_tag","embeddable":true,"href":"https:\/\/vietnamcoffeeunited.com\/vi\/wp-json\/wp\/v2\/product_tag?post=5245"}],"curies":[{"name":"wp","href":"https:\/\/api.w.org\/{rel}","templated":true}]}}