{"id":5238,"date":"2024-08-05T14:12:50","date_gmt":"2024-08-05T07:12:50","guid":{"rendered":"https:\/\/vietnamcoffeeunited.com\/?post_type=product&#038;p=5238"},"modified":"2025-03-26T15:40:10","modified_gmt":"2025-03-26T08:40:10","slug":"excelsa-clean-coffee","status":"publish","type":"product","link":"https:\/\/vietnamcoffeeunited.com\/vi\/san-pham\/excelsa-clean-coffee\/","title":{"rendered":"Excelsa Clean Coffee"},"content":{"rendered":"<div class=\"flex flex-grow flex-col max-w-full\">\n<div class=\"min-h-[20px] text-message flex w-full flex-col items-end gap-2 whitespace-pre-wrap break-words [.text-message+&amp;]:mt-5 overflow-x-auto\" dir=\"auto\" data-message-author-role=\"assistant\" data-message-id=\"736c707c-a614-46d7-a2f7-2577c9074982\">\n<div class=\"flex w-full flex-col gap-1 empty:hidden first:pt-[3px]\">\n<div class=\"markdown prose w-full break-words dark:prose-invert light\">\n<h2 style=\"text-align: center;\">Excelsa Clean<\/h2>\n<h3>Gi\u1edbi thi\u1ec7u Excelsa Clean<\/h3>\n<p>C\u00e0 ph\u00ea Excelsa l\u00e0 m\u1ed9t bi\u1ebfn th\u1ec3 c\u1ee7a Liberica, t\u1ea1i Vi\u1ec7t Nam \u0111\u01b0\u1ee3c g\u1ecdi v\u1edbi t\u00ean C\u00e0 ph\u00ea M\u00edt. Lo\u1ea1i c\u00e0 ph\u00ea n\u00e0y c\u00f3 kh\u1ea3 n\u0103ng ch\u1ecbu h\u1ea1n v\u00e0 s\u00e2u b\u1ec7nh r\u1ea5t t\u1ed1t, ph\u00e1t tri\u1ec3n m\u1ea1nh m\u1ebd trong \u0111i\u1ec1u ki\u1ec7n kh\u00ed h\u1eadu kh\u1eafc nghi\u1ec7t. \u0110\u1eb7c tr\u01b0ng c\u1ee7a lo\u1ea1i c\u00e0 ph\u00ea n\u00e0y c\u00f3 h\u01b0\u01a1ng th\u01a1m thoang tho\u1ea3ng, h\u01b0\u01a1ng m\u00edt ch\u00edn c\u00f9ng v\u1ecb chua thanh m\u00e1t.<\/p>\n<figure id=\"attachment_5744\" aria-describedby=\"caption-attachment-5744\" style=\"width: 1024px\" class=\"wp-caption alignnone\"><img decoding=\"async\" class=\"wp-image-5744 size-large\" src=\"https:\/\/vietnamcoffeeunited.com\/wp-content\/uploads\/2024\/09\/Excelsa-3-1024x1024.jpg\" alt=\"Excelsa Coffee\" width=\"1024\" height=\"1024\" srcset=\"https:\/\/vietnamcoffeeunited.com\/wp-content\/uploads\/2024\/09\/Excelsa-3-1024x1024.jpg 1024w, https:\/\/vietnamcoffeeunited.com\/wp-content\/uploads\/2024\/09\/Excelsa-3-300x300.jpg 300w, https:\/\/vietnamcoffeeunited.com\/wp-content\/uploads\/2024\/09\/Excelsa-3-150x150.jpg 150w, https:\/\/vietnamcoffeeunited.com\/wp-content\/uploads\/2024\/09\/Excelsa-3-768x768.jpg 768w, https:\/\/vietnamcoffeeunited.com\/wp-content\/uploads\/2024\/09\/Excelsa-3-12x12.jpg 12w, https:\/\/vietnamcoffeeunited.com\/wp-content\/uploads\/2024\/09\/Excelsa-3-600x600.jpg 600w, https:\/\/vietnamcoffeeunited.com\/wp-content\/uploads\/2024\/09\/Excelsa-3-100x100.jpg 100w, https:\/\/vietnamcoffeeunited.com\/wp-content\/uploads\/2024\/09\/Excelsa-3.jpg 1080w\" sizes=\"(max-width: 1024px) 100vw, 1024px\" \/><figcaption id=\"caption-attachment-5744\" class=\"wp-caption-text\">Excelsa Coffee<\/figcaption><\/figure>\n<h3><strong>\u0110\u1eb7c \u0111i\u1ec3m c\u1ee7a c\u00e0 ph\u00ea Excelsa<\/strong><\/h3>\n<h4><strong>\u0110\u1eb7c \u0111i\u1ec3m tr\u1ed3ng tr\u1ecdt<\/strong><\/h4>\n<ul>\n<li>\u0110\u01b0\u1ee3c tr\u1ed3ng thu\u1ea7n lo\u00e0i, t\u1ea1o n\u00ean nh\u1eefng c\u00e1nh r\u1eebng c\u00e0 ph\u00ea xanh m\u01b0\u1edbt.<\/li>\n<li>Th\u01b0\u1eddng \u0111\u01b0\u1ee3c s\u1eed d\u1ee5ng l\u00e0m \u0111ai r\u1eebng ch\u1eafn gi\u00f3, b\u1ea3o v\u1ec7 c\u00e1c l\u00f4 c\u00e0 ph\u00ea kh\u1ecfi t\u00e1c \u0111\u1ed9ng c\u1ee7a thi\u00ean nhi\u00ean. \u1ede m\u1ed9t s\u1ed1 n\u01a1i, th\u01b0\u1eddng tr\u1ed3ng xen l\u1eabn Excelsa v\u00e0o c\u00e0 ph\u00ea Robusta ho\u1eb7c Arabica.<\/li>\n<li>Th\u00edch h\u1ee3p v\u1edbi kh\u00ed h\u1eadu nhi\u1ec7t \u0111\u1edbi \u1ea9m, nhi\u1ec7t \u0111\u1ed9 trung b\u00ecnh t\u1eeb 18 \u0111\u1ed9 C \u0111\u1ebfn 25 \u0111\u1ed9 C, l\u01b0\u1ee3ng m\u01b0a trung b\u00ecnh t\u1eeb 1500 \u0111\u1ebfn 2000 mm v\u00e0 \u1edf \u0111\u1ed9 cao 400 \u0111\u1ebfn 1800 m\u00e9t so v\u1edbi m\u1ef1c n\u01b0\u1edbc bi\u1ec3n.<\/li>\n<\/ul>\n<h4><strong>Thu ho\u1ea1ch:<\/strong><\/h4>\n<ul>\n<li>C\u00e0 ph\u00ea Excelsa n\u1edf hoa mu\u1ed9n h\u01a1n c\u00e1c lo\u1ea1i c\u00e0 ph\u00ea kh\u00e1c, v\u00ec v\u1eady ni\u00ean v\u1ee5 thu ho\u1ea1ch th\u01b0\u1eddng di\u1ec5n ra v\u00e0o th\u00e1ng 12 \u00e2m l\u1ecbch, nh\u1edd v\u1eady mang h\u01b0\u01a1ng v\u1ecb \u0111\u1ed9c \u0111\u00e1o.<\/li>\n<\/ul>\n<h4><strong>H\u01b0\u01a1ng v\u1ecb:<\/strong><\/h4>\n<ul>\n<li>Ph\u1ee9c t\u1ea1p v\u00e0 \u0111a chi\u1ec1u. \u0110\u00f3 l\u00e0 s\u1ef1 k\u1ebft h\u1ee3p \u0111\u1ed9c \u0111\u00e1o gi\u1eefa v\u1ecb chua thanh c\u1ee7a tr\u00e1i c\u00e2y, h\u01b0\u01a1ng m\u00edt ch\u00edn v\u00e0 m\u1ed9t ch\u00fat ng\u1ecdt ng\u00e0o c\u1ee7a m\u1ea1ch nha. T\u1ea5t c\u1ea3 t\u1ea1o n\u00ean tr\u1ea3i nghi\u1ec7m c\u00e0 ph\u00ea kh\u00f3 qu\u00ean.<\/li>\n<li>H\u00e0m l\u01b0\u1ee3ng caffein th\u1ea5p h\u01a1n so v\u1edbi c\u00e1c lo\u1ea1i c\u00e0 ph\u00ea kh\u00e1c, ph\u00f9 h\u1ee3p cho nh\u1eefng ng\u01b0\u1eddi nh\u1ea1y c\u1ea3m v\u1edbi caffein.<\/li>\n<li>H\u01b0\u01a1ng v\u1ecb \u0111a chi\u1ec1u c\u1ee7a <strong>Excelsa Clean<\/strong> mang l\u1ea1i \u0111\u00e3 gi\u00fap d\u00f2ng n\u00e0y tr\u1edf th\u00e0nh nguy\u00ean li\u1ec7u l\u00fd t\u01b0\u1edfng \u0111\u1ec3 pha tr\u1ed9n v\u1edbi c\u00e1c lo\u1ea1i c\u00e0 ph\u00ea kh\u00e1c, \u0111\u1ec3 t\u1ea1o n\u00ean nh\u1eefng h\u01b0\u01a1ng v\u1ecb \u0111a d\u1ea1ng v\u00e0 phong ph\u00fa.<\/li>\n<\/ul>\n<p>T\u1ea1i Vi\u1ec7t Nam, s\u1ea3n l\u01b0\u1ee3ng c\u00e0 ph\u00ea m\u00edt kh\u00e1 \u00edt. \u0110\u00f4i khi kh\u00f4ng \u0111\u1ee7 \u0111\u1ec3 \u0111\u00e1p \u1ee9ng ngu\u1ed3n cung. Tr\u01b0\u1edbc \u0111\u00e2y, ng\u01b0\u1eddi s\u00e0nh c\u00e0 ph\u00ea th\u01b0\u1eddng quan t\u00e2m \u0111\u1ebfn c\u00e0 ph\u00ea Robusta hay Arabica, nh\u01b0ng 2 n\u0103m tr\u1edf l\u1ea1i \u0111\u00e2y, xu h\u01b0\u1edbng d\u00f9ng c\u00e0 ph\u00ea m\u00edt \u0111\u1eb7c s\u1ea3n ng\u00e0y c\u00e0ng t\u0103ng, b\u1edfi h\u01b0\u01a1ng v\u1ecb phong ph\u00fa v\u00e0 \u0111\u1ed9c \u0111\u00e1o m\u00e0 d\u00f2ng n\u00e0y mang l\u1ea1i.<\/p>\n<p><strong>T\u00ecm hi\u1ec3u th\u00eam<\/strong>:\u00a0<a href=\"https:\/\/vietnamcoffeeunited.com\/vi\/san-pham\/roasted-excelsa-coffee\/\">C\u00e0 ph\u00ea h\u1ea1t rang Excelsa Clean<\/a><\/p>\n<figure id=\"attachment_5736\" aria-describedby=\"caption-attachment-5736\" style=\"width: 1024px\" class=\"wp-caption alignnone\"><img decoding=\"async\" class=\"wp-image-5736 size-large\" src=\"https:\/\/vietnamcoffeeunited.com\/wp-content\/uploads\/2024\/09\/Excelsa-2-1024x1024.jpg\" alt=\"Excelsa Clean VCU\" width=\"1024\" height=\"1024\" srcset=\"https:\/\/vietnamcoffeeunited.com\/wp-content\/uploads\/2024\/09\/Excelsa-2-1024x1024.jpg 1024w, https:\/\/vietnamcoffeeunited.com\/wp-content\/uploads\/2024\/09\/Excelsa-2-300x300.jpg 300w, https:\/\/vietnamcoffeeunited.com\/wp-content\/uploads\/2024\/09\/Excelsa-2-150x150.jpg 150w, https:\/\/vietnamcoffeeunited.com\/wp-content\/uploads\/2024\/09\/Excelsa-2-768x768.jpg 768w, https:\/\/vietnamcoffeeunited.com\/wp-content\/uploads\/2024\/09\/Excelsa-2-12x12.jpg 12w, https:\/\/vietnamcoffeeunited.com\/wp-content\/uploads\/2024\/09\/Excelsa-2-600x600.jpg 600w, https:\/\/vietnamcoffeeunited.com\/wp-content\/uploads\/2024\/09\/Excelsa-2-100x100.jpg 100w, https:\/\/vietnamcoffeeunited.com\/wp-content\/uploads\/2024\/09\/Excelsa-2.jpg 1080w\" sizes=\"(max-width: 1024px) 100vw, 1024px\" \/><figcaption id=\"caption-attachment-5736\" class=\"wp-caption-text\">Excelsa Clean VCU<\/figcaption><\/figure>\n<h3>Th\u00f4ng tin s\u1ea3n ph\u1ea9m<\/h3>\n<ul>\n<li>Ph\u00e2n lo\u1ea1i: C\u00e0 ph\u00ea nh\u00e2n xanh<\/li>\n<li>\u0110\u1ed9 \u1ea9m: 12.5% max<\/li>\n<li>H\u1ea1t \u0111en: 0.1% max<\/li>\n<li>H\u1ea1t v\u1ee1: 0.5% max<\/li>\n<li>T\u1ea1p: 0.1% max<\/li>\n<li>H\u01b0\u01a1ng v\u1ecb: tr\u00e1i c\u00e2y, h\u01b0\u01a1ng m\u00edt ch\u00edn, m\u1ea1ch nha.<\/li>\n<\/ul>\n<h3>T\u1ea1i sao n\u00ean ch\u1ecdn mua c\u00e0 ph\u00ea Excelsa Clean c\u1ee7a VCU JSC?<\/h3>\n<p>T\u1ecda l\u1ea1c t\u1ea1i v\u00f9ng nguy\u00ean li\u1ec7u t\u1ec9nh Gia Lai \u2013 m\u1ed9t trong nh\u1eefng v\u00f9ng tr\u1ed3ng c\u00e0 ph\u00ea l\u1edbn nh\u1ea5t t\u1ea1i Vi\u1ec7t Nam, VCU cam k\u1ebft mang \u0111\u1ebfn cho kh\u00e1ch h\u00e0ng c\u00e0 ph\u00ea ch\u1ea5t l\u01b0\u1ee3ng cao c\u00f9ng s\u1ef1 \u1ed5n \u0111\u1ecbnh. M\u1ed7i h\u1ea1t c\u00e0 ph\u00ea \u0111\u1ec1u \u0111\u01b0\u1ee3c ch\u1ecdn l\u1ecdc k\u1ef9 l\u01b0\u1ee1ng, s\u01a1 ch\u1ebf theo quy tr\u00ecnh hi\u1ec7n \u0111\u1ea1i, gi\u1eef nguy\u00ean h\u01b0\u01a1ng v\u1ecb t\u1ef1 nhi\u00ean.<\/p>\n<p>Do c\u00f3 kh\u1ea3 n\u0103ng t\u1ef1 s\u1ea3n xu\u1ea5t \u0111\u01b0\u1ee3c c\u00e0 ph\u00ea nh\u00e2n xanh, kh\u00f4ng qua kh\u00e2u trung gian n\u00ean VCU c\u00f3 th\u1ec3 t\u1ed1i \u01b0u h\u00f3a \u0111\u01b0\u1ee3c chi ph\u00ed, gi\u00fap \u0111\u1ed1i t\u00e1c mua \u0111\u01b0\u1ee3c h\u00e0ng v\u1edbi gi\u00e1 th\u00e0nh c\u1ea1nh tranh. Nh\u1edd v\u1eady c\u00e1c nh\u00e0 rang, chu\u1ed7i qu\u00e1n c\u00e0 ph\u00ea c\u00f3 th\u1ec3 ti\u1ebft ki\u1ec7m \u0111\u01b0\u1ee3c chi ph\u00ed v\u00e0 t\u0103ng l\u1ee3i nhu\u1eadn.<\/p>\n<p>H\u1ed7 tr\u1ee3 t\u1ed1i \u01b0u h\u00f3a quy tr\u00ecnh rang c\u00e0 ph\u00ea. T\u1eebng h\u1ea1t c\u00e0 ph\u00ea Excelsa Clean \u0111\u1ec1u c\u00f3 \u0111\u1ed9 \u1ea9m \u1ed5n \u0111\u1ecbnh, t\u1ef7 l\u1ec7 \u0111en, v\u1ee1, t\u1ea1p c\u1ef1c th\u1ea5p, c\u00e1c lot h\u00e0ng \u0111\u01b0\u1ee3c b\u1eafn m\u00e0u, t\u00e1ch \u0111\u00e1 s\u1ea1ch. Nh\u1edd v\u1eady, quy tr\u00ecnh rang c\u00e0 ph\u00ea \u0111\u01b0\u1ee3c t\u1ed1i \u01b0u v\u00e0 kh\u00f4ng lo vi\u1ec7c g\u00e3y hay h\u01b0 h\u1ecfng m\u00e1y rang, m\u00e1y xay c\u1ee7a anh ch\u1ecb \u0111\u1ed1i t\u00e1c.<\/p>\n<p><a href=\"https:\/\/vietnamcoffeeunited.com\/vi\/\">VCU<\/a> t\u1ef1 tin l\u00e0 \u0111\u1ed1i t\u00e1c tin c\u1eady c\u1ee7a kh\u00e1ch h\u00e0ng. H\u00e3y li\u00ean h\u1ec7 v\u1edbi ch\u00fang t\u00f4i \u0111\u1ec3 \u0111\u01b0\u1ee3c t\u01b0 v\u1ea5n v\u00e0 b\u00e1o gi\u00e1 chi ti\u1ebft <strong>Excelsa Clean<\/strong> nh\u00e9!<\/p>\n<p><iframe title=\"Gi\u1edbi thi\u1ec7u v\u1ec1 VCU | Introduction to VCU | VCU JSC\" width=\"800\" height=\"600\" src=\"https:\/\/www.youtube.com\/embed\/cKhKf4tUysA?start=13&#038;feature=oembed\" frameborder=\"0\" allow=\"accelerometer; autoplay; clipboard-write; encrypted-media; gyroscope; picture-in-picture; web-share\" referrerpolicy=\"strict-origin-when-cross-origin\" allowfullscreen><\/iframe><\/p>\n<h3><strong>Th\u00f4ng tin li\u00ean h\u1ec7<\/strong><\/h3>\n<p><strong>C\u00f4ng ty C\u1ed5 ph\u1ea7n VCU (VCU JSC)<\/strong><br \/>\n<strong>\u0110\u1ecba ch\u1ec9:<\/strong><br \/>\n\u2013\u00a0<strong>C\u01a1 s\u1edf rang:<\/strong>\u00a0T\u1ed5 d\u00e2n Ph\u1ed1 6,  th\u1ecb tr\u1ea5n Ch\u01b0 Pr\u00f4ng, huy\u1ec7n Ch\u01b0 Pr\u00f4ng, t\u1ec9nh Gia Lai<br \/>\n\u2013\u00a0<strong>C\u01a1 s\u1edf c\u00e0 ph\u00ea nh\u00e2n xanh:<\/strong>\u00a0X\u00e3 Ia Der, Huy\u1ec7n Ia Grai, T\u1ec9nh Gia Lai<\/p>\n<p><span class=\"elementor-icon-list-text\">\u2013\u00a0<strong>Hotline:\u00a0<\/strong><\/span>+84 941 203 879<\/p>\n<p>\u2013\u00a0<strong>Fanpage:\u00a0<a href=\"https:\/\/www.facebook.com\/vcuvietnamcoffeeunited\" target=\"_blank\" rel=\"noopener noreferrer nofollow\">VCU \u2013 Vietnam Coffee United<\/a><\/strong><\/p>\n<p><span class=\"elementor-icon-list-text\">\u2013\u00a0<strong>Email:<\/strong>\u00a0info@vietnamcoffeeunited.com<\/span><\/p>\n<\/div>\n<\/div>\n<\/div>\n<\/div>","protected":false},"excerpt":{"rendered":"<ul>\n<li><strong>Ph\u01b0\u01a1ng ph\u00e1p s\u01a1 ch\u1ebf:<\/strong>\u00a0Unwashed\/Dry\/Natural<\/li>\n<li><strong>Ph\u00e2n lo\u1ea1i:<\/strong>\u00a0Th\u01b0\u01a1ng m\u1ea1i<\/li>\n<li><strong>Size:<\/strong>\u00a0S13\/S16\/S18<\/li>\n<li><strong>Th\u1eddi gian s\u1eed d\u1ee5ng t\u1ed1t nh\u1ea5t<\/strong>: 24 th\u00e1ng<\/li>\n<li><strong>Xu\u1ea5t x\u1ee9:<\/strong> Vi\u1ec7t Nam<\/li>\n<li><strong>\u0110\u00f3ng g\u00f3i:<\/strong>: 30kg\/bag, 60kg\/bag, jute bag or PP bag, or as customers requirement<\/li>\n<li><strong>\u0110\u1eb7t h\u00e0ng t\u1ed1i thi\u1ec3u<\/strong>: 5 t\u1ea5n ho\u1eb7c th\u01b0\u01a1ng l\u01b0\u1ee3ng<\/li>\n<li><strong>N\u0103ng l\u1ef1c s\u1ea3n xu\u1ea5t<\/strong>: 100 t\u1ea5n\/th\u00e1ng<\/li>\n<li><strong>Th\u1eddi gian giao h\u00e0ng<\/strong>: Trong v\u00f2ng 2-3 ng\u00e0y sau khi nh\u1eadn \u0111\u01b0\u1ee3c L\/C ho\u1eb7c ti\u1ec1n \u0111\u1eb7t c\u1ecdc t\u1eeb ng\u01b0\u1eddi mua<\/li>\n<li><strong>Ch\u00ednh s\u00e1ch thanh to\u00e1n:<\/strong>: T\/T, L\/C at sight<\/li>\n<li><strong>Ch\u1ee9ng t\u1eeb v\u1eadn chuy\u1ec3n<\/strong>: Inv, PL, BoL, CO, Phyto, Fumi.<\/li>\n<li><strong>C\u1ea3ng h\u00e0ng<\/strong>: C\u1ea3ng C\u00e1t L\u00e1i, TP. HCM<\/li>\n<\/ul>","protected":false},"featured_media":6204,"comment_status":"open","ping_status":"closed","template":"","meta":[],"product_cat":[143],"product_tag":[257,259,260,221,211],"_links":{"self":[{"href":"https:\/\/vietnamcoffeeunited.com\/vi\/wp-json\/wp\/v2\/product\/5238"}],"collection":[{"href":"https:\/\/vietnamcoffeeunited.com\/vi\/wp-json\/wp\/v2\/product"}],"about":[{"href":"https:\/\/vietnamcoffeeunited.com\/vi\/wp-json\/wp\/v2\/types\/product"}],"replies":[{"embeddable":true,"href":"https:\/\/vietnamcoffeeunited.com\/vi\/wp-json\/wp\/v2\/comments?post=5238"}],"wp:featuredmedia":[{"embeddable":true,"href":"https:\/\/vietnamcoffeeunited.com\/vi\/wp-json\/wp\/v2\/media\/6204"}],"wp:attachment":[{"href":"https:\/\/vietnamcoffeeunited.com\/vi\/wp-json\/wp\/v2\/media?parent=5238"}],"wp:term":[{"taxonomy":"product_cat","embeddable":true,"href":"https:\/\/vietnamcoffeeunited.com\/vi\/wp-json\/wp\/v2\/product_cat?post=5238"},{"taxonomy":"product_tag","embeddable":true,"href":"https:\/\/vietnamcoffeeunited.com\/vi\/wp-json\/wp\/v2\/product_tag?post=5238"}],"curies":[{"name":"wp","href":"https:\/\/api.w.org\/{rel}","templated":true}]}}