{"id":5214,"date":"2024-08-01T16:49:33","date_gmt":"2024-08-01T09:49:33","guid":{"rendered":"https:\/\/vietnamcoffeeunited.com\/?post_type=product&#038;p=5214"},"modified":"2025-08-20T15:52:46","modified_gmt":"2025-08-20T08:52:46","slug":"roasted-fine-robusta","status":"publish","type":"product","link":"https:\/\/vietnamcoffeeunited.com\/vi\/san-pham\/roasted-fine-robusta\/","title":{"rendered":"Fine Robusta h\u1ea1t rang"},"content":{"rendered":"<h2 style=\"text-align: center;\"><strong>Fine Robusta h\u1ea1t rang<\/strong><\/h2>\n<div class=\"flex flex-grow flex-col max-w-full\">\n<div class=\"min-h-[20px] text-message flex w-full flex-col items-end gap-2 whitespace-pre-wrap break-words [.text-message+&amp;]:mt-5 overflow-x-auto\" dir=\"auto\" data-message-author-role=\"assistant\" data-message-id=\"fd2fb3d9-81f7-4774-af44-2f50351130df\">\n<div class=\"flex w-full flex-col gap-1 empty:hidden first:pt-[3px]\">\n<div class=\"markdown prose w-full break-words dark:prose-invert light\">\n<h3><strong>Gi\u1edbi thi\u1ec7u Fine Robusta<\/strong><\/h3>\n<p>Trong th\u1ebf gi\u1edbi c\u00e0 ph\u00ea, c\u00e0 ph\u00ea th\u01b0\u1ee3ng h\u1ea1ng c\u00f3 2 danh x\u01b0ng c\u01a1 b\u1ea3n: Specialty Coffee (d\u00e0nh cho Arabica) v\u00e0 Fine Robusta (d\u00e0nh cho c\u00e0 ph\u00ea Robusta).<\/p>\n<p>Kh\u00e1i ni\u1ec7m Fine Robusta \u0111\u01b0\u1ee3c d\u00e0nh \u0111\u1ec3 ch\u1ec9 nh\u1eefng lo\u1ea1i c\u00e0 ph\u00ea Robusta \u0111\u1ea1t thang \u0111i\u1ec3m t\u1eeb 80 \u0111\u1ebfn 100 theo ti\u00eau chu\u1ea9n v\u00e0 quy tr\u00ecnh \u0111\u00e1nh gi\u00e1 c\u00e0 nh\u00e2n xanh v\u00e0 h\u1ea1t rang qua cupping c\u1ee7a Hi\u1ec7p h\u1ed9i c\u00e0 ph\u00ea \u0111\u1eb7c s\u1ea3n th\u1ebf gi\u1edbi (SCA), Vi\u1ec7n ch\u1ea5t l\u01b0\u1ee3ng c\u00e0 ph\u00ea th\u1ebf gi\u1edbi (CQI). \u0110\u1ec3 \u0111\u1ea1t \u1edf ng\u01b0\u1ee1ng \u0111i\u1ec3m ch\u1ea5t l\u01b0\u1ee3ng, c\u00e0 ph\u00ea c\u1ea7n \u0111\u1ea3m b\u1ea3o v\u1ec1 ph\u01b0\u01a1ng th\u1ee9c canh t\u00e1c, thu h\u00e1i, s\u01a1 ch\u1ebf v\u00e0 b\u1ea3o qu\u1ea3n.<\/p>\n<p>C\u00e0 ph\u00ea h\u1ea1t rang Fine Robusta t\u1ea1i VCU \u0111\u01b0\u1ee3c tuy\u1ec3n ch\u1ecdn t\u1eeb nh\u1eefng h\u1ea1t c\u00e0 ph\u00ea ch\u1ea5t l\u01b0\u1ee3ng cao nh\u1ea5t, s\u1ea3n xu\u1ea5t theo quy tr\u00ecnh kh\u00e9p k\u00edn, \u0111\u1ea3m b\u1ea3o m\u1ed7i h\u1ea1t c\u00e0 ph\u00ea l\u00e0 m\u1ed9t y\u1ebfu t\u1ed1 t\u1ea1o n\u00ean ly c\u00e0 ph\u00ea \u0111\u1eb7c s\u1ea3n th\u01a1m ngon, \u0111\u1eadm \u0111\u00e0.<\/p>\n<figure id=\"attachment_5693\" aria-describedby=\"caption-attachment-5693\" style=\"width: 1080px\" class=\"wp-caption alignnone\"><img decoding=\"async\" class=\"size-full wp-image-5693\" src=\"https:\/\/vietnamcoffeeunited.com\/wp-content\/uploads\/2024\/09\/Roasted-Fine-Robusta-5.jpg\" alt=\"Roasted Fine Robusta Vietnam\" width=\"1080\" height=\"1080\" srcset=\"https:\/\/vietnamcoffeeunited.com\/wp-content\/uploads\/2024\/09\/Roasted-Fine-Robusta-5.jpg 1080w, https:\/\/vietnamcoffeeunited.com\/wp-content\/uploads\/2024\/09\/Roasted-Fine-Robusta-5-300x300.jpg 300w, https:\/\/vietnamcoffeeunited.com\/wp-content\/uploads\/2024\/09\/Roasted-Fine-Robusta-5-1024x1024.jpg 1024w, https:\/\/vietnamcoffeeunited.com\/wp-content\/uploads\/2024\/09\/Roasted-Fine-Robusta-5-150x150.jpg 150w, https:\/\/vietnamcoffeeunited.com\/wp-content\/uploads\/2024\/09\/Roasted-Fine-Robusta-5-768x768.jpg 768w, https:\/\/vietnamcoffeeunited.com\/wp-content\/uploads\/2024\/09\/Roasted-Fine-Robusta-5-12x12.jpg 12w, https:\/\/vietnamcoffeeunited.com\/wp-content\/uploads\/2024\/09\/Roasted-Fine-Robusta-5-600x600.jpg 600w, https:\/\/vietnamcoffeeunited.com\/wp-content\/uploads\/2024\/09\/Roasted-Fine-Robusta-5-100x100.jpg 100w\" sizes=\"(max-width: 1080px) 100vw, 1080px\" \/><figcaption id=\"caption-attachment-5693\" class=\"wp-caption-text\">Roasted Fine Robusta Vietnam<\/figcaption><\/figure>\n<h3><strong>Th\u00f4ng tin s\u1ea3n ph\u1ea9m<\/strong><\/h3>\n<ul>\n<li>Ph\u00e2n lo\u1ea1i: C\u00e0 ph\u00ea h\u1ea1t rang<\/li>\n<li>\u0110i\u1ec3m: 81.25\/100 (SCA)<\/li>\n<li>Ph\u01b0\u01a1ng ph\u00e1p s\u01a1 ch\u1ebf: Fermentation Natural<\/li>\n<li>H\u01b0\u01a1ng v\u1ecb: Chocolate, \u0111\u01b0\u1eddng n\u00e2u, tr\u00e1i c\u00e2y s\u1ea5y kh\u00f4, h\u1ea1t rang, s\u1ea1ch, c\u00e2n b\u1eb1ng, h\u1eadu v\u1ecb ng\u1ecdt<\/li>\n<li>\u0110\u00f3ng g\u00f3i: bao \u0111ay<\/li>\n<li>C\u1ea3ng xu\u1ea5t h\u00e0ng: C\u1ea3ng C\u00e1t L\u00e1i, TP. HCM<\/li>\n<li>Xu\u1ea5t x\u1ee9: Vi\u1ec7t Nam<\/li>\n<\/ul>\n<h3><strong>\u0110i\u1ec3m Fine Robusta \u0111\u01b0\u1ee3c ch\u1ea5m nh\u01b0 th\u1ebf n\u00e0o?<\/strong><\/h3>\n<h4><strong>\u0110\u00e1nh gi\u00e1 c\u00e0 ph\u00ea nh\u00e2n xanh<\/strong><\/h4>\n<p>\u0110\u1ea3m b\u1ea3o ch\u1ea5t l\u01b0\u1ee3ng h\u1ea1t \u0111\u1ed3ng \u0111\u1ec1u, kh\u00f4ng x\u1ea3y ra l\u1ed7i \u1ea3nh h\u01b0\u1edfng \u0111\u1ebfn h\u01b0\u01a1ng v\u1ecb c\u00e0 ph\u00ea. \u0110\u1ec3 x\u00e1c \u0111\u1ecbnh ch\u1ea5t l\u01b0\u1ee3ng, ti\u00eau ch\u00ed n\u00e0y \u0111\u00e1nh gi\u00e1 2 nh\u00f3m l\u1ed7i:<\/p>\n<ul>\n<li>Primary defect (l\u1ed7i ch\u00ednh): \u0111\u00e2y l\u00e0 l\u1ed7i n\u1eb7ng ph\u1ed5 bi\u1ebfn trong c\u00e0 ph\u00ea nh\u00e2n xanh Robusta. C\u1ee5 th\u1ec3: Full black (c\u00e0 \u0111en ho\u00e0n to\u00e0n), Foreign matter (c\u00f3 v\u1eadt th\u1ec3 l\u1ea1 trong sample c\u00e0 ph\u00ea), Fungus or Mold (c\u00e0 ph\u00ea b\u1ecb m\u1ed1c ho\u1eb7c n\u1ea5m), Severe insect damage (h\u1ea1t b\u1ecb s\u00e2u h\u1ea1i).<\/li>\n<li>Secondary defect (l\u1ed7i th\u1ee9): l\u00e0 l\u1ed7i nh\u1ecf c\u00f2n l\u1ea1i ho\u1eb7c l\u1ed7i m\u1ed9t ph\u1ea7n h\u1ea1t nh\u01b0 Broken, Partial black, Partial insect damage.<\/li>\n<li>M\u1ed9t kh\u00e1i ni\u1ec7m kh\u00e1c \u0111\u00e1nh gi\u00e1 l\u1ed7i c\u00e0 ph\u00ea nh\u00e2n xanh l\u00e0 Full defect, ch\u1ec9 nh\u1eefng h\u1ea1t c\u00e0 ph\u00ea m\u1eafc ph\u1ea3i 1 \u2013 5 l\u1ed7i Primary defects ho\u1eb7c 3-10 Secondary defects.<\/li>\n<\/ul>\n<blockquote><p><strong>\u0110\u1ecdc th\u00eam: <a href=\"https:\/\/vietnamcoffeeunited.com\/vi\/san-pham\/fine-robusta-vietnam\/\">Fine Robusta Green beans<\/a><\/strong><\/p><\/blockquote>\n<h4><strong>\u0110\u00e1nh gi\u00e1 \u0111i\u1ec3m c\u00e0 ph\u00ea h\u1ea1t rang Fine Robusta (cupping)<\/strong><\/h4>\n<ul>\n<li>Aftertaste (h\u1eadu v\u1ecb): Brackish hay Savory, trong \u0111\u00f3 h\u1eadu v\u1ecb Savory s\u1ebd \u0111\u01b0\u1ee3c \u0111\u00e1nh gi\u00e1 cao h\u01a1n.<\/li>\n<li>Body: Robusta lu\u00f4n \u0111\u01b0\u1ee3c \u0111\u00e1nh gi\u00e1 cao v\u1ec1 body d\u00e0y n\u00ean trong form kh\u00f4ng c\u00f3 \u0111i\u1ec3m cho body.<\/li>\n<li>Salt\/Acid Ratio (t\u1ef7 l\u1ec7 m\u1eb7n\/chua v\u1edbi thang \u0111i\u1ec3m t\u1eeb 1-6): CQI cho r\u1eb1ng, Robusta c\u00f3 nhi\u1ec1u potassium t\u1ea1o n\u00ean \u0111\u1ed9 m\u1eb7n nh\u1ea5t \u0111\u1ecbnh, v\u00ec v\u1eady \u0111\u00e2y l\u00e0 ti\u00eau ch\u00ed ph\u1ea3n \u1ea3nh th\u1ef1c t\u1ebf. Fine Ro th\u01b0\u1eddng c\u00f3 \u0111\u1ed9 chua cao h\u01a1n \u0111\u1ed9 m\u1eb7n. \u0110\u1ed9 m\u1eb7n c\u1ea3m nh\u1eadn c\u00e0ng th\u1ea5p, \u0111i\u1ec3m Salt c\u00e0ng cao. T\u1ed5ng \u0111i\u1ec3m cho Salt\/Acid Ratio l\u00e0 10.<\/li>\n<li>Bitter\/Sweet Ratio (T\u1ef7 l\u1ec7 \u0111\u1eafng\/ng\u1ecdt): thang \u0111i\u1ec3m t\u1eeb 1 - 6. Trong \u0111\u00f3, t\u1ed5ng \u0111i\u1ec3m kh\u00f4ng qu\u00e1 10, v\u1ecb \u0111\u1eafng c\u00e0ng \u00edt th\u00ec thang \u0111i\u1ec3m c\u00e0ng cao.<\/li>\n<li>Mouthfeel (c\u1ea3m nh\u1eadn v\u00f2m mi\u1ec7ng): \u0111\u01b0\u1ee3c \u0111\u00e1nh gi\u00e1 d\u1ef1a tr\u00ean c\u1ea3m nh\u1eadn m\u1ee9c \u0111\u1ed9 Rough (c\u1ea3m gi\u00e1c th\u00f4 r\u00e1p kh\u00f3 ch\u1ecbu) v\u00e0 Smooth (m\u01b0\u1ee3t m\u00e0).<\/li>\n<li>Uniform cups v\u00e0 Clean cups: 10 \u0111i\u1ec3m n\u1ebfu 5 ch\u00e9n cupping \u0111\u1ec1u c\u00f3 m\u00f9i v\u1ecb gi\u1ed1ng nhau.<\/li>\n<\/ul>\n<h4><strong>K\u1ebft qu\u1ea3 cupping:<\/strong><\/h4>\n<ul>\n<li>T\u1eeb 70 \u2013 80 \u0111i\u1ec3m: Premium Robusta.<\/li>\n<li>T\u1eeb 80 \u2013 90 \u0111i\u1ec3m: Fine Robusta.<\/li>\n<li>T\u1eeb 90 \u0111i\u1ec3m tr\u1edf l\u00ean: Very Fine Robusta.<\/li>\n<\/ul>\n<p><strong>Fine Robusta h\u1ea1t rang<\/strong> kh\u00f4ng ch\u1ec9 l\u00e0 c\u00e2u chuy\u1ec7n v\u1ec1 h\u01b0\u01a1ng v\u1ecb, m\u00e0 c\u00f2n l\u00e0 h\u00e0nh tr\u00ecnh ph\u00e1t tri\u1ec3n t\u1eeb \u0111i\u1ec1u ki\u1ec7n t\u1ef1 nhi\u00ean, th\u1ed5 nh\u01b0\u1ee1ng, ph\u01b0\u01a1ng th\u1ee9c canh t\u00e1c, qu\u00e1 tr\u00ecnh thu h\u00e1i, s\u01a1 ch\u1ebf kh\u1eaft khe, b\u1ea3o qu\u1ea3n v\u00e0 rang c\u00e0 ph\u00ea<\/p>\n<figure id=\"attachment_5694\" aria-describedby=\"caption-attachment-5694\" style=\"width: 1080px\" class=\"wp-caption alignnone\"><img decoding=\"async\" class=\"size-full wp-image-5694\" src=\"https:\/\/vietnamcoffeeunited.com\/wp-content\/uploads\/2024\/09\/Roasted-Fine-Robusta-4.jpg\" alt=\"Roasted Fine Robusta VCU\" width=\"1080\" height=\"1080\" srcset=\"https:\/\/vietnamcoffeeunited.com\/wp-content\/uploads\/2024\/09\/Roasted-Fine-Robusta-4.jpg 1080w, https:\/\/vietnamcoffeeunited.com\/wp-content\/uploads\/2024\/09\/Roasted-Fine-Robusta-4-300x300.jpg 300w, https:\/\/vietnamcoffeeunited.com\/wp-content\/uploads\/2024\/09\/Roasted-Fine-Robusta-4-1024x1024.jpg 1024w, https:\/\/vietnamcoffeeunited.com\/wp-content\/uploads\/2024\/09\/Roasted-Fine-Robusta-4-150x150.jpg 150w, https:\/\/vietnamcoffeeunited.com\/wp-content\/uploads\/2024\/09\/Roasted-Fine-Robusta-4-768x768.jpg 768w, https:\/\/vietnamcoffeeunited.com\/wp-content\/uploads\/2024\/09\/Roasted-Fine-Robusta-4-12x12.jpg 12w, https:\/\/vietnamcoffeeunited.com\/wp-content\/uploads\/2024\/09\/Roasted-Fine-Robusta-4-600x600.jpg 600w, https:\/\/vietnamcoffeeunited.com\/wp-content\/uploads\/2024\/09\/Roasted-Fine-Robusta-4-100x100.jpg 100w\" sizes=\"(max-width: 1080px) 100vw, 1080px\" \/><figcaption id=\"caption-attachment-5694\" class=\"wp-caption-text\">Roasted Fine Robusta VCU<\/figcaption><\/figure>\n<h3><strong>T\u1ea1i sao ch\u1ecdn c\u00e0 ph\u00ea Roasted Fine Robusta Vi\u1ec7t Nam c\u1ee7a VCU JSC?<\/strong><\/h3>\n<p>T\u1eeb cu\u1ed1i n\u0103m 2022, VCU t\u1eebng b\u01b0\u1edbc \u0111em c\u00e0 ph\u00ea Vi\u1ec7t Nam ra kh\u1eafp th\u1ebf gi\u1edbi, t\u1edbi c\u00e1c th\u1ecb tr\u01b0\u1eddng kh\u00f3 t\u00ednh nh\u01b0 Nh\u1eadt B\u1ea3n, Australia, Saudi Arabia... Ban \u0111\u1ea7u, ch\u1ec9 l\u00e0 nh\u1eefng d\u00f2ng s\u1ea3n ph\u1ea9m Robusta, Arabica Clean. Nh\u01b0ng khi nh\u1eadn th\u1ea5y l\u00e0n s\u00f3ng c\u00e0 ph\u00ea \u0111\u1eb7c s\u1ea3n (Fine) ng\u00e0y c\u00e0ng \u0111\u01b0\u1ee3c th\u1ebf gi\u1edbi \u01b0a chu\u1ed9ng, C\u00f4ng ty c\u1ed5 ph\u1ea7n VCU \u0111\u00e3 chuy\u1ec3n m\u00ecnh \u0111\u1ec3 b\u1eaft k\u1ecbp v\u1edbi th\u1eddi \u0111\u1ea1i c\u00e0 ph\u00ea m\u1edbi.<\/p>\n<p>V\u1edbi kinh nghi\u1ec7m v\u1ed1n c\u00f3, c\u01a1 s\u1edf v\u1eadt ch\u1ea5t hi\u1ec7n \u0111\u1ea1i, x\u01b0\u1edfng rang \u0111\u1ea1t chu\u1ea9n ISO, FDA c\u00f9ng \u0111\u1ed9i ng\u0169 t\u1eadn t\u00e2m, c\u00f4ng ty VCU \u0111\u00e3 mang d\u00f2ng Fine Robusta \u0111\u1ea1t h\u01a1n 80 \u0111i\u1ec3m c\u1ee7a SCA v\u00e0 CQI.<\/p>\n<p>T\u1ea1i VCU, ch\u00fang t\u00f4i c\u00f3 2 m\u00e1y rang c\u00f4ng nghi\u1ec7p, c\u00f4ng su\u1ea5t 60kg\/m\u1ebb, \u0111\u1ed9i ng\u0169 R&amp;D gi\u00e0u kinh nghi\u1ec7m, k\u1ef9 thu\u1eadt rang xay \u0111\u01b0\u1ee3c n\u00e2ng c\u1ea5p li\u00ean t\u1ee5c \u0111\u1ec3 cho ra c\u00e0 ph\u00ea \u0111\u1eb7c s\u1ea3n ch\u1ea5t l\u01b0\u1ee3ng cao nh\u1ea5t.<\/p>\n<p><strong>Fine Robusta h\u1ea1t rang<\/strong> l\u00e0 m\u1ed9t trong nh\u1eefng ni\u1ec1m t\u1ef1 h\u00e0o c\u1ee7a VCU cho \u0111\u1ebfn th\u1eddi \u0111i\u1ec3m hi\u1ec7n t\u1ea1i. Ch\u00fang t\u00f4i tin r\u1eb1ng v\u1edbi nh\u1eefng n\u1ed7 l\u1ef1c \u1edf m\u1ee9c cao nh\u1ea5t c\u00f9ng m\u1ed9t tinh th\u1ea7n h\u1ecdc h\u1ecfi kh\u00f4ng ng\u1eebng, Fine Robusta Vietnam \u2013 VCU s\u1ebd ng\u00e0y c\u00e0ng \u0111\u01b0\u1ee3c bi\u1ebft \u0111\u1ebfn nhi\u1ec1u h\u01a1n v\u00e0 xu\u1ea5t hi\u1ec7n \u1edf nhi\u1ec1u qu\u1ed1c gia h\u01a1n n\u1eefa, g\u00f3p ph\u1ea7n n\u00e2ng cao danh ti\u1ebfng c\u00e0 ph\u00ea Vi\u1ec7t Nam tr\u00ean tr\u01b0\u1eddng n\u00f4ng s\u1ea3n qu\u1ed1c t\u1ebf!<\/p>\n<figure id=\"attachment_5695\" aria-describedby=\"caption-attachment-5695\" style=\"width: 1080px\" class=\"wp-caption alignnone\"><img decoding=\"async\" class=\"size-full wp-image-5695\" src=\"https:\/\/vietnamcoffeeunited.com\/wp-content\/uploads\/2024\/09\/Fine-Robusta-4.jpg\" alt=\"VCU's Fine Robusta coffee is exported to Japan\" width=\"1080\" height=\"1080\" srcset=\"https:\/\/vietnamcoffeeunited.com\/wp-content\/uploads\/2024\/09\/Fine-Robusta-4.jpg 1080w, https:\/\/vietnamcoffeeunited.com\/wp-content\/uploads\/2024\/09\/Fine-Robusta-4-300x300.jpg 300w, https:\/\/vietnamcoffeeunited.com\/wp-content\/uploads\/2024\/09\/Fine-Robusta-4-1024x1024.jpg 1024w, https:\/\/vietnamcoffeeunited.com\/wp-content\/uploads\/2024\/09\/Fine-Robusta-4-150x150.jpg 150w, https:\/\/vietnamcoffeeunited.com\/wp-content\/uploads\/2024\/09\/Fine-Robusta-4-768x768.jpg 768w, https:\/\/vietnamcoffeeunited.com\/wp-content\/uploads\/2024\/09\/Fine-Robusta-4-12x12.jpg 12w, https:\/\/vietnamcoffeeunited.com\/wp-content\/uploads\/2024\/09\/Fine-Robusta-4-600x600.jpg 600w, https:\/\/vietnamcoffeeunited.com\/wp-content\/uploads\/2024\/09\/Fine-Robusta-4-100x100.jpg 100w\" sizes=\"(max-width: 1080px) 100vw, 1080px\" \/><figcaption id=\"caption-attachment-5695\" class=\"wp-caption-text\">VCU&#8217;s Fine Robusta coffee is exported to Japan<\/figcaption><\/figure>\n<p>T\u1ecda l\u1ea1c t\u1ea1i v\u00f9ng nguy\u00ean li\u1ec7u Gia Lai, <a href=\"https:\/\/vietnamcoffeeunited.com\/vi\/\">VCU<\/a> c\u00f3 s\u1eb5n v\u00e0 \u0111\u1ee7 m\u00e3 h\u00e0ng c\u00e0 ph\u00ea Robusta, Arabica, Excelsa v\u1edbi ch\u1ea5t l\u01b0\u1ee3ng t\u1ed1t.<\/p>\n<p>N\u1ebfu b\u1ea1n \u0111ang quan t\u00e2m <strong>Fine Robusta h\u1ea1t rang<\/strong> Vietnam h\u00e3y li\u00ean h\u1ec7 ngay v\u1edbi VCU \u0111\u1ec3 \u0111\u01b0\u1ee3c t\u01b0 v\u1ea5n v\u00e0 b\u00e1o gi\u00e1 nh\u00e9!<\/p>\n<h3><strong>Th\u00f4ng tin li\u00ean h\u1ec7<\/strong><\/h3>\n<p><strong>C\u00f4ng ty C\u1ed5 ph\u1ea7n VCU (VCU JSC)<\/strong><br \/>\n<strong>\u0110\u1ecba ch\u1ec9:<\/strong><br \/>\n\u2013\u00a0<strong>C\u01a1 s\u1edf rang:<\/strong>\u00a0T\u1ed5 d\u00e2n Ph\u1ed1 6,  th\u1ecb tr\u1ea5n Ch\u01b0 Pr\u00f4ng, huy\u1ec7n Ch\u01b0 Pr\u00f4ng, t\u1ec9nh Gia Lai<br \/>\n\u2013\u00a0<strong>C\u01a1 s\u1edf c\u00e0 ph\u00ea nh\u00e2n xanh:<\/strong>\u00a0X\u00e3 Ia Der, Huy\u1ec7n Ia Grai, T\u1ec9nh Gia Lai<\/p>\n<p><span class=\"elementor-icon-list-text\">\u2013\u00a0<strong>Hotline:\u00a0<\/strong><\/span>+84 941 203 879<\/p>\n<p>\u2013\u00a0<strong>Fanpage:\u00a0<a href=\"https:\/\/www.facebook.com\/vcuvietnamcoffeeunited\" target=\"_blank\" rel=\"noopener noreferrer nofollow\">VCU \u2013 Vietnam Coffee United<\/a><\/strong><\/p>\n<p><span class=\"elementor-icon-list-text\">\u2013\u00a0<strong>Email:<\/strong>\u00a0info@vietnamcoffeeunited.com<\/span><\/p>\n<div class=\"group\/conversation-turn relative flex w-full min-w-0 flex-col agent-turn\">\n<div class=\"flex-col gap-1 md:gap-3\">\n<div class=\"flex flex-grow flex-col max-w-full\">\n<div class=\"min-h-[20px] text-message flex w-full flex-col items-end gap-2 whitespace-pre-wrap break-words [.text-message+&amp;]:mt-5 overflow-x-auto\" dir=\"auto\" data-message-author-role=\"assistant\" data-message-id=\"ce4afa74-2719-4264-a4de-7383b6ed300f\">\n<div class=\"flex w-full flex-col gap-1 empty:hidden first:pt-[3px]\">\n<div class=\"result-streaming markdown prose w-full break-words dark:prose-invert light\">\n<h3><strong>Introduction Video for VCU JSC<\/strong><\/h3>\n<p><iframe title=\"Gi\u1edbi thi\u1ec7u v\u1ec1 VCU | Introduction to VCU | VCU JSC\" width=\"800\" height=\"600\" src=\"https:\/\/www.youtube.com\/embed\/cKhKf4tUysA?feature=oembed\" frameborder=\"0\" allow=\"accelerometer; autoplay; clipboard-write; encrypted-media; gyroscope; picture-in-picture; web-share\" referrerpolicy=\"strict-origin-when-cross-origin\" allowfullscreen><\/iframe><\/p>\n<\/div>\n<\/div>\n<\/div>\n<\/div>\n<\/div>\n<\/div>\n<\/div>\n<\/div>\n<\/div>\n<\/div>","protected":false},"excerpt":{"rendered":"<ul>\n<li><strong>\u0110i\u1ec3m<\/strong>: &gt;80 (SCA)<\/li>\n<li><strong>Ph\u01b0\u01a1ng ph\u00e1p ch\u1ebf bi\u1ebfn<\/strong>: Fermentation Natural<\/li>\n<li><strong>M\u1ee9c rang<\/strong>: Light\/ Medium\/ Dark<\/li>\n<li><strong>Sizes<\/strong>: S14\/S16\/S18<\/li>\n<li><strong>Th\u1eddi gian s\u1eed d\u1ee5ng t\u1ed1t nh\u1ea5t<\/strong>: 12 th\u00e1ng<\/li>\n<li><b>Xu\u1ea5t x\u1ee9:<\/b> Vi\u1ec7t Nam<\/li>\n<li><strong>\u0110\u00f3ng g\u00f3i:<\/strong>: 30kg\/bag (jute bag or PP bag), \u00a0500g\/bag * 32 bags\/carton, 1kg\/bag * 18 bags\/carton, 5kg\/bag * 3 bags\/carton<\/li>\n<li><strong>\u0110\u1eb7t h\u00e0ng t\u1ed1i thi\u1ec3u<\/strong>: 1 t\u1ea5n ho\u1eb7c th\u01b0\u01a1ng l\u01b0\u1ee3ng<\/li>\n<li><strong>N\u0103ng l\u1ef1c s\u1ea3n xu\u1ea5t<\/strong>: 100 t\u1ea5n\/th\u00e1ng<\/li>\n<li><strong>Th\u1eddi gian giao h\u00e0ng<\/strong>: Trong v\u00f2ng 2-4 ng\u00e0y sau khi nh\u1eadn \u0111\u01b0\u1ee3c L\/C ho\u1eb7c ti\u1ec1n \u0111\u1eb7t c\u1ecdc c\u1ee7a kh\u00e1ch h\u00e0ng<\/li>\n<li><strong>Ch\u00ednh s\u00e1ch thanh to\u00e1n:<\/strong>: T\/T, L\/C at sight<\/li>\n<li><strong>Ch\u1ee9ng t\u1eeb v\u1eadn chuy\u1ec3n<\/strong>: Inv, PL, BoL, CO, Phyto, Fumi.<\/li>\n<li><strong>C\u1ea3ng h\u00e0ng<\/strong>: C\u1ea3ng C\u00e1t L\u00e1i, TP. HCM<\/li>\n<\/ul>","protected":false},"featured_media":6456,"comment_status":"open","ping_status":"closed","template":"","meta":[],"product_cat":[148],"product_tag":[230,228,219,225,229,226,220,224,212,213,297],"_links":{"self":[{"href":"https:\/\/vietnamcoffeeunited.com\/vi\/wp-json\/wp\/v2\/product\/5214"}],"collection":[{"href":"https:\/\/vietnamcoffeeunited.com\/vi\/wp-json\/wp\/v2\/product"}],"about":[{"href":"https:\/\/vietnamcoffeeunited.com\/vi\/wp-json\/wp\/v2\/types\/product"}],"replies":[{"embeddable":true,"href":"https:\/\/vietnamcoffeeunited.com\/vi\/wp-json\/wp\/v2\/comments?post=5214"}],"wp:featuredmedia":[{"embeddable":true,"href":"https:\/\/vietnamcoffeeunited.com\/vi\/wp-json\/wp\/v2\/media\/6456"}],"wp:attachment":[{"href":"https:\/\/vietnamcoffeeunited.com\/vi\/wp-json\/wp\/v2\/media?parent=5214"}],"wp:term":[{"taxonomy":"product_cat","embeddable":true,"href":"https:\/\/vietnamcoffeeunited.com\/vi\/wp-json\/wp\/v2\/product_cat?post=5214"},{"taxonomy":"product_tag","embeddable":true,"href":"https:\/\/vietnamcoffeeunited.com\/vi\/wp-json\/wp\/v2\/product_tag?post=5214"}],"curies":[{"name":"wp","href":"https:\/\/api.w.org\/{rel}","templated":true}]}}