{"id":5185,"date":"2024-07-31T15:58:22","date_gmt":"2024-07-31T08:58:22","guid":{"rendered":"https:\/\/vietnamcoffeeunited.com\/?post_type=product&#038;p=5185"},"modified":"2024-10-11T13:29:51","modified_gmt":"2024-10-11T06:29:51","slug":"raw-coffee","status":"publish","type":"product","link":"https:\/\/vietnamcoffeeunited.com\/vi\/san-pham\/raw-coffee\/","title":{"rendered":"C\u00e0 ph\u00ea nh\u00e2n x\u00f4"},"content":{"rendered":"<h2 style=\"text-align: center;\"><strong>C\u00e0 ph\u00ea nh\u00e2n x\u00f4<\/strong><\/h2>\n<h3><strong>Gi\u1edbi thi\u1ec7u c\u00e0 ph\u00ea nh\u00e2n x\u00f4<\/strong><\/h3>\n<p><strong>C\u00e0 ph\u00ea nh\u00e2n x\u00f4<\/strong>, c\u00f2n \u0111\u01b0\u1ee3c g\u1ecdi l\u00e0 c\u00e0 ph\u00ea x\u00f4, c\u00e0 ph\u00ea s\u1ed1ng\u2026 \u0110\u00e2y l\u00e0 lo\u1ea1i c\u00e0 ph\u00ea ch\u1ec9 tr\u1ea3i qua qu\u00e1 tr\u00ecnh t\u00e1ch v\u1ecf m\u00e0 ch\u01b0a qua b\u1ea5t k\u1ef3 c\u00f4ng \u0111o\u1ea1n ch\u1ebf bi\u1ebfn, x\u1eed l\u00fd, ph\u00e2n s\u00e0ng... hi\u1ec3u \u0111\u01a1n gi\u1ea3n l\u00e0 c\u00e0 ph\u00ea th\u00f4.<\/p>\n<figure id=\"attachment_5785\" aria-describedby=\"caption-attachment-5785\" style=\"width: 800px\" class=\"wp-caption alignnone\"><img decoding=\"async\" class=\"size-large wp-image-5785\" src=\"https:\/\/vietnamcoffeeunited.com\/wp-content\/uploads\/2024\/07\/Raw-coffee-2024-2025-1-1024x1024.jpg\" alt=\"Early 2024-2025 harvest coffee\" width=\"800\" height=\"800\" srcset=\"https:\/\/vietnamcoffeeunited.com\/wp-content\/uploads\/2024\/07\/Raw-coffee-2024-2025-1-1024x1024.jpg 1024w, https:\/\/vietnamcoffeeunited.com\/wp-content\/uploads\/2024\/07\/Raw-coffee-2024-2025-1-300x300.jpg 300w, https:\/\/vietnamcoffeeunited.com\/wp-content\/uploads\/2024\/07\/Raw-coffee-2024-2025-1-150x150.jpg 150w, https:\/\/vietnamcoffeeunited.com\/wp-content\/uploads\/2024\/07\/Raw-coffee-2024-2025-1-768x768.jpg 768w, https:\/\/vietnamcoffeeunited.com\/wp-content\/uploads\/2024\/07\/Raw-coffee-2024-2025-1-12x12.jpg 12w, https:\/\/vietnamcoffeeunited.com\/wp-content\/uploads\/2024\/07\/Raw-coffee-2024-2025-1-600x600.jpg 600w, https:\/\/vietnamcoffeeunited.com\/wp-content\/uploads\/2024\/07\/Raw-coffee-2024-2025-1-100x100.jpg 100w, https:\/\/vietnamcoffeeunited.com\/wp-content\/uploads\/2024\/07\/Raw-coffee-2024-2025-1.jpg 1200w\" sizes=\"(max-width: 800px) 100vw, 800px\" \/><figcaption id=\"caption-attachment-5785\" class=\"wp-caption-text\">Early 2024-2025 harvest coffee<\/figcaption><\/figure>\n<figure id=\"attachment_5786\" aria-describedby=\"caption-attachment-5786\" style=\"width: 800px\" class=\"wp-caption alignnone\"><img decoding=\"async\" class=\"size-large wp-image-5786\" src=\"https:\/\/vietnamcoffeeunited.com\/wp-content\/uploads\/2024\/07\/Raw-coffee-2024-2025-2-1024x1024.jpg\" alt=\"Early 2024-2025 harvest coffee\" width=\"800\" height=\"800\" srcset=\"https:\/\/vietnamcoffeeunited.com\/wp-content\/uploads\/2024\/07\/Raw-coffee-2024-2025-2-1024x1024.jpg 1024w, https:\/\/vietnamcoffeeunited.com\/wp-content\/uploads\/2024\/07\/Raw-coffee-2024-2025-2-300x300.jpg 300w, https:\/\/vietnamcoffeeunited.com\/wp-content\/uploads\/2024\/07\/Raw-coffee-2024-2025-2-150x150.jpg 150w, https:\/\/vietnamcoffeeunited.com\/wp-content\/uploads\/2024\/07\/Raw-coffee-2024-2025-2-768x768.jpg 768w, https:\/\/vietnamcoffeeunited.com\/wp-content\/uploads\/2024\/07\/Raw-coffee-2024-2025-2-12x12.jpg 12w, https:\/\/vietnamcoffeeunited.com\/wp-content\/uploads\/2024\/07\/Raw-coffee-2024-2025-2-600x600.jpg 600w, https:\/\/vietnamcoffeeunited.com\/wp-content\/uploads\/2024\/07\/Raw-coffee-2024-2025-2-100x100.jpg 100w, https:\/\/vietnamcoffeeunited.com\/wp-content\/uploads\/2024\/07\/Raw-coffee-2024-2025-2.jpg 1200w\" sizes=\"(max-width: 800px) 100vw, 800px\" \/><figcaption id=\"caption-attachment-5786\" class=\"wp-caption-text\">Early 2024-2025 harvest coffee<\/figcaption><\/figure>\n<p>\u0110\u1ec3 c\u00f3 \u0111\u01b0\u1ee3c c\u00e0 ph\u00ea x\u00f4, nh\u1eefng qu\u1ea3 c\u00e0 ph\u00ea ch\u00edn \u0111\u1ecf s\u1ebd \u0111\u01b0\u1ee3c thu ho\u1ea1ch, ph\u01a1i kh\u00f4 v\u00e0 b\u00f3c v\u1ecf. Sau \u0111\u00f3, \u0111\u1ec3 ra \u0111\u01b0\u1ee3c th\u00e0nh ph\u1ea9m c\u00e0 ph\u00ea nh\u00e2n xanh ho\u1eb7c c\u00e0 ph\u00ea h\u1ea1t rang, c\u00e0 ph\u00ea x\u00f4 s\u1ebd \u0111\u01b0\u1ee3c s\u00e0ng l\u1ecdc, rang, xay\u2026<\/p>\n<div class=\"group\/conversation-turn relative flex w-full min-w-0 flex-col agent-turn\">\n<div class=\"flex-col gap-1 md:gap-3\">\n<div class=\"flex flex-grow flex-col max-w-full\">\n<div class=\"min-h-[20px] text-message flex w-full flex-col items-end gap-2 whitespace-pre-wrap break-words [.text-message+&amp;]:mt-5 overflow-x-auto\" dir=\"auto\" data-message-author-role=\"assistant\" data-message-id=\"d1413a14-6651-494c-8d1f-948622cd44f1\">\n<div class=\"flex w-full flex-col gap-1 empty:hidden first:pt-[3px]\">\n<div class=\"markdown prose w-full break-words dark:prose-invert light\">\n<p>\u0110\u1ed9 \u1ea9m c\u1ee7a c\u00e0 ph\u00ea n\u00e0y kho\u1ea3ng 12% \u2013 13%, gi\u00fap d\u1ec5 d\u00e0ng b\u1ea3o qu\u1ea3n trong th\u1eddi gian d\u00e0i m\u00e0 kh\u00f4ng lo m\u1ea5t h\u01b0\u01a1ng v\u1ecb.<\/p>\n<figure id=\"attachment_5716\" aria-describedby=\"caption-attachment-5716\" style=\"width: 1000px\" class=\"wp-caption alignnone\"><img decoding=\"async\" class=\"size-full wp-image-5716\" src=\"https:\/\/vietnamcoffeeunited.com\/wp-content\/uploads\/2024\/09\/Raw-coffee-2.jpg\" alt=\"Raw coffee VCU\" width=\"1000\" height=\"1000\" srcset=\"https:\/\/vietnamcoffeeunited.com\/wp-content\/uploads\/2024\/09\/Raw-coffee-2.jpg 1000w, https:\/\/vietnamcoffeeunited.com\/wp-content\/uploads\/2024\/09\/Raw-coffee-2-300x300.jpg 300w, https:\/\/vietnamcoffeeunited.com\/wp-content\/uploads\/2024\/09\/Raw-coffee-2-150x150.jpg 150w, https:\/\/vietnamcoffeeunited.com\/wp-content\/uploads\/2024\/09\/Raw-coffee-2-768x768.jpg 768w, https:\/\/vietnamcoffeeunited.com\/wp-content\/uploads\/2024\/09\/Raw-coffee-2-12x12.jpg 12w, https:\/\/vietnamcoffeeunited.com\/wp-content\/uploads\/2024\/09\/Raw-coffee-2-600x600.jpg 600w, https:\/\/vietnamcoffeeunited.com\/wp-content\/uploads\/2024\/09\/Raw-coffee-2-100x100.jpg 100w\" sizes=\"(max-width: 1000px) 100vw, 1000px\" \/><figcaption id=\"caption-attachment-5716\" class=\"wp-caption-text\">Raw coffee VCU<\/figcaption><\/figure>\n<\/div>\n<\/div>\n<\/div>\n<\/div>\n<\/div>\n<\/div>\n<h3><strong>Ph\u00e2n lo\u1ea1i c\u00e0 ph\u00ea nh\u00e2n x\u00f4<\/strong><\/h3>\n<h4><strong>Ph\u00e2n lo\u1ea1i theo d\u00f2ng gi\u1ed1ng<\/strong><\/h4>\n<ul>\n<li>C\u00e0 ph\u00ea Robusta<\/li>\n<li>C\u00e0 ph\u00ea Arabica<\/li>\n<li>Culi Robusta\/Culi Arabica Coffee<\/li>\n<li>Excelsa Coffee<\/li>\n<\/ul>\n<h4><strong>Ph\u00e2n lo\u1ea1i theo k\u00edch c\u1ee1<\/strong><\/h4>\n<ul>\n<li>C\u00e0 ph\u00ea s\u00e0ng S13<\/li>\n<li>C\u00e0 ph\u00ea s\u00e0ng 14<\/li>\n<li>C\u00e0 ph\u00ea s\u00e0ng 16<\/li>\n<li>C\u00e0 ph\u00ea s\u00e0ng 18<\/li>\n<\/ul>\n<p>\u0110\u1ecdc th\u00eam:<\/p>\n<ol>\n<li><a href=\"https:\/\/vietnamcoffeeunited.com\/vi\/san-pham\/arabica-son-la-coffee-s14-s16-s18\/\">C\u00e0 ph\u00ea Arabica S\u01a1n La - S14, S16, S18<\/a><\/li>\n<li><a href=\"https:\/\/vietnamcoffeeunited.com\/vi\/san-pham\/unwashed-robusta-clean\/\">Robusta Clean ch\u1ebf bi\u1ebfn kh\u00f4<\/a><\/li>\n<\/ol>\n<h3><strong>\u0110\u1eb7c \u0111i\u1ec3m c\u1ee7a C\u00e0 ph\u00ea x\u00f4<\/strong><\/h3>\n<p><strong>C\u00e0 ph\u00ea Robusta<\/strong><br \/>\nH\u1ea1t c\u00e0 ph\u00ea Robusta c\u00f3 h\u01b0\u01a1ng th\u01a1m gi\u1ed1ng nh\u01b0 l\u1ea1c t\u01b0\u01a1i. Ch\u00fang ch\u1ee9a m\u1ed9t l\u01b0\u1ee3ng caffeine t\u01b0\u01a1ng \u0111\u1ed1i cao, mang l\u1ea1i cho Robusta v\u1ecb \u0111\u1eafng m\u1ea1nh m\u1ebd. Ngo\u00e0i ra, h\u1ea1t Culi Robusta c\u00f2n cung c\u1ea5p v\u1ecb \u0111\u1eafng m\u1ea1nh m\u1ebd h\u01a1n v\u00e0 h\u01b0\u01a1ng th\u01a1m phong ph\u00fa h\u01a1n.<\/p>\n<p><strong>C\u00e0 ph\u00ea Arabica<\/strong><br \/>\nSo v\u1edbi Robusta, h\u1ea1t c\u00e0 ph\u00ea Arabica c\u1ee9ng h\u01a1n nhi\u1ec1u v\u00e0 c\u00f3 h\u00e0m l\u01b0\u1ee3ng caffeine th\u1ea5p h\u01a1n. \u0110i\u1ec1u n\u00e0y d\u1eabn \u0111\u1ebfn v\u1ecb h\u01a1i chua v\u1edbi v\u1ecb \u0111\u1eafng nh\u1eb9 h\u01a1n v\u00e0 h\u01b0\u01a1ng th\u01a1m r\u00f5 n\u00e9t h\u01a1n. T\u01b0\u01a1ng t\u1ef1, h\u1ea1t Culi Arabica c\u00f3 h\u01b0\u01a1ng th\u01a1m m\u1ea1nh m\u1ebd h\u01a1n v\u00e0 \u0111\u1ed9 chua r\u00f5 r\u00e0ng h\u01a1n so v\u1edbi c\u00e0 ph\u00ea Arabica th\u00f4ng th\u01b0\u1eddng.<\/p>\n<figure id=\"attachment_5717\" aria-describedby=\"caption-attachment-5717\" style=\"width: 1000px\" class=\"wp-caption alignnone\"><img decoding=\"async\" class=\"size-full wp-image-5717\" src=\"https:\/\/vietnamcoffeeunited.com\/wp-content\/uploads\/2024\/09\/Raw-coffee-3.jpg\" alt=\"Raw Coffee - C\u00e0 ph\u00ea x\u00f4\" width=\"1000\" height=\"1000\" srcset=\"https:\/\/vietnamcoffeeunited.com\/wp-content\/uploads\/2024\/09\/Raw-coffee-3.jpg 1000w, https:\/\/vietnamcoffeeunited.com\/wp-content\/uploads\/2024\/09\/Raw-coffee-3-300x300.jpg 300w, https:\/\/vietnamcoffeeunited.com\/wp-content\/uploads\/2024\/09\/Raw-coffee-3-150x150.jpg 150w, https:\/\/vietnamcoffeeunited.com\/wp-content\/uploads\/2024\/09\/Raw-coffee-3-768x768.jpg 768w, https:\/\/vietnamcoffeeunited.com\/wp-content\/uploads\/2024\/09\/Raw-coffee-3-12x12.jpg 12w, https:\/\/vietnamcoffeeunited.com\/wp-content\/uploads\/2024\/09\/Raw-coffee-3-600x600.jpg 600w, https:\/\/vietnamcoffeeunited.com\/wp-content\/uploads\/2024\/09\/Raw-coffee-3-100x100.jpg 100w\" sizes=\"(max-width: 1000px) 100vw, 1000px\" \/><figcaption id=\"caption-attachment-5717\" class=\"wp-caption-text\">Raw Coffee &#8211; C\u00e0 ph\u00ea x\u00f4<\/figcaption><\/figure>\n<h3><strong>Th\u00f4ng tin s\u1ea3n ph\u1ea9m<\/strong><\/h3>\n<ul>\n<li>\u0110\u1ed9 \u1ea9m: 13%<\/li>\n<li>T\u1ea1p: 1%<\/li>\n<li>\u0110en, h\u1ea1t v\u1ee1: 5%<\/li>\n<li>H\u1ea1t tr\u00ean s\u00e0ng S16 v\u00e0 S18: 40%<\/li>\n<li>H\u00e0ng kh\u00f4ng b\u1ecb m\u1ed1c, kh\u00f4ng l\u00ean men<\/li>\n<li>Xu\u1ea5t x\u1ee9: Vi\u1ec7t Nam<\/li>\n<li>S\u1ea3n xu\u1ea5t v\u00e0 ph\u00e2n ph\u1ed1i: VCU JSC \u2013 Vietnam Coffee United<\/li>\n<\/ul>\n<h3>T\u1ea1i sao b\u1ea1n n\u00ean ch\u1ecdn h\u1ea1t c\u00e0 ph\u00ea c\u1ee7a VCU cho m\u00f9a thu ho\u1ea1ch 2024-2025?<\/h3>\n<p>N\u1eb1m \u1edf t\u1ec9nh Gia Lai, m\u1ed9t trong nh\u1eefng v\u00f9ng tr\u1ed3ng c\u00e0 ph\u00ea l\u1edbn nh\u1ea5t t\u1ea1i Vi\u1ec7t Nam, <a href=\"https:\/\/vietnamcoffeeunited.com\/vi\/\">VCU JSC<\/a> c\u00f3 m\u1ed1i li\u00ean k\u1ebft ch\u1eb7t ch\u1ebd v\u1edbi c\u00e1c v\u01b0\u1eddn v\u00e0 n\u00f4ng d\u00e2n \u0111\u1ecba ph\u01b0\u01a1ng, t\u1ea1o ra m\u1ed9t m\u1ea1ng l\u01b0\u1edbi r\u1ed9ng l\u1edbn s\u1eb5n s\u00e0ng cung c\u1ea5p ngu\u1ed3n cung \u1ed5n \u0111\u1ecbnh c\u1ea3 v\u1ec1 s\u1ed1 l\u01b0\u1ee3ng v\u00e0 ch\u1ea5t l\u01b0\u1ee3ng.<\/p>\n<p>T\u1ef1 s\u1ea3n xu\u1ea5t nh\u00e2n xanh, ki\u1ec3m so\u00e1t ch\u1ea5t l\u01b0\u1ee3ng c\u00e0 ph\u00ea \u0111\u1ea7u v\u00e0o. Nh\u00e0 m\u00e1y \u0111\u1ea7y \u0111\u1ee7 trang thi\u1ebft b\u1ecb, h\u1ec7 th\u1ed1ng hi\u1ec7n \u0111\u1ea1i \u0111\u1ec3 s\u1ea3n xu\u1ea5t c\u00e0 ph\u00ea \u0111\u1ea1t chu\u1ea9n.<\/p>\n<p>\u0110\u1ed9i ng\u0169 gi\u00e0u kinh nghi\u1ec7m, y\u00eau ngh\u1ec1, \u0111am m\u00ea c\u00e0 ph\u00ea.Gi\u00e1 th\u00e0nh c\u1ea1nh tranh. Xu\u1ea5t kh\u1ea9u ch\u00ednh ng\u1ea1ch sang 13 qu\u1ed1c gia tr\u00ean th\u1ebf gi\u1edbi nh\u01b0 M\u1ef9, Singapore, Nh\u1eadt B\u1ea3n, Philippines, \u00dac\u2026<\/p>\n<p>Li\u00ean h\u1ec7 v\u1edbi ch\u00fang t\u00f4i khi b\u1ea1n c\u00f3 nhu c\u1ea7u t\u01b0 v\u1ea5n v\u00e0 b\u00e1o gi\u00e1 <strong>raw coffee<\/strong> beans!<\/p>\n<h3><strong>Th\u00f4ng tin li\u00ean h\u1ec7<\/strong><\/h3>\n<p><strong>C\u00f4ng ty C\u1ed5 ph\u1ea7n VCU (VCU JSC)<\/strong><br \/>\n<strong>\u0110\u1ecba ch\u1ec9:<\/strong><br \/>\n\u2013\u00a0<strong>C\u01a1 s\u1edf rang:<\/strong>\u00a0T\u1ed5 d\u00e2n Ph\u1ed1 6,  th\u1ecb tr\u1ea5n Ch\u01b0 Pr\u00f4ng, huy\u1ec7n Ch\u01b0 Pr\u00f4ng, t\u1ec9nh Gia Lai<br \/>\n\u2013\u00a0<strong>C\u01a1 s\u1edf c\u00e0 ph\u00ea nh\u00e2n xanh:<\/strong>\u00a0X\u00e3 Ia Der, Huy\u1ec7n Ia Grai, T\u1ec9nh Gia Lai<\/p>\n<p><span class=\"elementor-icon-list-text\">\u2013\u00a0<strong>Hotline:\u00a0<\/strong><\/span>+84 941 203 879<\/p>\n<p>\u2013\u00a0<strong>Fanpage:\u00a0<a href=\"https:\/\/www.facebook.com\/vcuvietnamcoffeeunited\" target=\"_blank\" rel=\"noopener noreferrer nofollow\">VCU \u2013 Vietnam Coffee United<\/a><\/strong><\/p>\n<p><span class=\"elementor-icon-list-text\">\u2013\u00a0<strong>Email:<\/strong>\u00a0info@vietnamcoffeeunited.com<\/span><\/p>","protected":false},"excerpt":{"rendered":"<ul>\n<li><strong>\u0110\u1ed9 \u1ea9m:<\/strong>: 13%<\/li>\n<li><strong>T\u1ea1p<\/strong>: 1%<\/li>\n<li><strong>H\u1ea1t \u0111en v\u00e0 v\u1ee1<\/strong>: 5%<\/li>\n<li>H\u1ea1t tr\u00ean s\u00e0ng S16 v\u00e0 S18: 40%<\/li>\n<li>H\u00e0ng kh\u00f4ng b\u1ecb m\u1ed1c, kh\u00f4ng l\u00ean men<\/li>\n<li><strong>\u0110\u00f3ng g\u00f3i:<\/strong>: 30kg\/bag, 60kg\/bag, jute bag or PP bag, or as customers requirement<\/li>\n<li><strong>\u0110\u1eb7t h\u00e0ng t\u1ed1i thi\u1ec3u<\/strong>: 5 t\u1ea5n ho\u1eb7c th\u01b0\u01a1ng l\u01b0\u1ee3ng<\/li>\n<li><strong>N\u0103ng l\u1ef1c s\u1ea3n xu\u1ea5t<\/strong>: 100 t\u1ea5n\/th\u00e1ng<\/li>\n<li><strong>Th\u1eddi gian giao h\u00e0ng<\/strong>: Trong v\u00f2ng 2-3 ng\u00e0y sau khi nh\u1eadn \u0111\u01b0\u1ee3c L\/C ho\u1eb7c ti\u1ec1n \u0111\u1eb7t c\u1ecdc t\u1eeb ng\u01b0\u1eddi mua<\/li>\n<li><strong>Ch\u00ednh s\u00e1ch thanh to\u00e1n:<\/strong>: T\/T, L\/C at sight<\/li>\n<li><strong>Ch\u1ee9ng t\u1eeb v\u1eadn chuy\u1ec3n<\/strong>: Inv, PL, BoL, CO, Phyto, Fumi.<\/li>\n<li><strong>C\u1ea3ng h\u00e0ng<\/strong>: C\u1ea3ng C\u00e1t L\u00e1i, TP. HCM<\/li>\n<\/ul>","protected":false},"featured_media":5718,"comment_status":"open","ping_status":"closed","template":"","meta":[],"product_cat":[56],"product_tag":[238,235,236,217,237,221,211,213],"_links":{"self":[{"href":"https:\/\/vietnamcoffeeunited.com\/vi\/wp-json\/wp\/v2\/product\/5185"}],"collection":[{"href":"https:\/\/vietnamcoffeeunited.com\/vi\/wp-json\/wp\/v2\/product"}],"about":[{"href":"https:\/\/vietnamcoffeeunited.com\/vi\/wp-json\/wp\/v2\/types\/product"}],"replies":[{"embeddable":true,"href":"https:\/\/vietnamcoffeeunited.com\/vi\/wp-json\/wp\/v2\/comments?post=5185"}],"wp:featuredmedia":[{"embeddable":true,"href":"https:\/\/vietnamcoffeeunited.com\/vi\/wp-json\/wp\/v2\/media\/5718"}],"wp:attachment":[{"href":"https:\/\/vietnamcoffeeunited.com\/vi\/wp-json\/wp\/v2\/media?parent=5185"}],"wp:term":[{"taxonomy":"product_cat","embeddable":true,"href":"https:\/\/vietnamcoffeeunited.com\/vi\/wp-json\/wp\/v2\/product_cat?post=5185"},{"taxonomy":"product_tag","embeddable":true,"href":"https:\/\/vietnamcoffeeunited.com\/vi\/wp-json\/wp\/v2\/product_tag?post=5185"}],"curies":[{"name":"wp","href":"https:\/\/api.w.org\/{rel}","templated":true}]}}