{"id":5164,"date":"2024-07-30T15:38:31","date_gmt":"2024-07-30T08:38:31","guid":{"rendered":"https:\/\/vietnamcoffeeunited.com\/?post_type=product&#038;p=5164"},"modified":"2024-10-24T13:56:26","modified_gmt":"2024-10-24T06:56:26","slug":"freeze-instant-coffee","status":"publish","type":"product","link":"https:\/\/vietnamcoffeeunited.com\/vi\/san-pham\/freeze-instant-coffee\/","title":{"rendered":"C\u00e0 ph\u00ea h\u00f2a tan s\u1ea5y l\u1ea1nh"},"content":{"rendered":"<h2 style=\"text-align: center;\"><strong>C\u00e0 ph\u00ea h\u00f2a tan s\u1ea5y l\u1ea1nh<\/strong><\/h2>\n<h3><strong>C\u00e0 ph\u00ea h\u00f2a tan l\u00e0 g\u00ec?<\/strong><\/h3>\n<p>C\u00e0 ph\u00ea h\u00f2a tan l\u00e0 lo\u1ea1i c\u00e0 ph\u00ea d\u1ec5 d\u00e0ng tan \u0111\u01b0\u1ee3c trong n\u01b0\u1edbc v\u1edbi kho\u1ea3ng th\u1eddi gian ng\u1eafn v\u00e0 nhanh. S\u1edf d\u0129 h\u00f2a tan nhanh \u0111\u01b0\u1ee3c l\u00e0 do qu\u00e1 tr\u00ecnh ch\u1ebf bi\u1ebfn ch\u1ec9 tr\u00edch ly, chi\u1ebft xu\u1ea5t v\u00e0 gi\u1eef l\u1ea1i nh\u1eefng ch\u1ea5t tan \u0111\u01b0\u1ee3c trong h\u1ea1t c\u00e0 ph\u00ea. C\u00e1c th\u00e0nh ph\u1ea7n kh\u00f4ng tan ho\u1eb7c t\u1ea1p ch\u1ea5t s\u1ebd \u0111\u01b0\u1ee3c lo\u1ea1i b\u1ecf \u0111\u1ec3 cho ra s\u1ea3n ph\u1ea9m h\u00f2a tan chu\u1ea9n s\u1ea1ch, nguy\u00ean ch\u1ea5t v\u00e0 gi\u1eef tr\u1ecdn h\u01b0\u01a1ng v\u1ecb tinh t\u1ebf t\u1ef1 nhi\u00ean c\u1ee7a c\u00e0 ph\u00ea.<\/p>\n<div class=\"group\/conversation-turn relative flex w-full min-w-0 flex-col agent-turn\">\n<div class=\"flex-col gap-1 md:gap-3\">\n<div class=\"flex flex-grow flex-col max-w-full\">\n<div class=\"min-h-[20px] text-message flex w-full flex-col items-end gap-2 whitespace-pre-wrap break-words [.text-message+&amp;]:mt-5 overflow-x-auto\" dir=\"auto\" data-message-author-role=\"assistant\" data-message-id=\"cc577228-d6d1-415e-b8e2-c2194c581abd\">\n<div class=\"flex w-full flex-col gap-1 empty:hidden first:pt-[3px]\">\n<div class=\"markdown prose w-full break-words dark:prose-invert light\">\n<p>Trong c\u00e0 ph\u00ea h\u00f2a tan s\u1ebd \u0111\u01b0\u1ee3c chia th\u00e0nh 2 lo\u1ea1i: <strong>c\u00e0 ph\u00ea h\u00f2a tan s\u1ea5y l\u1ea1nh<\/strong> v\u00e0 c\u00e0 ph\u00ea s\u1ea5y phun. Trong b\u00e0i vi\u1ebft n\u00e0y, ch\u00fang t\u00f4i \u0111\u1ec1 c\u1eadp \u0111\u1ebfn c\u00e0 ph\u00ea s\u1ea5y l\u1ea1nh.<\/p>\n<p>\u0110\u1ecdc th\u00eam: <a href=\"https:\/\/vietnamcoffeeunited.com\/vi\/san-pham\/spray-instant-coffee\/\">C\u00e0 ph\u00ea h\u00f2a tan s\u1ea5y phun\u00a0<\/a><\/p>\n<\/div>\n<\/div>\n<\/div>\n<\/div>\n<\/div>\n<\/div>\n<h3>Gi\u1edbi thi\u1ec7u c\u00e0 ph\u00ea h\u00f2a tan s\u1ea5y l\u1ea1nh<\/h3>\n<p>Selected from high-quality coffee beans (Robusta or Arabica), <em>c\u00e0 ph\u00ea h\u00f2a tan s\u1ea5y l\u1ea1nh<\/em> instant coffee (<strong>C\u00e0 ph\u00ea h\u00f2a tan s\u1ea5y l\u1ea1nh<\/strong>) meets the highest expectations of partners and consumers regarding color, aroma, taste, quality stability, and solubility.<\/p>\n<p><strong>S\u1ea5y th\u0103ng hoa<\/strong>hay c\u00f2n g\u1ecdi l\u00e0 \u0111\u00f4ng kh\u00f4 ho\u1eb7c kh\u00f4 l\u1ea1nh, \u0111\u01b0\u1ee3c s\u1ea3n xu\u1ea5t b\u1eb1ng c\u00f4ng ngh\u1ec7 Freeze Drying (S\u1ea5y th\u0103ng hoa). C\u00e0 ph\u00ea \u0111\u01b0\u1ee3c s\u1ea5y l\u1ea1nh \u0111\u1ec3 l\u00e0m kh\u00f4 v\u00e0 c\u00f4 \u0111\u1eb7c l\u1ea1i tinh ch\u1ea5t, hi\u1ec3u theo c\u00e1ch kh\u00e1c l\u00e0 h\u1ed7n h\u1ee3p thu \u0111\u01b0\u1ee3c sau qu\u00e1 tr\u00ecnh s\u1ea5y th\u0103ng hoa d\u01b0\u1edbi d\u1ea1ng tinh th\u1ec3 c\u1ed1t c\u00e0 ph\u00ea.<\/p>\n<p><strong>S\u1ea5y th\u0103ng hoa<\/strong> l\u00e0 qu\u00e1 tr\u00ecnh l\u00e0m kh\u00f4 \u0111\u00f4ng l\u1ea1nh, c\u00f2n \u0111\u01b0\u1ee3c g\u1ecdi l\u00e0 \u0111\u00f4ng kh\u00f4, l\u00e0 qu\u00e1 tr\u00ecnh kh\u1eed n\u01b0\u1edbc \u1edf nhi\u1ec7t \u0111\u1ed9 th\u1ea5p, bao g\u1ed3m l\u00e0m \u0111\u00f4ng s\u1ea3n ph\u1ea9m, h\u1ea1 \u00e1p su\u1ea5t, sau \u0111\u00f3 lo\u1ea1i b\u1ecf b\u1eb1ng c\u00e1ch th\u0103ng hoa. \u0110i\u1ec1u n\u00e0y tr\u00e1i ng\u01b0\u1ee3c v\u1edbi kh\u1eed n\u01b0\u1edbc b\u1eb1ng h\u1ea7u h\u1ebft c\u00e1c ph\u01b0\u01a1ng ph\u00e1p th\u00f4ng th\u01b0\u1eddng (bay h\u01a1i n\u01b0\u1edbc b\u1eb1ng nhi\u1ec7t).<\/p>\n<figure id=\"attachment_5732\" aria-describedby=\"caption-attachment-5732\" style=\"width: 1024px\" class=\"wp-caption alignnone\"><img decoding=\"async\" class=\"wp-image-5732 size-large\" src=\"https:\/\/vietnamcoffeeunited.com\/wp-content\/uploads\/2024\/09\/Freeze-instant-coffee-2-1024x1024.jpg\" alt=\"Freeze Instant Coffee\" width=\"1024\" height=\"1024\" srcset=\"https:\/\/vietnamcoffeeunited.com\/wp-content\/uploads\/2024\/09\/Freeze-instant-coffee-2-1024x1024.jpg 1024w, https:\/\/vietnamcoffeeunited.com\/wp-content\/uploads\/2024\/09\/Freeze-instant-coffee-2-300x300.jpg 300w, https:\/\/vietnamcoffeeunited.com\/wp-content\/uploads\/2024\/09\/Freeze-instant-coffee-2-150x150.jpg 150w, https:\/\/vietnamcoffeeunited.com\/wp-content\/uploads\/2024\/09\/Freeze-instant-coffee-2-768x768.jpg 768w, https:\/\/vietnamcoffeeunited.com\/wp-content\/uploads\/2024\/09\/Freeze-instant-coffee-2-1536x1536.jpg 1536w, https:\/\/vietnamcoffeeunited.com\/wp-content\/uploads\/2024\/09\/Freeze-instant-coffee-2-12x12.jpg 12w, https:\/\/vietnamcoffeeunited.com\/wp-content\/uploads\/2024\/09\/Freeze-instant-coffee-2-600x600.jpg 600w, https:\/\/vietnamcoffeeunited.com\/wp-content\/uploads\/2024\/09\/Freeze-instant-coffee-2-100x100.jpg 100w, https:\/\/vietnamcoffeeunited.com\/wp-content\/uploads\/2024\/09\/Freeze-instant-coffee-2.jpg 1920w\" sizes=\"(max-width: 1024px) 100vw, 1024px\" \/><figcaption id=\"caption-attachment-5732\" class=\"wp-caption-text\">C\u00e0 ph\u00ea h\u00f2a tan s\u1ea5y l\u1ea1nh<\/figcaption><\/figure>\n<h3>Quy tr\u00ecnh s\u1ea3n xu\u1ea5t c\u00e0 ph\u00ea h\u00f2a tan s\u1ea5y l\u1ea1nh<\/h3>\n<p>Quy tr\u00ecnh s\u1ea3n xu\u1ea5t c\u00e0 ph\u00ea h\u00f2a tan s\u1ea5y l\u1ea1nh g\u1ed3m 5 c\u00f4ng \u0111o\u1ea1n ch\u00ednh:<\/p>\n<ol>\n<li><strong>Tr\u00edch ly<\/strong>: nguy\u00ean li\u1ec7u l\u00e0 b\u1ed9t c\u00e0 ph\u00ea, b\u1eb1ng c\u00e1ch b\u01a1m v\u00e0o b\u1ed9t c\u00e0 ph\u00ea m\u1ed9t l\u01b0\u1ee3ng n\u01b0\u1edbc n\u00f3ng, c\u00e0 ph\u00ea s\u1ebd \u0111\u01b0\u1ee3c tr\u00edch ly, hi\u1ec3u \u0111\u01a1n gi\u1ea3n \u1edf c\u00f4ng \u0111o\u1ea1n n\u00e0y t\u01b0\u01a1ng t\u1ef1 nh\u01b0 pha phin ho\u1eb7c pha m\u00e1y.<\/li>\n<li><strong>C\u00f4 \u0111\u1eb7c<\/strong>: d\u1ecbch chi\u1ebft c\u00e0 ph\u00ea sau khi tr\u00edch ly c\u00f3 \u0111\u1ed9 brix kho\u1ea3ng 10%. \u1ede c\u00f4ng \u0111o\u1ea1n n\u00e0y, s\u1ebd lo\u1ea1i b\u1ecf ph\u1ea7n l\u1edbn l\u01b0\u1ee3ng n\u01b0\u1edbc, \u0111\u01b0a \u0111\u1ed9 brix v\u1ec1 kho\u1ea3ng 50%.<\/li>\n<li><strong>C\u1ea5p \u0111\u00f4ng<\/strong>: d\u1ecbch chi\u1ebft c\u00f4 \u0111\u1eb7c \u0111\u01b0\u1ee3c \u0111\u01b0a v\u00e0o h\u1ec7 th\u1ed1ng c\u1ea5p \u0111\u00f4ng, nhi\u1ec7t \u0111\u1ed9 t\u1eeb -30 \u0111\u1ed9 \u0111\u1ebfn -50 \u0111\u1ed9 C. \u0110\u1ec3 b\u1ea3o qu\u1ea3n t\u1ed1t nh\u1ea5t, d\u1ecbch chi\u1ebft \u0111\u00f4ng s\u1ebd \u0111\u01b0\u1ee3c c\u1ea5p \u0111\u00f4ng tr\u00ean h\u1ec7 th\u1ed1ng bang t\u1ea3i li\u00ean t\u1ee5c IQF.<\/li>\n<li><strong>T\u1ea1o h\u1ea1t c\u00e0 ph\u00ea s\u1ea5y l\u1ea1nh<\/strong>: sau khi c\u1ea5p \u0111\u00f4ng, s\u1ea3n ph\u1ea9m chuy\u1ec3n qua c\u00f4ng \u0111o\u1ea1n t\u1ea1o h\u1ea1t t\u1eeb ch\u00ednh tinh th\u1ec3 b\u0103ng. C\u00e1c t\u1ea3ng bang c\u00e0 ph\u00ea \u0111\u01b0\u1ee3c \u0111\u01b0a qua m\u00e1y nghi\u1ec1n, nghi\u1ec1n nh\u1ecf r\u1ed3i t\u1ea1o h\u1ea1t.<\/li>\n<li><strong>S\u1ea5y th\u0103ng hoa<\/strong>: sau khi t\u1ea1o h\u1ea1t, c\u00e0 ph\u00ea v\u1eabn \u0111\u01b0\u1ee3c c\u1ea5p \u0111\u00f4ng t\u1eeb -30 \u0111\u1ed9 \u0111\u1ebfn -50 \u0111\u1ed9 C v\u00e0 \u0111\u01b0\u1ee3c ch\u1ea5t v\u00e0o c\u00e1c khay r\u1ed3i \u0111\u01b0a v\u00e0o bu\u1ed3ng s\u1ea5y th\u0103ng hoa.<\/li>\n<\/ol>\n<p>C\u00e0 ph\u00ea h\u00f2a tan s\u1ea5y l\u1ea1nh l\u00e0 d\u00f2ng s\u1ea3n ph\u1ea9m d\u1ec5 h\u1ed3i \u1ea9m. Do \u0111\u00f3, kh\u00e2u \u0111\u00f3ng g\u00f3i v\u00e0 b\u1ea3o qu\u1ea3n l\u00e0 r\u1ea5t quan tr\u1ecdng.<\/p>\n<h3>\u0110\u00e1nh gi\u00e1 c\u00e0 ph\u00ea h\u00f2a tan s\u1ea5y l\u1ea1nh<\/h3>\n<p>\u0110\u00e1nh gi\u00e1 <strong>freeze dried instant coffee<\/strong> c\u00f3 th\u1ec3 kh\u00e1c nhau t\u00f9y thu\u1ed9c v\u00e0o m\u1ee5c ti\u00eau v\u00e0 nhu c\u1ea7u c\u1ee7a t\u1eebng \u0111\u01a1n v\u1ecb. Theo c\u00e1c \u0111\u00e1nh gi\u00e1 kh\u00e1ch quan t\u1eeb nhi\u1ec1u kh\u00e1ch h\u00e0ng, c\u00e0 ph\u00ea s\u1ea5y l\u1ea1nh mang l\u1ea1i ch\u1ea5t l\u01b0\u1ee3ng tuy\u1ec7t v\u1eddi nh\u1edd kh\u1ea3 n\u0103ng gi\u1eef \u0111\u01b0\u1ee3c h\u01b0\u01a1ng v\u1ecb nguy\u00ean b\u1ea3n, \u0111\u1ed9 c\u00e2n b\u1eb1ng, m\u00e0u s\u1eafc v\u00e0 kh\u1ea3 n\u0103ng h\u00f2a tan.<\/p>\n<p>M\u1ed9t y\u1ebfu t\u1ed1 kh\u00e1c l\u00e0 chi ph\u00ed. Gi\u00e1 c\u1ee7a <strong>c\u00e0 ph\u00ea h\u00f2a tan s\u1ea5y l\u1ea1nh<\/strong> th\u01b0\u1eddng cao h\u01a1n so v\u1edbi c\u00e1c s\u1ea3n ph\u1ea9m c\u00e0 ph\u00ea h\u00f2a tan kh\u00e1c. \u0110i\u1ec1u n\u00e0y l\u00e0 do ch\u1ea5t l\u01b0\u1ee3ng \u0111\u01b0\u1ee3c \u0111\u1ea3m b\u1ea3o \u0111\u1ec3 \u0111\u00e1p \u1ee9ng c\u00e1c ti\u00eau chu\u1ea9n, quy tr\u00ecnh b\u1ea3o qu\u1ea3n nghi\u00eam ng\u1eb7t v\u00e0 s\u1edf th\u00edch c\u1ee7a ng\u01b0\u1eddi ti\u00eau d\u00f9ng. \u0110\u00e2y c\u0169ng l\u00e0 l\u00fd do t\u1ea1i sao c\u00e0 ph\u00ea s\u1ea5y l\u1ea1nh c\u00f3 m\u1ee9c ti\u00eau th\u1ee5 cao h\u01a1n \u1edf c\u00e1c th\u1ecb tr\u01b0\u1eddng ch\u00e2u \u00c2u v\u00e0 M\u1ef9.<\/p>\n<figure id=\"attachment_5733\" aria-describedby=\"caption-attachment-5733\" style=\"width: 1024px\" class=\"wp-caption alignnone\"><img decoding=\"async\" class=\"wp-image-5733 size-large\" src=\"https:\/\/vietnamcoffeeunited.com\/wp-content\/uploads\/2024\/09\/Freeze-instant-coffee-3-1024x1024.jpg\" alt=\"Freeze dried instant coffee\" width=\"1024\" height=\"1024\" srcset=\"https:\/\/vietnamcoffeeunited.com\/wp-content\/uploads\/2024\/09\/Freeze-instant-coffee-3-1024x1024.jpg 1024w, https:\/\/vietnamcoffeeunited.com\/wp-content\/uploads\/2024\/09\/Freeze-instant-coffee-3-300x300.jpg 300w, https:\/\/vietnamcoffeeunited.com\/wp-content\/uploads\/2024\/09\/Freeze-instant-coffee-3-150x150.jpg 150w, https:\/\/vietnamcoffeeunited.com\/wp-content\/uploads\/2024\/09\/Freeze-instant-coffee-3-768x768.jpg 768w, https:\/\/vietnamcoffeeunited.com\/wp-content\/uploads\/2024\/09\/Freeze-instant-coffee-3-1536x1536.jpg 1536w, https:\/\/vietnamcoffeeunited.com\/wp-content\/uploads\/2024\/09\/Freeze-instant-coffee-3-12x12.jpg 12w, https:\/\/vietnamcoffeeunited.com\/wp-content\/uploads\/2024\/09\/Freeze-instant-coffee-3-600x600.jpg 600w, https:\/\/vietnamcoffeeunited.com\/wp-content\/uploads\/2024\/09\/Freeze-instant-coffee-3-100x100.jpg 100w, https:\/\/vietnamcoffeeunited.com\/wp-content\/uploads\/2024\/09\/Freeze-instant-coffee-3.jpg 1920w\" sizes=\"(max-width: 1024px) 100vw, 1024px\" \/><figcaption id=\"caption-attachment-5733\" class=\"wp-caption-text\">Freeze dried instant coffee<\/figcaption><\/figure>\n<h3><strong>\u01afu v\u00e0 nh\u01b0\u1ee3c \u0111i\u1ec3m c\u00e0 ph\u00ea s\u1ea5y l\u1ea1nh<\/strong><\/h3>\n<p><strong>\u01afu \u0111i\u1ec3m:<\/strong><\/p>\n<ul>\n<li>gi\u1eef \u0111\u01b0\u1ee3c tr\u1ecdn v\u1eb9n c\u00e1c ti\u00eau ch\u00ed c\u1ee7a c\u00e0 ph\u00ea nh\u01b0 m\u00e0u s\u1eafc, h\u01b0\u01a1ng, v\u1ecb, \u0111\u1ed9 \u1ed5n \u0111\u1ecbnh ch\u1ea5t l\u01b0\u1ee3ng v\u00e0 \u0111\u1ed9 h\u00f2a tan.<\/li>\n<\/ul>\n<p><strong>Nh\u01b0\u1ee3c \u0111i\u1ec3m:<\/strong><\/p>\n<ul>\n<li>quy tr\u00ecnh s\u1ea3n xu\u1ea5t \u0111\u1eb7c th\u00f9, chi ph\u00ed v\u1eadn h\u00e0nh t\u1ed1n k\u00e9m d\u1eabn \u0111\u1ebfn gi\u00e1 th\u00e0nh t\u01b0\u01a1ng \u0111\u1ed1i cao.<\/li>\n<\/ul>\n<h3>T\u1ea1i sao n\u00ean ch\u1ecdn VCU JSC?<\/h3>\n<ul>\n<li><strong>T\u1ef1 s\u1ea3n xu\u1ea5t nh\u00e2n xanh<\/strong>: ki\u1ec3m so\u00e1t ch\u1eb7t ch\u1ebd ch\u1ea5t l\u01b0\u1ee3ng \u0111\u1ea7u v\u00e0o, to\u00e0n b\u1ed9 h\u00e0ng \u0111\u01b0\u1ee3c t\u00e1ch \u0111\u00e1, b\u1eafn m\u00e0u \u0111\u1eb9p, s\u1ea1ch.<\/li>\n<li><strong>100% c\u00e0 ph\u00ea rang m\u1ed9c<\/strong>: t\u00e1ch \u0111\u00e1 s\u1ea1ch, b\u1eafn m\u00e0u \u0111\u1eb9p, 2 m\u00e1y rang c\u00f4ng nghi\u1ec7p, \u0111\u00e1p \u1ee9ng s\u1ed1 l\u01b0\u1ee3ng 70 - 80 t\u1ea5n\/th\u00e1ng, h\u1ec7 th\u1ed1ng t\u1ef1 \u0111\u1ed9ng l\u01b0u profile, \u0111\u1ed3ng nh\u1ea5t c\u00e1c l\u1ea7n rang sau.<\/li>\n<li><strong>Nh\u00e0 x\u01b0\u1edfng \u0111\u1ea1t ti\u00eau chu\u1ea9n<\/strong>: ISO, FDA (xu\u1ea5t kh\u1ea9u M\u1ef8), h\u1ec7 th\u1ed1ng l\u01b0u kho kh\u00e9p k\u00edn, n\u00ean anh\/ch\u1ecb ho\u00e0n to\u00e0n y\u00ean t\u00e2m v\u1ec1 ch\u1ea5t l\u01b0\u1ee3ng c\u00e0 ph\u00ea.<\/li>\n<li><strong>Cung c\u1ea5p \u0111a d\u1ea1ng m\u00e3 h\u00e0ng<\/strong>: Robusta, Arabica, Excelsa<\/li>\n<li><strong>Xu\u1ea5t kh\u1ea9u c\u00e0 ph\u00ea ch\u00ednh ng\u1ea1ch sang 13 qu\u1ed1c gia<\/strong>: M\u1ef9, Singapore, Nh\u1eadt B\u1ea3n, \u00dac, Bangladesh, Philippines\u2026<\/li>\n<\/ul>\n<p>N\u1ebfu b\u1ea1n c\u1ea7n c\u00e0 ph\u00ea <strong>c\u00e0 ph\u00ea h\u00f2a tan s\u1ea5y l\u1ea1nh<\/strong> products, contact <a href=\"https:\/\/vietnamcoffeeunited.com\/vi\/\">VCU<\/a> for consultation and pricing information!<\/p>\n<p>\u0110\u1ecdc th\u00eam: <a href=\"https:\/\/vietnamcoffeeunited.com\/vi\/san-pham\/oem-coffee-and-private-label\/\">OEM coffee and Private Label<\/a><\/p>\n<div class=\"elementor-element elementor-element-8f4596a elementor-widget elementor-widget-woocommerce-product-content\" data-id=\"8f4596a\" data-element_type=\"widget\" data-widget_type=\"woocommerce-product-content.default\">\n<div class=\"elementor-widget-container\">\n<h3><strong>Th\u00f4ng tin li\u00ean h\u1ec7<\/strong><\/h3>\n<p><strong>C\u00f4ng ty C\u1ed5 ph\u1ea7n VCU (VCU JSC)<\/strong><br \/>\n<strong>\u0110\u1ecba ch\u1ec9:<\/strong><br \/>\n\u2013\u00a0<strong>C\u01a1 s\u1edf rang:<\/strong>\u00a0T\u1ed5 d\u00e2n Ph\u1ed1 6,  th\u1ecb tr\u1ea5n Ch\u01b0 Pr\u00f4ng, huy\u1ec7n Ch\u01b0 Pr\u00f4ng, t\u1ec9nh Gia Lai<br \/>\n\u2013\u00a0<strong>C\u01a1 s\u1edf c\u00e0 ph\u00ea nh\u00e2n xanh:<\/strong>\u00a0X\u00e3 Ia Der, Huy\u1ec7n Ia Grai, T\u1ec9nh Gia Lai<\/p>\n<p><span class=\"elementor-icon-list-text\">\u2013\u00a0<strong>Hotline:\u00a0<\/strong><\/span>+84 941 203 879<\/p>\n<p>\u2013\u00a0<strong>Fanpage:\u00a0<a href=\"https:\/\/www.facebook.com\/vcuvietnamcoffeeunited\" target=\"_blank\" rel=\"noopener noreferrer nofollow\">VCU \u2013 Vietnam Coffee United<\/a><\/strong><\/p>\n<p><span class=\"elementor-icon-list-text\">\u2013\u00a0<strong>Email:<\/strong>\u00a0info@vietnamcoffeeunited.com<\/span><\/p>\n<\/div>\n<\/div>","protected":false},"excerpt":{"rendered":"<ul>\n<li>Freeze Instant Robusta and Freeze Instant Arabica<\/li>\n<li><strong>Th\u1eddi gian s\u1eed d\u1ee5ng t\u1ed1t nh\u1ea5t<\/strong>: 12 th\u00e1ng<\/li>\n<li><strong>N\u0103ng l\u1ef1c s\u1ea3n xu\u1ea5t<\/strong>: 100 t\u1ea5n\/th\u00e1ng<\/li>\n<li><strong>V\u00f9ng tr\u1ed3ng<\/strong>: Vi\u1ec7t Nam<\/li>\n<li><strong>Ch\u00ednh s\u00e1ch thanh to\u00e1n:<\/strong>: T\/T, L\/C at sight<\/li>\n<li><strong>Ch\u1ee9ng t\u1eeb v\u1eadn chuy\u1ec3n<\/strong>: Inv, PL, BoL, CO, Phyto, Fumi.<\/li>\n<li><strong>C\u1ea3ng h\u00e0ng<\/strong>: C\u1ea3ng C\u00e1t L\u00e1i, TP. HCM<\/li>\n<\/ul>","protected":false},"featured_media":5734,"comment_status":"open","ping_status":"closed","template":"","meta":[],"product_cat":[55],"product_tag":[275,232,231,276,233,264,212,221,211,213],"_links":{"self":[{"href":"https:\/\/vietnamcoffeeunited.com\/vi\/wp-json\/wp\/v2\/product\/5164"}],"collection":[{"href":"https:\/\/vietnamcoffeeunited.com\/vi\/wp-json\/wp\/v2\/product"}],"about":[{"href":"https:\/\/vietnamcoffeeunited.com\/vi\/wp-json\/wp\/v2\/types\/product"}],"replies":[{"embeddable":true,"href":"https:\/\/vietnamcoffeeunited.com\/vi\/wp-json\/wp\/v2\/comments?post=5164"}],"wp:featuredmedia":[{"embeddable":true,"href":"https:\/\/vietnamcoffeeunited.com\/vi\/wp-json\/wp\/v2\/media\/5734"}],"wp:attachment":[{"href":"https:\/\/vietnamcoffeeunited.com\/vi\/wp-json\/wp\/v2\/media?parent=5164"}],"wp:term":[{"taxonomy":"product_cat","embeddable":true,"href":"https:\/\/vietnamcoffeeunited.com\/vi\/wp-json\/wp\/v2\/product_cat?post=5164"},{"taxonomy":"product_tag","embeddable":true,"href":"https:\/\/vietnamcoffeeunited.com\/vi\/wp-json\/wp\/v2\/product_tag?post=5164"}],"curies":[{"name":"wp","href":"https:\/\/api.w.org\/{rel}","templated":true}]}}