{"id":4303,"date":"2024-07-15T13:47:57","date_gmt":"2024-07-15T06:47:57","guid":{"rendered":"https:\/\/vietnamcoffeeunited.com\/?post_type=product&#038;p=4303"},"modified":"2025-08-20T14:51:13","modified_gmt":"2025-08-20T07:51:13","slug":"unwashed-robusta-clean","status":"publish","type":"product","link":"https:\/\/vietnamcoffeeunited.com\/vi\/san-pham\/unwashed-robusta-clean\/","title":{"rendered":"Robusta Clean ch\u1ebf bi\u1ebfn kh\u00f4"},"content":{"rendered":"<h2 style=\"text-align: center;\"><strong>Robusta Clean ch\u1ebf bi\u1ebfn kh\u00f4<\/strong><\/h2>\n<h3><strong>Gi\u1edbi thi\u1ec7u Robusta Clean ch\u1ebf bi\u1ebfn kh\u00f4<\/strong><\/h3>\n<p>C\u00e0 ph\u00ea nh\u00e2n xanh Robusta d\u00f2ng Clean \u0111\u01b0\u1ee3c s\u01a1 ch\u1ebf theo ph\u01b0\u01a1ng ph\u00e1p ch\u1ebf bi\u1ebfn kh\u00f4, thu ho\u1ea1ch t\u1eeb c\u00e1c v\u00f9ng tr\u1ed3ng c\u00e0 ph\u00ea t\u1ed1t nh\u1ea5t c\u1ee7a Vi\u1ec7t Nam. T\u1eebng h\u1ea1t \u0111\u01b0\u1ee3c tuy\u1ec3n ch\u1ecdn k\u1ef9 l\u01b0\u1ee1ng, ph\u00e2n lo\u1ea1i t\u1ec9 m\u1ec9, \u0111\u1ea3m b\u1ea3o khi \u0111\u1ebfn tay b\u1ea1n l\u00e0 nh\u1eefng s\u1ea3n ph\u1ea9m t\u1ed1t nh\u1ea5t.<\/p>\n<figure id=\"attachment_5710\" aria-describedby=\"caption-attachment-5710\" style=\"width: 1080px\" class=\"wp-caption alignnone\"><img decoding=\"async\" class=\"size-full wp-image-5710\" src=\"https:\/\/vietnamcoffeeunited.com\/wp-content\/uploads\/2024\/09\/unwashed-robusta-clean-2.jpg\" alt=\"Unwashed Robusta Clean\" width=\"1080\" height=\"1080\" srcset=\"https:\/\/vietnamcoffeeunited.com\/wp-content\/uploads\/2024\/09\/unwashed-robusta-clean-2.jpg 1080w, https:\/\/vietnamcoffeeunited.com\/wp-content\/uploads\/2024\/09\/unwashed-robusta-clean-2-300x300.jpg 300w, https:\/\/vietnamcoffeeunited.com\/wp-content\/uploads\/2024\/09\/unwashed-robusta-clean-2-1024x1024.jpg 1024w, https:\/\/vietnamcoffeeunited.com\/wp-content\/uploads\/2024\/09\/unwashed-robusta-clean-2-150x150.jpg 150w, https:\/\/vietnamcoffeeunited.com\/wp-content\/uploads\/2024\/09\/unwashed-robusta-clean-2-768x768.jpg 768w, https:\/\/vietnamcoffeeunited.com\/wp-content\/uploads\/2024\/09\/unwashed-robusta-clean-2-12x12.jpg 12w, https:\/\/vietnamcoffeeunited.com\/wp-content\/uploads\/2024\/09\/unwashed-robusta-clean-2-600x600.jpg 600w, https:\/\/vietnamcoffeeunited.com\/wp-content\/uploads\/2024\/09\/unwashed-robusta-clean-2-100x100.jpg 100w\" sizes=\"(max-width: 1080px) 100vw, 1080px\" \/><figcaption id=\"caption-attachment-5710\" class=\"wp-caption-text\">Robusta Clean ch\u1ebf bi\u1ebfn kh\u00f4<\/figcaption><\/figure>\n<h3><strong>What is the unwashed coffee processing method?<\/strong><\/h3>\n<p>Ch\u1ebf bi\u1ebfn Unwashed, c\u00f2n \u0111\u01b0\u1ee3c g\u1ecdi l\u00e0 ch\u1ebf bi\u1ebfn Natural ho\u1eb7c Dry, l\u00e0 m\u1ed9t ph\u01b0\u01a1ng ph\u00e1p ch\u1ebf bi\u1ebfn c\u00e0 ph\u00ea t\u1ef1 nhi\u00ean s\u1eed d\u1ee5ng \u00e1nh n\u1eafng m\u1eb7t tr\u1eddi \u0111\u1ec3 l\u00e0m kh\u00f4 h\u1ea1t c\u00e0 ph\u00ea.<\/p>\n<p>\u01afu \u0111i\u1ec3m c\u1ee7a ph\u01b0\u01a1ng ph\u00e1p n\u00e0y l\u00e0 gi\u00fap c\u00e0 ph\u00ea c\u00f3 v\u1ecb ng\u1ecdt, \u00edt chua v\u00e0 h\u01b0\u01a1ng th\u01a1m n\u1ed3ng.<\/p>\n<p>Nh\u01b0\u1ee3c \u0111i\u1ec3m l\u00e0 ph\u1ee5 thu\u1ed9c v\u00e0o y\u1ebfu t\u1ed1 th\u1eddi ti\u1ebft v\u00e0 th\u1eddi gian ph\u01a1i kh\u00f4 l\u00e2u.<\/p>\n<p><em><strong>Unwashed Robusta Clean coffee processing steps<\/strong><\/em><\/p>\n<p><strong>B\u01b0\u1edbc 1:<\/strong> Harvest the coffee cherries.<\/p>\n<p><strong>B\u01b0\u1edbc 2:<\/strong> lo\u1ea1i b\u1ecf h\u1ea1t non, l\u00e1, c\u00e0nh v\u00e0 c\u00e1c t\u1ea1p ch\u1ea5t ra kh\u1ecfi qu\u1ea3 c\u00e0 ph\u00ea thu ho\u1ea1ch.<\/p>\n<p><strong>B\u01b0\u1edbc 3:<\/strong> ph\u01a1i kh\u00f4 d\u01b0\u1edbi \u00e1nh n\u1eafng m\u1eb7t tr\u1eddi t\u1eeb 25 \u2013 30 ng\u00e0y cho \u0111\u1ed9 \u1ea9m h\u1ea1t c\u00e0 ph\u00ea gi\u1ea3m xu\u1ed1ng 12 \u2013 13 %.<\/p>\n<p><strong>B\u01b0\u1edbc 4:<\/strong> Tr\u00e1i c\u00e0 ph\u00ea \u0111\u00e3 ph\u01a1i kh\u00f4 \u0111\u01b0\u1ee3c x\u00e1t b\u1eb1ng m\u00e1y \u0111\u1ec3 lo\u1ea1i b\u1ecf v\u1ecf ngo\u00e0i, v\u1ecf tr\u1ea5u kh\u00f4, cho ra nh\u00e2n c\u00e0 ph\u00ea th\u00e0nh ph\u1ea9m.<\/p>\n<p><strong>B\u01b0\u1edbc 5:<\/strong> B\u1ea3o qu\u1ea3n h\u1ea1t c\u00e0 ph\u00ea trong bao t\u1ea3i, \u0111\u1eb7t \u1edf n\u01a1i kh\u00f4 r\u00e1o, tho\u00e1ng m\u00e1t v\u00e0 \u0111\u1ee3i \u0111\u1ebfn th\u1eddi gian rang xay.<\/p>\n<h3><strong>Th\u00f4ng tin s\u1ea3n ph\u1ea9m<\/strong><\/h3>\n<ul>\n<li>\u0110\u1ed9 \u1ea9m: 12.5%<\/li>\n<li>H\u1ea1t \u0111en: 0.1%<\/li>\n<li>H\u1ea1t v\u1ee1<\/li>\n<li>T\u1ea1p: 0.1%<\/li>\n<li>Density: 690 &#8211; 710<\/li>\n<li>V\u00f9ng tr\u1ed3ng: Gia Lai, \u0110\u1eafk L\u1eafk, \u0110\u1eafk N\u00f4ng, L\u00e2m \u0110\u1ed3ng<\/li>\n<\/ul>\n<figure id=\"attachment_5711\" aria-describedby=\"caption-attachment-5711\" style=\"width: 1080px\" class=\"wp-caption alignnone\"><img decoding=\"async\" class=\"size-full wp-image-5711\" src=\"https:\/\/vietnamcoffeeunited.com\/wp-content\/uploads\/2024\/09\/unwashed-robusta-clean-3.jpg\" alt=\"Robusta Clean Green beans S18\" width=\"1080\" height=\"1080\" srcset=\"https:\/\/vietnamcoffeeunited.com\/wp-content\/uploads\/2024\/09\/unwashed-robusta-clean-3.jpg 1080w, https:\/\/vietnamcoffeeunited.com\/wp-content\/uploads\/2024\/09\/unwashed-robusta-clean-3-300x300.jpg 300w, https:\/\/vietnamcoffeeunited.com\/wp-content\/uploads\/2024\/09\/unwashed-robusta-clean-3-1024x1024.jpg 1024w, https:\/\/vietnamcoffeeunited.com\/wp-content\/uploads\/2024\/09\/unwashed-robusta-clean-3-150x150.jpg 150w, https:\/\/vietnamcoffeeunited.com\/wp-content\/uploads\/2024\/09\/unwashed-robusta-clean-3-768x768.jpg 768w, https:\/\/vietnamcoffeeunited.com\/wp-content\/uploads\/2024\/09\/unwashed-robusta-clean-3-12x12.jpg 12w, https:\/\/vietnamcoffeeunited.com\/wp-content\/uploads\/2024\/09\/unwashed-robusta-clean-3-600x600.jpg 600w, https:\/\/vietnamcoffeeunited.com\/wp-content\/uploads\/2024\/09\/unwashed-robusta-clean-3-100x100.jpg 100w\" sizes=\"(max-width: 1080px) 100vw, 1080px\" \/><figcaption id=\"caption-attachment-5711\" class=\"wp-caption-text\">Robusta Clean Green beans S18<\/figcaption><\/figure>\n<h3><strong>T\u1ea1i sao ch\u1ecdn c\u00e0 ph\u00ea Robusta Clean c\u1ee7a VCU<\/strong><\/h3>\n<p><a href=\"https:\/\/vietnamcoffeeunited.com\/vi\/danh-muc-san-pham\/robusta-coffee\/robusta-green-beans-coffee\/\">C\u00e0 ph\u00ea nh\u00e2n xanh c\u1ee7a VCU<\/a> tr\u1ea3i qua quy tr\u00ecnh l\u00e0m s\u1ea1ch nghi\u00eam ng\u1eb7t v\u00e0 kh\u00e9p k\u00edn, bao g\u1ed3m vi\u1ec7c t\u00e1ch \u0111\u00e1 v\u00e0 ph\u00e2n lo\u1ea1i m\u00e0u s\u1eafc. C\u00f4ng ngh\u1ec7 ti\u00ean ti\u1ebfn lo\u1ea1i b\u1ecf t\u1ea1p ch\u1ea5t, h\u1ea1t \u0111en v\u00e0 h\u1ea1t l\u1ed7i, t\u1ea1o ra s\u1ea3n ph\u1ea9m c\u00f3 ch\u1ea5t l\u01b0\u1ee3ng v\u01b0\u1ee3t tr\u1ed9i v\u00e0 h\u01b0\u01a1ng v\u1ecb t\u1ef1 nhi\u00ean.<\/p>\n<p>\u0110\u1eb7c bi\u1ec7t, VCU c\u00f3 m\u1ea1ng l\u01b0\u1edbi h\u1ee3p t\u00e1c c\u00f9ng nhi\u1ec1u farm v\u00e0 h\u1ed9 n\u00f4ng d\u00e2n t\u1ea1i v\u00f9ng nguy\u00ean li\u1ec7u Gia Lai, \u0111\u1ea3m b\u1ea3o lu\u00f4n c\u00f3 ngu\u1ed3n cung \u1ed5n \u0111\u1ecbnh v\u00e0 d\u1ed3i d\u00e0o. Song song \u0111\u00f3, t\u1ef1 s\u1ea3n xu\u1ea5t c\u00e0 ph\u00ea nh\u00e2n xanh n\u00ean ki\u1ec3m so\u00e1t ch\u1eb7t ch\u1ebd \u0111\u01b0\u1ee3c ch\u1ea5t l\u01b0\u1ee3ng, kh\u00f4ng qua trung gian n\u00ean gi\u00e1 th\u00e0nh r\u1ea5t t\u1ed1t.<\/p>\n<p>N\u1ebfu b\u1ea1n quan t\u00e2m \u0111\u1ebfn h\u01b0\u01a1ng v\u1ecb v\u00e0 ch\u1ea5t l\u01b0\u1ee3ng <strong>unwashed robusta clean<\/strong>, h\u00e3y li\u00ean h\u1ec7 ngay v\u1edbi ch\u00fang t\u00f4i \u0111\u1ec3 \u0111\u01b0\u1ee3c t\u01b0 v\u1ea5n v\u00e0 b\u00e1o gi\u00e1 t\u1ed1t nh\u1ea5t!<\/p>\n<blockquote><p><strong>T\u00ecm hi\u1ec3u th\u00eam<\/strong>: <a href=\"https:\/\/vietnamcoffeeunited.com\/vi\/san-pham\/roasted_clean_robusta\/\">C\u00e0 ph\u00ea h\u1ea1t rang Robusta Clean\u00a0<\/a><\/p><\/blockquote>\n<h3><strong>Th\u00f4ng tin li\u00ean h\u1ec7<\/strong><\/h3>\n<p><strong>C\u00f4ng ty C\u1ed5 ph\u1ea7n VCU (VCU JSC)<\/strong><br \/>\n<strong>\u0110\u1ecba ch\u1ec9:<\/strong><br \/>\n\u2013\u00a0<strong>C\u01a1 s\u1edf rang:<\/strong>\u00a0T\u1ed5 d\u00e2n Ph\u1ed1 6,  th\u1ecb tr\u1ea5n Ch\u01b0 Pr\u00f4ng, huy\u1ec7n Ch\u01b0 Pr\u00f4ng, t\u1ec9nh Gia Lai<br \/>\n\u2013\u00a0<strong>C\u01a1 s\u1edf c\u00e0 ph\u00ea nh\u00e2n xanh:<\/strong>\u00a0X\u00e3 Ia Der, Huy\u1ec7n Ia Grai, T\u1ec9nh Gia Lai<\/p>\n<p><span class=\"elementor-icon-list-text\">\u2013\u00a0<strong>Hotline:\u00a0<\/strong><\/span>+84 941 203 879<\/p>\n<p>\u2013\u00a0<strong>Fanpage:\u00a0<a href=\"https:\/\/www.facebook.com\/vcuvietnamcoffeeunited\" target=\"_blank\" rel=\"noopener noreferrer nofollow\">VCU \u2013 Vietnam Coffee United<\/a><\/strong><\/p>\n<p><span class=\"elementor-icon-list-text\">\u2013\u00a0<strong>Email:<\/strong>\u00a0info@vietnamcoffeeunited.com<\/span><\/p>","protected":false},"excerpt":{"rendered":"<ul>\n<li><strong>Ph\u01b0\u01a1ng ph\u00e1p s\u01a1 ch\u1ebf:<\/strong> Unwashed\/Dry<\/li>\n<li><strong>Ph\u00e2n lo\u1ea1i:<\/strong> Th\u01b0\u01a1ng m\u1ea1i<\/li>\n<li><strong>Ph\u01b0\u01a1ng ph\u00e1p s\u01a1 ch\u1ebf kh\u00e1c<\/strong>: <a href=\"https:\/\/vietnamcoffeeunited.com\/vi\/san-pham\/robusta-honey\/\">Robusta Honey<\/a>, <a href=\"https:\/\/vietnamcoffeeunited.com\/vi\/san-pham\/robusta-natural\/\">Robusta Natural<\/a><\/li>\n<li><strong>Size:<\/strong> S13\/S16\/S18<\/li>\n<li><strong>T\u1ef7 l\u1ec7 ch\u00edn<\/strong>: &gt;80%<\/li>\n<li><strong>Th\u1eddi gian s\u1eed d\u1ee5ng t\u1ed1t nh\u1ea5t<\/strong>: 24 th\u00e1ng<\/li>\n<li><strong>V\u00f9ng tr\u1ed3ng<\/strong>: Vi\u1ec7t Nam<\/li>\n<li><strong>\u0110\u00f3ng g\u00f3i:<\/strong>: 30kg\/bag, 60kg\/bag, jute bag or PP bag, or as customers requirement<\/li>\n<li><strong>\u0110\u1eb7t h\u00e0ng t\u1ed1i thi\u1ec3u<\/strong>: 5 t\u1ea5n ho\u1eb7c th\u01b0\u01a1ng l\u01b0\u1ee3ng<\/li>\n<li><strong>N\u0103ng l\u1ef1c s\u1ea3n xu\u1ea5t<\/strong>: 100 t\u1ea5n\/th\u00e1ng<\/li>\n<li><strong>Th\u1eddi gian giao h\u00e0ng<\/strong>: Trong v\u00f2ng 2-3 ng\u00e0y sau khi nh\u1eadn \u0111\u01b0\u1ee3c L\/C ho\u1eb7c ti\u1ec1n \u0111\u1eb7t c\u1ecdc t\u1eeb ng\u01b0\u1eddi mua<\/li>\n<li><strong>Ch\u00ednh s\u00e1ch thanh to\u00e1n:<\/strong>: T\/T, L\/C at sight<\/li>\n<li><strong>Ch\u1ee9ng t\u1eeb v\u1eadn chuy\u1ec3n<\/strong>: Inv, PL, BoL, CO, Phyto, Fumi.<\/li>\n<li><strong>C\u1ea3ng h\u00e0ng<\/strong>: C\u1ea3ng C\u00e1t L\u00e1i, TP. HCM<\/li>\n<\/ul>","protected":false},"featured_media":6448,"comment_status":"open","ping_status":"closed","template":"","meta":[],"product_cat":[149],"product_tag":[214,240,207,239,212,211,213],"_links":{"self":[{"href":"https:\/\/vietnamcoffeeunited.com\/vi\/wp-json\/wp\/v2\/product\/4303"}],"collection":[{"href":"https:\/\/vietnamcoffeeunited.com\/vi\/wp-json\/wp\/v2\/product"}],"about":[{"href":"https:\/\/vietnamcoffeeunited.com\/vi\/wp-json\/wp\/v2\/types\/product"}],"replies":[{"embeddable":true,"href":"https:\/\/vietnamcoffeeunited.com\/vi\/wp-json\/wp\/v2\/comments?post=4303"}],"wp:featuredmedia":[{"embeddable":true,"href":"https:\/\/vietnamcoffeeunited.com\/vi\/wp-json\/wp\/v2\/media\/6448"}],"wp:attachment":[{"href":"https:\/\/vietnamcoffeeunited.com\/vi\/wp-json\/wp\/v2\/media?parent=4303"}],"wp:term":[{"taxonomy":"product_cat","embeddable":true,"href":"https:\/\/vietnamcoffeeunited.com\/vi\/wp-json\/wp\/v2\/product_cat?post=4303"},{"taxonomy":"product_tag","embeddable":true,"href":"https:\/\/vietnamcoffeeunited.com\/vi\/wp-json\/wp\/v2\/product_tag?post=4303"}],"curies":[{"name":"wp","href":"https:\/\/api.w.org\/{rel}","templated":true}]}}