{"id":4301,"date":"2024-07-15T13:46:56","date_gmt":"2024-07-15T06:46:56","guid":{"rendered":"https:\/\/vietnamcoffeeunited.com\/?post_type=product&#038;p=4301"},"modified":"2025-03-26T15:34:07","modified_gmt":"2025-03-26T08:34:07","slug":"robusta-honey","status":"publish","type":"product","link":"https:\/\/vietnamcoffeeunited.com\/vi\/san-pham\/robusta-honey\/","title":{"rendered":"Robusta Honey"},"content":{"rendered":"<h2 style=\"text-align: center;\"><strong>Robusta Honey<\/strong><\/h2>\n<h3><strong>Gi\u1edbi thi\u1ec7u Robusta Honey<\/strong><\/h3>\n<p>Kh\u00e1c v\u1edbi c\u00e1c ph\u01b0\u01a1ng ph\u00e1p s\u01a1 ch\u1ebf kh\u00e1c, <strong>Robusta Honey<\/strong> Ch\u1ec9 l\u1ef1a ch\u1ecdn nh\u1eefng qu\u1ea3 c\u00e0 ph\u00ea ch\u00edn \u0111\u1ecf tr\u00ean c\u00e2y, v\u1edbi t\u1ef7 l\u1ec7 ch\u00edn tr\u00ean 98% \u0111\u1ec3 \u0111\u1ea3m b\u1ea3o s\u1ef1 \u0111\u1ed3ng nh\u1ea5t v\u1ec1 m\u00e0u s\u1eafc sau khi rang.<\/p>\n<p>\u0110\u01b0\u1ee3c ch\u1ecdn l\u1ecdc k\u1ef9 c\u00e0ng t\u1eeb giai \u0111o\u1ea1n thu ho\u1ea1ch, ch\u1ebf bi\u1ebfn t\u1ec9 m\u1ec9 v\u00e0 c\u00f4ng phu, Ro Honey mang \u0111\u1ebfn h\u01b0\u01a1ng v\u1ecb ng\u1ecdt ng\u00e0o tuy\u1ec7t v\u1eddi, \u0111\u1ed9 chua c\u00e2n b\u1eb1ng, m\u1ed9t ch\u00fat h\u01b0\u01a1ng tr\u00e1i c\u00e2y, v\u00e0 ngay c\u1ea3 sau khi pha, d\u01b0 v\u1ecb v\u1eabn c\u00f2n \u0111\u1ecdng l\u1ea1i trong c\u1ed5 h\u1ecdng b\u1ea1n l\u00e2u sau khi \u0111\u00e1 tan.<\/p>\n<p>Tuy nhi\u00ean, s\u1ed1 l\u01b0\u1ee3ng h\u1ea1t c\u00e0 ph\u00ea xanh \u0111\u01b0\u1ee3c ch\u1ebf bi\u1ebfn theo ph\u01b0\u01a1ng ph\u00e1p Honey l\u00e0 h\u1ea1n ch\u1ebf, v\u00e0 ch\u1ea5t l\u01b0\u1ee3ng \u0111\u00f4i khi kh\u00f4ng \u0111\u1ed3ng \u0111\u1ec1u gi\u1eefa c\u00e1c trang tr\u1ea1i v\u00e0 n\u00f4ng d\u00e2n kh\u00e1c nhau, \u0111\u00f3 l\u00e0 l\u00fd do t\u1ea1i sao gi\u00e1 c\u1ee7a Robusta Honey c\u00f3 ph\u1ea7n cao h\u01a1n so v\u1edbi c\u00e1c lo\u1ea1i c\u00e0 ph\u00ea kh\u00e1c.<\/p>\n<figure id=\"attachment_5681\" aria-describedby=\"caption-attachment-5681\" style=\"width: 1080px\" class=\"wp-caption alignnone\"><img decoding=\"async\" class=\"size-full wp-image-5681\" src=\"https:\/\/vietnamcoffeeunited.com\/wp-content\/uploads\/2024\/09\/Robusta-Honey-5.jpg\" alt=\"Robusta Honey\" width=\"1080\" height=\"1080\" srcset=\"https:\/\/vietnamcoffeeunited.com\/wp-content\/uploads\/2024\/09\/Robusta-Honey-5.jpg 1080w, https:\/\/vietnamcoffeeunited.com\/wp-content\/uploads\/2024\/09\/Robusta-Honey-5-300x300.jpg 300w, https:\/\/vietnamcoffeeunited.com\/wp-content\/uploads\/2024\/09\/Robusta-Honey-5-1024x1024.jpg 1024w, https:\/\/vietnamcoffeeunited.com\/wp-content\/uploads\/2024\/09\/Robusta-Honey-5-150x150.jpg 150w, https:\/\/vietnamcoffeeunited.com\/wp-content\/uploads\/2024\/09\/Robusta-Honey-5-768x768.jpg 768w, https:\/\/vietnamcoffeeunited.com\/wp-content\/uploads\/2024\/09\/Robusta-Honey-5-12x12.jpg 12w, https:\/\/vietnamcoffeeunited.com\/wp-content\/uploads\/2024\/09\/Robusta-Honey-5-600x600.jpg 600w, https:\/\/vietnamcoffeeunited.com\/wp-content\/uploads\/2024\/09\/Robusta-Honey-5-100x100.jpg 100w\" sizes=\"(max-width: 1080px) 100vw, 1080px\" \/><figcaption id=\"caption-attachment-5681\" class=\"wp-caption-text\">Robusta Honey<\/figcaption><\/figure>\n<p>Hi\u1ec7n t\u1ea1i, VCU cung c\u1ea5p c\u00e0 ph\u00ea Ro Honey \u0111\u01b0\u1ee3c ch\u1ebf bi\u1ebfn k\u1ef9 l\u01b0\u1ee1ng v\u00e0 s\u1ea1ch s\u1ebd <strong>Robusta Honey<\/strong> v\u1edbi t\u1ef7 l\u1ec7 ch\u00edn cao, \u0111\u1ea3m b\u1ea3o ngu\u1ed3n cung \u1ed5n \u0111\u1ecbnh cho c\u00e1c nh\u00e0 rang.<\/p>\n<h3><strong>Th\u00f4ng tin s\u1ea3n ph\u1ea9m<\/strong><\/h3>\n<ul>\n<li><strong>T\u1ec9 l\u1ec7 ch\u00edn<\/strong> 96 \u2013 97%<\/li>\n<li><strong>H\u1ea1t \u0111en<\/strong> 0.1%<\/li>\n<li><strong>H\u1ea1t v\u1ee1<\/strong> 0.5%<\/li>\n<li><strong>T\u1ea1p<\/strong> 0.1%<\/li>\n<\/ul>\n<figure id=\"attachment_5784\" aria-describedby=\"caption-attachment-5784\" style=\"width: 1080px\" class=\"wp-caption alignnone\"><img decoding=\"async\" class=\"size-full wp-image-5784\" src=\"https:\/\/vietnamcoffeeunited.com\/wp-content\/uploads\/2024\/10\/Robusta-Honey-3.jpg\" alt=\"Green Beans Robusta Honey \" width=\"1080\" height=\"1080\" srcset=\"https:\/\/vietnamcoffeeunited.com\/wp-content\/uploads\/2024\/10\/Robusta-Honey-3.jpg 1080w, https:\/\/vietnamcoffeeunited.com\/wp-content\/uploads\/2024\/10\/Robusta-Honey-3-300x300.jpg 300w, https:\/\/vietnamcoffeeunited.com\/wp-content\/uploads\/2024\/10\/Robusta-Honey-3-1024x1024.jpg 1024w, https:\/\/vietnamcoffeeunited.com\/wp-content\/uploads\/2024\/10\/Robusta-Honey-3-150x150.jpg 150w, https:\/\/vietnamcoffeeunited.com\/wp-content\/uploads\/2024\/10\/Robusta-Honey-3-768x768.jpg 768w, https:\/\/vietnamcoffeeunited.com\/wp-content\/uploads\/2024\/10\/Robusta-Honey-3-12x12.jpg 12w, https:\/\/vietnamcoffeeunited.com\/wp-content\/uploads\/2024\/10\/Robusta-Honey-3-600x600.jpg 600w, https:\/\/vietnamcoffeeunited.com\/wp-content\/uploads\/2024\/10\/Robusta-Honey-3-100x100.jpg 100w\" sizes=\"(max-width: 1080px) 100vw, 1080px\" \/><figcaption id=\"caption-attachment-5784\" class=\"wp-caption-text\">Green Beans Robusta Honey<\/figcaption><\/figure>\n<h3><strong>T\u1ea1i sao ch\u1ecdn c\u00e0 ph\u00ea Robusta Clean c\u1ee7a VCU<\/strong><\/h3>\n<p><a href=\"https:\/\/vietnamcoffeeunited.com\/vi\/danh-muc-san-pham\/robusta-coffee\/robusta-green-beans-coffee\/\">C\u00e0 ph\u00ea nh\u00e2n xanh c\u1ee7a VCU<\/a>\u00a0tr\u1ea3i qua quy tr\u00ecnh l\u00e0m s\u1ea1ch nghi\u00eam ng\u1eb7t v\u00e0 kh\u00e9p k\u00edn, bao g\u1ed3m vi\u1ec7c t\u00e1ch \u0111\u00e1 v\u00e0 ph\u00e2n lo\u1ea1i m\u00e0u s\u1eafc. C\u00f4ng ngh\u1ec7 ti\u00ean ti\u1ebfn lo\u1ea1i b\u1ecf t\u1ea1p ch\u1ea5t, h\u1ea1t \u0111en v\u00e0 h\u1ea1t l\u1ed7i, t\u1ea1o ra s\u1ea3n ph\u1ea9m c\u00f3 ch\u1ea5t l\u01b0\u1ee3ng v\u01b0\u1ee3t tr\u1ed9i v\u00e0 h\u01b0\u01a1ng v\u1ecb t\u1ef1 nhi\u00ean.<\/p>\n<p>\u0110\u1eb7c bi\u1ec7t, VCU c\u00f3 m\u1ea1ng l\u01b0\u1edbi h\u1ee3p t\u00e1c c\u00f9ng nhi\u1ec1u farm v\u00e0 h\u1ed9 n\u00f4ng d\u00e2n t\u1ea1i v\u00f9ng nguy\u00ean li\u1ec7u Gia Lai, \u0111\u1ea3m b\u1ea3o lu\u00f4n c\u00f3 ngu\u1ed3n cung \u1ed5n \u0111\u1ecbnh v\u00e0 d\u1ed3i d\u00e0o. Song song \u0111\u00f3, t\u1ef1 s\u1ea3n xu\u1ea5t c\u00e0 ph\u00ea nh\u00e2n xanh n\u00ean ki\u1ec3m so\u00e1t ch\u1eb7t ch\u1ebd \u0111\u01b0\u1ee3c ch\u1ea5t l\u01b0\u1ee3ng, kh\u00f4ng qua trung gian n\u00ean gi\u00e1 th\u00e0nh r\u1ea5t t\u1ed1t.<\/p>\n<p>N\u1ebfu b\u1ea1n quan t\u00e2m \u0111\u1ebfn h\u01b0\u01a1ng v\u1ecb v\u00e0 ch\u1ea5t l\u01b0\u1ee3ng\u00a0<strong>Robusta Honey<\/strong>, h\u00e3y li\u00ean h\u1ec7 ngay v\u1edbi ch\u00fang t\u00f4i \u0111\u1ec3 \u0111\u01b0\u1ee3c t\u01b0 v\u1ea5n v\u00e0 b\u00e1o gi\u00e1 t\u1ed1t nh\u1ea5t!<\/p>\n<p><strong>\u0110\u1ecdc th\u00eam: <\/strong><strong><a href=\"https:\/\/vietnamcoffeeunited.com\/vi\/san-pham\/roasted-robusta-honey\/\">C\u00e0 ph\u00ea h\u1ea1t rang Robusta Honey<\/a><\/strong><\/p>\n<p><iframe title=\"Gi\u1edbi thi\u1ec7u v\u1ec1 VCU | Introduction to VCU | VCU JSC\" width=\"800\" height=\"600\" src=\"https:\/\/www.youtube.com\/embed\/cKhKf4tUysA?feature=oembed\" frameborder=\"0\" allow=\"accelerometer; autoplay; clipboard-write; encrypted-media; gyroscope; picture-in-picture; web-share\" referrerpolicy=\"strict-origin-when-cross-origin\" allowfullscreen><\/iframe><\/p>\n<p><strong>\u0110\u1ecdc th\u00eam: <a href=\"https:\/\/vietnamcoffeeunited.com\/vi\/san-pham\/roasted-robusta-honey\/\">C\u00e0 ph\u00ea h\u1ea1t rang Robusta Honey<\/a><\/strong><\/p>\n<h3><strong>Th\u00f4ng tin li\u00ean h\u1ec7<\/strong><\/h3>\n<p><strong>C\u00f4ng ty C\u1ed5 ph\u1ea7n VCU (VCU JSC)<\/strong><br \/>\n<strong>\u0110\u1ecba ch\u1ec9:<\/strong><br \/>\n\u2013\u00a0<strong>C\u01a1 s\u1edf rang:<\/strong>\u00a0T\u1ed5 d\u00e2n Ph\u1ed1 6,  th\u1ecb tr\u1ea5n Ch\u01b0 Pr\u00f4ng, huy\u1ec7n Ch\u01b0 Pr\u00f4ng, t\u1ec9nh Gia Lai<br \/>\n\u2013\u00a0<strong>C\u01a1 s\u1edf c\u00e0 ph\u00ea nh\u00e2n xanh:<\/strong>\u00a0X\u00e3 Ia Der, Huy\u1ec7n Ia Grai, T\u1ec9nh Gia Lai<\/p>\n<p><span class=\"elementor-icon-list-text\">\u2013\u00a0<strong>Hotline:\u00a0<\/strong><\/span>+84 941 203 879<\/p>\n<p>\u2013\u00a0<strong>Fanpage:\u00a0<a href=\"https:\/\/www.facebook.com\/vcuvietnamcoffeeunited\" target=\"_blank\" rel=\"noopener noreferrer nofollow\">VCU \u2013 Vietnam Coffee United<\/a><\/strong><\/p>\n<p><span class=\"elementor-icon-list-text\">\u2013\u00a0<strong>Email:<\/strong>\u00a0info@vietnamcoffeeunited.com<\/span><\/p>","protected":false},"excerpt":{"rendered":"<ul>\n<li><strong>Ph\u01b0\u01a1ng ph\u00e1p ch\u1ebf bi\u1ebfn<\/strong>: Honey<\/li>\n<li><strong>Ph\u01b0\u01a1ng ph\u00e1p s\u01a1 ch\u1ebf kh\u00e1c: <\/strong><a href=\"https:\/\/vietnamcoffeeunited.com\/vi\/san-pham\/robusta-natural\/\">Robusta Natural<\/a><\/li>\n<li><strong>Ph\u00e2n lo\u1ea1i<\/strong>: Premium<\/li>\n<li><strong>Size<\/strong>: S13\/S16\/S18<\/li>\n<li><strong>T\u1ef7 l\u1ec7 ch\u00edn<\/strong>: 96 \u2013 97%<\/li>\n<li><strong>Th\u1eddi gian s\u1eed d\u1ee5ng t\u1ed1t nh\u1ea5t<\/strong>: 24 th\u00e1ng<\/li>\n<li><strong>V\u00f9ng tr\u1ed3ng<\/strong>: Vi\u1ec7t Nam<\/li>\n<li><strong>\u0110\u00f3ng g\u00f3i:<\/strong>: 30kg\/bag, 60kg\/bag, jute bag or PP bag, or as customers requirement<\/li>\n<li><strong>\u0110\u1eb7t h\u00e0ng t\u1ed1i thi\u1ec3u<\/strong>: 5 t\u1ea5n ho\u1eb7c th\u01b0\u01a1ng l\u01b0\u1ee3ng<\/li>\n<li><strong>N\u0103ng l\u1ef1c s\u1ea3n xu\u1ea5t<\/strong>: 100 t\u1ea5n\/th\u00e1ng<\/li>\n<li><strong>Th\u1eddi gian giao h\u00e0ng<\/strong>: Trong v\u00f2ng 2-3 ng\u00e0y sau khi nh\u1eadn \u0111\u01b0\u1ee3c L\/C ho\u1eb7c ti\u1ec1n \u0111\u1eb7t c\u1ecdc t\u1eeb ng\u01b0\u1eddi mua<\/li>\n<li><strong>Ch\u00ednh s\u00e1ch thanh to\u00e1n:<\/strong>: T\/T, L\/C at sight<\/li>\n<li><strong>Ch\u1ee9ng t\u1eeb v\u1eadn chuy\u1ec3n<\/strong>: Inv, PL, BoL, CO, Phyto, Fumi.<\/li>\n<li><strong>C\u1ea3ng h\u00e0ng<\/strong>: C\u1ea3ng C\u00e1t L\u00e1i, TP. HCM<\/li>\n<\/ul>","protected":false},"featured_media":6203,"comment_status":"open","ping_status":"closed","template":"","meta":[],"product_cat":[149],"product_tag":[246,237,215,245,221,211,213],"_links":{"self":[{"href":"https:\/\/vietnamcoffeeunited.com\/vi\/wp-json\/wp\/v2\/product\/4301"}],"collection":[{"href":"https:\/\/vietnamcoffeeunited.com\/vi\/wp-json\/wp\/v2\/product"}],"about":[{"href":"https:\/\/vietnamcoffeeunited.com\/vi\/wp-json\/wp\/v2\/types\/product"}],"replies":[{"embeddable":true,"href":"https:\/\/vietnamcoffeeunited.com\/vi\/wp-json\/wp\/v2\/comments?post=4301"}],"wp:featuredmedia":[{"embeddable":true,"href":"https:\/\/vietnamcoffeeunited.com\/vi\/wp-json\/wp\/v2\/media\/6203"}],"wp:attachment":[{"href":"https:\/\/vietnamcoffeeunited.com\/vi\/wp-json\/wp\/v2\/media?parent=4301"}],"wp:term":[{"taxonomy":"product_cat","embeddable":true,"href":"https:\/\/vietnamcoffeeunited.com\/vi\/wp-json\/wp\/v2\/product_cat?post=4301"},{"taxonomy":"product_tag","embeddable":true,"href":"https:\/\/vietnamcoffeeunited.com\/vi\/wp-json\/wp\/v2\/product_tag?post=4301"}],"curies":[{"name":"wp","href":"https:\/\/api.w.org\/{rel}","templated":true}]}}