{"id":4292,"date":"2024-07-15T13:46:36","date_gmt":"2024-07-15T06:46:36","guid":{"rendered":"https:\/\/vietnamcoffeeunited.com\/?post_type=product&#038;p=4292"},"modified":"2024-10-11T13:55:15","modified_gmt":"2024-10-11T06:55:15","slug":"arabica-full-washed-cau-dat","status":"publish","type":"product","link":"https:\/\/vietnamcoffeeunited.com\/vi\/san-pham\/arabica-full-washed-cau-dat\/","title":{"rendered":"Arabica C\u1ea7u \u0110\u1ea5t Full Washed"},"content":{"rendered":"<h2 style=\"text-align: center;\"><strong>Arabica C\u1ea7u \u0110\u1ea5t Full Washed<\/strong><\/h2>\n<h3><strong>Gi\u1edbi thi\u1ec7u Arabica C\u1ea7u \u0110\u1ea5t<\/strong><\/h3>\n<p>Lam Dong Province is blessed with fertile basalt soil, making it ideal for growing long-term industrial crops like coffee. The first Arabica coffee varieties planted in Cau Dat, such as Yellow Bourbon or Typica, are also highly favored for their captivating aroma and flavor. These coffees possess a delicate acidity with a mild bitterness, creating a sophisticated taste of premium coffee. With its cool climate and year-round fog, Da Lat is considered the paradise of Arabica coffee.<\/p>\n<figure id=\"attachment_5766\" aria-describedby=\"caption-attachment-5766\" style=\"width: 1080px\" class=\"wp-caption alignnone\"><img decoding=\"async\" class=\"size-full wp-image-5766\" src=\"https:\/\/vietnamcoffeeunited.com\/wp-content\/uploads\/2024\/09\/arabica-full-washed-cau-dat-3.jpg\" alt=\"Arabica Full Washed Cau Dat\" width=\"1080\" height=\"1080\" srcset=\"https:\/\/vietnamcoffeeunited.com\/wp-content\/uploads\/2024\/09\/arabica-full-washed-cau-dat-3.jpg 1080w, https:\/\/vietnamcoffeeunited.com\/wp-content\/uploads\/2024\/09\/arabica-full-washed-cau-dat-3-300x300.jpg 300w, https:\/\/vietnamcoffeeunited.com\/wp-content\/uploads\/2024\/09\/arabica-full-washed-cau-dat-3-1024x1024.jpg 1024w, https:\/\/vietnamcoffeeunited.com\/wp-content\/uploads\/2024\/09\/arabica-full-washed-cau-dat-3-150x150.jpg 150w, https:\/\/vietnamcoffeeunited.com\/wp-content\/uploads\/2024\/09\/arabica-full-washed-cau-dat-3-768x768.jpg 768w, https:\/\/vietnamcoffeeunited.com\/wp-content\/uploads\/2024\/09\/arabica-full-washed-cau-dat-3-12x12.jpg 12w, https:\/\/vietnamcoffeeunited.com\/wp-content\/uploads\/2024\/09\/arabica-full-washed-cau-dat-3-600x600.jpg 600w, https:\/\/vietnamcoffeeunited.com\/wp-content\/uploads\/2024\/09\/arabica-full-washed-cau-dat-3-100x100.jpg 100w\" sizes=\"(max-width: 1080px) 100vw, 1080px\" \/><figcaption id=\"caption-attachment-5766\" class=\"wp-caption-text\">Arabica C\u1ea7u \u0110\u1ea5t Full Washed<\/figcaption><\/figure>\n<h3><strong>Ph\u01b0\u01a1ng ph\u00e1p ch\u1ebf bi\u1ebfn Full Washed l\u00e0 g\u00ec?<\/strong><\/h3>\n<p>Ch\u1ebf bi\u1ebfn \u01b0\u1edbt, hay c\u00f2n g\u1ecdi l\u00e0 l\u00ean men \u01b0\u1edbt, l\u00e0 m\u1ed9t quy tr\u00ecnh x\u1eed l\u00fd c\u00e0 ph\u00ea sau thu ho\u1ea1ch nh\u1eb1m lo\u1ea1i b\u1ecf ho\u00e0n to\u00e0n ph\u1ea7n th\u1ecbt qu\u1ea3 tr\u01b0\u1edbc khi l\u00e0m kh\u00f4 h\u1ea1t. \u0110\u00e2y l\u00e0 chu\u1ed7i c\u00e1c b\u01b0\u1edbc t\u1eeb l\u00fac c\u00e0 ph\u00ea \u0111\u01b0\u1ee3c h\u00e1i, ph\u00e2n lo\u1ea1i, t\u00e1ch v\u1ecf qu\u1ea3, ng\u00e2m \u1ee7 l\u00ean men, r\u1eeda s\u1ea1ch v\u00e0 cu\u1ed1i c\u00f9ng l\u00e0 s\u1ea5y kh\u00f4 h\u1ea1t \u0111\u1ebfn \u0111\u1ed9 \u1ea9m kho\u1ea3ng 10-12%.<\/p>\n<p>So v\u1edbi ph\u01b0\u01a1ng ph\u00e1p ch\u1ebf bi\u1ebfn kh\u00f4, ch\u1ebf bi\u1ebfn \u01b0\u1edbt l\u00e0 m\u1ed9t quy tr\u00ecnh ph\u1ee9c t\u1ea1p v\u00e0 t\u1ed1n k\u00e9m h\u01a1n v\u1ec1 m\u1eb7t th\u1eddi gian, ngu\u1ed3n n\u01b0\u1edbc v\u00e0 m\u00e1y m\u00f3c. Tuy nhi\u00ean, khi \u0111\u01b0\u1ee3c th\u1ef1c hi\u1ec7n \u0111\u00fang c\u00e1ch, n\u00f3 l\u1ea1i mang l\u1ea1i nh\u1eefng \u01b0u \u0111i\u1ec3m v\u01b0\u1ee3t tr\u1ed9i v\u1ec1 ch\u1ea5t l\u01b0\u1ee3ng c\u00e0 ph\u00ea.<\/p>\n<p><strong>Quy tr\u00ecnh s\u01a1 ch\u1ebf Full Washed di\u1ec5n ra g\u1ed3m 4 b\u01b0\u1edbc ch\u00ednh:<\/strong><\/p>\n<p><strong>B\u01b0\u1edbc 1:<\/strong> Thu ho\u1ea1ch c\u00e0 ph\u00ea<\/p>\n<p><strong>B\u01b0\u1edbc 2:<\/strong> X\u00e1t b\u1ecf v\u1ecf qu\u1ea3<\/p>\n<p><strong>B\u01b0\u1edbc 3:<\/strong> L\u00ean men lo\u1ea1i b\u1ecf ch\u1ea5t nh\u1ea7y<\/p>\n<p><strong>B\u01b0\u1edbc 4:<\/strong> Ph\u01a1i ho\u1eb7c s\u1ea5y kh\u00f4 th\u00e0nh ph\u1ea9m<\/p>\n<blockquote><p>At VCU, Arabica Full Washed Cau Dat coffee is 100% sun-dried.<\/p><\/blockquote>\n<p>Khi \u0111\u01b0\u1ee3c s\u01a1 ch\u1ebf b\u1eb1ng ph\u01b0\u01a1ng ph\u00e1p Full Washed, c\u00e0 ph\u00ea Arabica C\u1ea7u \u0110\u1ea5t s\u1ebd c\u00f3 h\u01b0\u01a1ng v\u1ecb t\u1ef1 nhi\u00ean \u0111a d\u1ea1ng, v\u1ecb chua thanh, h\u1eadu v\u1ecb ng\u1ecdt nh\u1eb9.<\/p>\n<h3><strong>Th\u00f4ng tin s\u1ea3n ph\u1ea9m<\/strong><\/h3>\n<ul>\n<li>\u0110\u1ed9 \u1ea9m: 12.5%<\/li>\n<li>H\u1ea1t \u0111en: 0.1%<\/li>\n<li>H\u1ea1t v\u1ee1: 1%<\/li>\n<li>T\u1ea1p: 0.1%<\/li>\n<li>V\u00f9ng tr\u1ed3ng: C\u1ea7u \u0110\u1ea5t - T\u1ec9nh L\u00e2m \u0110\u1ed3ng<\/li>\n<\/ul>\n<p>Contact us immediately if you are interested in <strong>Arabica C\u1ea7u \u0110\u1ea5t Full Washed<\/strong> coffee. <a href=\"https:\/\/vietnamcoffeeunited.com\/vi\/\">VCU<\/a> offers sizes S14, S16, and S18. Each coffee bean is carefully harvested and meticulously sorted to bring you the best quality product.<\/p>\n<p>Read More:<\/p>\n<p>1. <a href=\"https:\/\/vietnamcoffeeunited.com\/vi\/san-pham\/arabica-son-la-coffee-s14-s16-s18\/\">C\u00e0 ph\u00ea Arabica S\u01a1n La - S14, S16, S18<\/a><\/p>\n<p>2. <a href=\"https:\/\/vietnamcoffeeunited.com\/vi\/san-pham\/roasted-arabica-cau-dat\/\">C\u00e0 ph\u00ea h\u1ea1t rang Arabica C\u1ea7u \u0110\u1ea5t<\/a><\/p>\n<figure id=\"attachment_5767\" aria-describedby=\"caption-attachment-5767\" style=\"width: 1080px\" class=\"wp-caption alignnone\"><img decoding=\"async\" class=\"wp-image-5767 size-full\" src=\"https:\/\/vietnamcoffeeunited.com\/wp-content\/uploads\/2024\/09\/arabica-full-washed-cau-dat-1.jpg\" alt=\"Arabica Cau Dat S18\" width=\"1080\" height=\"1080\" srcset=\"https:\/\/vietnamcoffeeunited.com\/wp-content\/uploads\/2024\/09\/arabica-full-washed-cau-dat-1.jpg 1080w, https:\/\/vietnamcoffeeunited.com\/wp-content\/uploads\/2024\/09\/arabica-full-washed-cau-dat-1-300x300.jpg 300w, https:\/\/vietnamcoffeeunited.com\/wp-content\/uploads\/2024\/09\/arabica-full-washed-cau-dat-1-1024x1024.jpg 1024w, https:\/\/vietnamcoffeeunited.com\/wp-content\/uploads\/2024\/09\/arabica-full-washed-cau-dat-1-150x150.jpg 150w, https:\/\/vietnamcoffeeunited.com\/wp-content\/uploads\/2024\/09\/arabica-full-washed-cau-dat-1-768x768.jpg 768w, https:\/\/vietnamcoffeeunited.com\/wp-content\/uploads\/2024\/09\/arabica-full-washed-cau-dat-1-12x12.jpg 12w, https:\/\/vietnamcoffeeunited.com\/wp-content\/uploads\/2024\/09\/arabica-full-washed-cau-dat-1-600x600.jpg 600w, https:\/\/vietnamcoffeeunited.com\/wp-content\/uploads\/2024\/09\/arabica-full-washed-cau-dat-1-100x100.jpg 100w\" sizes=\"(max-width: 1080px) 100vw, 1080px\" \/><figcaption id=\"caption-attachment-5767\" class=\"wp-caption-text\">Arabica Full washed Cau Dat S18<\/figcaption><\/figure>\n<h3><strong>Th\u00f4ng tin li\u00ean h\u1ec7<\/strong><\/h3>\n<p><strong>C\u00f4ng ty C\u1ed5 ph\u1ea7n VCU (VCU JSC)<\/strong><br \/>\n<strong>\u0110\u1ecba ch\u1ec9:<\/strong><br \/>\n\u2013\u00a0<strong>C\u01a1 s\u1edf rang:<\/strong>\u00a0T\u1ed5 d\u00e2n Ph\u1ed1 6,  th\u1ecb tr\u1ea5n Ch\u01b0 Pr\u00f4ng, huy\u1ec7n Ch\u01b0 Pr\u00f4ng, t\u1ec9nh Gia Lai<br \/>\n\u2013\u00a0<strong>C\u01a1 s\u1edf c\u00e0 ph\u00ea nh\u00e2n xanh:<\/strong>\u00a0X\u00e3 Ia Der, Huy\u1ec7n Ia Grai, T\u1ec9nh Gia Lai<\/p>\n<p><span class=\"elementor-icon-list-text\">\u2013\u00a0<strong>Hotline:\u00a0<\/strong><\/span>+84 941 203 879<\/p>\n<p>\u2013\u00a0<strong>Fanpage:\u00a0<a href=\"https:\/\/www.facebook.com\/vcuvietnamcoffeeunited\" target=\"_blank\" rel=\"noopener noreferrer nofollow\">VCU \u2013 Vietnam Coffee United<\/a><\/strong><\/p>\n<p><span class=\"elementor-icon-list-text\">\u2013\u00a0<strong>Email:<\/strong>\u00a0info@vietnamcoffeeunited.com<\/span><\/p>","protected":false},"excerpt":{"rendered":"<ul>\n<li><strong>Ph\u01b0\u01a1ng ph\u00e1p ch\u1ebf bi\u1ebfn<\/strong>: Full Washed<\/li>\n<li><strong>Ph\u00e2n lo\u1ea1i<\/strong>: Th\u01b0\u01a1ng m\u1ea1i<\/li>\n<li><strong>Size<\/strong>: S14\/S16\/S18<\/li>\n<li><strong>Th\u1eddi gian s\u1eed d\u1ee5ng t\u1ed1t nh\u1ea5t<\/strong>: 24 th\u00e1ng<\/li>\n<li><strong>V\u00f9ng tr\u1ed3ng<\/strong>: L\u00e2m \u0110\u1ed3ng (Vi\u1ec7t Nam)<\/li>\n<li><strong>\u0110\u00f3ng g\u00f3i:<\/strong>: 30kg\/bag, 60kg\/bag, jute bag or PP bag, or as customers requirement<\/li>\n<li><strong>\u0110\u1eb7t h\u00e0ng t\u1ed1i thi\u1ec3u<\/strong>: 5 t\u1ea5n ho\u1eb7c th\u01b0\u01a1ng l\u01b0\u1ee3ng<\/li>\n<li><strong>N\u0103ng l\u1ef1c s\u1ea3n xu\u1ea5t<\/strong>: 100 t\u1ea5n\/th\u00e1ng<\/li>\n<li><strong>Th\u1eddi gian giao h\u00e0ng<\/strong>: Trong v\u00f2ng 2-3 ng\u00e0y sau khi nh\u1eadn \u0111\u01b0\u1ee3c L\/C ho\u1eb7c ti\u1ec1n \u0111\u1eb7t c\u1ecdc t\u1eeb ng\u01b0\u1eddi mua<\/li>\n<li><strong>Ch\u00ednh s\u00e1ch thanh to\u00e1n:<\/strong>: T\/T, L\/C at sight<\/li>\n<li><strong>Ch\u1ee9ng t\u1eeb v\u1eadn chuy\u1ec3n<\/strong>: Inv, PL, BoL, CO, Phyto, Fumi.<\/li>\n<li><strong>C\u1ea3ng h\u00e0ng<\/strong>: C\u1ea3ng C\u00e1t L\u00e1i, TP. HCM<\/li>\n<li><strong>Ngo\u00e0i ra<\/strong>: <a href=\"https:\/\/vietnamcoffeeunited.com\/vi\/san-pham\/arabica-full-washed-son-la\/\">Arabica S\u01a1n La Full Washed<\/a><\/li>\n<\/ul>","protected":false},"featured_media":5768,"comment_status":"open","ping_status":"closed","template":"","meta":[],"product_cat":[146],"product_tag":[243,247,244,248,242,212,211,213],"_links":{"self":[{"href":"https:\/\/vietnamcoffeeunited.com\/vi\/wp-json\/wp\/v2\/product\/4292"}],"collection":[{"href":"https:\/\/vietnamcoffeeunited.com\/vi\/wp-json\/wp\/v2\/product"}],"about":[{"href":"https:\/\/vietnamcoffeeunited.com\/vi\/wp-json\/wp\/v2\/types\/product"}],"replies":[{"embeddable":true,"href":"https:\/\/vietnamcoffeeunited.com\/vi\/wp-json\/wp\/v2\/comments?post=4292"}],"wp:featuredmedia":[{"embeddable":true,"href":"https:\/\/vietnamcoffeeunited.com\/vi\/wp-json\/wp\/v2\/media\/5768"}],"wp:attachment":[{"href":"https:\/\/vietnamcoffeeunited.com\/vi\/wp-json\/wp\/v2\/media?parent=4292"}],"wp:term":[{"taxonomy":"product_cat","embeddable":true,"href":"https:\/\/vietnamcoffeeunited.com\/vi\/wp-json\/wp\/v2\/product_cat?post=4292"},{"taxonomy":"product_tag","embeddable":true,"href":"https:\/\/vietnamcoffeeunited.com\/vi\/wp-json\/wp\/v2\/product_tag?post=4292"}],"curies":[{"name":"wp","href":"https:\/\/api.w.org\/{rel}","templated":true}]}}