{"id":3355,"date":"2024-07-02T17:29:36","date_gmt":"2024-07-02T10:29:36","guid":{"rendered":"https:\/\/vietnamcoffeeunited.com\/?post_type=product&#038;p=3355"},"modified":"2025-03-26T15:25:57","modified_gmt":"2025-03-26T08:25:57","slug":"culi-robusta","status":"publish","type":"product","link":"https:\/\/vietnamcoffeeunited.com\/vi\/san-pham\/culi-robusta\/","title":{"rendered":"Culi Robusta"},"content":{"rendered":"<h2 style=\"text-align: center;\"><strong>Culi Robusta\u00a0<\/strong><\/h2>\n<p>Gu \u0111\u1eafng \u0111\u1eadm, n\u1ed5i b\u1eadt v\u1edbi h\u01b0\u01a1ng g\u1ed7 v\u00e0 \u0111\u1ea5t, h\u1eadu v\u1ecb m\u00f9i \u0111\u1eadu ph\u1ed9ng, n\u1ed3ng \u0111\u1ed9 m\u00f9i h\u01b0\u01a1ng cao, m\u1ea1nh m\u1ebd, \u0111\u1ed9 chua th\u1ea5p, caffein cao, l\u1edbp crema d\u00e0y l\u00e0 nh\u1eefng \u01b0u \u0111i\u1ec3m c\u1ee7a Culi Robusta. <strong>Culi Robusta<\/strong>.<\/p>\n<figure id=\"attachment_5713\" aria-describedby=\"caption-attachment-5713\" style=\"width: 1080px\" class=\"wp-caption alignnone\"><img decoding=\"async\" class=\"size-full wp-image-5713\" src=\"https:\/\/vietnamcoffeeunited.com\/wp-content\/uploads\/2024\/09\/Culi-Robusta-3.jpg\" alt=\"Green beans Culi Robusta\" width=\"1080\" height=\"1080\" srcset=\"https:\/\/vietnamcoffeeunited.com\/wp-content\/uploads\/2024\/09\/Culi-Robusta-3.jpg 1080w, https:\/\/vietnamcoffeeunited.com\/wp-content\/uploads\/2024\/09\/Culi-Robusta-3-300x300.jpg 300w, https:\/\/vietnamcoffeeunited.com\/wp-content\/uploads\/2024\/09\/Culi-Robusta-3-1024x1024.jpg 1024w, https:\/\/vietnamcoffeeunited.com\/wp-content\/uploads\/2024\/09\/Culi-Robusta-3-150x150.jpg 150w, https:\/\/vietnamcoffeeunited.com\/wp-content\/uploads\/2024\/09\/Culi-Robusta-3-768x768.jpg 768w, https:\/\/vietnamcoffeeunited.com\/wp-content\/uploads\/2024\/09\/Culi-Robusta-3-12x12.jpg 12w, https:\/\/vietnamcoffeeunited.com\/wp-content\/uploads\/2024\/09\/Culi-Robusta-3-600x600.jpg 600w, https:\/\/vietnamcoffeeunited.com\/wp-content\/uploads\/2024\/09\/Culi-Robusta-3-100x100.jpg 100w\" sizes=\"(max-width: 1080px) 100vw, 1080px\" \/><figcaption id=\"caption-attachment-5713\" class=\"wp-caption-text\">Green beans Culi Robusta<\/figcaption><\/figure>\n<h3><strong>Gi\u1edbi thi\u1ec7u c\u00e0 ph\u00ea Culi Robusta<\/strong><\/h3>\n<p>C\u00e0 ph\u00ea Culi c\u00f3 h\u00ecnh d\u00e1ng tr\u00f2n tr\u1ecba. N\u1ebfu nh\u01b0 b\u00ecnh th\u01b0\u1eddng, c\u00e0 ph\u00ea c\u00f3 2 nh\u00e2n trong 1 tr\u00e1i, th\u00ec c\u00e0 ph\u00ea Culi ch\u1ec9 c\u00f3 1 nh\u00e2n duy nh\u1ea5t. Ch\u00ednh v\u00ec v\u1eady, Culi \u0111\u01b0\u1ee3c xem nh\u01b0 m\u1ed9t d\u00f2ng \u0111\u1ed9t bi\u1ebfn c\u1ee7a Robusta ho\u1eb7c Arabica.<\/p>\n<p>Ch\u1ec9 chi\u1ebfm t\u1ef7 l\u1ec7 2 \u2013 4% trong m\u1ed9t v\u1ee5 m\u00f9a, c\u00f3 th\u1ec3 n\u00f3i l\u00e0 kh\u00e1 hi\u1ebfm hoi v\u00e0 c\u00f3 gi\u00e1 tr\u1ecb cao, c\u00e0 ph\u00ea Culi Robusta mang h\u01b0\u01a1ng v\u1ecb \u0111\u1ed9c \u0111\u00e1o, m\u1ea1nh m\u1ebd v\u00e0 \u0111\u1eafng h\u01a1n so v\u1edbi c\u00e0 ph\u00ea Robusta.<\/p>\n<p>T\u1ea1i Vi\u1ec7t Nam, c\u00e0 ph\u00ea Culi Robusta c\u00f2n kh\u00e1 k\u00e9n ng\u01b0\u1eddi u\u1ed1ng, th\u00f4ng th\u01b0\u1eddng, Culi \u0111\u01b0\u1ee3c blend c\u00f9ng Robusta ho\u1eb7c Arabica ho\u1eb7c Robusta v\u00e0 Arabica \u0111\u1ec3 t\u1ea1o n\u00ean h\u01b0\u01a1ng v\u1ecb \u0111\u1eb7c bi\u1ec7t, th\u00eam ch\u00fat m\u1ea1nh m\u1ebd v\u00e0 ph\u00f9 h\u1ee3p v\u1edbi th\u1ecb hi\u1ebfu ng\u01b0\u1eddi ti\u00eau d\u00f9ng.<\/p>\n<h3><strong>Ph\u01b0\u01a1ng ph\u00e1p s\u01a1 ch\u1ebf c\u00e0 ph\u00ea Culi Robusta<\/strong><\/h3>\n<p>Culi is processed similarly to Robusta coffee, usually by the unwashed\/dry method. After washing the coffee, removing damaged beans, leaves, and dry branches, Robusta coffee is processed unwashed, and Culi Robusta beans are sorted. Subsequent steps are the same as for Robusta.<\/p>\n<h3><strong>H\u01b0\u01a1ng v\u1ecb c\u1ee7a c\u00e0 ph\u00ea Culi<\/strong><\/h3>\n<p>N\u1ebfu d\u00f9ng 3 t\u1eeb \u0111\u1ec3 mi\u00eau t\u1ea3 v\u1ec1 c\u00e0 ph\u00ea Culi th\u00ec \u0111\u00f3 c\u00f3 l\u1ebd l\u00e0 \u0111\u1eafng, \u0111\u1eadm v\u00e0 chat. V\u1edbi nh\u1eefng h\u01b0\u01a1ng v\u1ecb nh\u01b0 v\u1eady, nhi\u1ec1u ng\u01b0\u1eddi c\u00f3 th\u1ec3 cho r\u1eb1ng Culi \u00edt \u0111\u01b0\u1ee3c \u01b0a chu\u1ed9ng. Tuy nhi\u00ean, v\u00ec \u0111\u1ed9 hi\u1ebfm, \u0111\u1ed9 \u0111\u1eadm \u0111\u1eb7c v\u00e0 n\u00e9t c\u00e1 t\u00ednh ri\u00eang, Culi ng\u00e0y c\u00e0ng \u0111\u01b0\u1ee3c ng\u01b0\u1eddi s\u00e0nh c\u00e0 ph\u00ea y\u00eau th\u00edch, ho\u1eb7c \u0111\u01a1n gi\u1ea3n blend c\u00f9ng Robusta hay Arabica \u0111\u1ec3 gia t\u0103ng th\u00eam h\u01b0\u01a1ng v\u1ecb \u0111\u1ed9c \u0111\u00e1o.<\/p>\n<h3><strong>Th\u00f4ng tin s\u1ea3n ph\u1ea9m<\/strong><\/h3>\n<ul>\n<li>H\u00e0ng ph\u01a1i n\u1eafng<\/li>\n<li>Density cao<\/li>\n<li>\u0110en: 0.7%<\/li>\n<li>V\u1ee1: 1%<\/li>\n<li>T\u1ea1p: 0.2%<\/li>\n<li>Growing regions: Gia Lai, Daklak<\/li>\n<\/ul>\n<figure id=\"attachment_5714\" aria-describedby=\"caption-attachment-5714\" style=\"width: 1080px\" class=\"wp-caption alignnone\"><img decoding=\"async\" class=\"size-full wp-image-5714\" src=\"https:\/\/vietnamcoffeeunited.com\/wp-content\/uploads\/2024\/09\/Culi-Robusta-4.jpg\" alt=\"Culi Robusta Clean\" width=\"1080\" height=\"1080\" srcset=\"https:\/\/vietnamcoffeeunited.com\/wp-content\/uploads\/2024\/09\/Culi-Robusta-4.jpg 1080w, https:\/\/vietnamcoffeeunited.com\/wp-content\/uploads\/2024\/09\/Culi-Robusta-4-300x300.jpg 300w, https:\/\/vietnamcoffeeunited.com\/wp-content\/uploads\/2024\/09\/Culi-Robusta-4-1024x1024.jpg 1024w, https:\/\/vietnamcoffeeunited.com\/wp-content\/uploads\/2024\/09\/Culi-Robusta-4-150x150.jpg 150w, https:\/\/vietnamcoffeeunited.com\/wp-content\/uploads\/2024\/09\/Culi-Robusta-4-768x768.jpg 768w, https:\/\/vietnamcoffeeunited.com\/wp-content\/uploads\/2024\/09\/Culi-Robusta-4-12x12.jpg 12w, https:\/\/vietnamcoffeeunited.com\/wp-content\/uploads\/2024\/09\/Culi-Robusta-4-600x600.jpg 600w, https:\/\/vietnamcoffeeunited.com\/wp-content\/uploads\/2024\/09\/Culi-Robusta-4-100x100.jpg 100w\" sizes=\"(max-width: 1080px) 100vw, 1080px\" \/><figcaption id=\"caption-attachment-5714\" class=\"wp-caption-text\">Culi Robusta Clean<\/figcaption><\/figure>\n<h3><strong>Gi\u00e1 c\u1ee7a c\u00e0 ph\u00ea Culi<\/strong><\/h3>\n<p>B\u1edfi s\u1ea3n l\u01b0\u1ee3ng m\u1ed7i m\u00f9a v\u1ee5 r\u1ea5t \u00edt, th\u00eam v\u00e0o \u0111\u00f3 ph\u01b0\u01a1ng ph\u00e1p ch\u1ebf bi\u1ebfn c\u0169ng kh\u00e1c bi\u1ec7t n\u00ean gi\u00e1 th\u00e0nh c\u1ee7a c\u00e0 ph\u00ea Culi Robusta s\u1ebd ph\u1ee5 thu\u1ed9c v\u00e0o s\u1ea3n l\u01b0\u1ee3ng thu ho\u1ea1ch \u0111\u01b0\u1ee3c v\u00e0 bi\u1ebfn \u0111\u1ed9ng theo th\u1ecb tr\u01b0\u1eddng c\u00e0 ph\u00ea.<\/p>\n<h3><strong>T\u1ea1i sao mua c\u00e0 ph\u00ea Culi c\u1ee7a VCU JSC?<\/strong><\/h3>\n<p><a href=\"https:\/\/vietnamcoffeeunited.com\/vi\/\">VCU<\/a> (Vietnam Coffee United) specializes in producing and processing green coffee beans and roasted beans, including Culi coffee. We provide both commercial-grade and high-quality coffee, meeting the demand for large, stable quantities at competitive prices.<\/p>\n<p>T\u1ecda l\u1ea1c t\u1ea1i v\u00f9ng nguy\u00ean li\u1ec7u, VCU c\u00f3 ngu\u1ed3n h\u00e0ng d\u1ed3i d\u00e0o v\u00e0 \u1ed5n \u0111\u1ecbnh quanh n\u0103m.\nC\u00f3 nh\u00e0 m\u00e1y s\u1ea3n xu\u1ea5t nh\u00e2n xanh, ki\u1ec3m so\u00e1t \u0111\u01b0\u1ee3c ch\u1ea5t l\u01b0\u1ee3ng \u0111\u1ea7u v\u00e0o.\nC\u00e0 ph\u00ea \u0111\u1ed3ng \u0111\u1ec1u v\u1ec1 ch\u1ea5t l\u01b0\u1ee3ng, \u0111\u01b0\u1ee3c t\u00e1ch \u0111\u00e1, b\u1eafn m\u00e0u tr\u01b0\u1edbc khi giao.\nH\u00e0ng ph\u01a1i n\u1eafng, cho h\u01b0\u01a1ng t\u1ed1t.\nGi\u00e1 th\u00e0nh c\u1ea1nh tranh.\nLi\u00ean h\u1ec7 v\u1edbi VCU \u0111\u1ec3 \u0111\u01b0\u1ee3c t\u01b0 v\u1ea5n v\u00e0 b\u00e1o gi\u00e1 ngay nh\u00e9!<\/p>\n<p><strong>\u0110\u1ecdc th\u00eam: <a href=\"https:\/\/vietnamcoffeeunited.com\/vi\/danh-muc-san-pham\/robusta-coffee\/robusta-green-beans-coffee\/\">Robusta green beans coffee<\/a><\/strong><\/p>\n<h3><strong>Th\u00f4ng tin li\u00ean h\u1ec7<\/strong><\/h3>\n<p><strong>C\u00f4ng ty C\u1ed5 ph\u1ea7n VCU (VCU JSC)<\/strong><br \/>\n<strong>\u0110\u1ecba ch\u1ec9:<\/strong><br \/>\n\u2013\u00a0<strong>C\u01a1 s\u1edf rang:<\/strong>\u00a0T\u1ed5 d\u00e2n Ph\u1ed1 6,  th\u1ecb tr\u1ea5n Ch\u01b0 Pr\u00f4ng, huy\u1ec7n Ch\u01b0 Pr\u00f4ng, t\u1ec9nh Gia Lai<br \/>\n\u2013\u00a0<strong>C\u01a1 s\u1edf c\u00e0 ph\u00ea nh\u00e2n xanh:<\/strong>\u00a0X\u00e3 Ia Der, Huy\u1ec7n Ia Grai, T\u1ec9nh Gia Lai<\/p>\n<p><span class=\"elementor-icon-list-text\">\u2013\u00a0<strong>Hotline:\u00a0<\/strong><\/span>+84 941 203 879<\/p>\n<p>\u2013\u00a0<strong>Fanpage:\u00a0<a href=\"https:\/\/www.facebook.com\/vcuvietnamcoffeeunited\" target=\"_blank\" rel=\"noopener noreferrer nofollow\">VCU \u2013 Vietnam Coffee United<\/a><\/strong><\/p>\n<p><span class=\"elementor-icon-list-text\">\u2013\u00a0<strong>Email:<\/strong>\u00a0info@vietnamcoffeeunited.com<\/span><\/p>","protected":false},"excerpt":{"rendered":"<ul>\n<li><strong>Ph\u01b0\u01a1ng ph\u00e1p ch\u1ebf bi\u1ebfn<\/strong>: Unwashed\/Dry\/Natural<\/li>\n<li><strong>Ph\u00e2n lo\u1ea1i<\/strong>: Th\u01b0\u01a1ng m\u1ea1i<\/li>\n<li><strong>Size<\/strong>: S13\/S16\/S18<\/li>\n<li><strong>Th\u1eddi gian s\u1eed d\u1ee5ng t\u1ed1t nh\u1ea5t<\/strong>: 24 th\u00e1ng<\/li>\n<li><strong>V\u00f9ng tr\u1ed3ng<\/strong>: Vi\u1ec7t Nam<\/li>\n<li><strong>\u0110\u00f3ng g\u00f3i:<\/strong>: 30kg\/bag, 60kg\/bag, jute bag or PP bag, or as customers requirement<\/li>\n<li><strong>\u0110\u1eb7t h\u00e0ng t\u1ed1i thi\u1ec3u<\/strong>: 5 t\u1ea5n ho\u1eb7c th\u01b0\u01a1ng l\u01b0\u1ee3ng<\/li>\n<li><strong>N\u0103ng l\u1ef1c s\u1ea3n xu\u1ea5t<\/strong>: 100 t\u1ea5n\/th\u00e1ng<\/li>\n<li><strong>Th\u1eddi gian giao h\u00e0ng<\/strong>: Trong v\u00f2ng 2-3 ng\u00e0y sau khi nh\u1eadn \u0111\u01b0\u1ee3c L\/C ho\u1eb7c ti\u1ec1n \u0111\u1eb7t c\u1ecdc t\u1eeb ng\u01b0\u1eddi mua<\/li>\n<li><strong>Ch\u00ednh s\u00e1ch thanh to\u00e1n:<\/strong>: T\/T, L\/C at sight<\/li>\n<li><strong>Ch\u1ee9ng t\u1eeb v\u1eadn chuy\u1ec3n<\/strong>: Inv, PL, BoL, CO, Phyto, Fumi.<\/li>\n<li><strong>C\u1ea3ng h\u00e0ng<\/strong>: C\u1ea3ng C\u00e1t L\u00e1i, TP. HCM<\/li>\n<\/ul>","protected":false},"featured_media":6200,"comment_status":"open","ping_status":"closed","template":"","meta":[],"product_cat":[149],"product_tag":[241,250,249,215,211,252,213],"_links":{"self":[{"href":"https:\/\/vietnamcoffeeunited.com\/vi\/wp-json\/wp\/v2\/product\/3355"}],"collection":[{"href":"https:\/\/vietnamcoffeeunited.com\/vi\/wp-json\/wp\/v2\/product"}],"about":[{"href":"https:\/\/vietnamcoffeeunited.com\/vi\/wp-json\/wp\/v2\/types\/product"}],"replies":[{"embeddable":true,"href":"https:\/\/vietnamcoffeeunited.com\/vi\/wp-json\/wp\/v2\/comments?post=3355"}],"wp:featuredmedia":[{"embeddable":true,"href":"https:\/\/vietnamcoffeeunited.com\/vi\/wp-json\/wp\/v2\/media\/6200"}],"wp:attachment":[{"href":"https:\/\/vietnamcoffeeunited.com\/vi\/wp-json\/wp\/v2\/media?parent=3355"}],"wp:term":[{"taxonomy":"product_cat","embeddable":true,"href":"https:\/\/vietnamcoffeeunited.com\/vi\/wp-json\/wp\/v2\/product_cat?post=3355"},{"taxonomy":"product_tag","embeddable":true,"href":"https:\/\/vietnamcoffeeunited.com\/vi\/wp-json\/wp\/v2\/product_tag?post=3355"}],"curies":[{"name":"wp","href":"https:\/\/api.w.org\/{rel}","templated":true}]}}