{"id":3340,"date":"2024-07-02T17:17:37","date_gmt":"2024-07-02T10:17:37","guid":{"rendered":"https:\/\/vietnamcoffeeunited.com\/?post_type=product&#038;p=3340"},"modified":"2025-03-26T15:04:45","modified_gmt":"2025-03-26T08:04:45","slug":"arabica-full-washed-son-la","status":"publish","type":"product","link":"https:\/\/vietnamcoffeeunited.com\/vi\/san-pham\/arabica-full-washed-son-la\/","title":{"rendered":"Arabica S\u01a1n La Full Washed"},"content":{"rendered":"<h2 style=\"text-align: center;\"><strong>Arabica S\u01a1n La Full Washed<\/strong><\/h2>\n<h3><strong>Gi\u1edbi thi\u1ec7u c\u00e0 ph\u00ea Arabica S\u01a1n La (Vi\u1ec7t Nam)<\/strong><\/h3>\n<p>T\u1ec9nh S\u01a1n La n\u1ed5i ti\u1ebfng v\u1edbi h\u1ec7 th\u1ed1ng n\u00fai non tr\u00f9ng \u0111i\u1ec7p, \u0111\u01b0\u1ee3c bao quanh b\u1edfi c\u00e1c b\u1ed3n \u0111\u1ecba v\u00e0 c\u00e1c cao nguy\u00ea, \u0111\u00e2y l\u00e0 \u0111\u1ecba h\u00ecnh l\u00fd t\u01b0\u1edfng cho gi\u1ed1ng c\u00e2y tr\u1ed3ng Arabica ph\u00e1t tri\u1ec3n. Do \u1ea3nh h\u01b0\u1edfng c\u1ee7a kh\u00ed h\u1eadu kh\u1eafc nhi\u1ec7t, l\u01b0\u1ee3ng m\u01b0a l\u1edbn v\u00e0o m\u00f9a h\u00e8, l\u1ea1nh v\u00e0o m\u00f9a \u0111\u00f4ng, nh\u1edd v\u1eady Arabica v\u1eeba ph\u00e1t tri\u1ec3n t\u1ed1t v\u1eeba cho ch\u1ea5t l\u01b0\u1ee3ng cao. H\u01b0\u01a1ng v\u1ecb Arabica \u0111\u01b0\u1ee3c h\u00ecnh th\u00e0nh t\u1eeb v\u00f9ng \u0111\u1ea5t n\u00e0y c\u0169ng mang \u0111\u1ebfn h\u01b0\u01a1ng v\u1ecb th\u01a1m kh\u00f3 t\u1ea3.<\/p>\n<figure id=\"attachment_5770\" aria-describedby=\"caption-attachment-5770\" style=\"width: 1080px\" class=\"wp-caption alignnone\"><img decoding=\"async\" class=\"size-full wp-image-5770\" src=\"https:\/\/vietnamcoffeeunited.com\/wp-content\/uploads\/2024\/09\/Arabica-full-washed-son-la-2.jpg\" alt=\"Arabica Full Washed Son La S18\" width=\"1080\" height=\"1080\" srcset=\"https:\/\/vietnamcoffeeunited.com\/wp-content\/uploads\/2024\/09\/Arabica-full-washed-son-la-2.jpg 1080w, https:\/\/vietnamcoffeeunited.com\/wp-content\/uploads\/2024\/09\/Arabica-full-washed-son-la-2-300x300.jpg 300w, https:\/\/vietnamcoffeeunited.com\/wp-content\/uploads\/2024\/09\/Arabica-full-washed-son-la-2-1024x1024.jpg 1024w, https:\/\/vietnamcoffeeunited.com\/wp-content\/uploads\/2024\/09\/Arabica-full-washed-son-la-2-150x150.jpg 150w, https:\/\/vietnamcoffeeunited.com\/wp-content\/uploads\/2024\/09\/Arabica-full-washed-son-la-2-768x768.jpg 768w, https:\/\/vietnamcoffeeunited.com\/wp-content\/uploads\/2024\/09\/Arabica-full-washed-son-la-2-12x12.jpg 12w, https:\/\/vietnamcoffeeunited.com\/wp-content\/uploads\/2024\/09\/Arabica-full-washed-son-la-2-600x600.jpg 600w, https:\/\/vietnamcoffeeunited.com\/wp-content\/uploads\/2024\/09\/Arabica-full-washed-son-la-2-100x100.jpg 100w\" sizes=\"(max-width: 1080px) 100vw, 1080px\" \/><figcaption id=\"caption-attachment-5770\" class=\"wp-caption-text\">Arabica Full Washed Son La S18<\/figcaption><\/figure>\n<h3><strong>Ph\u01b0\u01a1ng ph\u00e1p ch\u1ebf bi\u1ebfn Full Washed l\u00e0 g\u00ec?<\/strong><\/h3>\n<p>Ch\u1ebf bi\u1ebfn \u01b0\u1edbt, hay c\u00f2n g\u1ecdi l\u00e0 l\u00ean men \u01b0\u1edbt, l\u00e0 m\u1ed9t quy tr\u00ecnh x\u1eed l\u00fd c\u00e0 ph\u00ea sau thu ho\u1ea1ch nh\u1eb1m lo\u1ea1i b\u1ecf ho\u00e0n to\u00e0n ph\u1ea7n th\u1ecbt qu\u1ea3 tr\u01b0\u1edbc khi l\u00e0m kh\u00f4 h\u1ea1t. \u0110\u00e2y l\u00e0 chu\u1ed7i c\u00e1c b\u01b0\u1edbc t\u1eeb l\u00fac c\u00e0 ph\u00ea \u0111\u01b0\u1ee3c h\u00e1i, ph\u00e2n lo\u1ea1i, t\u00e1ch v\u1ecf qu\u1ea3, ng\u00e2m \u1ee7 l\u00ean men, r\u1eeda s\u1ea1ch v\u00e0 cu\u1ed1i c\u00f9ng l\u00e0 s\u1ea5y kh\u00f4 h\u1ea1t \u0111\u1ebfn \u0111\u1ed9 \u1ea9m kho\u1ea3ng 10-12%.<\/p>\n<p>So v\u1edbi ph\u01b0\u01a1ng ph\u00e1p ch\u1ebf bi\u1ebfn kh\u00f4, ch\u1ebf bi\u1ebfn \u01b0\u1edbt l\u00e0 m\u1ed9t quy tr\u00ecnh ph\u1ee9c t\u1ea1p v\u00e0 t\u1ed1n k\u00e9m h\u01a1n v\u1ec1 m\u1eb7t th\u1eddi gian, ngu\u1ed3n n\u01b0\u1edbc v\u00e0 m\u00e1y m\u00f3c. Tuy nhi\u00ean, khi \u0111\u01b0\u1ee3c th\u1ef1c hi\u1ec7n \u0111\u00fang c\u00e1ch, n\u00f3 l\u1ea1i mang l\u1ea1i nh\u1eefng \u01b0u \u0111i\u1ec3m v\u01b0\u1ee3t tr\u1ed9i v\u1ec1 ch\u1ea5t l\u01b0\u1ee3ng c\u00e0 ph\u00ea.<\/p>\n<p><strong>Quy tr\u00ecnh s\u01a1 ch\u1ebf Full Washed di\u1ec5n ra g\u1ed3m 4 b\u01b0\u1edbc ch\u00ednh:<\/strong><\/p>\n<p><strong>B\u01b0\u1edbc 1:<\/strong>\u00a0Thu ho\u1ea1ch c\u00e0 ph\u00ea<\/p>\n<p><strong>B\u01b0\u1edbc 2:<\/strong>\u00a0X\u00e1t b\u1ecf v\u1ecf qu\u1ea3<\/p>\n<p><strong>B\u01b0\u1edbc 3:<\/strong>\u00a0L\u00ean men lo\u1ea1i b\u1ecf ch\u1ea5t nh\u1ea7y<\/p>\n<p><strong>B\u01b0\u1edbc 4:<\/strong>\u00a0Ph\u01a1i ho\u1eb7c s\u1ea5y kh\u00f4 th\u00e0nh ph\u1ea9m<\/p>\n<blockquote><p>At VCU, Arabica Full Washed Son La coffee is 100% sun-dried.<\/p><\/blockquote>\n<p>Khi \u0111\u01b0\u1ee3c s\u01a1 ch\u1ebf b\u1eb1ng ph\u01b0\u01a1ng ph\u00e1p Full Washed, c\u00e0 ph\u00ea Arabica S\u01a1n La s\u1ebd c\u00f3 h\u01b0\u01a1ng v\u1ecb t\u1ef1 nhi\u00ean \u0111a d\u1ea1ng, v\u1ecb chua thanh, h\u1eadu v\u1ecb ng\u1ecdt nh\u1eb9.<\/p>\n<p><strong>\u0110\u1ecdc th\u00eam:<\/strong><\/p>\n<ol>\n<li><a href=\"https:\/\/vietnamcoffeeunited.com\/vi\/san-pham\/roasted-arabica-son-la\/\">C\u00e0 ph\u00ea h\u1ea1t rang Arabica S\u01a1n La<\/a><\/li>\n<li><a href=\"https:\/\/vietnamcoffeeunited.com\/vi\/san-pham\/premium-arabica-coffee\/\">Premium Arabica Coffee<\/a><\/li>\n<\/ol>\n<h3><strong>Th\u00f4ng tin s\u1ea3n ph\u1ea9m<\/strong><\/h3>\n<ul>\n<li>\u0110\u1ed9 \u1ea9m: 12.5%<\/li>\n<li>H\u1ea1t \u0111en: 0.1%<\/li>\n<li>H\u1ea1t v\u1ee1: 1%<\/li>\n<li>T\u1ea1p: 0.1%<\/li>\n<li>V\u00f9ng tr\u1ed3ng: T\u1ec9nh S\u01a1n La<\/li>\n<\/ul>\n<figure id=\"attachment_5771\" aria-describedby=\"caption-attachment-5771\" style=\"width: 1080px\" class=\"wp-caption alignnone\"><img decoding=\"async\" class=\"size-full wp-image-5771\" src=\"https:\/\/vietnamcoffeeunited.com\/wp-content\/uploads\/2024\/09\/Arabica-full-washed-son-la-4.jpg\" alt=\"Arabica Son La Full Washed\" width=\"1080\" height=\"1080\" srcset=\"https:\/\/vietnamcoffeeunited.com\/wp-content\/uploads\/2024\/09\/Arabica-full-washed-son-la-4.jpg 1080w, https:\/\/vietnamcoffeeunited.com\/wp-content\/uploads\/2024\/09\/Arabica-full-washed-son-la-4-300x300.jpg 300w, https:\/\/vietnamcoffeeunited.com\/wp-content\/uploads\/2024\/09\/Arabica-full-washed-son-la-4-1024x1024.jpg 1024w, https:\/\/vietnamcoffeeunited.com\/wp-content\/uploads\/2024\/09\/Arabica-full-washed-son-la-4-150x150.jpg 150w, https:\/\/vietnamcoffeeunited.com\/wp-content\/uploads\/2024\/09\/Arabica-full-washed-son-la-4-768x768.jpg 768w, https:\/\/vietnamcoffeeunited.com\/wp-content\/uploads\/2024\/09\/Arabica-full-washed-son-la-4-12x12.jpg 12w, https:\/\/vietnamcoffeeunited.com\/wp-content\/uploads\/2024\/09\/Arabica-full-washed-son-la-4-600x600.jpg 600w, https:\/\/vietnamcoffeeunited.com\/wp-content\/uploads\/2024\/09\/Arabica-full-washed-son-la-4-100x100.jpg 100w\" sizes=\"(max-width: 1080px) 100vw, 1080px\" \/><figcaption id=\"caption-attachment-5771\" class=\"wp-caption-text\">Arabica Son La Full Washed<\/figcaption><\/figure>\n<p>Contact us immediately if you are interested in Arabica Full Washed Son La coffee. VCU offers sizes S14, S16, and S18. Each coffee bean is carefully harvested and meticulously sorted to bring you the best quality product.<\/p>\n<h3><strong>Why Choose Arabica Full Washed Son La from VCU JSC?<\/strong><\/h3>\n<p><a href=\"https:\/\/vietnamcoffeeunited.com\/vi\/\">VCU JSC<\/a> is a specialized unit in the processing and production of green coffee beans and roasted coffee. We have a network of partnerships with major farms and local farmers, ensuring a stable supply throughout the year, including Son La Arabica (Vietnam). Additionally, you can choose from a variety of green coffee beans and roasted coffee, such as Robusta Clean, Fine Robusta, and Arabica Cau Dat, all offered at competitive prices with top-notch quality.<\/p>\n<p>V\u1edbi kinh nghi\u1ec7m x\u00e2y d\u1ef1ng v\u00e0 ph\u00e1t tri\u1ec3n th\u01b0\u01a1ng hi\u1ec7u trong nhi\u1ec1u n\u0103m qua, VCU t\u1ef1 tin l\u00e0 nh\u00e0 cung c\u1ea5p c\u00e0 ph\u00ea uy t\u00edn \u2013 minh b\u1ea1ch \u2013 tin c\u1eady cho kh\u00e1ch h\u00e0ng.<\/p>\n<figure id=\"attachment_5772\" aria-describedby=\"caption-attachment-5772\" style=\"width: 1080px\" class=\"wp-caption alignnone\"><img decoding=\"async\" class=\"size-full wp-image-5772\" src=\"https:\/\/vietnamcoffeeunited.com\/wp-content\/uploads\/2024\/09\/Arabica-full-washed-son-la-3.jpg\" alt=\"Arabica Full Washed Son La Coffee\" width=\"1080\" height=\"1080\" srcset=\"https:\/\/vietnamcoffeeunited.com\/wp-content\/uploads\/2024\/09\/Arabica-full-washed-son-la-3.jpg 1080w, https:\/\/vietnamcoffeeunited.com\/wp-content\/uploads\/2024\/09\/Arabica-full-washed-son-la-3-300x300.jpg 300w, https:\/\/vietnamcoffeeunited.com\/wp-content\/uploads\/2024\/09\/Arabica-full-washed-son-la-3-1024x1024.jpg 1024w, https:\/\/vietnamcoffeeunited.com\/wp-content\/uploads\/2024\/09\/Arabica-full-washed-son-la-3-150x150.jpg 150w, https:\/\/vietnamcoffeeunited.com\/wp-content\/uploads\/2024\/09\/Arabica-full-washed-son-la-3-768x768.jpg 768w, https:\/\/vietnamcoffeeunited.com\/wp-content\/uploads\/2024\/09\/Arabica-full-washed-son-la-3-12x12.jpg 12w, https:\/\/vietnamcoffeeunited.com\/wp-content\/uploads\/2024\/09\/Arabica-full-washed-son-la-3-600x600.jpg 600w, https:\/\/vietnamcoffeeunited.com\/wp-content\/uploads\/2024\/09\/Arabica-full-washed-son-la-3-100x100.jpg 100w\" sizes=\"(max-width: 1080px) 100vw, 1080px\" \/><figcaption id=\"caption-attachment-5772\" class=\"wp-caption-text\">Arabica Full Washed Son La Coffee<\/figcaption><\/figure>\n<h3><strong>Th\u00f4ng tin li\u00ean h\u1ec7<\/strong><\/h3>\n<p><strong>C\u00f4ng ty C\u1ed5 ph\u1ea7n VCU (VCU JSC)<\/strong><br \/>\n<strong>\u0110\u1ecba ch\u1ec9:<\/strong><br \/>\n\u2013\u00a0<strong>C\u01a1 s\u1edf rang:<\/strong>\u00a0T\u1ed5 d\u00e2n Ph\u1ed1 6,  th\u1ecb tr\u1ea5n Ch\u01b0 Pr\u00f4ng, huy\u1ec7n Ch\u01b0 Pr\u00f4ng, t\u1ec9nh Gia Lai<br \/>\n\u2013\u00a0<strong>C\u01a1 s\u1edf c\u00e0 ph\u00ea nh\u00e2n xanh:<\/strong>\u00a0X\u00e3 Ia Der, Huy\u1ec7n Ia Grai, T\u1ec9nh Gia Lai<\/p>\n<p><span class=\"elementor-icon-list-text\">\u2013\u00a0<strong>Hotline:\u00a0<\/strong><\/span>+84 941 203 879<\/p>\n<p>\u2013\u00a0<strong>Fanpage:\u00a0<a href=\"https:\/\/www.facebook.com\/vcuvietnamcoffeeunited\" target=\"_blank\" rel=\"noopener noreferrer nofollow\">VCU \u2013 Vietnam Coffee United<\/a><\/strong><\/p>\n<p><span class=\"elementor-icon-list-text\">\u2013\u00a0<strong>Email:<\/strong>\u00a0info@vietnamcoffeeunited.com<\/span><\/p>","protected":false},"excerpt":{"rendered":"<ul>\n<li><strong>Ph\u01b0\u01a1ng ph\u00e1p ch\u1ebf bi\u1ebfn<\/strong>: Full Washed<\/li>\n<li><strong>Ph\u00e2n lo\u1ea1i<\/strong>: Th\u01b0\u01a1ng m\u1ea1i<\/li>\n<li><strong>Size<\/strong>: S14\/S16\/S18<\/li>\n<li><strong>Th\u1eddi gian s\u1eed d\u1ee5ng t\u1ed1t nh\u1ea5t<\/strong>: 24 th\u00e1ng<\/li>\n<li><strong>V\u00f9ng tr\u1ed3ng<\/strong>: S\u01a1n La (Vi\u1ec7t Nam)<\/li>\n<li><strong>\u0110\u00f3ng g\u00f3i:<\/strong>: 30kg\/bag, 60kg\/bag, jute bag or PP bag, or as customers requirement<\/li>\n<li><strong>\u0110\u1eb7t h\u00e0ng t\u1ed1i thi\u1ec3u<\/strong>: 5 t\u1ea5n ho\u1eb7c th\u01b0\u01a1ng l\u01b0\u1ee3ng<\/li>\n<li><strong>N\u0103ng l\u1ef1c s\u1ea3n xu\u1ea5t<\/strong>: 100 t\u1ea5n\/th\u00e1ng<\/li>\n<li><strong>Th\u1eddi gian giao h\u00e0ng<\/strong>: Trong v\u00f2ng 2-3 ng\u00e0y sau khi nh\u1eadn \u0111\u01b0\u1ee3c L\/C ho\u1eb7c ti\u1ec1n \u0111\u1eb7t c\u1ecdc t\u1eeb ng\u01b0\u1eddi mua<\/li>\n<li><strong>Ch\u00ednh s\u00e1ch thanh to\u00e1n:<\/strong>: T\/T, L\/C at sight<\/li>\n<li><strong>Ch\u1ee9ng t\u1eeb v\u1eadn chuy\u1ec3n<\/strong>: Inv, PL, BoL, CO, Phyto, Fumi.<\/li>\n<li><strong>C\u1ea3ng h\u00e0ng<\/strong>: C\u1ea3ng C\u00e1t L\u00e1i, TP. HCM<\/li>\n<\/ul>","protected":false},"featured_media":6196,"comment_status":"open","ping_status":"closed","template":"","meta":[],"product_cat":[146],"product_tag":[241,247,253,248,242,221,211,213],"_links":{"self":[{"href":"https:\/\/vietnamcoffeeunited.com\/vi\/wp-json\/wp\/v2\/product\/3340"}],"collection":[{"href":"https:\/\/vietnamcoffeeunited.com\/vi\/wp-json\/wp\/v2\/product"}],"about":[{"href":"https:\/\/vietnamcoffeeunited.com\/vi\/wp-json\/wp\/v2\/types\/product"}],"replies":[{"embeddable":true,"href":"https:\/\/vietnamcoffeeunited.com\/vi\/wp-json\/wp\/v2\/comments?post=3340"}],"wp:featuredmedia":[{"embeddable":true,"href":"https:\/\/vietnamcoffeeunited.com\/vi\/wp-json\/wp\/v2\/media\/6196"}],"wp:attachment":[{"href":"https:\/\/vietnamcoffeeunited.com\/vi\/wp-json\/wp\/v2\/media?parent=3340"}],"wp:term":[{"taxonomy":"product_cat","embeddable":true,"href":"https:\/\/vietnamcoffeeunited.com\/vi\/wp-json\/wp\/v2\/product_cat?post=3340"},{"taxonomy":"product_tag","embeddable":true,"href":"https:\/\/vietnamcoffeeunited.com\/vi\/wp-json\/wp\/v2\/product_tag?post=3340"}],"curies":[{"name":"wp","href":"https:\/\/api.w.org\/{rel}","templated":true}]}}