{"id":3330,"date":"2024-07-02T17:13:38","date_gmt":"2024-07-02T10:13:38","guid":{"rendered":"https:\/\/vietnamcoffeeunited.com\/?post_type=product&#038;p=3330"},"modified":"2025-08-20T15:43:06","modified_gmt":"2025-08-20T08:43:06","slug":"roasted_clean_robusta","status":"publish","type":"product","link":"https:\/\/vietnamcoffeeunited.com\/vi\/san-pham\/roasted_clean_robusta\/","title":{"rendered":"C\u00e0 ph\u00ea h\u1ea1t rang Robusta Clean"},"content":{"rendered":"<h2 style=\"text-align: center;\"><strong>C\u00e0 ph\u00ea h\u1ea1t rang Robusta Clean<\/strong><\/h2>\n<h3><strong>Gi\u1edbi thi\u1ec7u c\u00e0 ph\u00ea h\u1ea1t rang Robusta Clean<\/strong><\/h3>\n<p><strong>C\u00e0 ph\u00ea h\u1ea1t rang Robusta Clean<\/strong> : H\u1ea1t c\u00e0 ph\u00ea \u0111\u01b0\u1ee3c rang t\u1eeb nh\u1eefng h\u1ea1t c\u00e0 ph\u00ea c\u00f9ng lo\u1ea1i. T\u1ea1i VCU, t\u1eeb giai \u0111o\u1ea1n s\u1ea3n xu\u1ea5t h\u1ea1t c\u00e0 ph\u00ea xanh, c\u00e0 ph\u00ea \u0111\u01b0\u1ee3c ph\u01a1i n\u1eafng, b\u1eafn m\u00e0u, t\u00e1ch \u0111\u00e1 v\u00e0 ph\u00e2n lo\u1ea1i theo tr\u1ecdng l\u01b0\u1ee3ng m\u1ed9t c\u00e1ch k\u1ef9 l\u01b0\u1ee1ng, \u0111\u1ea3m b\u1ea3o r\u1eb1ng c\u00e1c h\u1ea1t lu\u00f4n c\u00f3:<\/p>\n<ul>\n<li>Body \u0111\u1ea7y \u0111\u1eb7n<\/li>\n<li>Density cao<\/li>\n<li>Ph\u01a1i n\u1eafng n\u00ean cho h\u01b0\u01a1ng t\u1ed1t<\/li>\n<li>C\u00e0 ph\u00ea \u0111\u1eadm \u0111\u00e0, v\u1ecb m\u1ea1nh m\u1ebd, l\u1edbp crema d\u00e0y<\/li>\n<\/ul>\n<p>\u0110\u1eb7c bi\u1ec7t, v\u00ec c\u00e0 ph\u00ea \u0111\u01b0\u1ee3c t\u00e1ch \u0111\u00e1 s\u1ea1ch s\u1ebd, khi b\u1ea1n nh\u1eadp c\u00e0 ph\u00ea h\u1ea1t rang \u0111\u1ec3 xay v\u00e0 kinh doanh, ho\u00e0n to\u00e0n c\u00f3 th\u1ec3 y\u00ean t\u00e2m kh\u00f4ng lo \u0111\u1ee9t g\u00e3y, h\u1ecfng dao m\u00e1y xay.<\/p>\n<p>H\u01a1n n\u1eefa, qu\u00e1 tr\u00ecnh l\u01b0u kho \u0111\u01b0\u1ee3c \u0111\u1ea3m b\u1ea3o, tu\u00e2n th\u1ee7 quy \u0111\u1ecbnh nghi\u00eam ng\u1eb7t, khi c\u00e0 ph\u00ea \u0111\u1ebfn tay v\u1eabn gi\u1eef \u0111\u01b0\u1ee3c h\u01b0\u01a1ng v\u1ecb tr\u1ecdn v\u1eb9n.<\/p>\n<figure id=\"attachment_5697\" aria-describedby=\"caption-attachment-5697\" style=\"width: 1080px\" class=\"wp-caption alignnone\"><img decoding=\"async\" class=\"size-full wp-image-5697\" src=\"https:\/\/vietnamcoffeeunited.com\/wp-content\/uploads\/2024\/09\/Roasted-Clean-Robusta-2.jpg\" alt=\"Roasted Clean Robusta VCU\" width=\"1080\" height=\"1080\" srcset=\"https:\/\/vietnamcoffeeunited.com\/wp-content\/uploads\/2024\/09\/Roasted-Clean-Robusta-2.jpg 1080w, https:\/\/vietnamcoffeeunited.com\/wp-content\/uploads\/2024\/09\/Roasted-Clean-Robusta-2-300x300.jpg 300w, https:\/\/vietnamcoffeeunited.com\/wp-content\/uploads\/2024\/09\/Roasted-Clean-Robusta-2-1024x1024.jpg 1024w, https:\/\/vietnamcoffeeunited.com\/wp-content\/uploads\/2024\/09\/Roasted-Clean-Robusta-2-150x150.jpg 150w, https:\/\/vietnamcoffeeunited.com\/wp-content\/uploads\/2024\/09\/Roasted-Clean-Robusta-2-768x768.jpg 768w, https:\/\/vietnamcoffeeunited.com\/wp-content\/uploads\/2024\/09\/Roasted-Clean-Robusta-2-12x12.jpg 12w, https:\/\/vietnamcoffeeunited.com\/wp-content\/uploads\/2024\/09\/Roasted-Clean-Robusta-2-600x600.jpg 600w, https:\/\/vietnamcoffeeunited.com\/wp-content\/uploads\/2024\/09\/Roasted-Clean-Robusta-2-100x100.jpg 100w\" sizes=\"(max-width: 1080px) 100vw, 1080px\" \/><figcaption id=\"caption-attachment-5697\" class=\"wp-caption-text\">Roasted Clean Robusta VCU<\/figcaption><\/figure>\n<h3><strong>Th\u00f4ng tin s\u1ea3n ph\u1ea9m<\/strong><\/h3>\n<ul>\n<li>Ph\u00e2n lo\u1ea1i: H\u1ea1t rang<\/li>\n<li>Size: S13\/S16\/S18<\/li>\n<li>Roast Level: Light\/Medium\/Dark<\/li>\n<li>S\u1ea3n xu\u1ea5t: VCU - Vietnam Coffee United<\/li>\n<\/ul>\n<h3><strong>T\u1ea1i sao ch\u1ecdn c\u00e0 ph\u00ea h\u1ea1t rang c\u1ee7a VCU JSC?<\/strong><\/h3>\n<p><a href=\"https:\/\/vietnamcoffeeunited.com\/vi\/\">VCU<\/a> (Vietnam Coffee United) l\u00e0 c\u01a1 s\u1edf t\u1ef1 s\u1ea3n xu\u1ea5t h\u1ea1t c\u00e0 ph\u00ea xanh, \u0111\u1ea3m b\u1ea3o ch\u1ea5t l\u01b0\u1ee3ng cho c\u00e0 ph\u00ea h\u1ea1t rang. V\u1edbi c\u00f4ng ngh\u1ec7 rang Hot-air hi\u1ec7n \u0111\u1ea1i v\u00e0 m\u00e1y rang c\u00f4ng nghi\u1ec7p c\u00f3 c\u00f4ng su\u1ea5t 60kg\/m\u1ebb, VCU t\u1ef1 tin \u0111\u00e1p \u1ee9ng nhu c\u1ea7u v\u1ec1 s\u1ed1 l\u01b0\u1ee3ng l\u1edbn v\u00e0 c\u00e1c \u0111\u01a1n h\u00e0ng g\u1ea5p, v\u1edbi ch\u1ea5t l\u01b0\u1ee3ng \u0111\u1ed3ng \u0111\u1ec1u v\u00e0 nh\u1ea5t qu\u00e1n qua t\u1eebng m\u1ebb rang.<\/p>\n<p>B\u00ean c\u1ea1nh \u0111\u00f3, VCU c\u00f3 \u0111\u1ed9i ng\u0169 rang xay l\u00e0nh ngh\u1ec1, nhi\u1ec1u n\u0103m kinh nghi\u1ec7m trong l\u0129nh v\u1ef1c rang c\u00e0 ph\u00ea, ki\u1ec3m so\u00e1t qu\u00e1 tr\u00ecnh rang, \u0111\u1ea3m b\u1ea3o m\u1ee9c rang nh\u01b0 profile c\u1ee7a kh\u00e1ch y\u00eau c\u1ea7u.<\/p>\n<h3><strong>Th\u00f4ng tin li\u00ean h\u1ec7<\/strong><\/h3>\n<p><strong>C\u00f4ng ty C\u1ed5 ph\u1ea7n VCU (VCU JSC)<\/strong><br \/>\n<strong>\u0110\u1ecba ch\u1ec9:<\/strong><br \/>\n\u2013\u00a0<strong>C\u01a1 s\u1edf rang:<\/strong>\u00a0T\u1ed5 d\u00e2n Ph\u1ed1 6,  th\u1ecb tr\u1ea5n Ch\u01b0 Pr\u00f4ng, huy\u1ec7n Ch\u01b0 Pr\u00f4ng, t\u1ec9nh Gia Lai<br \/>\n\u2013\u00a0<strong>C\u01a1 s\u1edf c\u00e0 ph\u00ea nh\u00e2n xanh:<\/strong>\u00a0X\u00e3 Ia Der, Huy\u1ec7n Ia Grai, T\u1ec9nh Gia Lai<\/p>\n<p><span class=\"elementor-icon-list-text\">\u2013\u00a0<strong>Hotline:\u00a0<\/strong><\/span>+84 941 203 879<\/p>\n<p>\u2013\u00a0<strong>Fanpage:\u00a0<a href=\"https:\/\/www.facebook.com\/vcuvietnamcoffeeunited\" target=\"_blank\" rel=\"noopener noreferrer nofollow\">VCU \u2013 Vietnam Coffee United<\/a><\/strong><\/p>\n<p><span class=\"elementor-icon-list-text\">\u2013\u00a0<strong>Email:<\/strong>\u00a0info@vietnamcoffeeunited.com<\/span><\/p>\n<p><iframe title=\"The process of producing high-quality green coffee beans | S\u1ea3n xu\u1ea5t c\u00e0 ph\u00ea nh\u00e2n xanh | VCU JSC #vcu\" width=\"800\" height=\"600\" src=\"https:\/\/www.youtube.com\/embed\/L38IP6Op6XA?start=1&#038;feature=oembed\" frameborder=\"0\" allow=\"accelerometer; autoplay; clipboard-write; encrypted-media; gyroscope; picture-in-picture; web-share\" referrerpolicy=\"strict-origin-when-cross-origin\" allowfullscreen><\/iframe><\/p>","protected":false},"excerpt":{"rendered":"<ul>\n<li><strong>M\u1ee9c rang<\/strong>: Light\/ Medium\/ Dark<\/li>\n<li><strong>Sizes<\/strong>: S13\/S16\/S18<\/li>\n<li><strong>Th\u1eddi gian s\u1eed d\u1ee5ng t\u1ed1t nh\u1ea5t<\/strong>: 12 th\u00e1ng<\/li>\n<li><b>V\u00f9ng tr\u1ed3ng<\/b>: Vi\u1ec7t Nam<\/li>\n<li><strong>\u0110\u00f3ng g\u00f3i:<\/strong>: 30kg\/bag (jute bag or PP bag), \u00a0500g\/bag * 32 bags\/carton, 1kg\/bag * 18 bags\/carton, 5kg\/bag * 3 bags\/carton<\/li>\n<li><strong>\u0110\u1eb7t h\u00e0ng t\u1ed1i thi\u1ec3u<\/strong>: 1 t\u1ea5n ho\u1eb7c th\u01b0\u01a1ng l\u01b0\u1ee3ng<\/li>\n<li><strong>N\u0103ng l\u1ef1c s\u1ea3n xu\u1ea5t<\/strong>: 100 t\u1ea5n\/th\u00e1ng<\/li>\n<li><strong>Th\u1eddi gian giao h\u00e0ng<\/strong>: Trong v\u00f2ng 2-4 ng\u00e0y sau khi nh\u1eadn \u0111\u01b0\u1ee3c L\/C ho\u1eb7c ti\u1ec1n \u0111\u1eb7t c\u1ecdc c\u1ee7a kh\u00e1ch h\u00e0ng<\/li>\n<li><strong>Ch\u00ednh s\u00e1ch thanh to\u00e1n:<\/strong>: T\/T, L\/C at sight<\/li>\n<li><strong>Ch\u1ee9ng t\u1eeb v\u1eadn chuy\u1ec3n<\/strong>: Inv, PL, BoL, CO, Phyto, Fumi.<\/li>\n<li><strong>C\u1ea3ng h\u00e0ng<\/strong>: C\u1ea3ng C\u00e1t L\u00e1i, TP. HCM<\/li>\n<\/ul>","protected":false},"featured_media":6452,"comment_status":"open","ping_status":"closed","template":"","meta":[],"product_cat":[148],"product_tag":[254,298,210,237,207,215,255,221,211,213],"_links":{"self":[{"href":"https:\/\/vietnamcoffeeunited.com\/vi\/wp-json\/wp\/v2\/product\/3330"}],"collection":[{"href":"https:\/\/vietnamcoffeeunited.com\/vi\/wp-json\/wp\/v2\/product"}],"about":[{"href":"https:\/\/vietnamcoffeeunited.com\/vi\/wp-json\/wp\/v2\/types\/product"}],"replies":[{"embeddable":true,"href":"https:\/\/vietnamcoffeeunited.com\/vi\/wp-json\/wp\/v2\/comments?post=3330"}],"wp:featuredmedia":[{"embeddable":true,"href":"https:\/\/vietnamcoffeeunited.com\/vi\/wp-json\/wp\/v2\/media\/6452"}],"wp:attachment":[{"href":"https:\/\/vietnamcoffeeunited.com\/vi\/wp-json\/wp\/v2\/media?parent=3330"}],"wp:term":[{"taxonomy":"product_cat","embeddable":true,"href":"https:\/\/vietnamcoffeeunited.com\/vi\/wp-json\/wp\/v2\/product_cat?post=3330"},{"taxonomy":"product_tag","embeddable":true,"href":"https:\/\/vietnamcoffeeunited.com\/vi\/wp-json\/wp\/v2\/product_tag?post=3330"}],"curies":[{"name":"wp","href":"https:\/\/api.w.org\/{rel}","templated":true}]}}