{"id":3247,"date":"2024-07-02T15:03:59","date_gmt":"2024-07-02T08:03:59","guid":{"rendered":"https:\/\/vietnamcoffeeunited.com\/?post_type=product&#038;p=3247"},"modified":"2025-08-20T15:48:50","modified_gmt":"2025-08-20T08:48:50","slug":"roasted-arabica-cau-dat","status":"publish","type":"product","link":"https:\/\/vietnamcoffeeunited.com\/vi\/san-pham\/roasted-arabica-cau-dat\/","title":{"rendered":"C\u00e0 ph\u00ea h\u1ea1t rang Arabica C\u1ea7u \u0110\u1ea5t"},"content":{"rendered":"<h2 style=\"text-align: center;\"><strong>C\u00e0 ph\u00ea h\u1ea1t rang Arabica C\u1ea7u \u0110\u1ea5t<\/strong><\/h2>\n<div class=\"group\/conversation-turn relative flex w-full min-w-0 flex-col agent-turn\">\n<div class=\"flex-col gap-1 md:gap-3\">\n<div class=\"flex flex-grow flex-col max-w-full\">\n<div class=\"min-h-[20px] text-message flex w-full flex-col items-end gap-2 whitespace-pre-wrap break-words [.text-message+&amp;]:mt-5 overflow-x-auto\" dir=\"auto\" data-message-author-role=\"assistant\" data-message-id=\"8d95f75f-dfa6-49c9-a94b-eb0c4782c92c\">\n<div class=\"flex w-full flex-col gap-1 empty:hidden first:pt-[3px]\">\n<div class=\"markdown prose w-full break-words dark:prose-invert light\">\n<h3>Gi\u1edbi thi\u1ec7u c\u00e0 ph\u00ea h\u1ea1t rang Arabica C\u1ea7u \u0110\u1ea5t<\/h3>\n<p>\u0110\u1eb7c tr\u01b0ng v\u1edbi m\u00f9i h\u01b0\u01a1ng hoa c\u1ecf, v\u1ecb chua nh\u1eb9 nh\u01b0 tr\u00e1i c\u00e2y, Arabica C\u1ea7u \u0110\u1ea5t \u1edf Vi\u1ec7t Nam n\u1ed5i ti\u1ebfng v\u00e0 \u0111\u01b0\u1ee3c th\u1ebf gi\u1edbi \u01b0a chu\u1ed9ng b\u1edfi \u0111\u01b0\u1ee3c tr\u1ed3ng \u1edf \u0111\u1ed9 cao tr\u00ean 1600m. \u1ede \u0111\u1ed9 cao n\u00e0y, Arabica C\u1ea7u \u0110\u1ea5t ph\u00e1t tri\u1ec3n \u0111\u1ea7y \u0111\u1ee7 v\u1ec1 h\u01b0\u01a1ng v\u00e0 v\u1ecb n\u00ean \u0111\u01b0\u1ee3c \u0111\u00e1nh gi\u00e1 r\u1ea5t cao.<\/p>\n<p><strong>C\u00e0 ph\u00ea h\u1ea1t rang Arabica C\u1ea7u \u0110\u1ea5t<\/strong> coffee beans at VCU come in sizes S14, S16, and S18 with roast levels suitable for both espresso machines and traditional Vietnamese phin filters. With a delicate acidity, minimal bitterness, and a sweet aftertaste, Arabica Cau Dat aligns well with Western tastes.<\/p>\n<p><strong>\u0110\u1ecdc th\u00eam:<\/strong><\/p>\n<ol>\n<li><a href=\"https:\/\/vietnamcoffeeunited.com\/vi\/san-pham\/arabica-full-washed-cau-dat\/\">Arabica C\u1ea7u \u0110\u1ea5t Full Washed<\/a><\/li>\n<li><a href=\"https:\/\/vietnamcoffeeunited.com\/vi\/san-pham\/arabica-specialty-coffee-vietnam\/\">C\u00e0 ph\u00ea Arabica Specialty Vi\u1ec7t Nam<\/a><\/li>\n<\/ol>\n<figure id=\"attachment_5754\" aria-describedby=\"caption-attachment-5754\" style=\"width: 1080px\" class=\"wp-caption alignnone\"><img decoding=\"async\" class=\"size-full wp-image-5754\" src=\"https:\/\/vietnamcoffeeunited.com\/wp-content\/uploads\/2024\/09\/Roasted-arabica-cau-dat-2.jpg\" alt=\"Roasted Arabica Cau Dat\" width=\"1080\" height=\"1080\" srcset=\"https:\/\/vietnamcoffeeunited.com\/wp-content\/uploads\/2024\/09\/Roasted-arabica-cau-dat-2.jpg 1080w, https:\/\/vietnamcoffeeunited.com\/wp-content\/uploads\/2024\/09\/Roasted-arabica-cau-dat-2-300x300.jpg 300w, https:\/\/vietnamcoffeeunited.com\/wp-content\/uploads\/2024\/09\/Roasted-arabica-cau-dat-2-1024x1024.jpg 1024w, https:\/\/vietnamcoffeeunited.com\/wp-content\/uploads\/2024\/09\/Roasted-arabica-cau-dat-2-150x150.jpg 150w, https:\/\/vietnamcoffeeunited.com\/wp-content\/uploads\/2024\/09\/Roasted-arabica-cau-dat-2-768x768.jpg 768w, https:\/\/vietnamcoffeeunited.com\/wp-content\/uploads\/2024\/09\/Roasted-arabica-cau-dat-2-12x12.jpg 12w, https:\/\/vietnamcoffeeunited.com\/wp-content\/uploads\/2024\/09\/Roasted-arabica-cau-dat-2-600x600.jpg 600w, https:\/\/vietnamcoffeeunited.com\/wp-content\/uploads\/2024\/09\/Roasted-arabica-cau-dat-2-100x100.jpg 100w\" sizes=\"(max-width: 1080px) 100vw, 1080px\" \/><figcaption id=\"caption-attachment-5754\" class=\"wp-caption-text\">C\u00e0 ph\u00ea h\u1ea1t rang Arabica C\u1ea7u \u0110\u1ea5t<\/figcaption><\/figure>\n<h3>Th\u00f4ng tin s\u1ea3n ph\u1ea9m<\/h3>\n<ul>\n<li><strong>Ph\u00e2n lo\u1ea1i<\/strong>: H\u1ea1t rang<\/li>\n<li><strong>M\u1ee9c rang<\/strong>: Light\/ Medium \/Dark<\/li>\n<li><strong>Sizes<\/strong>: S14\/S16\/S18<\/li>\n<li><strong>H\u01b0\u01a1ng v\u1ecb<\/strong>chua thanh, \u0111\u1eafng nh\u1eb9, h\u1eadu v\u1ecb ng\u1ecdt, h\u01b0\u01a1ng th\u01a1m nh\u1eb9 nh\u00e0ng (t\u00f9y thu\u1ed9c v\u00e0o m\u1ee9c rang, c\u00e0 ph\u00ea s\u1ebd ph\u00e1t tri\u1ec3n c\u00e1c h\u01b0\u01a1ng v\u1ecb kh\u00e1c nhau).<\/li>\n<li><strong>V\u00f9ng tr\u1ed3ng<\/strong>: T\u1ec9nh L\u00e2m \u0110\u1ed3ng, Vi\u1ec7t Nam<\/li>\n<li><strong>S\u1ea3n xu\u1ea5t<\/strong>: <a href=\"https:\/\/vietnamcoffeeunited.com\/vi\/\">VCU<\/a> \u2013 Vietnam Coffee United<\/li>\n<\/ul>\n<h3>T\u1ea1i sao n\u00ean ch\u1ecdn mua c\u00e0 ph\u00ea h\u1ea1t rang Arabica C\u1ea7u \u0110\u1ea5t t\u1ea1i VCU JSC?<\/h3>\n<ul>\n<li><strong>T\u1ef1 s\u1ea3n xu\u1ea5t nh\u00e2n xanh<\/strong>: n\u00ean ki\u1ec3m so\u00e1t ch\u1eb7t ch\u1ebd ch\u1ea5t l\u01b0\u1ee3ng \u0111\u1ea7u v\u00e0o, to\u00e0n b\u1ed9 h\u00e0ng \u0111\u01b0\u1ee3c t\u00e1ch \u0111\u00e1, b\u1eafn m\u00e0u \u0111\u1eb9p, s\u1ea1ch<\/li>\n<li><strong>100% c\u00e0 ph\u00ea rang m\u1ed9c<\/strong>: 2 m\u00e1y rang c\u00f4ng nghi\u1ec7p, \u0111\u00e1p \u1ee9ng s\u1ed1 l\u01b0\u1ee3ng 70 - 80 t\u1ea5n\/th\u00e1ng, h\u1ec7 th\u1ed1ng t\u1ef1 \u0111\u1ed9ng l\u01b0u profile, \u0111\u1ed3ng nh\u1ea5t c\u00e1c l\u1ea7n rang sau<\/li>\n<li><strong>Nh\u00e0 x\u01b0\u1edfng \u0111\u1ea1t ti\u00eau chu\u1ea9n<\/strong>: ISO, FDA (xu\u1ea5t kh\u1ea9u M\u1ef9), h\u1ec7 th\u1ed1ng l\u01b0u kho kh\u00e9p k\u00edn, n\u00ean \u0111\u1ed1i t\u00e1c ho\u00e0n to\u00e0n c\u00f3 th\u1ec3 y\u00ean t\u00e2m v\u1ec1 ch\u1ea5t l\u01b0\u1ee3ng c\u00e0 ph\u00ea.<\/li>\n<li><strong>Cung c\u1ea5p \u0111a d\u1ea1ng m\u00e3 h\u00e0ng<\/strong>: Robusta, Arabica, Excelsa t\u1eeb nh\u1eefng v\u00f9ng nguy\u00ean li\u1ec7u n\u1ed5i ti\u1ebfng nh\u1ea5t.<\/li>\n<li><strong>\u0110\u1ed9i ng\u0169 R&amp;D gi\u00e0u kinh nghi\u1ec7m<\/strong>: s\u1eb5n s\u00e0ng h\u1ed7 tr\u1ee3 t\u01b0 v\u1ea5n cho b\u1ea1n profile rang ph\u00f9 h\u1ee3p v\u1edbi gu v\u00e0 t\u1ec7p kh\u00e1ch h\u00e0ng.<\/li>\n<li><strong>Xu\u1ea5t kh\u1ea9u c\u00e0 ph\u00ea ch\u00ednh ng\u1ea1ch sang 13 qu\u1ed1c gia<\/strong>: M\u1ef9, Singapore, Phippines, \u00dac, Bangladesh...<\/li>\n<\/ul>\n<p>N\u1ebfu b\u1ea1n \u0111ang c\u1ea7n c\u00e0 ph\u00ea h\u1ea1t rang v\u1edbi ch\u1ea5t l\u01b0\u1ee3ng t\u1ed1t, ngu\u1ed3n h\u00e0ng \u1ed5n \u0111\u1ecbnh v\u00e0 gi\u00e1 c\u1ea1nh tranh, li\u00ean h\u1ec7 ngay v\u1edbi VCU nh\u00e9!<\/p>\n<figure id=\"attachment_5755\" aria-describedby=\"caption-attachment-5755\" style=\"width: 1080px\" class=\"wp-caption alignnone\"><img decoding=\"async\" class=\"size-full wp-image-5755\" src=\"https:\/\/vietnamcoffeeunited.com\/wp-content\/uploads\/2024\/09\/Roasted-arabica-cau-dat-3.jpg\" alt=\"Arabica Cau Dat\" width=\"1080\" height=\"1080\" srcset=\"https:\/\/vietnamcoffeeunited.com\/wp-content\/uploads\/2024\/09\/Roasted-arabica-cau-dat-3.jpg 1080w, https:\/\/vietnamcoffeeunited.com\/wp-content\/uploads\/2024\/09\/Roasted-arabica-cau-dat-3-300x300.jpg 300w, https:\/\/vietnamcoffeeunited.com\/wp-content\/uploads\/2024\/09\/Roasted-arabica-cau-dat-3-1024x1024.jpg 1024w, https:\/\/vietnamcoffeeunited.com\/wp-content\/uploads\/2024\/09\/Roasted-arabica-cau-dat-3-150x150.jpg 150w, https:\/\/vietnamcoffeeunited.com\/wp-content\/uploads\/2024\/09\/Roasted-arabica-cau-dat-3-768x768.jpg 768w, https:\/\/vietnamcoffeeunited.com\/wp-content\/uploads\/2024\/09\/Roasted-arabica-cau-dat-3-12x12.jpg 12w, https:\/\/vietnamcoffeeunited.com\/wp-content\/uploads\/2024\/09\/Roasted-arabica-cau-dat-3-600x600.jpg 600w, https:\/\/vietnamcoffeeunited.com\/wp-content\/uploads\/2024\/09\/Roasted-arabica-cau-dat-3-100x100.jpg 100w\" sizes=\"(max-width: 1080px) 100vw, 1080px\" \/><figcaption id=\"caption-attachment-5755\" class=\"wp-caption-text\">Arabica Cau Dat<\/figcaption><\/figure>\n<h3><strong>Th\u00f4ng tin li\u00ean h\u1ec7<\/strong><\/h3>\n<p><strong>C\u00f4ng ty C\u1ed5 ph\u1ea7n VCU (VCU JSC)<\/strong><br \/>\n<strong>\u0110\u1ecba ch\u1ec9:<\/strong><br \/>\n\u2013\u00a0<strong>C\u01a1 s\u1edf rang:<\/strong>\u00a0T\u1ed5 d\u00e2n Ph\u1ed1 6,  th\u1ecb tr\u1ea5n Ch\u01b0 Pr\u00f4ng, huy\u1ec7n Ch\u01b0 Pr\u00f4ng, t\u1ec9nh Gia Lai<br \/>\n\u2013\u00a0<strong>C\u01a1 s\u1edf c\u00e0 ph\u00ea nh\u00e2n xanh:<\/strong>\u00a0X\u00e3 Ia Der, Huy\u1ec7n Ia Grai, T\u1ec9nh Gia Lai<\/p>\n<p><span class=\"elementor-icon-list-text\">\u2013\u00a0<strong>Hotline:\u00a0<\/strong><\/span>+84 941 203 879<\/p>\n<p>\u2013\u00a0<strong>Fanpage:\u00a0<a href=\"https:\/\/www.facebook.com\/vcuvietnamcoffeeunited\" target=\"_blank\" rel=\"noopener noreferrer nofollow\">VCU \u2013 Vietnam Coffee United<\/a><\/strong><\/p>\n<p><span class=\"elementor-icon-list-text\">\u2013\u00a0<strong>Email:<\/strong>\u00a0info@vietnamcoffeeunited.com<\/span><\/p>\n<\/div>\n<\/div>\n<\/div>\n<\/div>\n<\/div>\n<\/div>","protected":false},"excerpt":{"rendered":"<ul>\n<li><strong>M\u1ee9c rang<\/strong>: Light\/ Medium\/ Dark<\/li>\n<li><strong>Sizes<\/strong>: S14\/S16\/S18<\/li>\n<li><strong>Th\u1eddi gian s\u1eed d\u1ee5ng t\u1ed1t nh\u1ea5t<\/strong>: 12 th\u00e1ng<\/li>\n<li><strong>V\u00f9ng tr\u1ed3ng<\/strong>: T\u1ec9nh L\u00e2m \u0110\u1ed3ng, Vi\u1ec7t Nam<\/li>\n<li><strong>\u0110\u00f3ng g\u00f3i:<\/strong>: 30kg\/bag (jute bag or PP bag), \u00a0500g\/bag * 32 bags\/carton, 1kg\/bag * 18 bags\/carton, 5kg\/bag * 3 bags\/carton<\/li>\n<li><strong>\u0110\u1eb7t h\u00e0ng t\u1ed1i thi\u1ec3u<\/strong>: 1 t\u1ea5n ho\u1eb7c th\u01b0\u01a1ng l\u01b0\u1ee3ng<\/li>\n<li><strong>N\u0103ng l\u1ef1c s\u1ea3n xu\u1ea5t<\/strong>: 100 t\u1ea5n\/th\u00e1ng<\/li>\n<li><strong>Th\u1eddi gian giao h\u00e0ng<\/strong>: Trong v\u00f2ng 2-4 ng\u00e0y sau khi nh\u1eadn \u0111\u01b0\u1ee3c L\/C ho\u1eb7c ti\u1ec1n \u0111\u1eb7t c\u1ecdc c\u1ee7a kh\u00e1ch h\u00e0ng<\/li>\n<li><strong>Ch\u00ednh s\u00e1ch thanh to\u00e1n:<\/strong>: T\/T, L\/C at sight<\/li>\n<li><strong>Ch\u1ee9ng t\u1eeb v\u1eadn chuy\u1ec3n<\/strong>: Inv, PL, BoL, CO, Phyto, Fumi<\/li>\n<li><strong>C\u1ea3ng h\u00e0ng<\/strong>: C\u1ea3ng C\u00e1t L\u00e1i, TP. HCM<\/li>\n<li><strong>Ngo\u00e0i ra<\/strong>: <a href=\"https:\/\/vietnamcoffeeunited.com\/vi\/san-pham\/premium-arabica-coffee\/\">Premium Arabica Coffee<\/a><\/li>\n<\/ul>","protected":false},"featured_media":6454,"comment_status":"open","ping_status":"closed","template":"","meta":[],"product_cat":[145],"product_tag":[243,241,244,242,236,221,211],"_links":{"self":[{"href":"https:\/\/vietnamcoffeeunited.com\/vi\/wp-json\/wp\/v2\/product\/3247"}],"collection":[{"href":"https:\/\/vietnamcoffeeunited.com\/vi\/wp-json\/wp\/v2\/product"}],"about":[{"href":"https:\/\/vietnamcoffeeunited.com\/vi\/wp-json\/wp\/v2\/types\/product"}],"replies":[{"embeddable":true,"href":"https:\/\/vietnamcoffeeunited.com\/vi\/wp-json\/wp\/v2\/comments?post=3247"}],"wp:featuredmedia":[{"embeddable":true,"href":"https:\/\/vietnamcoffeeunited.com\/vi\/wp-json\/wp\/v2\/media\/6454"}],"wp:attachment":[{"href":"https:\/\/vietnamcoffeeunited.com\/vi\/wp-json\/wp\/v2\/media?parent=3247"}],"wp:term":[{"taxonomy":"product_cat","embeddable":true,"href":"https:\/\/vietnamcoffeeunited.com\/vi\/wp-json\/wp\/v2\/product_cat?post=3247"},{"taxonomy":"product_tag","embeddable":true,"href":"https:\/\/vietnamcoffeeunited.com\/vi\/wp-json\/wp\/v2\/product_tag?post=3247"}],"curies":[{"name":"wp","href":"https:\/\/api.w.org\/{rel}","templated":true}]}}