{"id":721,"date":"2024-08-12T09:34:44","date_gmt":"2024-08-12T02:34:44","guid":{"rendered":"https:\/\/hocvien.funnelkits.vn\/?page_id=721"},"modified":"2025-06-02T11:02:08","modified_gmt":"2025-06-02T04:02:08","slug":"return-policy","status":"publish","type":"page","link":"https:\/\/vietnamcoffeeunited.com\/vi\/return-policy\/","title":{"rendered":"Ch\u00ednh s\u00e1ch ho\u00e0n tr\u1ea3"},"content":{"rendered":"<div data-elementor-type=\"wp-page\" data-elementor-id=\"721\" class=\"elementor elementor-721\" data-elementor-post-type=\"page\">\n\t\t\t\t\t\t\t<div class=\"elementor-element elementor-element-4b52ab0 e-flex e-con-boxed e-con e-parent\" data-id=\"4b52ab0\" data-element_type=\"container\" data-settings=\"{&quot;background_background&quot;:&quot;classic&quot;,&quot;container_type&quot;:&quot;flex&quot;,&quot;content_width&quot;:&quot;boxed&quot;}\" data-e-bg-lazyload=\"\" data-core-v316-plus=\"true\">\n\t\t\t\t\t<div class=\"e-con-inner\">\n\t\t\t\t<div class=\"elementor-element elementor-element-001eb91 elementor-widget elementor-widget-heading\" data-id=\"001eb91\" data-element_type=\"widget\" data-widget_type=\"heading.default\">\n\t\t\t\t<div class=\"elementor-widget-container\">\n\t\t\t<style>\/*! elementor - v3.16.0 - 20-09-2023 *\/\n.elementor-heading-title{padding:0;margin:0;line-height:1}.elementor-widget-heading .elementor-heading-title[class*=elementor-size-]>a{color:inherit;font-size:inherit;line-height:inherit}.elementor-widget-heading .elementor-heading-title.elementor-size-small{font-size:15px}.elementor-widget-heading .elementor-heading-title.elementor-size-medium{font-size:19px}.elementor-widget-heading .elementor-heading-title.elementor-size-large{font-size:29px}.elementor-widget-heading .elementor-heading-title.elementor-size-xl{font-size:39px}.elementor-widget-heading .elementor-heading-title.elementor-size-xxl{font-size:59px}<\/style><h2 class=\"elementor-heading-title elementor-size-default\">Ch\u00ednh s\u00e1ch ho\u00e0n tr\u1ea3<\/h2>\t\t<\/div>\n\t\t\t\t<\/div>\n\t\t\t\t\t<\/div>\n\t\t\t\t<\/div>\n\t\t<div class=\"elementor-element elementor-element-8e77576 e-flex e-con-boxed e-con e-parent\" data-id=\"8e77576\" data-element_type=\"container\" data-settings=\"{&quot;container_type&quot;:&quot;flex&quot;,&quot;content_width&quot;:&quot;boxed&quot;}\" data-core-v316-plus=\"true\">\n\t\t\t\t\t<div class=\"e-con-inner\">\n\t\t\t\t<div class=\"elementor-element elementor-element-7760f6a elementor-widget elementor-widget-text-editor\" data-id=\"7760f6a\" data-element_type=\"widget\" data-widget_type=\"text-editor.default\">\n\t\t\t\t<div class=\"elementor-widget-container\">\n\t\t\t<style>\/*! elementor - v3.16.0 - 20-09-2023 *\/\n.elementor-widget-text-editor.elementor-drop-cap-view-stacked .elementor-drop-cap{background-color:#69727d;color:#fff}.elementor-widget-text-editor.elementor-drop-cap-view-framed .elementor-drop-cap{color:#69727d;border:3px solid;background-color:transparent}.elementor-widget-text-editor:not(.elementor-drop-cap-view-default) .elementor-drop-cap{margin-top:8px}.elementor-widget-text-editor:not(.elementor-drop-cap-view-default) .elementor-drop-cap-letter{width:1em;height:1em}.elementor-widget-text-editor .elementor-drop-cap{float:left;text-align:center;line-height:1;font-size:50px}.elementor-widget-text-editor .elementor-drop-cap-letter{display:inline-block}<\/style>\t\t\t\t<p data-start=\"106\" data-end=\"265\">\u0110\u1ec3 thu\u1eadn ti\u1ec7n cho kh\u00e1ch h\u00e0ng trong vi\u1ec7c mua h\u00e0ng t\u1ea1i VCU, C\u00f4ng ty VCU xin g\u1eedi t\u1edbi Qu\u00fd kh\u00e1ch h\u00e0ng c\u00e1c ch\u00ednh s\u00e1ch \u0111\u1ed5i tr\u1ea3 h\u00e0ng t\u1eeb ng\u00e0y 01\/06\/2025.<\/p><h3 data-start=\"272\" data-end=\"294\">1. Ch\u00ednh s\u00e1ch \u0111\u1ed5i h\u00e0ng<\/h3><p data-start=\"296\" data-end=\"487\">Trong tr\u01b0\u1eddng h\u1ee3p kh\u00e1ch h\u00e0ng nh\u1eadn h\u00e0ng kh\u00f4ng \u0111\u00fang v\u1edbi ch\u1ea5t l\u01b0\u1ee3ng theo th\u1ecfa thu\u1eadn ban \u0111\u1ea7u VCU s\u1ebd \u0111\u1ed5i h\u00e0ng ho\u1eb7c ho\u00e0n l\u1ea1i ti\u1ec1n cho kh\u00e1ch h\u00e0ng v\u1edbi c\u00e1c \u0111i\u1ec1u ki\u1ec7n sau:<\/p><ul data-start=\"489\" data-end=\"972\"><li data-start=\"489\" data-end=\"771\"><p data-start=\"491\" data-end=\"771\">\u0110\u1ed5i h\u00e0ng trong v\u00f2ng 03 ng\u00e0y k\u1ec3 t\u1eeb ng\u00e0y kh\u00e1ch h\u00e0ng nh\u1eadn \u0111\u01b0\u1ee3c s\u1ea3n ph\u1ea9m. Sau th\u1eddi gian tr\u00ean VCU s\u1ebd kh\u00f4ng ch\u1ecbu tr\u00e1ch nhi\u1ec7m \u0111\u1ed5i h\u00e0ng n\u1ebfu h\u00e0ng h\u00f3a c\u00f3 v\u1ea5n \u0111\u1ec1. V\u00ec v\u1eady Qu\u00fd kh\u00e1ch vui l\u00f2ng ki\u1ec3m tra h\u00e0ng h\u00f3a ngay khi nh\u1eadn h\u00e0ng v\u00e0 th\u00f4ng b\u00e1o cho nh\u00e2n vi\u00ean c\u1ee7a VCU n\u1ebfu h\u00e0ng h\u00f3a c\u00f3 v\u1ea5n \u0111\u1ec1.<\/p><\/li><li data-start=\"772\" data-end=\"824\"><p data-start=\"774\" data-end=\"824\">S\u1ea3n ph\u1ea9m c\u00f2n trong t\u00ecnh tr\u1ea1ng ban \u0111\u1ea7u.<\/p><\/li><li data-start=\"825\" data-end=\"972\"><p data-start=\"827\" data-end=\"972\">VCU ch\u1ecbu m\u1ecdi chi ph\u00ed li\u00ean quan \u0111\u1ebfn \u0111\u1ed5i h\u00e0ng n\u1ebfu h\u00e0ng h\u00f3a c\u1ee7a VCU b\u1ecb l\u1ed7i ho\u1eb7c kh\u00f4ng \u0111\u00fang nh\u01b0 cam k\u1ebft v\u1edbi kh\u00e1ch h\u00e0ng<\/p><\/li><\/ul><h3 data-start=\"979\" data-end=\"1000\">2. Ch\u00ednh s\u00e1ch tr\u1ea3 h\u00e0ng<\/h3><ul><li data-start=\"1002\" data-end=\"1133\">- Kh\u00e1ch h\u00e0ng \u0111\u01b0\u1ee3c tr\u1ea3 s\u1ea3n ph\u1ea9m trong tr\u01b0\u1eddng h\u1ee3p c\u00f3 l\u1ed7i ph\u00e1t sinh t\u1eeb s\u1ea3n xu\u1ea5t v\u00e0 kh\u00f4ng c\u00f3 nhu c\u1ea7u \u0111\u1ed5i sang s\u1ea3n ph\u1ea9m kh\u00e1c.<\/li><li data-start=\"1135\" data-end=\"1265\"><p data-start=\"1137\" data-end=\"1265\">- C\u00e1c tr\u01b0\u1eddng h\u1ee3p l\u1ed7i do nh\u00e0 s\u1ea3n xu\u1ea5t g\u1ed3m: l\u1ed7i bao b\u00ec, h\u00e0ng kh\u00f4ng \u0111\u00fang nh\u01b0 m\u00f4 t\u1ea3 ban \u0111\u1ea7u.<\/p><\/li><li data-start=\"1266\" data-end=\"1351\"><p data-start=\"1268\" data-end=\"1351\">- Tr\u1ea3 l\u1ea1i h\u00e0ng trong v\u00f2ng 03 ng\u00e0y k\u1ec3 t\u1eeb ng\u00e0y nh\u1eadn \u0111\u01b0\u1ee3c h\u00e0ng.<\/p><\/li><li data-start=\"1352\" data-end=\"1452\"><p data-start=\"1354\" data-end=\"1452\">- VCU ch\u1ecbu 100% chi ph\u00ed v\u1eadn chuy\u1ec3n tr\u1ea3 l\u1ea1i h\u00e0ng n\u1ebfu s\u1ea3n ph\u1ea9m \u0111\u01b0\u1ee3c x\u00e1c \u0111\u1ecbnh l\u00e0 l\u1ed7i s\u1ea3n ph\u1ea9m.<\/p><\/li><li data-start=\"1453\" data-end=\"1612\"><p data-start=\"1455\" data-end=\"1612\">- VCU x\u00e1c minh l\u1ed7i t\u1eeb 01 - 03 ng\u00e0y sau khi nh\u1eadn \u0111\u01b0\u1ee3c s\u1ea3n ph\u1ea9m c\u1ee7a kh\u00e1ch h\u00e0ng g\u1eedi v\u1ec1 v\u00e0 s\u1ebd ph\u1ea3n h\u1ed3i l\u1ea1i kh\u00e1ch h\u00e0ng th\u1eddi gian x\u1eed l\u00fd ti\u1ebfp theo v\u1edbi t\u1eebng tr\u01b0\u1eddng h\u1ee3p c\u1ee5 th\u1ec3.<\/p><\/li><li data-start=\"1613\" data-end=\"1732\"><p data-start=\"1615\" data-end=\"1732\">- Th\u1eddi gian ho\u00e0n ti\u1ec1n: VCU s\u1ebd ho\u00e0n l\u1ea1i ti\u1ec1n cho kh\u00e1ch h\u00e0ng t\u1eeb 03 \u0111\u1ebfn 05 ng\u00e0y l\u00e0m vi\u1ec7c k\u1ec3 t\u1eeb khi VCU nh\u1eadn \u0111\u01b0\u1ee3c h\u00e0ng tr\u1ea3 l\u1ea1i c\u1ee7a kh\u00e1ch h\u00e0ng.<\/p><\/li><\/ul><p>M\u1ecdi th\u1eafc m\u1eafc c\u1ea7n \u0111\u01b0\u1ee3c h\u1ed7 tr\u1ee3, qu\u00fd kh\u00e1ch h\u00e0ng vui l\u00f2ng li\u00ean h\u1ec7 tr\u1ef1c ti\u1ebfp hotline \u0111\u1ec3 \u0111\u01b0\u1ee3c gi\u1ea3i \u0111\u00e1p nhanh nh\u1ea5t!<\/p>\t\t\t\t\t\t<\/div>\n\t\t\t\t<\/div>\n\t\t\t\t\t<\/div>\n\t\t\t\t<\/div>\n\t\t\t\t\t\t\t<\/div>","protected":false},"excerpt":{"rendered":"<p>Return Policy To ensure a smooth shopping experience at VCU, we would like to inform our valued customers of our return and exchange policy, effective from June 1, 2025: I. Exchange Policy In the event that a customer receives a product that does not meet the agreed quality specifications, VCU will offer a product exchange [&hellip;]<\/p>","protected":false},"author":1,"featured_media":5390,"parent":0,"menu_order":67,"comment_status":"closed","ping_status":"closed","template":"elementor_header_footer","meta":{"footnotes":""},"_links":{"self":[{"href":"https:\/\/vietnamcoffeeunited.com\/vi\/wp-json\/wp\/v2\/pages\/721"}],"collection":[{"href":"https:\/\/vietnamcoffeeunited.com\/vi\/wp-json\/wp\/v2\/pages"}],"about":[{"href":"https:\/\/vietnamcoffeeunited.com\/vi\/wp-json\/wp\/v2\/types\/page"}],"author":[{"embeddable":true,"href":"https:\/\/vietnamcoffeeunited.com\/vi\/wp-json\/wp\/v2\/users\/1"}],"replies":[{"embeddable":true,"href":"https:\/\/vietnamcoffeeunited.com\/vi\/wp-json\/wp\/v2\/comments?post=721"}],"version-history":[{"count":14,"href":"https:\/\/vietnamcoffeeunited.com\/vi\/wp-json\/wp\/v2\/pages\/721\/revisions"}],"predecessor-version":[{"id":6333,"href":"https:\/\/vietnamcoffeeunited.com\/vi\/wp-json\/wp\/v2\/pages\/721\/revisions\/6333"}],"wp:featuredmedia":[{"embeddable":true,"href":"https:\/\/vietnamcoffeeunited.com\/vi\/wp-json\/wp\/v2\/media\/5390"}],"wp:attachment":[{"href":"https:\/\/vietnamcoffeeunited.com\/vi\/wp-json\/wp\/v2\/media?parent=721"}],"curies":[{"name":"wp","href":"https:\/\/api.w.org\/{rel}","templated":true}]}}