{"id":5401,"date":"2024-08-12T09:57:10","date_gmt":"2024-08-12T02:57:10","guid":{"rendered":"https:\/\/vietnamcoffeeunited.com\/?page_id=5401"},"modified":"2025-06-02T11:04:29","modified_gmt":"2025-06-02T04:04:29","slug":"privacy-policy-2","status":"publish","type":"page","link":"https:\/\/vietnamcoffeeunited.com\/vi\/privacy-policy-2\/","title":{"rendered":"Ch\u00ednh s\u00e1ch b\u1ea3o m\u1eadt"},"content":{"rendered":"<div data-elementor-type=\"wp-page\" data-elementor-id=\"5401\" class=\"elementor elementor-5401\" data-elementor-post-type=\"page\">\n\t\t\t\t\t\t\t<div class=\"elementor-element elementor-element-a75c89e e-flex e-con-boxed e-con e-parent\" data-id=\"a75c89e\" data-element_type=\"container\" data-settings=\"{&quot;background_background&quot;:&quot;classic&quot;,&quot;container_type&quot;:&quot;flex&quot;,&quot;content_width&quot;:&quot;boxed&quot;}\" data-e-bg-lazyload=\"\" data-core-v316-plus=\"true\">\n\t\t\t\t\t<div class=\"e-con-inner\">\n\t\t\t\t<div class=\"elementor-element elementor-element-ad4217b elementor-widget elementor-widget-heading\" data-id=\"ad4217b\" data-element_type=\"widget\" data-widget_type=\"heading.default\">\n\t\t\t\t<div class=\"elementor-widget-container\">\n\t\t\t<style>\/*! elementor - v3.16.0 - 20-09-2023 *\/\n.elementor-heading-title{padding:0;margin:0;line-height:1}.elementor-widget-heading .elementor-heading-title[class*=elementor-size-]>a{color:inherit;font-size:inherit;line-height:inherit}.elementor-widget-heading .elementor-heading-title.elementor-size-small{font-size:15px}.elementor-widget-heading .elementor-heading-title.elementor-size-medium{font-size:19px}.elementor-widget-heading .elementor-heading-title.elementor-size-large{font-size:29px}.elementor-widget-heading .elementor-heading-title.elementor-size-xl{font-size:39px}.elementor-widget-heading .elementor-heading-title.elementor-size-xxl{font-size:59px}<\/style><h2 class=\"elementor-heading-title elementor-size-default\">Ch\u00ednh s\u00e1ch b\u1ea3o m\u1eadt<\/h2>\t\t<\/div>\n\t\t\t\t<\/div>\n\t\t\t\t\t<\/div>\n\t\t\t\t<\/div>\n\t\t<div class=\"elementor-element elementor-element-6c4b4aa9 e-flex e-con-boxed e-con e-parent\" data-id=\"6c4b4aa9\" data-element_type=\"container\" data-settings=\"{&quot;container_type&quot;:&quot;flex&quot;,&quot;content_width&quot;:&quot;boxed&quot;}\" data-core-v316-plus=\"true\">\n\t\t\t\t\t<div class=\"e-con-inner\">\n\t\t\t\t<div class=\"elementor-element elementor-element-7cdeb1f5 elementor-widget elementor-widget-text-editor\" data-id=\"7cdeb1f5\" data-element_type=\"widget\" data-widget_type=\"text-editor.default\">\n\t\t\t\t<div class=\"elementor-widget-container\">\n\t\t\t<style>\/*! elementor - v3.16.0 - 20-09-2023 *\/\n.elementor-widget-text-editor.elementor-drop-cap-view-stacked .elementor-drop-cap{background-color:#69727d;color:#fff}.elementor-widget-text-editor.elementor-drop-cap-view-framed .elementor-drop-cap{color:#69727d;border:3px solid;background-color:transparent}.elementor-widget-text-editor:not(.elementor-drop-cap-view-default) .elementor-drop-cap{margin-top:8px}.elementor-widget-text-editor:not(.elementor-drop-cap-view-default) .elementor-drop-cap-letter{width:1em;height:1em}.elementor-widget-text-editor .elementor-drop-cap{float:left;text-align:center;line-height:1;font-size:50px}.elementor-widget-text-editor .elementor-drop-cap-letter{display:inline-block}<\/style>\t\t\t\t<p>Tr\u01b0\u1edbc khi ti\u1ebfn h\u00e0nh \u0111\u1eb7t h\u00e0ng ho\u1eb7c s\u1eed d\u1ee5ng d\u1ecbch v\u1ee5, h\u00e3y ch\u1eafc ch\u1eafn r\u1eb1ng b\u1ea1n \u0111\u1ed3ng \u00fd v\u1edbi ch\u00ednh s\u00e1ch B\u1ea3o m\u1eadt th\u00f4ng tin c\u00e1 nh\u00e2n c\u1ee7a ch\u00fang t\u00f4i. Vui l\u00f2ng \u0111\u1ecdc k\u1ef9 v\u00e0 \u0111\u1ed3ng \u00fd v\u1edbi c\u00e1c ch\u00ednh s\u00e1ch b\u1ea3o m\u1eadt d\u01b0\u1edbi \u0111\u00e2y:<\/p><p><strong>M\u1ee4C \u0110\u00cdCH THU TH\u1eacP TH\u00d4NG TIN C\u00c1 NH\u00c2N<\/strong><\/p><p>VCU ch\u1ec9 thu th\u1eadp th\u00f4ng tin c\u00e1 nh\u00e2n c\u1ee7a kh\u00e1ch h\u00e0ng v\u1edbi m\u1ee5c \u0111\u00edch sau \u0111\u00e2y:<\/p><ul><li><strong>X\u00e1c nh\u1eadn danh t\u00ednh:<\/strong>\u00a0Ch\u00fang t\u00f4i c\u00f3 th\u1ec3 y\u00eau c\u1ea7u th\u00f4ng tin c\u00e1 nh\u00e2n nh\u01b0 t\u00ean, \u0111\u1ecba ch\u1ec9, s\u1ed1 \u0111i\u1ec7n tho\u1ea1i, \u0111\u1ecba ch\u1ec9 email \u0111\u1ec3 x\u00e1c nh\u1eadn danh t\u00ednh c\u1ee7a kh\u00e1ch h\u00e0ng v\u00e0 b\u1ea3o \u0111\u1ea3m t\u00ednh ch\u00ednh x\u00e1c trong qu\u00e1 tr\u00ecnh giao d\u1ecbch, cung c\u1ea5p d\u1ecbch v\u1ee5.<\/li><li><strong>X\u1eed l\u00fd \u0111\u01a1n h\u00e0ng:<\/strong>\u00a0Ch\u00fang t\u00f4i thu th\u1eadp th\u00f4ng tin c\u00e1 nh\u00e2n nh\u01b0 \u0111\u1ecba ch\u1ec9 giao h\u00e0ng, th\u00f4ng tin thanh to\u00e1n \u0111\u1ec3 x\u1eed l\u00fd \u0111\u01a1n h\u00e0ng c\u1ee7a qu\u00fd kh\u00e1ch v\u00e0 giao h\u00e0ng \u0111\u1ebfn \u0111\u00fang \u0111\u1ecba ch\u1ec9.<\/li><li><strong>C\u1ea3i thi\u1ec7n tr\u1ea3i nghi\u1ec7m kh\u00e1ch h\u00e0ng:<\/strong>\u00a0Ch\u00fang t\u00f4i s\u1eed d\u1ee5ng th\u00f4ng tin c\u00e1 nh\u00e2n c\u1ee7a kh\u00e1ch h\u00e0ng \u0111\u1ec3 cung c\u1ea5p d\u1ecbch v\u1ee5 t\u1ed1t h\u01a1n bao g\u1ed3m h\u1ed7 tr\u1ee3, t\u01b0 v\u1ea5n v\u00e0 cung c\u1ea5p th\u00f4ng tin li\u00ean quan.<\/li><li><strong>T\u00f9y ch\u1ec9nh tr\u1ea3i nghi\u1ec7m:<\/strong>\u00a0B\u1eb1ng th\u00f4ng tin c\u00e1 nh\u00e2n, ch\u00fang t\u00f4i c\u00e1 nh\u00e2n h\u00f3a tr\u1ea3i nghi\u1ec7m c\u1ee7a kh\u00e1ch h\u00e0ng tr\u00ean trang web, bao g\u1ed3m cung c\u1ea5p th\u00f4ng tin s\u1ea3n ph\u1ea9m, \u01b0u \u0111\u00e3i ho\u1eb7c g\u1ee3i \u00fd ph\u00f9 h\u1ee3p.<\/li><\/ul><p><strong>PH\u1ea0M VI S\u1eec D\u1ee4NG<\/strong><\/p><p>Sau khi \u0111\u1ecdc v\u00e0 t\u00ecm hi\u1ec3u k\u1ef9 v\u1ec1 s\u1ea3n ph\u1ea9m, qu\u00fd kh\u00e1ch vui l\u00f2ng \u0111i\u1ec1n \u201cFORM B\u00c1O GI\u00c1\u201d, khi \u0111\u00e3 nh\u1eadn \u0111\u01b0\u1ee3c th\u00f4ng b\u00e1o \u0110\u0102NG K\u00dd TH\u00c0NH C\u00d4NG, ch\u00fang t\u00f4i cam k\u1ebft b\u1ea3o m\u1eadt th\u00f4ng tin kh\u00e1ch h\u00e0ng cho c\u00e1c m\u1ee5c \u0111\u00edch \u1edf tr\u00ean.<\/p><p>Th\u00f4ng tin c\u00e1 nh\u00e2n kh\u00f4ng \u0111\u01b0\u1ee3c chia s\u1ebb, ti\u1ebft l\u1ed9 ho\u1eb7c b\u00e1n cho b\u1ea5t k\u1ef3 b\u00ean th\u1ee9 ba n\u00e0o m\u00e0 kh\u00f4ng c\u00f3 s\u1ef1 \u0111\u1ed3ng \u00fd t\u1eeb kh\u00e1ch h\u00e0ng. Ch\u00fang t\u00f4i lu\u00f4n duy tr\u00ec c\u00e1c bi\u1ec7n ph\u00e1p b\u1ea3o m\u1eadt th\u00edch h\u1ee3p \u0111\u1ec3 b\u1ea3o \u0111\u1ea3m an to\u00e0n th\u00f4ng tin c\u00e1 nh\u00e2n c\u1ee7a kh\u00e1ch h\u00e0ng.<\/p><p><strong>TH\u00d4NG TIN \u0110\u01a0N V\u1eca THU TH\u1eacP V\u00c0 QU\u1ea2N L\u00dd TH\u00d4NG TIN C\u00c1 NH\u00c2N<\/strong><\/p><ul><li><strong>T\u00ean t\u1ed5 ch\u1ee9c:<\/strong>\u00a0C\u00d4NG TY C\u1ed4 PH\u1ea6N VCU<\/li><li><strong>\u0110\u1ecba ch\u1ec9:<\/strong><ul><li><strong>X\u01b0\u1edfng h\u1ea1t rang:<\/strong>\u00a0T\u1ed5 d\u00e2n ph\u1ed1 6, Th\u1ecb tr\u1ea5n Ch\u01b0 Pr\u00f4ng, Huy\u1ec7n Ch\u01b0 Pr\u00f4ng, T\u1ec9nh Gia Lai, Vi\u1ec7t Nam.<\/li><li><strong>X\u01b0\u1edfng nh\u00e2n xanh:<\/strong> X\u00e3 Ia Der, Huy\u1ec7n Ia Grai, T\u1ec9nh Gia Lai, Vi\u1ec7t Nam<\/li><\/ul><\/li><li><strong>Email:<\/strong>\u00a0<a rel=\"noreferrer\">info@vietnamcoffeeunited.com<\/a><\/li><li><strong>Phone:<\/strong> +84 961 512 690<\/li><\/ul>\t\t\t\t\t\t<\/div>\n\t\t\t\t<\/div>\n\t\t\t\t\t<\/div>\n\t\t\t\t<\/div>\n\t\t\t\t\t\t\t<\/div>","protected":false},"excerpt":{"rendered":"<p>Privacy Policy Before placing an order or using our services, please ensure that you agree with our Personal Information Privacy Policy. Please read and agree to the following privacy policies: PURPOSE OF COLLECTING PERSONAL INFORMATION VCU only collects customers\u2019 personal information for the following purposes: Identity Verification:\u00a0We may request personal information such as your name, [&hellip;]<\/p>","protected":false},"author":171,"featured_media":5402,"parent":0,"menu_order":0,"comment_status":"closed","ping_status":"closed","template":"elementor_header_footer","meta":{"footnotes":""},"_links":{"self":[{"href":"https:\/\/vietnamcoffeeunited.com\/vi\/wp-json\/wp\/v2\/pages\/5401"}],"collection":[{"href":"https:\/\/vietnamcoffeeunited.com\/vi\/wp-json\/wp\/v2\/pages"}],"about":[{"href":"https:\/\/vietnamcoffeeunited.com\/vi\/wp-json\/wp\/v2\/types\/page"}],"author":[{"embeddable":true,"href":"https:\/\/vietnamcoffeeunited.com\/vi\/wp-json\/wp\/v2\/users\/171"}],"replies":[{"embeddable":true,"href":"https:\/\/vietnamcoffeeunited.com\/vi\/wp-json\/wp\/v2\/comments?post=5401"}],"version-history":[{"count":13,"href":"https:\/\/vietnamcoffeeunited.com\/vi\/wp-json\/wp\/v2\/pages\/5401\/revisions"}],"predecessor-version":[{"id":6336,"href":"https:\/\/vietnamcoffeeunited.com\/vi\/wp-json\/wp\/v2\/pages\/5401\/revisions\/6336"}],"wp:featuredmedia":[{"embeddable":true,"href":"https:\/\/vietnamcoffeeunited.com\/vi\/wp-json\/wp\/v2\/media\/5402"}],"wp:attachment":[{"href":"https:\/\/vietnamcoffeeunited.com\/vi\/wp-json\/wp\/v2\/media?parent=5401"}],"curies":[{"name":"wp","href":"https:\/\/api.w.org\/{rel}","templated":true}]}}