{"id":5393,"date":"2024-08-12T09:45:55","date_gmt":"2024-08-12T02:45:55","guid":{"rendered":"https:\/\/vietnamcoffeeunited.com\/?page_id=5393"},"modified":"2025-06-02T10:53:42","modified_gmt":"2025-06-02T03:53:42","slug":"payment-policy","status":"publish","type":"page","link":"https:\/\/vietnamcoffeeunited.com\/vi\/payment-policy\/","title":{"rendered":"Ch\u00ednh s\u00e1ch thanh to\u00e1n"},"content":{"rendered":"<div data-elementor-type=\"wp-page\" data-elementor-id=\"5393\" class=\"elementor elementor-5393\" data-elementor-post-type=\"page\">\n\t\t\t\t\t\t\t<div class=\"elementor-element elementor-element-4fe5901 e-flex e-con-boxed e-con e-parent\" data-id=\"4fe5901\" data-element_type=\"container\" data-settings=\"{&quot;background_background&quot;:&quot;classic&quot;,&quot;container_type&quot;:&quot;flex&quot;,&quot;content_width&quot;:&quot;boxed&quot;}\" data-e-bg-lazyload=\"\" data-core-v316-plus=\"true\">\n\t\t\t\t\t<div class=\"e-con-inner\">\n\t\t\t\t<div class=\"elementor-element elementor-element-ab32d2a elementor-widget elementor-widget-heading\" data-id=\"ab32d2a\" data-element_type=\"widget\" data-widget_type=\"heading.default\">\n\t\t\t\t<div class=\"elementor-widget-container\">\n\t\t\t<style>\/*! elementor - v3.16.0 - 20-09-2023 *\/\n.elementor-heading-title{padding:0;margin:0;line-height:1}.elementor-widget-heading .elementor-heading-title[class*=elementor-size-]>a{color:inherit;font-size:inherit;line-height:inherit}.elementor-widget-heading .elementor-heading-title.elementor-size-small{font-size:15px}.elementor-widget-heading .elementor-heading-title.elementor-size-medium{font-size:19px}.elementor-widget-heading .elementor-heading-title.elementor-size-large{font-size:29px}.elementor-widget-heading .elementor-heading-title.elementor-size-xl{font-size:39px}.elementor-widget-heading .elementor-heading-title.elementor-size-xxl{font-size:59px}<\/style><h2 class=\"elementor-heading-title elementor-size-default\">Ch\u00ednh s\u00e1ch thanh to\u00e1n<\/h2>\t\t<\/div>\n\t\t\t\t<\/div>\n\t\t\t\t\t<\/div>\n\t\t\t\t<\/div>\n\t\t<div class=\"elementor-element elementor-element-6053985b e-flex e-con-boxed e-con e-parent\" data-id=\"6053985b\" data-element_type=\"container\" data-settings=\"{&quot;container_type&quot;:&quot;flex&quot;,&quot;content_width&quot;:&quot;boxed&quot;}\" data-core-v316-plus=\"true\">\n\t\t\t\t\t<div class=\"e-con-inner\">\n\t\t\t\t<div class=\"elementor-element elementor-element-5774eb45 elementor-widget elementor-widget-text-editor\" data-id=\"5774eb45\" data-element_type=\"widget\" data-widget_type=\"text-editor.default\">\n\t\t\t\t<div class=\"elementor-widget-container\">\n\t\t\t<style>\/*! elementor - v3.16.0 - 20-09-2023 *\/\n.elementor-widget-text-editor.elementor-drop-cap-view-stacked .elementor-drop-cap{background-color:#69727d;color:#fff}.elementor-widget-text-editor.elementor-drop-cap-view-framed .elementor-drop-cap{color:#69727d;border:3px solid;background-color:transparent}.elementor-widget-text-editor:not(.elementor-drop-cap-view-default) .elementor-drop-cap{margin-top:8px}.elementor-widget-text-editor:not(.elementor-drop-cap-view-default) .elementor-drop-cap-letter{width:1em;height:1em}.elementor-widget-text-editor .elementor-drop-cap{float:left;text-align:center;line-height:1;font-size:50px}.elementor-widget-text-editor .elementor-drop-cap-letter{display:inline-block}<\/style>\t\t\t\t<p data-start=\"91\" data-end=\"259\">\u0110\u1ec3 thu\u1eadn ti\u1ec7n cho kh\u00e1ch h\u00e0ng trong vi\u1ec7c mua h\u00e0ng t\u1ea1i VCU, C\u00f4ng ty VCU xin g\u1eedi t\u1edbi Qu\u00fd kh\u00e1ch h\u00e0ng c\u00e1c ch\u00ednh s\u00e1ch thanh to\u00e1n t\u1eeb ng\u00e0y 01\/06\/2025 nh\u01b0 sau:<\/p><h3 data-start=\"266\" data-end=\"287\">Ch\u00ednh s\u00e1ch thanh to\u00e1n<\/h3><h4 data-start=\"289\" data-end=\"323\">Thanh to\u00e1n b\u1eb1ng ti\u1ec1n m\u1eb7t khi nh\u1eadn h\u00e0ng (COD)<\/h4><p data-start=\"325\" data-end=\"524\">V\u1edbi ph\u01b0\u01a1ng th\u1ee9c thanh to\u00e1n n\u00e0y, qu\u00fd kh\u00e1ch thanh to\u00e1n b\u1eb1ng ti\u1ec1n m\u1eb7t cho nh\u00e2n vi\u00ean giao h\u00e0ng ngay khi nh\u1eadn \u0111\u01b0\u1ee3c \u0111\u01a1n h\u00e0ng c\u1ee7a m\u00ecnh. Ch\u00fang t\u00f4i ch\u1ea5p nh\u1eadn h\u00ecnh th\u1ee9c thanh to\u00e1n khi nh\u1eadn h\u00e0ng (COD) cho h\u1ea7u h\u1ebft \u0111\u01a1n h\u00e0ng tr\u00ean to\u00e0n qu\u1ed1c v\u00e0 ch\u1ec9 \u00e1p d\u1ee5ng thu cod cho c\u00e1c \u0111\u01a1n h\u00e0ng \u0111\u00e1p \u1ee9ng \u0111\u1ed3ng th\u1eddi c\u00e1c ti\u00eau ch\u00ed sau:<\/p><ul data-start=\"526\" data-end=\"829\"><li data-start=\"526\" data-end=\"653\"><p data-start=\"528\" data-end=\"653\">\u0110\u01a1n h\u00e0ng c\u00f3 t\u1ed5ng gi\u00e1 tr\u1ecb t\u1eeb n\u0103m tri\u1ec7u \u0111\u1ed3ng (5.000.000 \u0111\u1ed3ng) tr\u1edf xu\u1ed1ng. N\u1ebfu \u0111\u01a1n h\u00e0ng tr\u00ean n\u0103m tri\u1ec7u \u0111\u1ed3ng, Qu\u00fd kh\u00e1ch vui l\u00f2ng ch\u1ecdn h\u00ecnh th\u1ee9c thanh to\u00e1n kh\u00e1c.<\/p><\/li><li data-start=\"654\" data-end=\"829\"><p data-start=\"656\" data-end=\"829\">\u0110\u01a1n h\u00e0ng c\u00f3 xu\u1ea5t h\u00f3a \u0111\u01a1n gi\u00e1 tr\u1ecb gia t\u0103ng. \u0110\u1ed1i v\u1edbi \u0111\u01a1n h\u00e0ng qu\u00fd kh\u00e1ch h\u00e0ng kh\u00f4ng c\u00f3 nhu c\u1ea7u l\u1ea5y h\u00f3a \u0111\u01a1n, Qu\u00fd kh\u00e1ch h\u00e0ng vui l\u00f2ng ch\u1ecdn h\u00ecnh th\u1ee9c thanh to\u00e1n chuy\u1ec3n kho\u1ea3n tr\u1ef1c ti\u1ebfp v\u00e0o t\u00e0i kho\u1ea3n m\u00e0 VCU th\u00f4ng b\u00e1o.<\/p><\/li><\/ul><h4 data-start=\"831\" data-end=\"856\">Thanh to\u00e1n chuy\u1ec3n  kho\u1ea3n<\/h4><p data-start=\"858\" data-end=\"1114\">\u0110\u1ed1i v\u1edbi c\u00e1c \u0111\u01a1n h\u00e0ng t\u1eeb 5 tri\u1ec7u \u0111\u1ed3ng tr\u1edf l\u00ean Qu\u00fd kh\u00e1ch vui l\u00f2ng thanh to\u00e1n b\u1eb1ng chuy\u1ec3n kho\u1ea3n sau khi nh\u00e2n vi\u00ean c\u1ee7a VCU g\u1eedi \u0111\u01a1n \u0111\u1eb7t h\u00e0ng cho Qu\u00fd kh\u00e1ch h\u00e0ng.<br data-start=\"999\" data-end=\"1002\" \/>Hi\u1ec7n t\u1ea1i VCU s\u1ebd kh\u00f4ng \u00e1p d\u1ee5ng h\u00ecnh th\u1ee9c c\u00f4ng n\u1ee3 ho\u1eb7c nh\u1eadn \u0111\u01b0\u1ee3c h\u00e0ng thanh to\u00e1n sau tr\u1eeb nh\u1eefng tr\u01b0\u1eddng h\u1ee3p \u0111\u1eb7c bi\u1ec7t.<\/p><p>Ngo\u00e0i ra, vui l\u00f2ng li\u00ean h\u1ec7 v\u1edbi ch\u00fang t\u00f4i \u0111\u1ec3 bi\u1ebft th\u00eam th\u00f4ng tin thanh to\u00e1n chi ti\u1ebft.<\/p>\t\t\t\t\t\t<\/div>\n\t\t\t\t<\/div>\n\t\t\t\t\t<\/div>\n\t\t\t\t<\/div>\n\t\t\t\t\t\t\t<\/div>","protected":false},"excerpt":{"rendered":"<p>Payment Policy To ensure convenience for our customers when purchasing from VCU, we would like to inform you of our updated payment policy effective from June 1, 2025, as follows: Payment Policy 1. Cash on Delivery (COD) With this method, you pay in cash to the delivery staff upon receiving your order. We accept COD [&hellip;]<\/p>","protected":false},"author":171,"featured_media":5394,"parent":0,"menu_order":0,"comment_status":"closed","ping_status":"closed","template":"elementor_header_footer","meta":{"footnotes":""},"_links":{"self":[{"href":"https:\/\/vietnamcoffeeunited.com\/vi\/wp-json\/wp\/v2\/pages\/5393"}],"collection":[{"href":"https:\/\/vietnamcoffeeunited.com\/vi\/wp-json\/wp\/v2\/pages"}],"about":[{"href":"https:\/\/vietnamcoffeeunited.com\/vi\/wp-json\/wp\/v2\/types\/page"}],"author":[{"embeddable":true,"href":"https:\/\/vietnamcoffeeunited.com\/vi\/wp-json\/wp\/v2\/users\/171"}],"replies":[{"embeddable":true,"href":"https:\/\/vietnamcoffeeunited.com\/vi\/wp-json\/wp\/v2\/comments?post=5393"}],"version-history":[{"count":14,"href":"https:\/\/vietnamcoffeeunited.com\/vi\/wp-json\/wp\/v2\/pages\/5393\/revisions"}],"predecessor-version":[{"id":6327,"href":"https:\/\/vietnamcoffeeunited.com\/vi\/wp-json\/wp\/v2\/pages\/5393\/revisions\/6327"}],"wp:featuredmedia":[{"embeddable":true,"href":"https:\/\/vietnamcoffeeunited.com\/vi\/wp-json\/wp\/v2\/media\/5394"}],"wp:attachment":[{"href":"https:\/\/vietnamcoffeeunited.com\/vi\/wp-json\/wp\/v2\/media?parent=5393"}],"curies":[{"name":"wp","href":"https:\/\/api.w.org\/{rel}","templated":true}]}}